{"id":13928,"date":"2023-11-29T22:45:05","date_gmt":"2023-11-29T21:45:05","guid":{"rendered":"https:\/\/agora.xtec.cat\/ceip-rllullrubi\/?page_id=13928"},"modified":"2025-03-18T13:21:03","modified_gmt":"2025-03-18T12:21:03","slug":"rubimpiades","status":"publish","type":"page","link":"https:\/\/agora.xtec.cat\/ceip-rllullrubi\/projecte-educatiu\/pla-educatiu-dentorn\/rubimpiades\/","title":{"rendered":"Rubimp\u00edades"},"content":{"rendered":"<h4 style=\"text-align: center;\">L&#8217;alumnat de 3r d&#8217; Educaci\u00f3 Prim\u00e0ria \u00e9s el protagonista d&#8217;aquesta gran trobada!!<\/h4>\n<p><img loading=\"lazy\" decoding=\"async\" class=\"aligncenter wp-image-15340\" src=\"https:\/\/agora.xtec.cat\/ceip-rllullrubi\/wp-content\/uploads\/usu1358\/2024\/11\/1.png\" alt=\"\" width=\"456\" height=\"222\" srcset=\"https:\/\/agora.xtec.cat\/ceip-rllullrubi\/wp-content\/uploads\/usu1358\/2024\/11\/1.png 931w, https:\/\/agora.xtec.cat\/ceip-rllullrubi\/wp-content\/uploads\/usu1358\/2024\/11\/1-300x146.png 300w, https:\/\/agora.xtec.cat\/ceip-rllullrubi\/wp-content\/uploads\/usu1358\/2024\/11\/1-768x375.png 768w\" sizes=\"auto, (max-width: 456px) 100vw, 456px\" \/><\/p>\n<p>Les Rubimp\u00edades neixen de la tasca realitzada el curs 2017-2018 pel Grup de Treball de Docents d\u2019Educaci\u00f3 F\u00edsica, amb la voluntat de ser un punt de trobada per a tot l\u2019alumnat de 3r de Prim\u00e0ria.<\/p>\n<p>L\u2019activitat, que t\u00e9 lloc durant el mes de maig, l\u2019organitzen el Pla Educatiu d\u2019Entorn, el Centre de Recursos Pedag\u00f2gics, el professorat d\u2019Educaci\u00f3 F\u00edsica de les escoles participants i el Servei d\u2019Esports de l\u2019Ajuntament, per tal d\u2019oferir una matinal esportiva on es promouen els valors de l\u2019esport en un entorn educatiu: h\u00e0bits saludables, joc net i respecte envers els altres.<\/p>\n<p style=\"text-align: center;\"><em>L&#8217;objectiu \u00e9s que els nens i nenes participants es relacionin entre ells en una jornada de conviv\u00e8ncia i, a la vegada, que coneguin jocs i disciplines esportives que potser no han practicat anteriorment. <\/em><\/p>\n<p>La primera edici\u00f3, que va tenir lloc l\u2019any 2019 a la zona esportiva de Can Ros\u00e9s, va reunir 795 nois i noies de 3r de Prim\u00e0ria de 17 centres educatius rubinencs. L\u2019atleta Carles Castillejo va donar el tret de sortida a la jornada, portant la torxa dels Jocs Paral\u00edmpics del 92. I \u00e9s que Rub\u00ed va formar part de l\u2019itinerari que va rec\u00f3rrer la flama paral\u00edmpica ara fa m\u00e9s de 25 anys.<img loading=\"lazy\" decoding=\"async\" class=\"aligncenter wp-image-15647 \" src=\"https:\/\/agora.xtec.cat\/ceip-rllullrubi\/wp-content\/uploads\/usu1358\/2025\/03\/rubi.png\" alt=\"\" width=\"703\" height=\"120\" srcset=\"https:\/\/agora.xtec.cat\/ceip-rllullrubi\/wp-content\/uploads\/usu1358\/2025\/03\/rubi.png 609w, https:\/\/agora.xtec.cat\/ceip-rllullrubi\/wp-content\/uploads\/usu1358\/2025\/03\/rubi-300x51.png 300w\" sizes=\"auto, (max-width: 703px) 100vw, 703px\" \/><\/p>\n<p><img loading=\"lazy\" decoding=\"async\" class=\"wp-image-15332 aligncenter\" src=\"https:\/\/agora.xtec.cat\/ceip-rllullrubi\/wp-content\/uploads\/usu1358\/2024\/11\/ajuntament-3.jpg\" alt=\"\" width=\"178\" height=\"126\" srcset=\"https:\/\/agora.xtec.cat\/ceip-rllullrubi\/wp-content\/uploads\/usu1358\/2024\/11\/ajuntament-3.jpg 1024w, https:\/\/agora.xtec.cat\/ceip-rllullrubi\/wp-content\/uploads\/usu1358\/2024\/11\/ajuntament-3-300x212.jpg 300w, https:\/\/agora.xtec.cat\/ceip-rllullrubi\/wp-content\/uploads\/usu1358\/2024\/11\/ajuntament-3-768x542.jpg 768w\" sizes=\"auto, (max-width: 178px) 100vw, 178px\" \/><\/p>\n<p style=\"text-align: center;\"><em>Transport finan\u00e7at per l\u2019 Ajuntament de Rub\u00ed<\/em><\/p>\n<p style=\"text-align: center;\">\n","protected":false},"excerpt":{"rendered":"<p>L&#8217;alumnat de 3r d&#8217; Educaci\u00f3 Prim\u00e0ria \u00e9s el protagonista d&#8217;aquesta gran trobada!!<\/p>\n<p>Les Rubimp\u00edades neixen de la tasca realitzada el curs 2017-2018 pel Grup de Treball de Docents d\u2019Educaci\u00f3 F\u00edsica, amb la voluntat de ser un punt de trobada per a tot l\u2019alumnat de 3r de&hellip;  <a href=\"https:\/\/agora.xtec.cat\/ceip-rllullrubi\/projecte-educatiu\/pla-educatiu-dentorn\/rubimpiades\/\" title=\"Read Rubimp\u00edades\">Llegeix m\u00e9s\u00bb<\/a><\/p>\n","protected":false},"author":1,"featured_media":0,"parent":13873,"menu_order":9,"comment_status":"closed","ping_status":"closed","template":"page-templates\/side-menu.php","meta":{"_bbp_topic_count":0,"_bbp_reply_count":0,"_bbp_total_topic_count":0,"_bbp_total_reply_count":0,"_bbp_voice_count":0,"_bbp_anonymous_reply_count":0,"_bbp_topic_count_hidden":0,"_bbp_reply_count_hidden":0,"_bbp_forum_subforum_count":0,"footnotes":""},"class_list":["post-13928","page","type-page","status-publish","hentry"],"post_mailing_queue_ids":[],"_links":{"self":[{"href":"https:\/\/agora.xtec.cat\/ceip-rllullrubi\/wp-json\/wp\/v2\/pages\/13928","targetHints":{"allow":["GET"]}}],"collection":[{"href":"https:\/\/agora.xtec.cat\/ceip-rllullrubi\/wp-json\/wp\/v2\/pages"}],"about":[{"href":"https:\/\/agora.xtec.cat\/ceip-rllullrubi\/wp-json\/wp\/v2\/types\/page"}],"author":[{"embeddable":true,"href":"https:\/\/agora.xtec.cat\/ceip-rllullrubi\/wp-json\/wp\/v2\/users\/1"}],"replies":[{"embeddable":true,"href":"https:\/\/agora.xtec.cat\/ceip-rllullrubi\/wp-json\/wp\/v2\/comments?post=13928"}],"version-history":[{"count":7,"href":"https:\/\/agora.xtec.cat\/ceip-rllullrubi\/wp-json\/wp\/v2\/pages\/13928\/revisions"}],"predecessor-version":[{"id":15650,"href":"https:\/\/agora.xtec.cat\/ceip-rllullrubi\/wp-json\/wp\/v2\/pages\/13928\/revisions\/15650"}],"up":[{"embeddable":true,"href":"https:\/\/agora.xtec.cat\/ceip-rllullrubi\/wp-json\/wp\/v2\/pages\/13873"}],"wp:attachment":[{"href":"https:\/\/agora.xtec.cat\/ceip-rllullrubi\/wp-json\/wp\/v2\/media?parent=13928"}],"curies":[{"name":"wp","href":"https:\/\/api.w.org\/{rel}","templated":true}]}}