{"id":13924,"date":"2023-11-29T22:41:24","date_gmt":"2023-11-29T21:41:24","guid":{"rendered":"https:\/\/agora.xtec.cat\/ceip-rllullrubi\/?page_id=13924"},"modified":"2025-04-10T13:38:06","modified_gmt":"2025-04-10T11:38:06","slug":"rubimot","status":"publish","type":"page","link":"https:\/\/agora.xtec.cat\/ceip-rllullrubi\/projecte-educatiu\/pla-educatiu-dentorn\/rubimot\/","title":{"rendered":"Rubimot"},"content":{"rendered":"<p style=\"text-align: center;\">Us esperem al Mercat Municipal i botigues del voltant, del 2 d\u2019abril al 30 de maig, per jugar al Rubimot.<\/p>\n<p style=\"text-align: center;\">Es tracta d\u2019un joc ling\u00fc\u00edstic de vocabulari relacionat amb el mercat i l\u2019alimentaci\u00f3, i tamb\u00e9 per con\u00e8ixer frases fetes en catal\u00e0 i altres curiositats.<\/p>\n<p style=\"text-align: center;\">Per jugar-hi, heu de buscar el QR que trobareu als cartells de les diverses botigues i respondre les preguntes. Si les encerteu, participareu en el sorteig d\u2019un lot de productes del mercat, que es far\u00e0 el dia 5 de juny.<\/p>\n<p style=\"text-align: center;\">Us hi animeu?<br \/>\n<img loading=\"lazy\" decoding=\"async\" class=\"aligncenter wp-image-15713 size-full\" src=\"https:\/\/agora.xtec.cat\/ceip-rllullrubi\/wp-content\/uploads\/usu1358\/2025\/04\/torna-el-rubimot-2-2_page-0001.jpg\" alt=\"\" width=\"585\" height=\"1241\" srcset=\"https:\/\/agora.xtec.cat\/ceip-rllullrubi\/wp-content\/uploads\/usu1358\/2025\/04\/torna-el-rubimot-2-2_page-0001.jpg 585w, https:\/\/agora.xtec.cat\/ceip-rllullrubi\/wp-content\/uploads\/usu1358\/2025\/04\/torna-el-rubimot-2-2_page-0001-141x300.jpg 141w, https:\/\/agora.xtec.cat\/ceip-rllullrubi\/wp-content\/uploads\/usu1358\/2025\/04\/torna-el-rubimot-2-2_page-0001-483x1024.jpg 483w\" sizes=\"auto, (max-width: 585px) 100vw, 585px\" \/><\/p>\n","protected":false},"excerpt":{"rendered":"<p>Us esperem al Mercat Municipal i botigues del voltant, del 2 d\u2019abril al 30 de maig, per jugar al Rubimot.<br \/>\nEs tracta d\u2019un joc ling\u00fc\u00edstic de vocabulari relacionat amb el mercat i l\u2019alimentaci\u00f3, i tamb\u00e9 per con\u00e8ixer frases fetes en catal\u00e0 i altres curiositats.<br \/>\nPer jugar-hi, heu&hellip;  <a href=\"https:\/\/agora.xtec.cat\/ceip-rllullrubi\/projecte-educatiu\/pla-educatiu-dentorn\/rubimot\/\" title=\"Read Rubimot\">Llegeix m\u00e9s\u00bb<\/a><\/p>\n","protected":false},"author":1,"featured_media":0,"parent":13873,"menu_order":7,"comment_status":"closed","ping_status":"closed","template":"page-templates\/side-menu.php","meta":{"_bbp_topic_count":0,"_bbp_reply_count":0,"_bbp_total_topic_count":0,"_bbp_total_reply_count":0,"_bbp_voice_count":0,"_bbp_anonymous_reply_count":0,"_bbp_topic_count_hidden":0,"_bbp_reply_count_hidden":0,"_bbp_forum_subforum_count":0,"footnotes":""},"class_list":["post-13924","page","type-page","status-publish","hentry"],"post_mailing_queue_ids":[],"_links":{"self":[{"href":"https:\/\/agora.xtec.cat\/ceip-rllullrubi\/wp-json\/wp\/v2\/pages\/13924","targetHints":{"allow":["GET"]}}],"collection":[{"href":"https:\/\/agora.xtec.cat\/ceip-rllullrubi\/wp-json\/wp\/v2\/pages"}],"about":[{"href":"https:\/\/agora.xtec.cat\/ceip-rllullrubi\/wp-json\/wp\/v2\/types\/page"}],"author":[{"embeddable":true,"href":"https:\/\/agora.xtec.cat\/ceip-rllullrubi\/wp-json\/wp\/v2\/users\/1"}],"replies":[{"embeddable":true,"href":"https:\/\/agora.xtec.cat\/ceip-rllullrubi\/wp-json\/wp\/v2\/comments?post=13924"}],"version-history":[{"count":4,"href":"https:\/\/agora.xtec.cat\/ceip-rllullrubi\/wp-json\/wp\/v2\/pages\/13924\/revisions"}],"predecessor-version":[{"id":15714,"href":"https:\/\/agora.xtec.cat\/ceip-rllullrubi\/wp-json\/wp\/v2\/pages\/13924\/revisions\/15714"}],"up":[{"embeddable":true,"href":"https:\/\/agora.xtec.cat\/ceip-rllullrubi\/wp-json\/wp\/v2\/pages\/13873"}],"wp:attachment":[{"href":"https:\/\/agora.xtec.cat\/ceip-rllullrubi\/wp-json\/wp\/v2\/media?parent=13924"}],"curies":[{"name":"wp","href":"https:\/\/api.w.org\/{rel}","templated":true}]}}