{"id":13912,"date":"2023-11-29T22:28:16","date_gmt":"2023-11-29T21:28:16","guid":{"rendered":"https:\/\/agora.xtec.cat\/ceip-rllullrubi\/?page_id=13912"},"modified":"2024-07-23T13:58:46","modified_gmt":"2024-07-23T11:58:46","slug":"talles-destudi-croma","status":"publish","type":"page","link":"https:\/\/agora.xtec.cat\/ceip-rllullrubi\/projecte-educatiu\/pla-educatiu-dentorn\/talles-destudi-croma\/","title":{"rendered":"Programa CROMA"},"content":{"rendered":"<p><img loading=\"lazy\" decoding=\"async\" class=\"aligncenter wp-image-15076 size-full\" src=\"https:\/\/agora.xtec.cat\/ceip-rllullrubi\/wp-content\/uploads\/usu1358\/2024\/07\/Captura-de-pantalla-2024-07-23-114044.png\" alt=\"\" width=\"372\" height=\"67\" srcset=\"https:\/\/agora.xtec.cat\/ceip-rllullrubi\/wp-content\/uploads\/usu1358\/2024\/07\/Captura-de-pantalla-2024-07-23-114044.png 372w, https:\/\/agora.xtec.cat\/ceip-rllullrubi\/wp-content\/uploads\/usu1358\/2024\/07\/Captura-de-pantalla-2024-07-23-114044-300x54.png 300w\" sizes=\"auto, (max-width: 372px) 100vw, 372px\" \/><\/p>\n<p style=\"text-align: center;\">Els tallers d\u2019estudi CROMA estan adre\u00e7ats a un grup d\u2019alumnes de 5\u00e8 i 6\u00e8 per dinamitzar el catal\u00e0 a trav\u00e9s d\u2019activitats de cohesi\u00f3 i de recerca de coneixements.\u00a0Estan gestionats per la Universitat Aut\u00f2noma de Bellaterra i Fundaci\u00f3 Aut\u00f2noma Solid\u00e0ria (FAS) de la UAB, dintre de les actuacions del Pla Educatiu d\u2019Entorn de l\u2019Ajuntament de Rub\u00ed, mitjan\u00e7ant l\u2019acompanyament de voluntariat universitari.<\/p>\n<p>Aquest curs 23-24 ens ha tocat visitar el Centre de Recerca Agro Gen\u00e8tica, on investiguen mutacions que millorin l\u2019adaptaci\u00f3 a noves situacions clim\u00e0tiques.<\/p>\n<p>La cloenda es fa amb una visita a la UAB de tots els grups de les escoles participants on presenten, davant d\u2019altres escoles i professors universitaris, el resultat del seus projectes. Despr\u00e9s participen en una divertida gimcana i en haver dinat, es van signar les samarretes que els van regalar.<\/p>\n<p>El Ramon Llull va presentar unes plantes mutants inventades, resultants del projecte i van respondre molt b\u00e9 les preguntes dels professors universitaris.<\/p>\n<p><img loading=\"lazy\" decoding=\"async\" class=\"aligncenter wp-image-15074\" src=\"https:\/\/agora.xtec.cat\/ceip-rllullrubi\/wp-content\/uploads\/usu1358\/2024\/07\/prova.jpg\" alt=\"\" width=\"777\" height=\"437\" srcset=\"https:\/\/agora.xtec.cat\/ceip-rllullrubi\/wp-content\/uploads\/usu1358\/2024\/07\/prova.jpg 1920w, https:\/\/agora.xtec.cat\/ceip-rllullrubi\/wp-content\/uploads\/usu1358\/2024\/07\/prova-300x169.jpg 300w, https:\/\/agora.xtec.cat\/ceip-rllullrubi\/wp-content\/uploads\/usu1358\/2024\/07\/prova-1024x576.jpg 1024w, https:\/\/agora.xtec.cat\/ceip-rllullrubi\/wp-content\/uploads\/usu1358\/2024\/07\/prova-768x432.jpg 768w, https:\/\/agora.xtec.cat\/ceip-rllullrubi\/wp-content\/uploads\/usu1358\/2024\/07\/prova-1536x864.jpg 1536w\" sizes=\"auto, (max-width: 777px) 100vw, 777px\" \/><\/p>\n","protected":false},"excerpt":{"rendered":"<p>Els tallers d\u2019estudi CROMA estan adre\u00e7ats a un grup d\u2019alumnes de 5\u00e8 i 6\u00e8 per dinamitzar el catal\u00e0 a trav\u00e9s d\u2019activitats de cohesi\u00f3 i de recerca de coneixements.\u00a0Estan gestionats per la Universitat Aut\u00f2noma de Bellaterra i Fundaci\u00f3 Aut\u00f2noma Solid\u00e0ria (FAS) de la UAB, dintre de&hellip;  <a href=\"https:\/\/agora.xtec.cat\/ceip-rllullrubi\/projecte-educatiu\/pla-educatiu-dentorn\/talles-destudi-croma\/\" title=\"Read Programa CROMA\">Llegeix m\u00e9s\u00bb<\/a><\/p>\n","protected":false},"author":1,"featured_media":0,"parent":13873,"menu_order":2,"comment_status":"closed","ping_status":"closed","template":"page-templates\/side-menu.php","meta":{"_bbp_topic_count":0,"_bbp_reply_count":0,"_bbp_total_topic_count":0,"_bbp_total_reply_count":0,"_bbp_voice_count":0,"_bbp_anonymous_reply_count":0,"_bbp_topic_count_hidden":0,"_bbp_reply_count_hidden":0,"_bbp_forum_subforum_count":0,"footnotes":""},"class_list":["post-13912","page","type-page","status-publish","hentry"],"post_mailing_queue_ids":[],"_links":{"self":[{"href":"https:\/\/agora.xtec.cat\/ceip-rllullrubi\/wp-json\/wp\/v2\/pages\/13912","targetHints":{"allow":["GET"]}}],"collection":[{"href":"https:\/\/agora.xtec.cat\/ceip-rllullrubi\/wp-json\/wp\/v2\/pages"}],"about":[{"href":"https:\/\/agora.xtec.cat\/ceip-rllullrubi\/wp-json\/wp\/v2\/types\/page"}],"author":[{"embeddable":true,"href":"https:\/\/agora.xtec.cat\/ceip-rllullrubi\/wp-json\/wp\/v2\/users\/1"}],"replies":[{"embeddable":true,"href":"https:\/\/agora.xtec.cat\/ceip-rllullrubi\/wp-json\/wp\/v2\/comments?post=13912"}],"version-history":[{"count":6,"href":"https:\/\/agora.xtec.cat\/ceip-rllullrubi\/wp-json\/wp\/v2\/pages\/13912\/revisions"}],"predecessor-version":[{"id":15091,"href":"https:\/\/agora.xtec.cat\/ceip-rllullrubi\/wp-json\/wp\/v2\/pages\/13912\/revisions\/15091"}],"up":[{"embeddable":true,"href":"https:\/\/agora.xtec.cat\/ceip-rllullrubi\/wp-json\/wp\/v2\/pages\/13873"}],"wp:attachment":[{"href":"https:\/\/agora.xtec.cat\/ceip-rllullrubi\/wp-json\/wp\/v2\/media?parent=13912"}],"curies":[{"name":"wp","href":"https:\/\/api.w.org\/{rel}","templated":true}]}}