{"id":13598,"date":"2023-10-02T14:31:56","date_gmt":"2023-10-02T12:31:56","guid":{"rendered":"https:\/\/agora.xtec.cat\/ceip-rllullrubi\/?page_id=13598"},"modified":"2023-10-24T15:51:08","modified_gmt":"2023-10-24T13:51:08","slug":"miram","status":"publish","type":"page","link":"https:\/\/agora.xtec.cat\/ceip-rllullrubi\/miram\/","title":{"rendered":"L&#8217;ARXIU DELS NOSTRES RECORDS"},"content":{"rendered":"<p><img loading=\"lazy\" decoding=\"async\" class=\"aligncenter wp-image-13699 size-medium\" src=\"https:\/\/agora.xtec.cat\/ceip-rllullrubi\/wp-content\/uploads\/usu1358\/2023\/10\/Video-300x247.jpg\" alt=\"\" width=\"300\" height=\"247\" srcset=\"https:\/\/agora.xtec.cat\/ceip-rllullrubi\/wp-content\/uploads\/usu1358\/2023\/10\/Video-300x247.jpg 300w, https:\/\/agora.xtec.cat\/ceip-rllullrubi\/wp-content\/uploads\/usu1358\/2023\/10\/Video-1024x842.jpg 1024w, https:\/\/agora.xtec.cat\/ceip-rllullrubi\/wp-content\/uploads\/usu1358\/2023\/10\/Video-768x632.jpg 768w, https:\/\/agora.xtec.cat\/ceip-rllullrubi\/wp-content\/uploads\/usu1358\/2023\/10\/Video-1536x1263.jpg 1536w, https:\/\/agora.xtec.cat\/ceip-rllullrubi\/wp-content\/uploads\/usu1358\/2023\/10\/Video-2048x1684.jpg 2048w\" sizes=\"auto, (max-width: 300px) 100vw, 300px\" \/><\/p>\n<p style=\"text-align: center;\"><strong><em>A partir d&#8217;aquest curs 2023-2024, podreu veure les noves fotografies i v\u00eddeos de la vostra promoci\u00f3 <\/em><\/strong><strong><em>clicant i introduint la contrasenya que us hem proporcionat. En el men\u00fa que teniu a la vostra esquerra cliqueu la promoci\u00f3 del vostre fill\/a i disfruteu del contingut audiovisual.<\/em><\/strong><\/p>\n<p style=\"text-align: center;\"><strong><em>En aquest espai us informarem dels projectes, de les sortides, de les activitats a l&#8217;aula, de les festes&#8230; en qu\u00e8 participa l&#8217;alumnat a trav\u00e9s dels articles i podreu entrar a la vostra promoci\u00f3 per veure-ho tot!<\/em><\/strong><\/p>\n","protected":false},"excerpt":{"rendered":"<p>A partir d&#8217;aquest curs 2023-2024, podreu veure les noves fotografies i v\u00eddeos de la vostra promoci\u00f3 clicant i introduint la contrasenya que us hem proporcionat. En el men\u00fa que teniu a la vostra esquerra cliqueu la promoci\u00f3 del vostre fill\/a i disfruteu del contingut audiovisual.<br \/>\nEn&hellip;  <a href=\"https:\/\/agora.xtec.cat\/ceip-rllullrubi\/miram\/\" title=\"Read L&#8217;ARXIU DELS NOSTRES RECORDS\">Llegeix m\u00e9s\u00bb<\/a><\/p>\n","protected":false},"author":1,"featured_media":0,"parent":0,"menu_order":0,"comment_status":"closed","ping_status":"closed","template":"page-templates\/side-menu.php","meta":{"_bbp_topic_count":0,"_bbp_reply_count":0,"_bbp_total_topic_count":0,"_bbp_total_reply_count":0,"_bbp_voice_count":0,"_bbp_anonymous_reply_count":0,"_bbp_topic_count_hidden":0,"_bbp_reply_count_hidden":0,"_bbp_forum_subforum_count":0,"footnotes":""},"class_list":["post-13598","page","type-page","status-publish","hentry"],"post_mailing_queue_ids":[],"_links":{"self":[{"href":"https:\/\/agora.xtec.cat\/ceip-rllullrubi\/wp-json\/wp\/v2\/pages\/13598","targetHints":{"allow":["GET"]}}],"collection":[{"href":"https:\/\/agora.xtec.cat\/ceip-rllullrubi\/wp-json\/wp\/v2\/pages"}],"about":[{"href":"https:\/\/agora.xtec.cat\/ceip-rllullrubi\/wp-json\/wp\/v2\/types\/page"}],"author":[{"embeddable":true,"href":"https:\/\/agora.xtec.cat\/ceip-rllullrubi\/wp-json\/wp\/v2\/users\/1"}],"replies":[{"embeddable":true,"href":"https:\/\/agora.xtec.cat\/ceip-rllullrubi\/wp-json\/wp\/v2\/comments?post=13598"}],"version-history":[{"count":6,"href":"https:\/\/agora.xtec.cat\/ceip-rllullrubi\/wp-json\/wp\/v2\/pages\/13598\/revisions"}],"predecessor-version":[{"id":13701,"href":"https:\/\/agora.xtec.cat\/ceip-rllullrubi\/wp-json\/wp\/v2\/pages\/13598\/revisions\/13701"}],"wp:attachment":[{"href":"https:\/\/agora.xtec.cat\/ceip-rllullrubi\/wp-json\/wp\/v2\/media?parent=13598"}],"curies":[{"name":"wp","href":"https:\/\/api.w.org\/{rel}","templated":true}]}}