{"id":13582,"date":"2023-09-25T20:04:02","date_gmt":"2023-09-25T18:04:02","guid":{"rendered":"https:\/\/agora.xtec.cat\/ceip-rllullrubi\/?page_id=13582"},"modified":"2023-12-07T19:32:48","modified_gmt":"2023-12-07T18:32:48","slug":"enganxat-al-360","status":"publish","type":"page","link":"https:\/\/agora.xtec.cat\/ceip-rllullrubi\/projecte-educatiu\/pla-educatiu-dentorn\/enganxat-al-360\/","title":{"rendered":"Enganxa&#8217;t al 360"},"content":{"rendered":"<p style=\"text-align: center;\">Vols el CARNET RUB\u00cd 360?<\/p>\n<p style=\"text-align: center;\">Les nenes i els nens de prim\u00e0ria que vulguin aconseguir el Carnet, poden demanar-lo gratu\u00eftament<\/p>\n<p style=\"text-align: center;\">en el moment de realitzar la primera d&#8217;un munt d&#8217;<a href=\"https:\/\/agora.xtec.cat\/ceip-rllullrubi\/wp-content\/uploads\/usu1358\/2023\/09\/programa_efecte_1r_2023_24-1.pdf\" target=\"_blank\" rel=\"noopener\">activitats programa EFECTE <\/a>\u00a0per tot Rub\u00ed!<\/p>\n<p style=\"text-align: center;\">Trobar\u00e0s activitats relacionades amb TECNOLOGIA I M\u00d3N DIGITAL, NOMBRES I LLETRES, IGUALTAT, TERRA I CI\u00c8NCIA, ARTS, CULTURA I DISSENY, ESPORTS I BENESTAR, LLEURE I JOCS, COMUNITAT I PARTICIPACI\u00d3 i TRANSICI\u00d3 ECOL\u00d2GICA.<\/p>\n<p style=\"text-align: center;\"><a href=\"https:\/\/www.rubi.cat\/ca\/temes\/educacio\/enganxat-al-360\" target=\"_blank\" rel=\"noopener\">Descobreix les activitats 360<\/a> i aconsegueix el teu carnet.<\/p>\n<p style=\"text-align: center;\"><img loading=\"lazy\" decoding=\"async\" class=\"aligncenter wp-image-13585 size-full\" src=\"https:\/\/agora.xtec.cat\/ceip-rllullrubi\/wp-content\/uploads\/usu1358\/2023\/09\/83a8941e-6d77-42a8-aafd-f2299da0fbac.jpeg\" alt=\"\" width=\"400\" height=\"266\" srcset=\"https:\/\/agora.xtec.cat\/ceip-rllullrubi\/wp-content\/uploads\/usu1358\/2023\/09\/83a8941e-6d77-42a8-aafd-f2299da0fbac.jpeg 400w, https:\/\/agora.xtec.cat\/ceip-rllullrubi\/wp-content\/uploads\/usu1358\/2023\/09\/83a8941e-6d77-42a8-aafd-f2299da0fbac-300x200.jpeg 300w\" sizes=\"auto, (max-width: 400px) 100vw, 400px\" \/><\/p>\n<p>&nbsp;<\/p>\n","protected":false},"excerpt":{"rendered":"<p>Vols el CARNET RUB\u00cd 360?<br \/>\nLes nenes i els nens de prim\u00e0ria que vulguin aconseguir el Carnet, poden demanar-lo gratu\u00eftament<br \/>\nen el moment de realitzar la primera d&#8217;un munt d&#8217;<a href=\"https:\/\/agora.xtec.cat\/ceip-rllullrubi\/wp-content\/uploads\/usu1358\/2023\/09\/programa_efecte_1r_2023_24-1.pdf\" target=\"_blank\" rel=\"noopener\">activitats programa EFECTE <\/a>\u00a0per tot Rub\u00ed!<br \/>\nTrobar\u00e0s activitats relacionades amb TECNOLOGIA I M\u00d3N DIGITAL, NOMBRES I&hellip;  <a href=\"https:\/\/agora.xtec.cat\/ceip-rllullrubi\/projecte-educatiu\/pla-educatiu-dentorn\/enganxat-al-360\/\" title=\"Read Enganxa&#8217;t al 360\">Llegeix m\u00e9s\u00bb<\/a><\/p>\n","protected":false},"author":1,"featured_media":0,"parent":13873,"menu_order":100,"comment_status":"closed","ping_status":"closed","template":"page-templates\/side-menu.php","meta":{"_bbp_topic_count":0,"_bbp_reply_count":0,"_bbp_total_topic_count":0,"_bbp_total_reply_count":0,"_bbp_voice_count":0,"_bbp_anonymous_reply_count":0,"_bbp_topic_count_hidden":0,"_bbp_reply_count_hidden":0,"_bbp_forum_subforum_count":0,"footnotes":""},"class_list":["post-13582","page","type-page","status-publish","hentry"],"post_mailing_queue_ids":[],"_links":{"self":[{"href":"https:\/\/agora.xtec.cat\/ceip-rllullrubi\/wp-json\/wp\/v2\/pages\/13582","targetHints":{"allow":["GET"]}}],"collection":[{"href":"https:\/\/agora.xtec.cat\/ceip-rllullrubi\/wp-json\/wp\/v2\/pages"}],"about":[{"href":"https:\/\/agora.xtec.cat\/ceip-rllullrubi\/wp-json\/wp\/v2\/types\/page"}],"author":[{"embeddable":true,"href":"https:\/\/agora.xtec.cat\/ceip-rllullrubi\/wp-json\/wp\/v2\/users\/1"}],"replies":[{"embeddable":true,"href":"https:\/\/agora.xtec.cat\/ceip-rllullrubi\/wp-json\/wp\/v2\/comments?post=13582"}],"version-history":[{"count":3,"href":"https:\/\/agora.xtec.cat\/ceip-rllullrubi\/wp-json\/wp\/v2\/pages\/13582\/revisions"}],"predecessor-version":[{"id":13589,"href":"https:\/\/agora.xtec.cat\/ceip-rllullrubi\/wp-json\/wp\/v2\/pages\/13582\/revisions\/13589"}],"up":[{"embeddable":true,"href":"https:\/\/agora.xtec.cat\/ceip-rllullrubi\/wp-json\/wp\/v2\/pages\/13873"}],"wp:attachment":[{"href":"https:\/\/agora.xtec.cat\/ceip-rllullrubi\/wp-json\/wp\/v2\/media?parent=13582"}],"curies":[{"name":"wp","href":"https:\/\/api.w.org\/{rel}","templated":true}]}}