{"id":13441,"date":"2023-08-08T10:36:29","date_gmt":"2023-08-08T08:36:29","guid":{"rendered":"https:\/\/agora.xtec.cat\/ceip-rllullrubi\/?page_id=13441"},"modified":"2024-10-02T06:52:13","modified_gmt":"2024-10-02T04:52:13","slug":"campanyes-solidaries","status":"publish","type":"page","link":"https:\/\/agora.xtec.cat\/ceip-rllullrubi\/transformem-el-mon\/campanyes-solidaries\/","title":{"rendered":"Campanyes solid\u00e0ries"},"content":{"rendered":"<p>Durant el curs escolar participem i\/o fem difusi\u00f3 de diferents campanyes.<\/p>\n<p>&nbsp;<\/p>\n<p data-wp-editing=\"1\"><img loading=\"lazy\" decoding=\"async\" class=\"alignleft wp-image-13446\" src=\"https:\/\/agora.xtec.cat\/ceip-rllullrubi\/wp-content\/uploads\/usu1358\/2023\/08\/rubi-solidari.jpg\" alt=\"\" width=\"163\" height=\"163\" srcset=\"https:\/\/agora.xtec.cat\/ceip-rllullrubi\/wp-content\/uploads\/usu1358\/2023\/08\/rubi-solidari.jpg 225w, https:\/\/agora.xtec.cat\/ceip-rllullrubi\/wp-content\/uploads\/usu1358\/2023\/08\/rubi-solidari-150x150.jpg 150w\" sizes=\"auto, (max-width: 163px) 100vw, 163px\" \/><strong> Projecte Vacances en Pau de l&#8217;entitat Rub\u00ed Solidari<\/strong><\/p>\n<p><a href=\"https:\/\/www.rubi.cat\/ca\/actualitat\/noticies\/els-cinc-infants-sahrauis-del-programa-vacances-en-pau-ja-son-a-rubi\" target=\"_blank\" rel=\"noopener\">Els cinc infants sahrau\u00eds del programa Vacances en pau ja s\u00f3n a Rub\u00ed.\u00a0Els nens i nenes passaran les vacances acollits per fam\u00edlies rubinenques<\/a>.<\/p>\n<p>Enguany des de l&#8217;escola hem donat la roba i els objectes perduts que hem recollit durant el curs i no hem aconseguit retornar a l&#8217;alumnat.<\/p>\n<p>&nbsp;<\/p>\n<p>&nbsp;<\/p>\n<p style=\"text-align: left;\"><img loading=\"lazy\" decoding=\"async\" class=\"wp-image-13982 alignleft\" src=\"https:\/\/agora.xtec.cat\/ceip-rllullrubi\/wp-content\/uploads\/usu1358\/2023\/12\/baixa.jpg\" alt=\"\" width=\"165\" height=\"165\" srcset=\"https:\/\/agora.xtec.cat\/ceip-rllullrubi\/wp-content\/uploads\/usu1358\/2023\/12\/baixa.jpg 225w, https:\/\/agora.xtec.cat\/ceip-rllullrubi\/wp-content\/uploads\/usu1358\/2023\/12\/baixa-150x150.jpg 150w\" sizes=\"auto, (max-width: 165px) 100vw, 165px\" \/><strong>Campanya recollida de joguines R\u00c0DIO RUB\u00cd<\/strong><\/p>\n<p>R\u00e0dio Rub\u00ed organitza ja fa uns anys campanyes solid\u00e0ries especialment per Nadal.<\/p>\n<p>Per exemple el curs 23-24 han organitzat una recollida de joguines noves per a nens i nenes i regals per adolescents ja que des de les entitats solid\u00e0ries tamb\u00e9 volen que els nois i noies m\u00e9s grans tinguin una il\u00b7lusi\u00f3 per Nadal.<\/p>\n<p>&nbsp;<\/p>\n<p><img loading=\"lazy\" decoding=\"async\" class=\"alignleft wp-image-13450 \" src=\"https:\/\/agora.xtec.cat\/ceip-rllullrubi\/wp-content\/uploads\/usu1358\/2023\/08\/lamaratoi.png\" alt=\"\" width=\"291\" height=\"182\" \/><\/p>\n<p><strong>La Marat\u00f3 de TV3<\/strong><\/p>\n<p>\u00c9s un projecte solidari impulsat per Televisi\u00f3 de Catalunya i la Fundaci\u00f3 La Marat\u00f3 de TV3 i enfocat a sensibilitzar a la poblaci\u00f3 i obtenir recursos econ\u00f2mics per a potenciar la recerca cient\u00edfica per prevenir malalties i\/o curar-les. Tant important \u00e9s la recaptaci\u00f3 de diners com la divulgaci\u00f3 cient\u00edfica, la conscienciaci\u00f3 i l&#8217;educaci\u00f3 de la societat en la cultura cient\u00edfica.<\/p>\n<p>Cada curs es fan activitats i\/o difusi\u00f3 d&#8217;aquest projecte. Rub\u00ed s&#8217;hi volca.<\/p>\n<p>&nbsp;<\/p>\n<p><img loading=\"lazy\" decoding=\"async\" class=\"alignleft wp-image-13454\" src=\"https:\/\/agora.xtec.cat\/ceip-rllullrubi\/wp-content\/uploads\/usu1358\/2023\/08\/Sin-titulo.png\" alt=\"\" width=\"120\" height=\"115\" \/><\/p>\n<p><strong>S.O.S. \u00c1FRICA<\/strong><\/p>\n<p>Des de fa anys, S.O.S \u00c0FRICA fa recollida de Roba usada i Cal\u00e7at.\u00a0Quan demanen la nostra col\u00b7laboraci\u00f3 iniciem la campanya entregant el material necessari a la comunitat escolar per poder fer la recollida i sempre \u00e9s un \u00e8xit.<\/p>\n<p>&nbsp;<\/p>\n<p><img loading=\"lazy\" decoding=\"async\" class=\"alignleft wp-image-13457 size-full\" src=\"https:\/\/agora.xtec.cat\/ceip-rllullrubi\/wp-content\/uploads\/usu1358\/2023\/08\/donar.png\" alt=\"\" width=\"150\" height=\"33\" \/><strong>Donaci\u00f3 de Sang a Rub\u00ed<\/strong><\/p>\n<p>Des del Servei de Salut P\u00fablica de l\u2019Ajuntament es fa extensiva la participaci\u00f3 en les campanyes de donaci\u00f3 de sang que es duen a terme a diferents punts de la ciutat de Rub\u00ed. Per tenir m\u00e9s informaci\u00f3<a href=\"https:\/\/www.rubi.cat\/ca\/temes\/salut\/campanyes-de-donacio-de-sang\" target=\"_blank\" rel=\"noopener\"> punxa aqu\u00ed!<\/a><\/p>\n<p>&nbsp;<\/p>\n<p>&nbsp;<\/p>\n","protected":false},"excerpt":{"rendered":"<p>Durant el curs escolar participem i\/o fem difusi\u00f3 de diferents campanyes.<br \/>\n&nbsp;<br \/>\n Projecte Vacances en Pau de l&#8217;entitat Rub\u00ed Solidari<br \/>\n<a href=\"https:\/\/www.rubi.cat\/ca\/actualitat\/noticies\/els-cinc-infants-sahrauis-del-programa-vacances-en-pau-ja-son-a-rubi\" target=\"_blank\" rel=\"noopener\">Els cinc infants sahrau\u00eds del programa Vacances en pau ja s\u00f3n a Rub\u00ed.\u00a0Els nens i nenes passaran les vacances acollits per fam\u00edlies rubinenques<\/a>.<br \/>\nEnguany des&hellip;  <a href=\"https:\/\/agora.xtec.cat\/ceip-rllullrubi\/transformem-el-mon\/campanyes-solidaries\/\" title=\"Read Campanyes solid\u00e0ries\">Llegeix m\u00e9s\u00bb<\/a><\/p>\n","protected":false},"author":1,"featured_media":0,"parent":13391,"menu_order":50,"comment_status":"closed","ping_status":"closed","template":"page-templates\/side-menu.php","meta":{"_bbp_topic_count":0,"_bbp_reply_count":0,"_bbp_total_topic_count":0,"_bbp_total_reply_count":0,"_bbp_voice_count":0,"_bbp_anonymous_reply_count":0,"_bbp_topic_count_hidden":0,"_bbp_reply_count_hidden":0,"_bbp_forum_subforum_count":0,"footnotes":""},"class_list":["post-13441","page","type-page","status-publish","hentry"],"post_mailing_queue_ids":[],"_links":{"self":[{"href":"https:\/\/agora.xtec.cat\/ceip-rllullrubi\/wp-json\/wp\/v2\/pages\/13441","targetHints":{"allow":["GET"]}}],"collection":[{"href":"https:\/\/agora.xtec.cat\/ceip-rllullrubi\/wp-json\/wp\/v2\/pages"}],"about":[{"href":"https:\/\/agora.xtec.cat\/ceip-rllullrubi\/wp-json\/wp\/v2\/types\/page"}],"author":[{"embeddable":true,"href":"https:\/\/agora.xtec.cat\/ceip-rllullrubi\/wp-json\/wp\/v2\/users\/1"}],"replies":[{"embeddable":true,"href":"https:\/\/agora.xtec.cat\/ceip-rllullrubi\/wp-json\/wp\/v2\/comments?post=13441"}],"version-history":[{"count":6,"href":"https:\/\/agora.xtec.cat\/ceip-rllullrubi\/wp-json\/wp\/v2\/pages\/13441\/revisions"}],"predecessor-version":[{"id":15254,"href":"https:\/\/agora.xtec.cat\/ceip-rllullrubi\/wp-json\/wp\/v2\/pages\/13441\/revisions\/15254"}],"up":[{"embeddable":true,"href":"https:\/\/agora.xtec.cat\/ceip-rllullrubi\/wp-json\/wp\/v2\/pages\/13391"}],"wp:attachment":[{"href":"https:\/\/agora.xtec.cat\/ceip-rllullrubi\/wp-json\/wp\/v2\/media?parent=13441"}],"curies":[{"name":"wp","href":"https:\/\/api.w.org\/{rel}","templated":true}]}}