{"id":13413,"date":"2023-08-06T14:55:01","date_gmt":"2023-08-06T12:55:01","guid":{"rendered":"https:\/\/agora.xtec.cat\/ceip-rllullrubi\/?page_id=13413"},"modified":"2024-10-02T06:48:43","modified_gmt":"2024-10-02T04:48:43","slug":"curses-escolars-contra-els-residus","status":"publish","type":"page","link":"https:\/\/agora.xtec.cat\/ceip-rllullrubi\/transformem-el-mon\/curses-escolars-contra-els-residus\/","title":{"rendered":"Curses escolars contra els residus"},"content":{"rendered":"<p>Aquest curs 2024-2025 ho tornarem a fer! Us convidem a participar a la <strong>Cursa contra els Residus T\u00e8xtils 2025 i<\/strong> a sumar l&#8217; escola a aquest moviment per la sostenibilitat i la just\u00edcia global.<\/p>\n<p>Aquest any hi ha un nou repte: abordar l\u2019impacte de la ind\u00fastria t\u00e8xtil, una de les m\u00e9s contaminants del planeta. La producci\u00f3 de roba de baixa qualitat promou un model de consum d&#8217;usar i llen\u00e7ar, barat en euros per\u00f2 molt cost\u00f3s per al medi ambient i per les treballadores que en pateixen les condicions injustes.<\/p>\n<p>L&#8217;escola pot esdevenir un referent en la lluita contra aquest model de roba r\u00e0pida, impulsant bones pr\u00e0ctiques tant a les aules com al nostre entorn. A m\u00e9s, participar en aquesta cursa refor\u00e7a el comprom\u00eds amb la sostenibilitat, la just\u00edcia global i el respecte pel medi ambient!<\/p>\n<p>Promovem un consum responsable i a conscienciar la comunitat educativa sobre la import\u00e0ncia de reduir, reutilitzar i reciclar. Junts podem continuar sumant esfor\u00e7os per un futur m\u00e9s just i sostenible!<\/p>\n<p><img loading=\"lazy\" decoding=\"async\" class=\"aligncenter wp-image-15237\" src=\"https:\/\/agora.xtec.cat\/ceip-rllullrubi\/wp-content\/uploads\/usu1358\/2024\/10\/36fb5236.png\" alt=\"\" width=\"682\" height=\"307\" srcset=\"https:\/\/agora.xtec.cat\/ceip-rllullrubi\/wp-content\/uploads\/usu1358\/2024\/10\/36fb5236.png 2000w, https:\/\/agora.xtec.cat\/ceip-rllullrubi\/wp-content\/uploads\/usu1358\/2024\/10\/36fb5236-300x135.png 300w, https:\/\/agora.xtec.cat\/ceip-rllullrubi\/wp-content\/uploads\/usu1358\/2024\/10\/36fb5236-1024x461.png 1024w, https:\/\/agora.xtec.cat\/ceip-rllullrubi\/wp-content\/uploads\/usu1358\/2024\/10\/36fb5236-768x346.png 768w, https:\/\/agora.xtec.cat\/ceip-rllullrubi\/wp-content\/uploads\/usu1358\/2024\/10\/36fb5236-1536x691.png 1536w\" sizes=\"auto, (max-width: 682px) 100vw, 682px\" \/><\/p>\n<p><em>L\u2019any 2023 vam aconseguir un gran impacte amb la nostra ajuda a la Cursa contra els Residus Electr\u00f2nics. L&#8217;alumnat de 5\u00e8 va fer una feina espectacular, demostrant que junts podem generar un canvi real. Aquesta tasca va tenir una gran repercussi\u00f3 medi\u00e0tica, apareixent a mitjans com R\u00e0dio Rub\u00ed, Tot Rub\u00ed, Diari de Rub\u00ed, Televisi\u00f3 de Rub\u00ed, el programa Tot es Mou i tamb\u00e9 a l\u2019InfoK de TV3. Aprenent sobre l&#8217;impacte de l&#8217;\u00fas d&#8217;aparells electr\u00f2nics i les vulneracions de drets laborals i ambientals relacionats amb la seva fabricaci\u00f3.<\/em><\/p>\n<p><em><strong>V\u00eddeo del projecte:<\/strong>\u00a0<a href=\"https:\/\/www.youtube.com\/watch?v=HGbHjuJo36E\" target=\"_blank\" rel=\"noopener\" data-saferedirecturl=\"https:\/\/www.google.com\/url?q=https:\/\/www.youtube.com\/watch?v%3DHGbHjuJo36E&amp;source=gmail&amp;ust=1727844415046000&amp;usg=AOvVaw2VFLByvr3DRB-bwXmfREbw\">https:\/\/www.youtube.com\/watch?<wbr \/>v=HGbHjuJo36E<\/a><\/em><br \/>\n<em><strong>InfoK de TV3:<\/strong>\u00a0<a href=\"https:\/\/www.ccma.cat\/tv3\/sx3\/una-cursa-electronica\/video\/6251360\/\" target=\"_blank\" rel=\"noopener\" data-saferedirecturl=\"https:\/\/www.google.com\/url?q=https:\/\/www.ccma.cat\/tv3\/sx3\/una-cursa-electronica\/video\/6251360\/&amp;source=gmail&amp;ust=1727844415046000&amp;usg=AOvVaw1jrsN45DCllKXnXjI47Dsr\">https:\/\/www.ccma.cat\/tv3\/sx3\/<wbr \/>una-cursa-electronica\/video\/<wbr \/>6251360\/<\/a><\/em><br \/>\n<em><strong>Tot es Mou de TV3:<\/strong>\u00a0<a href=\"https:\/\/www.ccma.cat\/3cat\/cursa-escolar-contra-els-residus\/video\/6248927\/\" target=\"_blank\" rel=\"noopener\" data-saferedirecturl=\"https:\/\/www.google.com\/url?q=https:\/\/www.ccma.cat\/3cat\/cursa-escolar-contra-els-residus\/video\/6248927\/&amp;source=gmail&amp;ust=1727844415046000&amp;usg=AOvVaw1awCCvfNPvytVoLx6RD_jL\">https:\/\/www.ccma.cat\/3cat\/<wbr \/>cursa-escolar-contra-els-<wbr \/>residus\/video\/6248927\/<\/a><\/em><\/p>\n<p>Les curses les organitza SETEM Catalunya i s\u00f3n possibles gr\u00e0cies al suport de l\u2019Ag\u00e8ncia Catalana de Cooperaci\u00f3 al Desenvolupament i el Ministeri de Drets Socials i Agenda 2030.<\/p>\n","protected":false},"excerpt":{"rendered":"<p>Aquest curs 2024-2025 ho tornarem a fer! Us convidem a participar a la Cursa contra els Residus T\u00e8xtils 2025 i a sumar l&#8217; escola a aquest moviment per la sostenibilitat i la just\u00edcia global.<br \/>\nAquest any hi ha un nou repte: abordar l\u2019impacte de la ind\u00fastria&hellip;  <a href=\"https:\/\/agora.xtec.cat\/ceip-rllullrubi\/transformem-el-mon\/curses-escolars-contra-els-residus\/\" title=\"Read Curses escolars contra els residus\">Llegeix m\u00e9s\u00bb<\/a><\/p>\n","protected":false},"author":1,"featured_media":0,"parent":13391,"menu_order":60,"comment_status":"closed","ping_status":"closed","template":"page-templates\/side-menu.php","meta":{"_bbp_topic_count":0,"_bbp_reply_count":0,"_bbp_total_topic_count":0,"_bbp_total_reply_count":0,"_bbp_voice_count":0,"_bbp_anonymous_reply_count":0,"_bbp_topic_count_hidden":0,"_bbp_reply_count_hidden":0,"_bbp_forum_subforum_count":0,"footnotes":""},"class_list":["post-13413","page","type-page","status-publish","hentry"],"post_mailing_queue_ids":[],"_links":{"self":[{"href":"https:\/\/agora.xtec.cat\/ceip-rllullrubi\/wp-json\/wp\/v2\/pages\/13413","targetHints":{"allow":["GET"]}}],"collection":[{"href":"https:\/\/agora.xtec.cat\/ceip-rllullrubi\/wp-json\/wp\/v2\/pages"}],"about":[{"href":"https:\/\/agora.xtec.cat\/ceip-rllullrubi\/wp-json\/wp\/v2\/types\/page"}],"author":[{"embeddable":true,"href":"https:\/\/agora.xtec.cat\/ceip-rllullrubi\/wp-json\/wp\/v2\/users\/1"}],"replies":[{"embeddable":true,"href":"https:\/\/agora.xtec.cat\/ceip-rllullrubi\/wp-json\/wp\/v2\/comments?post=13413"}],"version-history":[{"count":6,"href":"https:\/\/agora.xtec.cat\/ceip-rllullrubi\/wp-json\/wp\/v2\/pages\/13413\/revisions"}],"predecessor-version":[{"id":15241,"href":"https:\/\/agora.xtec.cat\/ceip-rllullrubi\/wp-json\/wp\/v2\/pages\/13413\/revisions\/15241"}],"up":[{"embeddable":true,"href":"https:\/\/agora.xtec.cat\/ceip-rllullrubi\/wp-json\/wp\/v2\/pages\/13391"}],"wp:attachment":[{"href":"https:\/\/agora.xtec.cat\/ceip-rllullrubi\/wp-json\/wp\/v2\/media?parent=13413"}],"curies":[{"name":"wp","href":"https:\/\/api.w.org\/{rel}","templated":true}]}}