{"id":13391,"date":"2023-08-06T14:03:02","date_gmt":"2023-08-06T12:03:02","guid":{"rendered":"https:\/\/agora.xtec.cat\/ceip-rllullrubi\/?page_id=13391"},"modified":"2023-12-07T19:52:05","modified_gmt":"2023-12-07T18:52:05","slug":"transformem-el-mon","status":"publish","type":"page","link":"https:\/\/agora.xtec.cat\/ceip-rllullrubi\/transformem-el-mon\/","title":{"rendered":"Transformem el m\u00f3n"},"content":{"rendered":"<p><a href=\"https:\/\/agora.xtec.cat\/ceip-rllullrubi\/wp-content\/uploads\/usu1358\/2023\/08\/global-goals.png\"><img loading=\"lazy\" decoding=\"async\" class=\" wp-image-13392 alignleft\" src=\"https:\/\/agora.xtec.cat\/ceip-rllullrubi\/wp-content\/uploads\/usu1358\/2023\/08\/global-goals.png\" alt=\"\" width=\"224\" height=\"224\" srcset=\"https:\/\/agora.xtec.cat\/ceip-rllullrubi\/wp-content\/uploads\/usu1358\/2023\/08\/global-goals.png 300w, https:\/\/agora.xtec.cat\/ceip-rllullrubi\/wp-content\/uploads\/usu1358\/2023\/08\/global-goals-150x150.png 150w\" sizes=\"auto, (max-width: 224px) 100vw, 224px\" \/><\/a><\/p>\n<p style=\"text-align: center;\"><strong><em>17 objectius per transformar el nostre m\u00f3n<\/em><\/strong><br \/>\n<em>El 2015, l&#8217;ONU va aprovar l&#8217; <a href=\"https:\/\/www.un.org\/sustainabledevelopment\/es\/\" target=\"_blank\" rel=\"noopener\">Agenda 2030 sobre el Desenvolupament Sostenible<\/a>.<\/em><\/p>\n<p style=\"text-align: center;\"><em>L&#8217;Agenda compta amb 17 Objectius de Desenvolupament Sostenible, que inclouen des de l&#8217;eliminaci\u00f3 de la pobresa fins al combat al canvi clim\u00e0tic, l&#8217;educaci\u00f3, la igualtat de la dona, la defensa del medi ambient o el disseny de les nostres ciutats.<\/em><\/p>\n<p style=\"text-align: center;\">Com a escola tamb\u00e9 volem contribuir a aquesta transformaci\u00f3 oferint al nostre alumnat activitats i programes per millorar el m\u00f3n on viuen.<\/p>\n","protected":false},"excerpt":{"rendered":"<p><a href=\"https:\/\/agora.xtec.cat\/ceip-rllullrubi\/wp-content\/uploads\/usu1358\/2023\/08\/global-goals.png\"><\/a><br \/>\n17 objectius per transformar el nostre m\u00f3n<br \/>\nEl 2015, l&#8217;ONU va aprovar l&#8217; <a href=\"https:\/\/www.un.org\/sustainabledevelopment\/es\/\" target=\"_blank\" rel=\"noopener\">Agenda 2030 sobre el Desenvolupament Sostenible<\/a>.<br \/>\nL&#8217;Agenda compta amb 17 Objectius de Desenvolupament Sostenible, que inclouen des de l&#8217;eliminaci\u00f3 de la pobresa fins al combat al canvi clim\u00e0tic, l&#8217;educaci\u00f3, la&hellip;  <a href=\"https:\/\/agora.xtec.cat\/ceip-rllullrubi\/transformem-el-mon\/\" title=\"Read Transformem el m\u00f3n\">Llegeix m\u00e9s\u00bb<\/a><\/p>\n","protected":false},"author":1,"featured_media":0,"parent":0,"menu_order":10,"comment_status":"closed","ping_status":"closed","template":"page-templates\/side-menu.php","meta":{"_bbp_topic_count":0,"_bbp_reply_count":0,"_bbp_total_topic_count":0,"_bbp_total_reply_count":0,"_bbp_voice_count":0,"_bbp_anonymous_reply_count":0,"_bbp_topic_count_hidden":0,"_bbp_reply_count_hidden":0,"_bbp_forum_subforum_count":0,"footnotes":""},"class_list":["post-13391","page","type-page","status-publish","hentry"],"post_mailing_queue_ids":[],"_links":{"self":[{"href":"https:\/\/agora.xtec.cat\/ceip-rllullrubi\/wp-json\/wp\/v2\/pages\/13391","targetHints":{"allow":["GET"]}}],"collection":[{"href":"https:\/\/agora.xtec.cat\/ceip-rllullrubi\/wp-json\/wp\/v2\/pages"}],"about":[{"href":"https:\/\/agora.xtec.cat\/ceip-rllullrubi\/wp-json\/wp\/v2\/types\/page"}],"author":[{"embeddable":true,"href":"https:\/\/agora.xtec.cat\/ceip-rllullrubi\/wp-json\/wp\/v2\/users\/1"}],"replies":[{"embeddable":true,"href":"https:\/\/agora.xtec.cat\/ceip-rllullrubi\/wp-json\/wp\/v2\/comments?post=13391"}],"version-history":[{"count":3,"href":"https:\/\/agora.xtec.cat\/ceip-rllullrubi\/wp-json\/wp\/v2\/pages\/13391\/revisions"}],"predecessor-version":[{"id":13440,"href":"https:\/\/agora.xtec.cat\/ceip-rllullrubi\/wp-json\/wp\/v2\/pages\/13391\/revisions\/13440"}],"wp:attachment":[{"href":"https:\/\/agora.xtec.cat\/ceip-rllullrubi\/wp-json\/wp\/v2\/media?parent=13391"}],"curies":[{"name":"wp","href":"https:\/\/api.w.org\/{rel}","templated":true}]}}