{"id":13020,"date":"2023-04-24T07:10:02","date_gmt":"2023-04-24T05:10:02","guid":{"rendered":"https:\/\/agora.xtec.cat\/ceip-rllullrubi\/?page_id=13020"},"modified":"2025-09-03T16:49:54","modified_gmt":"2025-09-03T14:49:54","slug":"ajuts-de-menjador-2","status":"publish","type":"page","link":"https:\/\/agora.xtec.cat\/ceip-rllullrubi\/directori-de-documents\/ajuts-de-menjador-2\/","title":{"rendered":"Ajuts de menjador 25-26. Informaci\u00f3"},"content":{"rendered":"<p>Des de Serveis Socials B\u00e0sics de l&#8217;Ajuntament de Rub\u00ed us fem arribar la informaci\u00f3 referent a la convocat\u00f2ria d\u2019Ajuts de Menjador Escolar per al proper curs 2025\/2026.<\/p>\n<table style=\"width: 100.007%; height: 620px;\" width=\"100.007%\" cellspacing=\"0\" cellpadding=\"1\">\n<tbody>\n<tr style=\"height: 61px;\" valign=\"top\">\n<td style=\"background: #d6d6d6; width: 48.5818%; height: 61px;\" colspan=\"2\" bgcolor=\"#d6d6d6\" width=\"628\" height=\"57\">\n<h5 lang=\"ca-ES\" align=\"center\"><span style=\"font-size: x-large;\"><b>PROCEDIMENT<\/b><\/span><\/h5>\n<\/td>\n<td style=\"background: #d6d6d6; width: 51.3538%; height: 61px;\" bgcolor=\"#d6d6d6\" width=\"919\">\n<h5 lang=\"ca-ES\" align=\"center\"><span style=\"font-size: x-large;\"><b>ACCIONS<\/b><\/span><\/h5>\n<\/td>\n<\/tr>\n<tr style=\"height: 129px;\" valign=\"top\">\n<td style=\"width: 16.366%; height: 129px;\" width=\"316\" height=\"105\">\n<p lang=\"ca-ES\" style=\"text-align: center;\" align=\"center\"><span style=\"font-size: large;\"><b>INFORMACI\u00d3<\/b><\/span><\/p>\n<\/td>\n<td style=\"width: 32.2158%; height: 129px;\" width=\"310\">\n<p lang=\"ca-ES\" style=\"text-align: center;\" align=\"left\"><span style=\"font-size: medium;\">14\/04\/2025 al<\/span><\/p>\n<p lang=\"ca-ES\" style=\"text-align: center;\" align=\"left\"><span style=\"font-size: medium;\">25\/04\/2025<\/span><\/p>\n<\/td>\n<td style=\"width: 51.3538%; height: 129px;\" width=\"919\">\n<p lang=\"ca-ES\" align=\"center\"><span style=\"font-size: medium;\">Serveis Socials, OME, escoles, escoles bressol, oficines municipals, web municipal, dept.comunicaci\u00f3<\/span><\/p>\n<\/td>\n<\/tr>\n<tr style=\"height: 146px;\" valign=\"top\">\n<td style=\"width: 16.366%; height: 146px;\" width=\"316\" height=\"125\">\n<p lang=\"ca-ES\" style=\"text-align: center;\" align=\"left\"><span style=\"font-size: large;\"><b>SUPORT TELEM\u00c0TIC: XATBOT<\/b><\/span><\/p>\n<\/td>\n<td style=\"width: 32.2158%; height: 146px;\" width=\"310\">\n<p lang=\"ca-ES\" style=\"text-align: center;\" align=\"left\"><span style=\"font-size: medium;\">28\/04\/2025 al<\/span><\/p>\n<p lang=\"ca-ES\" style=\"text-align: center;\" align=\"left\"><span style=\"font-size: medium;\">23\/05\/2025<\/span><\/p>\n<\/td>\n<td style=\"width: 51.3538%; height: 146px;\" width=\"919\">\n<p lang=\"ca-ES\" align=\"center\"><span style=\"font-size: small;\"><span style=\"font-size: medium;\"><b>Seu<\/b><\/span><b> <\/b><span style=\"font-size: medium;\"><b>electr\u00f2nica<\/b><\/span><span style=\"font-size: medium;\">:<\/span> <a href=\"https:\/\/seu.rubi.cat\/\" target=\"_blank\" rel=\"noopener\"><span style=\"color: #0000ff;\"><span style=\"font-size: medium;\"><u>https:\/\/seu.rubi.cat<\/u><\/span><\/span><\/a><\/span><\/p>\n<p lang=\"ca-ES\" align=\"center\"><span style=\"font-size: medium;\"><b>WhatsApp<\/b>: 623196219<\/span><\/p>\n<p lang=\"ca-ES\" align=\"center\"><span style=\"font-size: medium;\"><b>Telegram<\/b>: SuportRubi_Bot<\/span><\/p>\n<\/td>\n<\/tr>\n<tr style=\"height: 144px;\" valign=\"top\">\n<td style=\"width: 16.366%; height: 144px;\" width=\"316\" height=\"115\">\n<p lang=\"ca-ES\" align=\"center\"><span style=\"font-size: large;\"><b>ACOMPANYAMENT GRUPAL AL TR\u00c0MIT TELEM\u00c0TIC<\/b><\/span><\/p>\n<\/td>\n<td style=\"width: 32.2158%; height: 144px;\" width=\"310\">\n<p lang=\"ca-ES\" align=\"center\"><span style=\"font-size: medium;\"><b>Mat\u00ed: (de dimarts a divendres)<\/b><\/span><\/p>\n<p lang=\"ca-ES\" align=\"center\"><span style=\"font-size: medium;\">06 de maig al 23 de maig<\/span><\/p>\n<p lang=\"ca-ES\" align=\"center\"><span style=\"font-size: medium;\"><b>Tarda: (dimarts i dimecres)\u00a0<\/b><\/span><\/p>\n<p lang=\"ca-ES\" align=\"center\"><span style=\"font-size: medium;\">06, 07, 13, 14, 20 i 21 de maig<\/span><\/p>\n<\/td>\n<td style=\"width: 51.3538%; height: 144px;\" width=\"919\">\n<p lang=\"ca-ES\" align=\"center\"><span style=\"font-size: medium;\"><b>CITA PR\u00c8VIA PER SUPORT DE TR\u00c0MIT TELEM\u00c0TIC<\/b><\/span><\/p>\n<p lang=\"ca-ES\" align=\"center\"><span style=\"font-size: medium;\"><b>bequesmenjador@ajrubi.cat<\/b><\/span><\/p>\n<\/td>\n<\/tr>\n<tr style=\"height: 60px;\" valign=\"top\">\n<td style=\"width: 16.366%; height: 130px;\" width=\"316\" height=\"40\">\n<p lang=\"ca-ES\" align=\"left\"><span style=\"font-size: large;\"><b>PRESENTACI\u00d3 DE<\/b><\/span><\/p>\n<p lang=\"ca-ES\" align=\"center\"><span style=\"font-size: large;\"><b>DOCUMENTACI\u00d3*<\/b><\/span><\/p>\n<\/td>\n<td style=\"width: 32.2158%; height: 130px;\" width=\"310\">\n<p lang=\"ca-ES\" align=\"center\"><span style=\"font-size: medium;\">28 d&#8217;abril al 23 de maig<\/span><\/p>\n<p lang=\"ca-ES\" align=\"center\">\n<\/td>\n<td style=\"width: 51.3538%; height: 130px;\" width=\"919\">\n<p lang=\"ca-ES\" align=\"center\"><span style=\"font-size: medium;\"><b>PRESENTACI\u00d3 TELEM\u00c0TICA<\/b><\/span><\/p>\n<p lang=\"ca-ES\" align=\"center\"><a style=\"font-family: inherit; font-size: 0.875em; color: #2795b6;\" href=\"https:\/\/seu.rubi.cat\/catalogoTramites\/show\/548\" target=\"_blank\" rel=\"noopener\"><span style=\"font-size: medium;\"><u>https:\/\/seu.rubi.cat\/catalogoTramites\/show\/548<\/u><\/span><\/a><\/p>\n<\/td>\n<\/tr>\n<tr style=\"height: 60px;\">\n<td style=\"width: 99.9356%; height: 10px;\" colspan=\"3\"><strong>*Nota important<\/strong>: per accedir a la tramitaci\u00f3 telem\u00e0tica, cal disposar del certificat electr\u00f2nic\u00a0<strong>idCAT m\u00f2bil\u00a0<\/strong>per identifcar-se <a href=\"https:\/\/idcatmobil.cat\/\" target=\"_blank\" rel=\"noopener\">https:\/\/idcatmobil.seu.cat<\/a><\/p>\n<p>Si alguna fam\u00edlia t\u00e9 dificultats en fer el tr\u00e0mit telem\u00e0tic ha d&#8217;adre\u00e7ar-se al Servei de Beques Menjador de l\u2019Ajuntament mitjan\u00e7ant al correu electr\u00f2nic<span style=\"text-decoration: underline;\"> bequesmenjador@ajrubi.cat\u00a0<\/span><\/p>\n<p><strong>Recomanem a les fam\u00edlies que hagin rebut ajuts econ\u00f2mics de l&#8217;Ajuntament, Ag\u00e8ncia de l&#8217;Habitatge de Catalunya que facin la declaraci\u00f3 de la renda per tal d&#8217;evitar incid\u00e8ncies en la resoluci\u00f3 de l&#8217;ajut.<\/strong><\/p>\n<p><a href=\"https:\/\/agora.xtec.cat\/ceip-rllullrubi\/wp-content\/uploads\/usu1358\/2025\/04\/qr.png\"><img loading=\"lazy\" decoding=\"async\" class=\"aligncenter wp-image-15746\" src=\"https:\/\/agora.xtec.cat\/ceip-rllullrubi\/wp-content\/uploads\/usu1358\/2025\/04\/qr.png\" alt=\"\" width=\"352\" height=\"111\" srcset=\"https:\/\/agora.xtec.cat\/ceip-rllullrubi\/wp-content\/uploads\/usu1358\/2025\/04\/qr.png 695w, https:\/\/agora.xtec.cat\/ceip-rllullrubi\/wp-content\/uploads\/usu1358\/2025\/04\/qr-300x95.png 300w\" sizes=\"auto, (max-width: 352px) 100vw, 352px\" \/><\/a><\/td>\n<\/tr>\n<\/tbody>\n<\/table>\n<p>Us afegim les <a style=\"color: #2795b6;\" href=\"https:\/\/agora.xtec.cat\/ceip-rllullrubi\/wp-content\/uploads\/usu1358\/2025\/04\/Instruccions-IdeCat-mobil.pdf\" target=\"_blank\" rel=\"noopener\">Instruccions IdeCat m\u00f2bil<\/a><\/p>\n<p><strong>La sol\u00b7licitud s\u2019ha de presentar PRIORIT\u00c0RIAMENT de forma telem\u00e0tica<\/strong>, l\u2019enlla\u00e7 per accedir-hi \u00e9s el seg\u00fcent:<\/p>\n<p style=\"text-align: center;\"><a href=\"https:\/\/seu.rubi.cat\/catalogoTramites\/show\/548\" target=\"_blank\" rel=\"noopener\">https:\/\/seu.rubi.cat\/catalogoTramites\/show\/548\u00a0<\/a><\/p>\n","protected":false},"excerpt":{"rendered":"<p>Des de Serveis Socials B\u00e0sics de l&#8217;Ajuntament de Rub\u00ed us fem arribar la informaci\u00f3 referent a la convocat\u00f2ria d\u2019Ajuts de Menjador Escolar per al proper curs 2025\/2026.<\/p>\n<p>PROCEDIMENT<\/p>\n<p>ACCIONS<\/p>\n<p>INFORMACI\u00d3<\/p>\n<p>14\/04\/2025 al<br \/>\n25\/04\/2025<\/p>\n<p>Serveis Socials, OME, escoles, escoles bressol, oficines municipals, web municipal, dept.comunicaci\u00f3<\/p>\n<p>SUPORT TELEM\u00c0TIC: XATBOT<\/p>\n<p>28\/04\/2025 al<br \/>\n23\/05\/2025<\/p>\n<p>Seu electr\u00f2nica: <a href=\"https:\/\/seu.rubi.cat\/\" target=\"_blank\"&hellip;  <a href=\"https:\/\/agora.xtec.cat\/ceip-rllullrubi\/directori-de-documents\/ajuts-de-menjador-2\/\" title=\"Read Ajuts de menjador 25-26. Informaci\u00f3\">Llegeix m\u00e9s\u00bb<\/a><\/p>\n","protected":false},"author":1,"featured_media":0,"parent":10825,"menu_order":100,"comment_status":"closed","ping_status":"closed","template":"page-templates\/side-menu.php","meta":{"_bbp_topic_count":0,"_bbp_reply_count":0,"_bbp_total_topic_count":0,"_bbp_total_reply_count":0,"_bbp_voice_count":0,"_bbp_anonymous_reply_count":0,"_bbp_topic_count_hidden":0,"_bbp_reply_count_hidden":0,"_bbp_forum_subforum_count":0,"footnotes":""},"class_list":["post-13020","page","type-page","status-publish","hentry"],"post_mailing_queue_ids":[],"_links":{"self":[{"href":"https:\/\/agora.xtec.cat\/ceip-rllullrubi\/wp-json\/wp\/v2\/pages\/13020","targetHints":{"allow":["GET"]}}],"collection":[{"href":"https:\/\/agora.xtec.cat\/ceip-rllullrubi\/wp-json\/wp\/v2\/pages"}],"about":[{"href":"https:\/\/agora.xtec.cat\/ceip-rllullrubi\/wp-json\/wp\/v2\/types\/page"}],"author":[{"embeddable":true,"href":"https:\/\/agora.xtec.cat\/ceip-rllullrubi\/wp-json\/wp\/v2\/users\/1"}],"replies":[{"embeddable":true,"href":"https:\/\/agora.xtec.cat\/ceip-rllullrubi\/wp-json\/wp\/v2\/comments?post=13020"}],"version-history":[{"count":7,"href":"https:\/\/agora.xtec.cat\/ceip-rllullrubi\/wp-json\/wp\/v2\/pages\/13020\/revisions"}],"predecessor-version":[{"id":16073,"href":"https:\/\/agora.xtec.cat\/ceip-rllullrubi\/wp-json\/wp\/v2\/pages\/13020\/revisions\/16073"}],"up":[{"embeddable":true,"href":"https:\/\/agora.xtec.cat\/ceip-rllullrubi\/wp-json\/wp\/v2\/pages\/10825"}],"wp:attachment":[{"href":"https:\/\/agora.xtec.cat\/ceip-rllullrubi\/wp-json\/wp\/v2\/media?parent=13020"}],"curies":[{"name":"wp","href":"https:\/\/api.w.org\/{rel}","templated":true}]}}