{"id":12679,"date":"2022-12-29T19:15:04","date_gmt":"2022-12-29T18:15:04","guid":{"rendered":"https:\/\/agora.xtec.cat\/ceip-rllullrubi\/?page_id=12679"},"modified":"2022-12-29T19:38:34","modified_gmt":"2022-12-29T18:38:34","slug":"manteniment-mobiliari-i-material-didactic","status":"publish","type":"page","link":"https:\/\/agora.xtec.cat\/ceip-rllullrubi\/manteniment-mobiliari-i-material-didactic\/","title":{"rendered":"Manteniment mobiliari i material did\u00e0ctic"},"content":{"rendered":"<div>\n<p><span style=\"font-weight: 400;\">En seran responsables l&#8217;alumnat i els mestres.<\/span><\/p>\n<p><span style=\"font-weight: 400;\">Cada mestre se&#8217;n far\u00e0 c\u00e0rrec del material dipositat a la depend\u00e8ncia que se li assigni aix\u00ed com de tot el material did\u00e0ctic que empri.<\/span><\/p>\n<p><span style=\"font-weight: 400;\">Mestres i alumnes vetllaran pel bon \u00fas del material que el centre posa a la seva disposici\u00f3.<\/span><\/p>\n<p><span style=\"font-weight: 400;\">Els mestres seran els encarregats de tancar les portes en acabar l&#8217;horari lectiu.<\/span><\/p>\n<p><span style=\"font-weight: 400;\">El material de que disposa cada aula en ser\u00e0 coneixedor\/a el\/la coordinadora de cicle.<\/span><\/p>\n<\/div>\n","protected":false},"excerpt":{"rendered":"<p>En seran responsables l&#8217;alumnat i els mestres.<br \/>\nCada mestre se&#8217;n far\u00e0 c\u00e0rrec del material dipositat a la depend\u00e8ncia que se li assigni aix\u00ed com de tot el material did\u00e0ctic que empri.<br \/>\nMestres i alumnes vetllaran pel bon \u00fas del material que el centre posa a la seva&hellip;  <a href=\"https:\/\/agora.xtec.cat\/ceip-rllullrubi\/manteniment-mobiliari-i-material-didactic\/\" title=\"Read Manteniment mobiliari i material did\u00e0ctic\">Llegeix m\u00e9s\u00bb<\/a><\/p>\n","protected":false},"author":1,"featured_media":0,"parent":0,"menu_order":0,"comment_status":"closed","ping_status":"closed","template":"page-templates\/side-menu.php","meta":{"_bbp_topic_count":0,"_bbp_reply_count":0,"_bbp_total_topic_count":0,"_bbp_total_reply_count":0,"_bbp_voice_count":0,"_bbp_anonymous_reply_count":0,"_bbp_topic_count_hidden":0,"_bbp_reply_count_hidden":0,"_bbp_forum_subforum_count":0,"footnotes":""},"class_list":["post-12679","page","type-page","status-publish","hentry"],"post_mailing_queue_ids":[],"_links":{"self":[{"href":"https:\/\/agora.xtec.cat\/ceip-rllullrubi\/wp-json\/wp\/v2\/pages\/12679","targetHints":{"allow":["GET"]}}],"collection":[{"href":"https:\/\/agora.xtec.cat\/ceip-rllullrubi\/wp-json\/wp\/v2\/pages"}],"about":[{"href":"https:\/\/agora.xtec.cat\/ceip-rllullrubi\/wp-json\/wp\/v2\/types\/page"}],"author":[{"embeddable":true,"href":"https:\/\/agora.xtec.cat\/ceip-rllullrubi\/wp-json\/wp\/v2\/users\/1"}],"replies":[{"embeddable":true,"href":"https:\/\/agora.xtec.cat\/ceip-rllullrubi\/wp-json\/wp\/v2\/comments?post=12679"}],"version-history":[{"count":2,"href":"https:\/\/agora.xtec.cat\/ceip-rllullrubi\/wp-json\/wp\/v2\/pages\/12679\/revisions"}],"predecessor-version":[{"id":12688,"href":"https:\/\/agora.xtec.cat\/ceip-rllullrubi\/wp-json\/wp\/v2\/pages\/12679\/revisions\/12688"}],"wp:attachment":[{"href":"https:\/\/agora.xtec.cat\/ceip-rllullrubi\/wp-json\/wp\/v2\/media?parent=12679"}],"curies":[{"name":"wp","href":"https:\/\/api.w.org\/{rel}","templated":true}]}}