{"id":12662,"date":"2022-12-29T18:26:06","date_gmt":"2022-12-29T17:26:06","guid":{"rendered":"https:\/\/agora.xtec.cat\/ceip-rllullrubi\/?page_id=12662"},"modified":"2022-12-29T18:26:06","modified_gmt":"2022-12-29T17:26:06","slug":"menjador","status":"publish","type":"page","link":"https:\/\/agora.xtec.cat\/ceip-rllullrubi\/menjador\/","title":{"rendered":"Menjador"},"content":{"rendered":"<p>1. El servei de menjador \u00e9s un servei cedit a l\u2019 AFA, la gesti\u00f3 del quan correspon a la mateixa AFA, una vegada signat el document de cessi\u00f3 que requereix l&#8217;aprovaci\u00f3 anual del Consell Escolar.<\/p>\n<p>2. La documentaci\u00f3 relativa a la gesti\u00f3 del menjador recollir\u00e0 les responsabilitats sanit\u00e0ries, educatives, laborals i econ\u00f2miques que es derivin, quedant l&#8217;escola obligada a la comprovaci\u00f3 i la supervisi\u00f3 del seu funcionament i l&#8217;adequaci\u00f3 i cessi\u00f3 dels espais.<\/p>\n<p>3. Al no tenir cuina pr\u00f2pia, el menjar el porta una empresa de c\u00e0tering i el monitoratge \u00e9s personal del propi c\u00e0tering o d&#8217;altres (segons conveni i condicions de l&#8217;empresa contractada).<\/p>\n<p>4. <a href=\"https:\/\/agora.xtec.cat\/ceip-rllullrubi\/projecte-educatiu\/pla-de-menjador\/\" target=\"_blank\" rel=\"noopener\">Normes de funcionament.\u00a0<\/a><\/p>\n<p>&nbsp;<\/p>\n","protected":false},"excerpt":{"rendered":"<p>1. El servei de menjador \u00e9s un servei cedit a l\u2019 AFA, la gesti\u00f3 del quan correspon a la mateixa AFA, una vegada signat el document de cessi\u00f3 que requereix l&#8217;aprovaci\u00f3 anual del Consell Escolar.<br \/>\n2. La documentaci\u00f3 relativa a la gesti\u00f3 del menjador recollir\u00e0 les&hellip;  <a href=\"https:\/\/agora.xtec.cat\/ceip-rllullrubi\/menjador\/\" title=\"Read Menjador\">Llegeix m\u00e9s\u00bb<\/a><\/p>\n","protected":false},"author":1,"featured_media":0,"parent":0,"menu_order":0,"comment_status":"closed","ping_status":"closed","template":"page-templates\/side-menu.php","meta":{"_bbp_topic_count":0,"_bbp_reply_count":0,"_bbp_total_topic_count":0,"_bbp_total_reply_count":0,"_bbp_voice_count":0,"_bbp_anonymous_reply_count":0,"_bbp_topic_count_hidden":0,"_bbp_reply_count_hidden":0,"_bbp_forum_subforum_count":0,"footnotes":""},"class_list":["post-12662","page","type-page","status-publish","hentry"],"post_mailing_queue_ids":[],"_links":{"self":[{"href":"https:\/\/agora.xtec.cat\/ceip-rllullrubi\/wp-json\/wp\/v2\/pages\/12662","targetHints":{"allow":["GET"]}}],"collection":[{"href":"https:\/\/agora.xtec.cat\/ceip-rllullrubi\/wp-json\/wp\/v2\/pages"}],"about":[{"href":"https:\/\/agora.xtec.cat\/ceip-rllullrubi\/wp-json\/wp\/v2\/types\/page"}],"author":[{"embeddable":true,"href":"https:\/\/agora.xtec.cat\/ceip-rllullrubi\/wp-json\/wp\/v2\/users\/1"}],"replies":[{"embeddable":true,"href":"https:\/\/agora.xtec.cat\/ceip-rllullrubi\/wp-json\/wp\/v2\/comments?post=12662"}],"version-history":[{"count":1,"href":"https:\/\/agora.xtec.cat\/ceip-rllullrubi\/wp-json\/wp\/v2\/pages\/12662\/revisions"}],"predecessor-version":[{"id":12664,"href":"https:\/\/agora.xtec.cat\/ceip-rllullrubi\/wp-json\/wp\/v2\/pages\/12662\/revisions\/12664"}],"wp:attachment":[{"href":"https:\/\/agora.xtec.cat\/ceip-rllullrubi\/wp-json\/wp\/v2\/media?parent=12662"}],"curies":[{"name":"wp","href":"https:\/\/api.w.org\/{rel}","templated":true}]}}