{"id":12649,"date":"2022-12-29T18:12:02","date_gmt":"2022-12-29T17:12:02","guid":{"rendered":"https:\/\/agora.xtec.cat\/ceip-rllullrubi\/?page_id=12649"},"modified":"2022-12-29T18:12:56","modified_gmt":"2022-12-29T17:12:56","slug":"biblioteca","status":"publish","type":"page","link":"https:\/\/agora.xtec.cat\/ceip-rllullrubi\/biblioteca\/","title":{"rendered":"Biblioteca"},"content":{"rendered":"<p>1 Principis organitzatius<\/p>\n<p>El fons bibliogr\u00e0fic del centre tindr\u00e0 un registre \u00fanic.<br \/>\nEl servei de biblioteca s\u2019organitzar\u00e0 a partir d\u2019una biblioteca central i una xarxa de biblioteques.<br \/>\nSer\u00e0 un servei tant per a alumnes com per a professors, com per a fam\u00edlies (segons necessitat).<br \/>\nEl pressupost del centre haur\u00e0 de contemplar una partida per a manteniment i renovaci\u00f3 de les exist\u00e8ncies.<\/p>\n<p>2 Objectius<\/p>\n<p>Aconseguir que el foment de la lectura ajudi els alumnes a adquirir un millor nivell de comprensi\u00f3 i gust per la lectura, aix\u00ed com altres habilitats en la recerca i tractament de la informaci\u00f3 en els diferents recursos de la mediateca escolar.<br \/>\nDonar suport als mestres per ajudar els alumnes a l\u2019assoliment de les compet\u00e8ncies b\u00e0siques.<\/p>\n<p>3 Responsable i funcions<\/p>\n<p>De la gesti\u00f3, coordinaci\u00f3 i control d\u2019aquest servei se\u2019n far\u00e0 el\/la coordinador\/a de biblioteca que disposar\u00e0 d\u2019unes hores setmanals amb reducci\u00f3 de l\u2019horari lectiu de les hores que el Pla Anual que el centre estipuli.<\/p>\n<p>D\u2019establir el pla de compres se\u2019n far\u00e0 c\u00e0rrec una comissi\u00f3 formada pel\/la coordinardor\/a de biblioteca i un representant, com a m\u00ednim, de cada cicle.<\/p>\n<p>4 Funcions del\/la coordinador\/a de biblioteca<\/p>\n<p>Vetllar pel bon funcionament del servei.<br \/>\nProposar l\u2019adopci\u00f3 de mesures de millora.<br \/>\nPortar actualitzat el registre de llibres.<br \/>\nCoordinar les tasques de conservaci\u00f3 i manteniment.<br \/>\nEstablir les sancions d\u2019acord amb el r\u00e8gim disciplinari.<br \/>\nPromoure l\u2019 \u00fas de la biblioteca de centre.<\/p>\n<p>5 Normes de Funcionament<\/p>\n<p>5.1 Biblioteca d\u2019aula<\/p>\n<p>Cada cicle establir\u00e0 la forma d\u2019organitzar la biblioteca d\u2019aula en quant als aspectes de:<br \/>\nServei de lectura i pr\u00e9stec.<br \/>\nPla d\u2019activitats de foment i d\u2019explotaci\u00f3 de la lectura.<br \/>\nH\u00e0bits de lectura.<br \/>\nHi haur\u00e0, per\u00f2, elements comuns a totes les aules amb biblioteca particular. Totes hauran de disposar:<br \/>\n. d\u2019una prestatgeria d\u2019\u00fas exclusiu per la biblioteca,<br \/>\n. d\u2019un nombre de llibres suficients per que tots els alumnes puguin llegir alhora.<\/p>\n<p>5.2 Biblioteca central<\/p>\n<p>Dins l\u2019horari escolar. Quedar\u00e0 especificat en el Pla Anual amb l\u2019 opci\u00f3 de servei de bibliopati (sempre que sigui possible).<br \/>\nFora l\u2019horari escolar. Actualment no es contempla ja que implica supervisi\u00f3 i permisos fora de l\u2019horari lectiu que queden sota la gesti\u00f3 de l\u2019Ajuntament.<\/p>\n","protected":false},"excerpt":{"rendered":"<p>1 Principis organitzatius<br \/>\nEl fons bibliogr\u00e0fic del centre tindr\u00e0 un registre \u00fanic.<br \/>\nEl servei de biblioteca s\u2019organitzar\u00e0 a partir d\u2019una biblioteca central i una xarxa de biblioteques.<br \/>\nSer\u00e0 un servei tant per a alumnes com per a professors, com per a fam\u00edlies (segons necessitat).<br \/>\nEl pressupost del centre haur\u00e0&hellip;  <a href=\"https:\/\/agora.xtec.cat\/ceip-rllullrubi\/biblioteca\/\" title=\"Read Biblioteca\">Llegeix m\u00e9s\u00bb<\/a><\/p>\n","protected":false},"author":1,"featured_media":0,"parent":0,"menu_order":0,"comment_status":"closed","ping_status":"closed","template":"page-templates\/side-menu.php","meta":{"_bbp_topic_count":0,"_bbp_reply_count":0,"_bbp_total_topic_count":0,"_bbp_total_reply_count":0,"_bbp_voice_count":0,"_bbp_anonymous_reply_count":0,"_bbp_topic_count_hidden":0,"_bbp_reply_count_hidden":0,"_bbp_forum_subforum_count":0,"footnotes":""},"class_list":["post-12649","page","type-page","status-publish","hentry"],"post_mailing_queue_ids":[],"_links":{"self":[{"href":"https:\/\/agora.xtec.cat\/ceip-rllullrubi\/wp-json\/wp\/v2\/pages\/12649","targetHints":{"allow":["GET"]}}],"collection":[{"href":"https:\/\/agora.xtec.cat\/ceip-rllullrubi\/wp-json\/wp\/v2\/pages"}],"about":[{"href":"https:\/\/agora.xtec.cat\/ceip-rllullrubi\/wp-json\/wp\/v2\/types\/page"}],"author":[{"embeddable":true,"href":"https:\/\/agora.xtec.cat\/ceip-rllullrubi\/wp-json\/wp\/v2\/users\/1"}],"replies":[{"embeddable":true,"href":"https:\/\/agora.xtec.cat\/ceip-rllullrubi\/wp-json\/wp\/v2\/comments?post=12649"}],"version-history":[{"count":3,"href":"https:\/\/agora.xtec.cat\/ceip-rllullrubi\/wp-json\/wp\/v2\/pages\/12649\/revisions"}],"predecessor-version":[{"id":12653,"href":"https:\/\/agora.xtec.cat\/ceip-rllullrubi\/wp-json\/wp\/v2\/pages\/12649\/revisions\/12653"}],"wp:attachment":[{"href":"https:\/\/agora.xtec.cat\/ceip-rllullrubi\/wp-json\/wp\/v2\/media?parent=12649"}],"curies":[{"name":"wp","href":"https:\/\/api.w.org\/{rel}","templated":true}]}}