{"id":12546,"date":"2022-12-15T18:27:53","date_gmt":"2022-12-15T17:27:53","guid":{"rendered":"https:\/\/agora.xtec.cat\/ceip-rllullrubi\/?page_id=12546"},"modified":"2025-11-27T13:46:16","modified_gmt":"2025-11-27T12:46:16","slug":"nadal-llumineta","status":"publish","type":"page","link":"https:\/\/agora.xtec.cat\/ceip-rllullrubi\/ampa-2\/nadal\/nadal-llumineta\/","title":{"rendered":"Activitats nadalenques"},"content":{"rendered":"<h3 style=\"text-align: center;\"><strong>Nadal 25-26<\/strong><\/h3>\n<div dir=\"auto\" style=\"text-align: center;\">Estimades fam\u00edlies,<\/div>\n<div dir=\"auto\" style=\"text-align: center;\">Ens plau convidar-vos el pr\u00f2xim 12\/12 a la Festa de Nadal!\u00a0<img decoding=\"async\" class=\"an1 CToWUd\" draggable=\"false\" src=\"https:\/\/fonts.gstatic.com\/s\/e\/notoemoji\/16.0\/1f384\/32.png\" alt=\"\ud83c\udf84\" data-emoji=\"\ud83c\udf84\" aria-label=\"\ud83c\udf84\" data-bit=\"iit\" \/><\/div>\n<div dir=\"auto\" style=\"text-align: center;\">Tindrem xocolata amb melindros per 1\u20ac i 2\u20ac, i despr\u00e9s un espectacle de m\u00e0gia\u00a0<img decoding=\"async\" class=\"an1 CToWUd\" draggable=\"false\" src=\"https:\/\/fonts.gstatic.com\/s\/e\/notoemoji\/16.0\/1fa84\/32.png\" alt=\"\ud83e\ude84\" data-emoji=\"\ud83e\ude84\" aria-label=\"\ud83e\ude84\" data-bit=\"iit\" \/>\u00a0(gratu\u00eft per a persones s\u00f2cies i<\/div>\n<div dir=\"auto\" style=\"text-align: center;\"><\/div>\n<div dir=\"auto\" style=\"text-align: center;\">3\u20ac per a persones no s\u00f2cies). Us esperem!<img decoding=\"async\" class=\"an1 CToWUd aligncenter\" draggable=\"false\" src=\"https:\/\/fonts.gstatic.com\/s\/e\/notoemoji\/16.0\/1f917\/32.png\" alt=\"\ud83e\udd17\" data-emoji=\"\ud83e\udd17\" aria-label=\"\ud83e\udd17\" data-bit=\"iit\" \/><\/div>\n<div dir=\"auto\"><\/div>\n<div dir=\"auto\"><img loading=\"lazy\" decoding=\"async\" class=\"aligncenter wp-image-16492\" src=\"https:\/\/agora.xtec.cat\/ceip-rllullrubi\/wp-content\/uploads\/usu1358\/2025\/11\/1000025065.jpg\" alt=\"\" width=\"659\" height=\"924\" srcset=\"https:\/\/agora.xtec.cat\/ceip-rllullrubi\/wp-content\/uploads\/usu1358\/2025\/11\/1000025065.jpg 1170w, https:\/\/agora.xtec.cat\/ceip-rllullrubi\/wp-content\/uploads\/usu1358\/2025\/11\/1000025065-214x300.jpg 214w, https:\/\/agora.xtec.cat\/ceip-rllullrubi\/wp-content\/uploads\/usu1358\/2025\/11\/1000025065-730x1024.jpg 730w, https:\/\/agora.xtec.cat\/ceip-rllullrubi\/wp-content\/uploads\/usu1358\/2025\/11\/1000025065-768x1077.jpg 768w, https:\/\/agora.xtec.cat\/ceip-rllullrubi\/wp-content\/uploads\/usu1358\/2025\/11\/1000025065-1095x1536.jpg 1095w\" sizes=\"auto, (max-width: 659px) 100vw, 659px\" \/><\/div>\n<h3><\/h3>\n<h3 style=\"text-align: center;\"><strong>Nadal 23-24<\/strong><\/h3>\n<p style=\"text-align: center;\">La tarda de Nadal ha estat plena de sorpreses! Una visita inesperada m\u00e0gica i d&#8217; il\u00b7lusi\u00f3. Un follet ens ha vingut a veure, explicant-nos hist\u00f2ries del Nadal i despertant el somriure de petits i grans. L&#8217; AFA l&#8217;ha convidada perqu\u00e8 visiti a tots els infants de l&#8217;escola: ha passat per totes les classes i ha omplert d&#8217;alegria nadalenca l&#8217;escola: fins i tot ens hem pogut fer fotos amb ella!\u00a0Com veieu, la directora tampoc se n&#8217;ha pogut estar !!<\/p>\n<p><img loading=\"lazy\" decoding=\"async\" class=\"aligncenter wp-image-14247\" src=\"https:\/\/agora.xtec.cat\/ceip-rllullrubi\/wp-content\/uploads\/usu1358\/2024\/02\/IMG_4657a.jpg\" alt=\"\" width=\"605\" height=\"404\" srcset=\"https:\/\/agora.xtec.cat\/ceip-rllullrubi\/wp-content\/uploads\/usu1358\/2024\/02\/IMG_4657a.jpg 1024w, https:\/\/agora.xtec.cat\/ceip-rllullrubi\/wp-content\/uploads\/usu1358\/2024\/02\/IMG_4657a-300x200.jpg 300w, https:\/\/agora.xtec.cat\/ceip-rllullrubi\/wp-content\/uploads\/usu1358\/2024\/02\/IMG_4657a-768x512.jpg 768w\" sizes=\"auto, (max-width: 605px) 100vw, 605px\" \/><\/p>\n<p style=\"text-align: center;\">I la festa de la tarda? Super b\u00e9!! Vam compartir un espai de joc i diversi\u00f3 amb les fam\u00edlies i vam fer un deliciosa xocolata !<\/p>\n<p style=\"text-align: center;\">Gr\u00e0cies a tothom per la vostra participaci\u00f3 i ens retrobem ben aviat.<\/p>\n<p><img loading=\"lazy\" decoding=\"async\" class=\"aligncenter wp-image-14251\" src=\"https:\/\/agora.xtec.cat\/ceip-rllullrubi\/wp-content\/uploads\/usu1358\/2024\/02\/00.jpg\" alt=\"\" width=\"882\" height=\"588\" srcset=\"https:\/\/agora.xtec.cat\/ceip-rllullrubi\/wp-content\/uploads\/usu1358\/2024\/02\/00.jpg 1024w, https:\/\/agora.xtec.cat\/ceip-rllullrubi\/wp-content\/uploads\/usu1358\/2024\/02\/00-300x200.jpg 300w, https:\/\/agora.xtec.cat\/ceip-rllullrubi\/wp-content\/uploads\/usu1358\/2024\/02\/00-768x512.jpg 768w\" sizes=\"auto, (max-width: 882px) 100vw, 882px\" \/><\/p>\n<p>Trobareu totes les fotos a l&#8217;apartat de<a href=\"https:\/\/agora.xtec.cat\/ceip-rllullrubi\/miram\/festes-escolars\/\" target=\"_blank\" rel=\"noopener\"> <em>festes escolars<\/em> dins <em>les fotos i v\u00eddeos.\u00a0<\/em><\/a><\/p>\n<table style=\"border-collapse: collapse; width: 100%;\">\n<tbody>\n<tr>\n<td style=\"width: 50%;\"><img loading=\"lazy\" decoding=\"async\" class=\"aligncenter wp-image-13959\" style=\"font-size: 16px; text-align: center;\" src=\"https:\/\/agora.xtec.cat\/ceip-rllullrubi\/wp-content\/uploads\/usu1358\/2023\/12\/1701783889688.jpg\" alt=\"\" width=\"596\" height=\"843\" srcset=\"https:\/\/agora.xtec.cat\/ceip-rllullrubi\/wp-content\/uploads\/usu1358\/2023\/12\/1701783889688.jpg 1414w, https:\/\/agora.xtec.cat\/ceip-rllullrubi\/wp-content\/uploads\/usu1358\/2023\/12\/1701783889688-212x300.jpg 212w, https:\/\/agora.xtec.cat\/ceip-rllullrubi\/wp-content\/uploads\/usu1358\/2023\/12\/1701783889688-724x1024.jpg 724w, https:\/\/agora.xtec.cat\/ceip-rllullrubi\/wp-content\/uploads\/usu1358\/2023\/12\/1701783889688-768x1086.jpg 768w, https:\/\/agora.xtec.cat\/ceip-rllullrubi\/wp-content\/uploads\/usu1358\/2023\/12\/1701783889688-1086x1536.jpg 1086w\" sizes=\"auto, (max-width: 596px) 100vw, 596px\" \/><\/td>\n<td style=\"width: 50%;\"><img loading=\"lazy\" decoding=\"async\" class=\"aligncenter wp-image-13958\" style=\"font-size: 16px;\" src=\"https:\/\/agora.xtec.cat\/ceip-rllullrubi\/wp-content\/uploads\/usu1358\/2023\/12\/1701783889668.jpg\" alt=\"\" width=\"591\" height=\"836\" srcset=\"https:\/\/agora.xtec.cat\/ceip-rllullrubi\/wp-content\/uploads\/usu1358\/2023\/12\/1701783889668.jpg 1414w, https:\/\/agora.xtec.cat\/ceip-rllullrubi\/wp-content\/uploads\/usu1358\/2023\/12\/1701783889668-212x300.jpg 212w, https:\/\/agora.xtec.cat\/ceip-rllullrubi\/wp-content\/uploads\/usu1358\/2023\/12\/1701783889668-724x1024.jpg 724w, https:\/\/agora.xtec.cat\/ceip-rllullrubi\/wp-content\/uploads\/usu1358\/2023\/12\/1701783889668-768x1086.jpg 768w, https:\/\/agora.xtec.cat\/ceip-rllullrubi\/wp-content\/uploads\/usu1358\/2023\/12\/1701783889668-1086x1536.jpg 1086w\" sizes=\"auto, (max-width: 591px) 100vw, 591px\" \/><\/td>\n<\/tr>\n<\/tbody>\n<\/table>\n<p>&nbsp;<\/p>\n","protected":false},"excerpt":{"rendered":"<p>Nadal 25-26<br \/>\nEstimades fam\u00edlies,<br \/>\nEns plau convidar-vos el pr\u00f2xim 12\/12 a la Festa de Nadal!\u00a0<br \/>\nTindrem xocolata amb melindros per 1\u20ac i 2\u20ac, i despr\u00e9s un espectacle de m\u00e0gia\u00a0\u00a0(gratu\u00eft per a persones s\u00f2cies i<\/p>\n<p>3\u20ac per a persones no s\u00f2cies). Us esperem!<\/p>\n<p>Nadal 23-24<br \/>\nLa tarda de Nadal ha estat plena&hellip;  <a href=\"https:\/\/agora.xtec.cat\/ceip-rllullrubi\/ampa-2\/nadal\/nadal-llumineta\/\" title=\"Read Activitats nadalenques\">Llegeix m\u00e9s\u00bb<\/a><\/p>\n","protected":false},"author":1,"featured_media":0,"parent":14011,"menu_order":52,"comment_status":"closed","ping_status":"closed","template":"page-templates\/side-menu.php","meta":{"_bbp_topic_count":0,"_bbp_reply_count":0,"_bbp_total_topic_count":0,"_bbp_total_reply_count":0,"_bbp_voice_count":0,"_bbp_anonymous_reply_count":0,"_bbp_topic_count_hidden":0,"_bbp_reply_count_hidden":0,"_bbp_forum_subforum_count":0,"footnotes":""},"class_list":["post-12546","page","type-page","status-publish","hentry"],"post_mailing_queue_ids":[],"_links":{"self":[{"href":"https:\/\/agora.xtec.cat\/ceip-rllullrubi\/wp-json\/wp\/v2\/pages\/12546","targetHints":{"allow":["GET"]}}],"collection":[{"href":"https:\/\/agora.xtec.cat\/ceip-rllullrubi\/wp-json\/wp\/v2\/pages"}],"about":[{"href":"https:\/\/agora.xtec.cat\/ceip-rllullrubi\/wp-json\/wp\/v2\/types\/page"}],"author":[{"embeddable":true,"href":"https:\/\/agora.xtec.cat\/ceip-rllullrubi\/wp-json\/wp\/v2\/users\/1"}],"replies":[{"embeddable":true,"href":"https:\/\/agora.xtec.cat\/ceip-rllullrubi\/wp-json\/wp\/v2\/comments?post=12546"}],"version-history":[{"count":6,"href":"https:\/\/agora.xtec.cat\/ceip-rllullrubi\/wp-json\/wp\/v2\/pages\/12546\/revisions"}],"predecessor-version":[{"id":16494,"href":"https:\/\/agora.xtec.cat\/ceip-rllullrubi\/wp-json\/wp\/v2\/pages\/12546\/revisions\/16494"}],"up":[{"embeddable":true,"href":"https:\/\/agora.xtec.cat\/ceip-rllullrubi\/wp-json\/wp\/v2\/pages\/14011"}],"wp:attachment":[{"href":"https:\/\/agora.xtec.cat\/ceip-rllullrubi\/wp-json\/wp\/v2\/media?parent=12546"}],"curies":[{"name":"wp","href":"https:\/\/api.w.org\/{rel}","templated":true}]}}