{"id":12380,"date":"2022-11-13T20:24:32","date_gmt":"2022-11-13T19:24:32","guid":{"rendered":"https:\/\/agora.xtec.cat\/ceip-rllullrubi\/?page_id=12380"},"modified":"2022-11-13T20:40:31","modified_gmt":"2022-11-13T19:40:31","slug":"especialitats","status":"publish","type":"page","link":"https:\/\/agora.xtec.cat\/ceip-rllullrubi\/especialitats\/","title":{"rendered":"Especialitats"},"content":{"rendered":"<ol>\n<li><b>Coordinaci\u00f3<\/b><\/li>\n<\/ol>\n<p><span style=\"font-weight: 400;\">Els mestres especialistes, treballaran en estreta col\u00b7laboraci\u00f3 amb els tutors corresponents, donant i reben les informacions necess\u00e0ries per a la millora atenci\u00f3 dels seus alumnes.<\/span><\/p>\n<p><span style=\"font-weight: 400;\">Seran informats de les sortides i excursions programades i dedicaran aquestes hores a les tasques que els encarregui la Direcci\u00f3 del centre.<\/span><\/p>\n<p>2.<b> Entrades i sortides<\/b><\/p>\n<p><span style=\"font-weight: 400;\">Els mestres especialistes s\u00f3n els responsables de les entrades i sortides dels diversos grups, si s&#8217;escau. Durant el trasllat a les aules de l&#8217;especialitat, al pati, a la sala d\u2019usos m\u00faltiples, zona de psicomotricitat i dansa i a les dutxes, vetllaran per a que es faci ordenadament i amb el respecte degut al treball dels altres grups.<\/span><\/p>\n<p><span style=\"font-weight: 400;\">En el cas d&#8217; educaci\u00f3 f\u00edsica, els alumnes no es deixaran sols a les dutxes o a pati per anar a recollir o tornar els materials.<\/span><\/p>\n<p>3.<b> Educaci\u00f3 f\u00edsica. Alumnes que no poden fer l&#8217;activitat<\/b><\/p>\n<p><span style=\"font-weight: 400;\">Educaci\u00f3 f\u00edsica. Els alumnes de 5\u00e8 i 6\u00e8 que no participin a la classe per prescripci\u00f3 m\u00e8dica o perqu\u00e8 no \u00e9s possible la seva participaci\u00f3 en les condicions en les que han vingut, seran atesos pel mateix mestre, si el temps i les condicions ho permeten, encarregant-los tasques d\u2019observaci\u00f3, anotaci\u00f3 de les explicacions, representaci\u00f3 gr\u00e0fica dels exercicis, etc.\u00a0<\/span>Amb els alumnes de 3r i 4t dependr\u00e0 del nivell de maduresa de cadasc\u00fa, a criteri del tutor i el professor d\u2019Educaci\u00f3 F\u00edsica.\u00a0<span style=\"font-weight: 400;\">Si les condicions no ho permeten, i en tot cas amb els alumnes de Cicle Inicial, d\u2019acord amb el tutor corresponent determinaran a quina classe s\u00f3n atesos.<\/span><\/p>\n","protected":false},"excerpt":{"rendered":"<ol>\n<li>Coordinaci\u00f3<\/li>\n<\/ol>\n<p>Els mestres especialistes, treballaran en estreta col\u00b7laboraci\u00f3 amb els tutors corresponents, donant i reben les informacions necess\u00e0ries per a la millora atenci\u00f3 dels seus alumnes.<br \/>\nSeran informats de les sortides i excursions programades i dedicaran aquestes hores a les tasques que els encarregui la Direcci\u00f3 del&hellip;  <a href=\"https:\/\/agora.xtec.cat\/ceip-rllullrubi\/especialitats\/\" title=\"Read Especialitats\">Llegeix m\u00e9s\u00bb<\/a><\/p>\n","protected":false},"author":1,"featured_media":0,"parent":0,"menu_order":0,"comment_status":"closed","ping_status":"closed","template":"page-templates\/side-menu.php","meta":{"_bbp_topic_count":0,"_bbp_reply_count":0,"_bbp_total_topic_count":0,"_bbp_total_reply_count":0,"_bbp_voice_count":0,"_bbp_anonymous_reply_count":0,"_bbp_topic_count_hidden":0,"_bbp_reply_count_hidden":0,"_bbp_forum_subforum_count":0,"footnotes":""},"class_list":["post-12380","page","type-page","status-publish","hentry"],"post_mailing_queue_ids":[],"_links":{"self":[{"href":"https:\/\/agora.xtec.cat\/ceip-rllullrubi\/wp-json\/wp\/v2\/pages\/12380","targetHints":{"allow":["GET"]}}],"collection":[{"href":"https:\/\/agora.xtec.cat\/ceip-rllullrubi\/wp-json\/wp\/v2\/pages"}],"about":[{"href":"https:\/\/agora.xtec.cat\/ceip-rllullrubi\/wp-json\/wp\/v2\/types\/page"}],"author":[{"embeddable":true,"href":"https:\/\/agora.xtec.cat\/ceip-rllullrubi\/wp-json\/wp\/v2\/users\/1"}],"replies":[{"embeddable":true,"href":"https:\/\/agora.xtec.cat\/ceip-rllullrubi\/wp-json\/wp\/v2\/comments?post=12380"}],"version-history":[{"count":3,"href":"https:\/\/agora.xtec.cat\/ceip-rllullrubi\/wp-json\/wp\/v2\/pages\/12380\/revisions"}],"predecessor-version":[{"id":12384,"href":"https:\/\/agora.xtec.cat\/ceip-rllullrubi\/wp-json\/wp\/v2\/pages\/12380\/revisions\/12384"}],"wp:attachment":[{"href":"https:\/\/agora.xtec.cat\/ceip-rllullrubi\/wp-json\/wp\/v2\/media?parent=12380"}],"curies":[{"name":"wp","href":"https:\/\/api.w.org\/{rel}","templated":true}]}}