{"id":12375,"date":"2022-11-13T19:55:33","date_gmt":"2022-11-13T18:55:33","guid":{"rendered":"https:\/\/agora.xtec.cat\/ceip-rllullrubi\/?page_id=12375"},"modified":"2022-11-13T19:56:34","modified_gmt":"2022-11-13T18:56:34","slug":"vestuari","status":"publish","type":"page","link":"https:\/\/agora.xtec.cat\/ceip-rllullrubi\/vestuari\/","title":{"rendered":"Vestuari"},"content":{"rendered":"<p><span style=\"font-weight: 400;\">Els alumnes no empraran cap tipus d\u2019uniforme, ser\u00e0 obligatori, per\u00f2, a\u00a0 Educaci\u00f3 Infantil l\u2019\u00fas de bata. A la resta de cicles ser\u00e0 d\u2019\u00fas obligatori nom\u00e9s pera a determinades activitats, de les que pr\u00e8viament es notificar\u00e0.<\/span><\/p>\n<p><span style=\"font-weight: 400;\">Per a les activitats de psicomotricitat i educaci\u00f3 f\u00edsica ser\u00e0 obligatori portar l\u2019equip adequat. Aquest ser\u00e0 definit per cada cicle.<\/span><\/p>\n<p><span style=\"font-weight: 400;\">Els models i marques de les mudes obligat\u00f2ries seran aquells que les fam\u00edlies vulguin adquirir. A Educaci\u00f3 Infantil es recomanar\u00e0 bates amb botons i traus adequats per a l\u2019edat dels alumnes (cordades pel davant) i punys amb gomes.<\/span><\/p>\n<p><span style=\"font-weight: 400;\">La resta de vestuari dels alumnes ser\u00e0 aquell que vulguin sempre i quan sigui adequat a la seva edat i permeti de fer les activitats ordin\u00e0ries del curr\u00edculum escolar.<\/span><\/p>\n<p><span style=\"font-weight: 400;\">Els alumnes que no portin les mudes obligat\u00f2ries podran ser exclosos d\u2019aquelles activitats per les que en facin falta.<\/span><\/p>\n","protected":false},"excerpt":{"rendered":"<p>Els alumnes no empraran cap tipus d\u2019uniforme, ser\u00e0 obligatori, per\u00f2, a\u00a0 Educaci\u00f3 Infantil l\u2019\u00fas de bata. A la resta de cicles ser\u00e0 d\u2019\u00fas obligatori nom\u00e9s pera a determinades activitats, de les que pr\u00e8viament es notificar\u00e0.<br \/>\nPer a les activitats de psicomotricitat i educaci\u00f3 f\u00edsica ser\u00e0 obligatori&hellip;  <a href=\"https:\/\/agora.xtec.cat\/ceip-rllullrubi\/vestuari\/\" title=\"Read Vestuari\">Llegeix m\u00e9s\u00bb<\/a><\/p>\n","protected":false},"author":1,"featured_media":0,"parent":0,"menu_order":0,"comment_status":"closed","ping_status":"closed","template":"page-templates\/side-menu.php","meta":{"_bbp_topic_count":0,"_bbp_reply_count":0,"_bbp_total_topic_count":0,"_bbp_total_reply_count":0,"_bbp_voice_count":0,"_bbp_anonymous_reply_count":0,"_bbp_topic_count_hidden":0,"_bbp_reply_count_hidden":0,"_bbp_forum_subforum_count":0,"footnotes":""},"class_list":["post-12375","page","type-page","status-publish","hentry"],"post_mailing_queue_ids":[],"_links":{"self":[{"href":"https:\/\/agora.xtec.cat\/ceip-rllullrubi\/wp-json\/wp\/v2\/pages\/12375","targetHints":{"allow":["GET"]}}],"collection":[{"href":"https:\/\/agora.xtec.cat\/ceip-rllullrubi\/wp-json\/wp\/v2\/pages"}],"about":[{"href":"https:\/\/agora.xtec.cat\/ceip-rllullrubi\/wp-json\/wp\/v2\/types\/page"}],"author":[{"embeddable":true,"href":"https:\/\/agora.xtec.cat\/ceip-rllullrubi\/wp-json\/wp\/v2\/users\/1"}],"replies":[{"embeddable":true,"href":"https:\/\/agora.xtec.cat\/ceip-rllullrubi\/wp-json\/wp\/v2\/comments?post=12375"}],"version-history":[{"count":1,"href":"https:\/\/agora.xtec.cat\/ceip-rllullrubi\/wp-json\/wp\/v2\/pages\/12375\/revisions"}],"predecessor-version":[{"id":12377,"href":"https:\/\/agora.xtec.cat\/ceip-rllullrubi\/wp-json\/wp\/v2\/pages\/12375\/revisions\/12377"}],"wp:attachment":[{"href":"https:\/\/agora.xtec.cat\/ceip-rllullrubi\/wp-json\/wp\/v2\/media?parent=12375"}],"curies":[{"name":"wp","href":"https:\/\/api.w.org\/{rel}","templated":true}]}}