{"id":12368,"date":"2022-11-13T19:37:33","date_gmt":"2022-11-13T18:37:33","guid":{"rendered":"https:\/\/agora.xtec.cat\/ceip-rllullrubi\/?page_id=12368"},"modified":"2022-11-13T19:39:18","modified_gmt":"2022-11-13T18:39:18","slug":"relacio-amb-les-families","status":"publish","type":"page","link":"https:\/\/agora.xtec.cat\/ceip-rllullrubi\/relacio-amb-les-families\/","title":{"rendered":"Relaci\u00f3 amb les fam\u00edlies"},"content":{"rendered":"<ol>\n<li style=\"font-weight: 400;\" aria-level=\"3\"><b>Relaci\u00f3 individual<\/b><\/li>\n<\/ol>\n<p><span style=\"font-weight: 400;\">El Pla Anual de centre destinar\u00e0 una hora setmanal de l\u2019horari d\u2019exclusives del professorat a poder atendre entrevistes amb les fam\u00edlies dels seus alumnes.<\/span><\/p>\n<p><span style=\"font-weight: 400;\">Les entrevistes seran concertades per mestres o fam\u00edlies. En el cas d&#8217;especialistes, les reunions es faran conjuntament amb la tutora o el tutor sempre que sigui possible.<\/span><\/p>\n<p><span style=\"font-weight: 400;\">Els mestres prendran notes dels acords i altres aspectes de relleu i les guardaran a l\u2019expedient de l\u2019alumne.<\/span><\/p>\n<p><span style=\"font-weight: 400;\">Cas que una fam\u00edlia sigui convocada i no justifiqui la seva incompareixen\u00e7a es consignar\u00e0 tal fet a l\u2019expedient de l\u2019alumne.<\/span><\/p>\n<p>2. <b>Relaci\u00f3 col\u00b7lectiva<\/b><\/p>\n<p><span style=\"font-weight: 400;\">Cada curs es convocar\u00e0 a totes les fam\u00edlies del grup-classe com a m\u00ednim una vegada en comen\u00e7ar el curs.<\/span><\/p>\n<p><span style=\"font-weight: 400;\">En aquesta reuni\u00f3, entre d\u2019altres, es tractaran els seg\u00fcents temes:<\/span><\/p>\n<ul>\n<li style=\"font-weight: 400;\" aria-level=\"1\"><span style=\"font-weight: 400;\">Presentaci\u00f3 del professorat<\/span><\/li>\n<li style=\"font-weight: 400;\" aria-level=\"1\"><span style=\"font-weight: 400;\">Organitzaci\u00f3 de la classe prevista per al curs.<\/span><\/li>\n<li style=\"font-weight: 400;\" aria-level=\"1\"><span style=\"font-weight: 400;\">Exposici\u00f3 de la programaci\u00f3 general del curs.<\/span><\/li>\n<li style=\"font-weight: 400;\" aria-level=\"1\"><span style=\"font-weight: 400;\">Explicaci\u00f3\/recordatori de les normes vigents al centre.<\/span><\/li>\n<\/ul>\n<p><span style=\"font-weight: 400;\">D\u2019aquesta reuni\u00f3 es quedar\u00e0 un registre dels punts tractats i posteriorment es distribuir\u00e0 a les fam\u00edlies, si s&#8217;escau..<\/span><\/p>\n<p><span style=\"font-weight: 400;\">Per a convocar la reuni\u00f3 els mestres-tutors tindran en compte de no fer-ho un dia en el que hi hagi prevista de fer-ne cap altra o si \u00e9s el cas, que no coincideixin germans.<\/span><\/p>\n","protected":false},"excerpt":{"rendered":"<ol>\n<li style=\"font-weight: 400;\" aria-level=\"3\">Relaci\u00f3 individual<\/li>\n<\/ol>\n<p>El Pla Anual de centre destinar\u00e0 una hora setmanal de l\u2019horari d\u2019exclusives del professorat a poder atendre entrevistes amb les fam\u00edlies dels seus alumnes.<br \/>\nLes entrevistes seran concertades per mestres o fam\u00edlies. En el cas d&#8217;especialistes, les reunions es faran conjuntament amb&hellip;  <a href=\"https:\/\/agora.xtec.cat\/ceip-rllullrubi\/relacio-amb-les-families\/\" title=\"Read Relaci\u00f3 amb les fam\u00edlies\">Llegeix m\u00e9s\u00bb<\/a><\/p>\n","protected":false},"author":1,"featured_media":0,"parent":0,"menu_order":0,"comment_status":"closed","ping_status":"closed","template":"page-templates\/side-menu.php","meta":{"_bbp_topic_count":0,"_bbp_reply_count":0,"_bbp_total_topic_count":0,"_bbp_total_reply_count":0,"_bbp_voice_count":0,"_bbp_anonymous_reply_count":0,"_bbp_topic_count_hidden":0,"_bbp_reply_count_hidden":0,"_bbp_forum_subforum_count":0,"footnotes":""},"class_list":["post-12368","page","type-page","status-publish","hentry"],"post_mailing_queue_ids":[],"_links":{"self":[{"href":"https:\/\/agora.xtec.cat\/ceip-rllullrubi\/wp-json\/wp\/v2\/pages\/12368","targetHints":{"allow":["GET"]}}],"collection":[{"href":"https:\/\/agora.xtec.cat\/ceip-rllullrubi\/wp-json\/wp\/v2\/pages"}],"about":[{"href":"https:\/\/agora.xtec.cat\/ceip-rllullrubi\/wp-json\/wp\/v2\/types\/page"}],"author":[{"embeddable":true,"href":"https:\/\/agora.xtec.cat\/ceip-rllullrubi\/wp-json\/wp\/v2\/users\/1"}],"replies":[{"embeddable":true,"href":"https:\/\/agora.xtec.cat\/ceip-rllullrubi\/wp-json\/wp\/v2\/comments?post=12368"}],"version-history":[{"count":3,"href":"https:\/\/agora.xtec.cat\/ceip-rllullrubi\/wp-json\/wp\/v2\/pages\/12368\/revisions"}],"predecessor-version":[{"id":12372,"href":"https:\/\/agora.xtec.cat\/ceip-rllullrubi\/wp-json\/wp\/v2\/pages\/12368\/revisions\/12372"}],"wp:attachment":[{"href":"https:\/\/agora.xtec.cat\/ceip-rllullrubi\/wp-json\/wp\/v2\/media?parent=12368"}],"curies":[{"name":"wp","href":"https:\/\/api.w.org\/{rel}","templated":true}]}}