{"id":12354,"date":"2022-11-13T19:14:32","date_gmt":"2022-11-13T18:14:32","guid":{"rendered":"https:\/\/agora.xtec.cat\/ceip-rllullrubi\/?page_id=12354"},"modified":"2022-11-13T19:25:41","modified_gmt":"2022-11-13T18:25:41","slug":"lavabos","status":"publish","type":"page","link":"https:\/\/agora.xtec.cat\/ceip-rllullrubi\/lavabos\/","title":{"rendered":"Lavabos"},"content":{"rendered":"<p>Cada cicle regular\u00e0 la forma com han d\u2019anar els alumnes al lavabo durant el per\u00edode de classes, segons l&#8217;edat de l&#8217;alumnat.<\/p>\n<p>En general, a l\u2019entrada a l\u2019escola els alumnes hauran d\u2019abstenir-se d\u2019anar al lavabo.<\/p>\n<p>Abans de sortir al pati, l&#8217; alumnat anir\u00e0 al lavabo i esmorzar\u00e0 a l&#8217;aula. Durant les estones de pati els alumnes no podran accedir als lavabos, excepte en cas de necessitat.<\/p>\n<p>En el cas que un alumne es trobi amb una incid\u00e8ncia al lavabo, primer informar\u00e0 al professor que estigui a la classe en aquell moment i despr\u00e9s, si s&#8217;escau, s&#8217;avisar\u00e0 a consergeria o equip directiu.<\/p>\n","protected":false},"excerpt":{"rendered":"<p>Cada cicle regular\u00e0 la forma com han d\u2019anar els alumnes al lavabo durant el per\u00edode de classes, segons l&#8217;edat de l&#8217;alumnat.<br \/>\nEn general, a l\u2019entrada a l\u2019escola els alumnes hauran d\u2019abstenir-se d\u2019anar al lavabo.<br \/>\nAbans de sortir al pati, l&#8217; alumnat anir\u00e0 al lavabo i esmorzar\u00e0 a&hellip;  <a href=\"https:\/\/agora.xtec.cat\/ceip-rllullrubi\/lavabos\/\" title=\"Read Lavabos\">Llegeix m\u00e9s\u00bb<\/a><\/p>\n","protected":false},"author":1,"featured_media":0,"parent":0,"menu_order":0,"comment_status":"closed","ping_status":"closed","template":"page-templates\/side-menu.php","meta":{"_bbp_topic_count":0,"_bbp_reply_count":0,"_bbp_total_topic_count":0,"_bbp_total_reply_count":0,"_bbp_voice_count":0,"_bbp_anonymous_reply_count":0,"_bbp_topic_count_hidden":0,"_bbp_reply_count_hidden":0,"_bbp_forum_subforum_count":0,"footnotes":""},"class_list":["post-12354","page","type-page","status-publish","hentry"],"post_mailing_queue_ids":[],"_links":{"self":[{"href":"https:\/\/agora.xtec.cat\/ceip-rllullrubi\/wp-json\/wp\/v2\/pages\/12354","targetHints":{"allow":["GET"]}}],"collection":[{"href":"https:\/\/agora.xtec.cat\/ceip-rllullrubi\/wp-json\/wp\/v2\/pages"}],"about":[{"href":"https:\/\/agora.xtec.cat\/ceip-rllullrubi\/wp-json\/wp\/v2\/types\/page"}],"author":[{"embeddable":true,"href":"https:\/\/agora.xtec.cat\/ceip-rllullrubi\/wp-json\/wp\/v2\/users\/1"}],"replies":[{"embeddable":true,"href":"https:\/\/agora.xtec.cat\/ceip-rllullrubi\/wp-json\/wp\/v2\/comments?post=12354"}],"version-history":[{"count":4,"href":"https:\/\/agora.xtec.cat\/ceip-rllullrubi\/wp-json\/wp\/v2\/pages\/12354\/revisions"}],"predecessor-version":[{"id":12361,"href":"https:\/\/agora.xtec.cat\/ceip-rllullrubi\/wp-json\/wp\/v2\/pages\/12354\/revisions\/12361"}],"wp:attachment":[{"href":"https:\/\/agora.xtec.cat\/ceip-rllullrubi\/wp-json\/wp\/v2\/media?parent=12354"}],"curies":[{"name":"wp","href":"https:\/\/api.w.org\/{rel}","templated":true}]}}