{"id":12279,"date":"2022-11-12T13:50:49","date_gmt":"2022-11-12T12:50:49","guid":{"rendered":"https:\/\/agora.xtec.cat\/ceip-rllullrubi\/?page_id=12279"},"modified":"2022-11-17T21:42:14","modified_gmt":"2022-11-17T20:42:14","slug":"pla-de-salut","status":"publish","type":"page","link":"https:\/\/agora.xtec.cat\/ceip-rllullrubi\/projecte-educatiu\/nofc\/pla-de-salut\/","title":{"rendered":"Pla de Salut"},"content":{"rendered":"<ul>\n<li>Alimentaci\u00f3 m\u00e9s saludable<\/li>\n<\/ul>\n<p>L&#8217;alumnat haur\u00e0 de venir de casa degudament esmorzats. Cada inici de curs es recordar\u00e0 aquest principi a les fam\u00edlies donada la influ\u00e8ncia en el rendiment escolar.<br \/>\nEls infants podran menjar un complement a l\u2019esmorzar. Es recomanar\u00e0 que aquest no es composi exclusivament de \u201cpastes de xocolata\u201d, productes industrials. Els alumnes esmorzaran a les classes abans de sortir al pati.<br \/>\nA les classes no es permetr\u00e0 menjar fora dels moments que es puguin establir. Mai, per\u00f2, es podran menjar pipes, xiclets ni altres llaminadures a l&#8217;escola.<\/p>\n<ul>\n<li>Prevenci\u00f3 dels trastorns en el comportament alimentari<\/li>\n<\/ul>\n<p>Les\/els docents o personal de menjador que detecti algun problema de nutrici\u00f3 ho notificar\u00e0 a la Direcci\u00f3 per tal que es prenguin les mesures pertinents.<\/p>\n<ul>\n<li>H\u00e0bits d&#8217; higiene personal<\/li>\n<li>Higiene bucal<\/li>\n<li>Programes de vacunaci\u00f3<\/li>\n<\/ul>\n","protected":false},"excerpt":{"rendered":"<ul>\n<li>Alimentaci\u00f3 m\u00e9s saludable<\/li>\n<\/ul>\n<p>L&#8217;alumnat haur\u00e0 de venir de casa degudament esmorzats. Cada inici de curs es recordar\u00e0 aquest principi a les fam\u00edlies donada la influ\u00e8ncia en el rendiment escolar.<br \/>\nEls infants podran menjar un complement a l\u2019esmorzar. Es recomanar\u00e0 que aquest no es composi exclusivament de \u201cpastes&hellip;  <a href=\"https:\/\/agora.xtec.cat\/ceip-rllullrubi\/projecte-educatiu\/nofc\/pla-de-salut\/\" title=\"Read Pla de Salut\">Llegeix m\u00e9s\u00bb<\/a><\/p>\n","protected":false},"author":1,"featured_media":0,"parent":10476,"menu_order":53,"comment_status":"closed","ping_status":"closed","template":"page-templates\/side-menu.php","meta":{"_bbp_topic_count":0,"_bbp_reply_count":0,"_bbp_total_topic_count":0,"_bbp_total_reply_count":0,"_bbp_voice_count":0,"_bbp_anonymous_reply_count":0,"_bbp_topic_count_hidden":0,"_bbp_reply_count_hidden":0,"_bbp_forum_subforum_count":0,"footnotes":""},"class_list":["post-12279","page","type-page","status-publish","hentry"],"post_mailing_queue_ids":[],"_links":{"self":[{"href":"https:\/\/agora.xtec.cat\/ceip-rllullrubi\/wp-json\/wp\/v2\/pages\/12279","targetHints":{"allow":["GET"]}}],"collection":[{"href":"https:\/\/agora.xtec.cat\/ceip-rllullrubi\/wp-json\/wp\/v2\/pages"}],"about":[{"href":"https:\/\/agora.xtec.cat\/ceip-rllullrubi\/wp-json\/wp\/v2\/types\/page"}],"author":[{"embeddable":true,"href":"https:\/\/agora.xtec.cat\/ceip-rllullrubi\/wp-json\/wp\/v2\/users\/1"}],"replies":[{"embeddable":true,"href":"https:\/\/agora.xtec.cat\/ceip-rllullrubi\/wp-json\/wp\/v2\/comments?post=12279"}],"version-history":[{"count":4,"href":"https:\/\/agora.xtec.cat\/ceip-rllullrubi\/wp-json\/wp\/v2\/pages\/12279\/revisions"}],"predecessor-version":[{"id":12406,"href":"https:\/\/agora.xtec.cat\/ceip-rllullrubi\/wp-json\/wp\/v2\/pages\/12279\/revisions\/12406"}],"up":[{"embeddable":true,"href":"https:\/\/agora.xtec.cat\/ceip-rllullrubi\/wp-json\/wp\/v2\/pages\/10476"}],"wp:attachment":[{"href":"https:\/\/agora.xtec.cat\/ceip-rllullrubi\/wp-json\/wp\/v2\/media?parent=12279"}],"curies":[{"name":"wp","href":"https:\/\/api.w.org\/{rel}","templated":true}]}}