{"id":12068,"date":"2022-10-18T00:48:34","date_gmt":"2022-10-17T22:48:34","guid":{"rendered":"https:\/\/agora.xtec.cat\/ceip-rllullrubi\/?page_id=12068"},"modified":"2022-11-12T19:28:22","modified_gmt":"2022-11-12T18:28:22","slug":"mesures-de-seguretat","status":"publish","type":"page","link":"https:\/\/agora.xtec.cat\/ceip-rllullrubi\/projecte-educatiu\/nofc\/mesures-de-seguretat\/","title":{"rendered":"Mesures de seguretat"},"content":{"rendered":"<ul style=\"list-style-type: circle;\">\n<li>1. Primeres cures<\/li>\n<li>2. Accidents<\/li>\n<li>3. Malalties infectius-contagioses<\/li>\n<li>4. Administraci\u00f3 de medicaments<\/li>\n<li>5. Situaci\u00f3 d&#8217;emerg\u00e8ncia<\/li>\n<\/ul>\n<p><strong>1. PRIMERES CURES<\/strong><\/p>\n<p><span style=\"font-weight: 400;\">El centre disposa de dues farmacioles (una a la zona de parvulari i l&#8217;altre al costat de la sala de mestres) dotada amb el material necessari per fer una primera cura amb els material sanitari que autoritza el Departament d&#8217;Educaci\u00f3.<\/span><\/p>\n<p><span style=\"font-weight: 400;\">El\/la coordinador\/a de Riscos Laborals vetllar\u00e0 des del centre perqu\u00e8 estiguin en bones condicions. <\/span><span style=\"font-weight: 400;\">El conserge ser\u00e0 l\u2019encarregat de custodiar i reposar la farmaciola, donat que el material est\u00e0 ubicat a consergeria. <\/span><\/p>\n<p><span style=\"font-weight: 400;\">Ser\u00e0 responsabilitat del mestre\/a que hi sigui en aquell moment amb l\u2019 accidentat, atendre\u2019l o demanar un\/a mestre\/a ajut i, si s&#8217;escau, a un membre de l&#8217;equip directiu.<\/span><\/p>\n<p><strong>2. ACCIDENTS<\/strong><\/p>\n<p>En cas d\u2019accident de l\u2019alumnat es valorar\u00e0 el grau de gravetat. Es trucar\u00e0 a la fam\u00edlia per informar-la de com ha ocorregut l&#8217;accidenti, si s&#8217;escau, perqu\u00e8 el porti al metge.<\/p>\n<p>Si no es localitz\u00e9s la fam\u00edlia o la fam\u00edlia no pogu\u00e9s venir a recollir a l&#8217;infant en un temps prudencial, la\/el Cap d\u2019estudis organitzar\u00e0 la forma en qu\u00e8 quedi coberta la classe del professor\/a que hagi d\u2019acompanyar a l\u2019alumne\/a. El personal de consergeria, administratiu o equip directiu trucar\u00e0 un taxi tan aviat com sigui possible. En tornar a l\u2019escola, el\/la tutor\/a o el\/la mestra acompanyant, informar\u00e0 la fam\u00edlia del tractament que hagi dictaminat el servei m\u00e8dic.<\/p>\n<p>El full lliurat pel centre assistencial es donar\u00e0 a la fam\u00edlia i se\u2019n far\u00e0 c\u00f2pia per arxivar-lo a Direcci\u00f3.<\/p>\n<p><strong>3. MALALTIES INFECTIU-CONTAGIOSES<\/strong><\/p>\n<p>En el moment que un\/a tutor\/a sospiti de la possibilitat d&#8217; alguna malaltia contagiosa en algun infant, ho comunicar\u00e0 a l\u2019 equip directiu per a que segueixi el protocol d\u2019 actuaci\u00f3 segons el cas.<\/p>\n<p>Aix\u00ed mateix, els alumnes que es presentin al centre amb clara evid\u00e8ncia de tenir una malaltia contagiosa no seran admesos a l\u2019 escola fins que hagi passat el termini prescrit pel metge o, en tot cas, per Salut p\u00fablica..<\/p>\n<p>L&#8217; infant s&#8217;ha d&#8217;incorporar a l&#8217;escola sempre i quan no presenti s\u00edmptomes. En els casos que la malaltia hagi sigut contagiosa, s\u2019 haur\u00e0 d\u2019 avisar al centre, per tal que prengui les mesures pertinents si s&#8217;escau.<\/p>\n<p><strong>4. ADMINISTRACI\u00d3 DE MEDICAMENTS\u00a0<\/strong><\/p>\n<p>Per norma general no es podran administrar cap classe de medicament per decisi\u00f3 de cap docent, a menys en els casos que la fam\u00edlia (pare\/mare\/tutor\/a legal) hagi omplert el model d&#8217;autoritzaci\u00f3 d&#8217;administraci\u00f3 de medicaments adjuntant la prescripci\u00f3 m\u00e8dica.<\/p>\n<p><strong>5. SITUACI\u00d3 D&#8217;EMERG\u00c8NCIA<\/strong><\/p>\n<p><span style=\"font-weight: 400;\">Es considera situaci\u00f3 d\u2019emerg\u00e8ncia aquella que podria estar motivada per un incendi, anunci de bomba, fuita de gas o qualsevol tipus d\u2019alarma que justifiqui l\u2019evacuaci\u00f3 r\u00e0pida de l\u2019edifici o una situaci\u00f3 de confinament.<\/span><\/p>\n<p>Cada curs es far\u00e0 com a m\u00ednim un simulacre (exercici de situaci\u00f3 d\u2019emerg\u00e8ncia) a fi de crear els h\u00e0bits de comportament necessari davant d\u2019aquestes situacions, \u00e9s a dir, de formar l\u2019autoprotecci\u00f3 enfront el risc d\u2019accident i d&#8217;altres.<\/p>\n<p><span style=\"font-weight: 400;\">El centre disposar\u00e0 d\u2019un <a href=\"https:\/\/agora.xtec.cat\/ceip-rllullrubi\/projecte-educatiu\/pla-demergencia\/\" target=\"_blank\" rel=\"noopener\">Pla Espec\u00edfic d\u2019Evacuaci\u00f3 i Confinament<\/a>, del qual haur\u00e0 d\u2019 haver una c\u00f2pia en cada aula.<\/span><\/p>\n<p>&nbsp;<\/p>\n","protected":false},"excerpt":{"rendered":"<ul style=\"list-style-type: circle;\">\n<li>1. Primeres cures<\/li>\n<li>2. Accidents<\/li>\n<li>3. Malalties infectius-contagioses<\/li>\n<li>4. Administraci\u00f3 de medicaments<\/li>\n<li>5. Situaci\u00f3 d&#8217;emerg\u00e8ncia<\/li>\n<\/ul>\n<p>1. PRIMERES CURES<br \/>\nEl centre disposa de dues farmacioles (una a la zona de parvulari i l&#8217;altre al costat de la sala de mestres) dotada amb el material necessari per fer una primera cura&hellip;  <a href=\"https:\/\/agora.xtec.cat\/ceip-rllullrubi\/projecte-educatiu\/nofc\/mesures-de-seguretat\/\" title=\"Read Mesures de seguretat\">Llegeix m\u00e9s\u00bb<\/a><\/p>\n","protected":false},"author":1,"featured_media":0,"parent":10476,"menu_order":55,"comment_status":"closed","ping_status":"closed","template":"page-templates\/side-menu.php","meta":{"_bbp_topic_count":0,"_bbp_reply_count":0,"_bbp_total_topic_count":0,"_bbp_total_reply_count":0,"_bbp_voice_count":0,"_bbp_anonymous_reply_count":0,"_bbp_topic_count_hidden":0,"_bbp_reply_count_hidden":0,"_bbp_forum_subforum_count":0,"footnotes":""},"class_list":["post-12068","page","type-page","status-publish","hentry"],"post_mailing_queue_ids":[],"_links":{"self":[{"href":"https:\/\/agora.xtec.cat\/ceip-rllullrubi\/wp-json\/wp\/v2\/pages\/12068","targetHints":{"allow":["GET"]}}],"collection":[{"href":"https:\/\/agora.xtec.cat\/ceip-rllullrubi\/wp-json\/wp\/v2\/pages"}],"about":[{"href":"https:\/\/agora.xtec.cat\/ceip-rllullrubi\/wp-json\/wp\/v2\/types\/page"}],"author":[{"embeddable":true,"href":"https:\/\/agora.xtec.cat\/ceip-rllullrubi\/wp-json\/wp\/v2\/users\/1"}],"replies":[{"embeddable":true,"href":"https:\/\/agora.xtec.cat\/ceip-rllullrubi\/wp-json\/wp\/v2\/comments?post=12068"}],"version-history":[{"count":3,"href":"https:\/\/agora.xtec.cat\/ceip-rllullrubi\/wp-json\/wp\/v2\/pages\/12068\/revisions"}],"predecessor-version":[{"id":12305,"href":"https:\/\/agora.xtec.cat\/ceip-rllullrubi\/wp-json\/wp\/v2\/pages\/12068\/revisions\/12305"}],"up":[{"embeddable":true,"href":"https:\/\/agora.xtec.cat\/ceip-rllullrubi\/wp-json\/wp\/v2\/pages\/10476"}],"wp:attachment":[{"href":"https:\/\/agora.xtec.cat\/ceip-rllullrubi\/wp-json\/wp\/v2\/media?parent=12068"}],"curies":[{"name":"wp","href":"https:\/\/api.w.org\/{rel}","templated":true}]}}