{"id":12029,"date":"2022-10-17T23:33:49","date_gmt":"2022-10-17T21:33:49","guid":{"rendered":"https:\/\/agora.xtec.cat\/ceip-rllullrubi\/?page_id=12029"},"modified":"2022-11-12T13:27:14","modified_gmt":"2022-11-12T12:27:14","slug":"situacio-de-vaga","status":"publish","type":"page","link":"https:\/\/agora.xtec.cat\/ceip-rllullrubi\/situacio-de-vaga\/","title":{"rendered":"Situaci\u00f3 de vaga"},"content":{"rendered":"<p>Es comunicar\u00e0 a les fam\u00edlies amb prou antelaci\u00f3 la convocat\u00f2ria de vaga o la previsi\u00f3 de vagues (si n&#8217;hi ha m\u00e9s d&#8217;una prevista).<\/p>\n<p>S&#8217;informar\u00e0 sobre:<\/p>\n<p>. l&#8217;ordre dels serveis m\u00ednims de la convocat\u00f2ria de vaga que escaigui,<\/p>\n<p>. es mantindran els serveis de bon dia i extraescolars segons l&#8217;ordre de serveis m\u00ednims,<\/p>\n<p>. sobre els usuaris fixes de menjador no cal avisar al\/la coordinadora de menjador per anul\u00b7lar-lo en cas de no assist\u00e8ncia: a primera hora es miraran quins nens i nenes han vingut i nom\u00e9s es demanaran els men\u00fas necessaris,<\/p>\n<p>. s&#8217;indicar\u00e0 per on es far\u00e0 l&#8217;entrada i sortida dels infants.<\/p>\n<p>En el cas de que tamb\u00e9 estiguin convocats a la vaga els vetlladors i les vetlladores, s&#8217;informar\u00e0 a les fam\u00edlies.<\/p>\n<p>Les mestres i els mestres que cobreixin els serveis m\u00ednims se&#8217;ls hi notificar\u00e0 per escrit des de la direcci\u00f3 del centre: es demanar\u00e0 docents voluntaris per cobrir el servei i en el cas de que no hi hagi es far\u00e0 sorteig entre els membres del claustre.<\/p>\n<p>S&#8217;autoritza a repartir un full informatiu de les raons de la vaga.<\/p>\n<p>En el cas de coincid\u00e8ncia amb una excursi\u00f3 o alguna activitat programada, es valorar\u00e0 canviar-la de dia i si no fos possible, de manera excepcional s&#8217;intentar\u00e0 mantenir l&#8217;activitat.<\/p>\n<p>&nbsp;<\/p>\n<p><em>Actualitzacions<\/em><\/p>\n<p><em>28 de novembre de 2018<\/em><\/p>\n","protected":false},"excerpt":{"rendered":"<p>Es comunicar\u00e0 a les fam\u00edlies amb prou antelaci\u00f3 la convocat\u00f2ria de vaga o la previsi\u00f3 de vagues (si n&#8217;hi ha m\u00e9s d&#8217;una prevista).<br \/>\nS&#8217;informar\u00e0 sobre:<br \/>\n. l&#8217;ordre dels serveis m\u00ednims de la convocat\u00f2ria de vaga que escaigui,<br \/>\n. es mantindran els serveis de bon dia i extraescolars segons&hellip;  <a href=\"https:\/\/agora.xtec.cat\/ceip-rllullrubi\/situacio-de-vaga\/\" title=\"Read Situaci\u00f3 de vaga\">Llegeix m\u00e9s\u00bb<\/a><\/p>\n","protected":false},"author":1,"featured_media":0,"parent":0,"menu_order":60,"comment_status":"closed","ping_status":"closed","template":"page-templates\/side-menu.php","meta":{"_bbp_topic_count":0,"_bbp_reply_count":0,"_bbp_total_topic_count":0,"_bbp_total_reply_count":0,"_bbp_voice_count":0,"_bbp_anonymous_reply_count":0,"_bbp_topic_count_hidden":0,"_bbp_reply_count_hidden":0,"_bbp_forum_subforum_count":0,"footnotes":""},"class_list":["post-12029","page","type-page","status-publish","hentry"],"post_mailing_queue_ids":[],"_links":{"self":[{"href":"https:\/\/agora.xtec.cat\/ceip-rllullrubi\/wp-json\/wp\/v2\/pages\/12029","targetHints":{"allow":["GET"]}}],"collection":[{"href":"https:\/\/agora.xtec.cat\/ceip-rllullrubi\/wp-json\/wp\/v2\/pages"}],"about":[{"href":"https:\/\/agora.xtec.cat\/ceip-rllullrubi\/wp-json\/wp\/v2\/types\/page"}],"author":[{"embeddable":true,"href":"https:\/\/agora.xtec.cat\/ceip-rllullrubi\/wp-json\/wp\/v2\/users\/1"}],"replies":[{"embeddable":true,"href":"https:\/\/agora.xtec.cat\/ceip-rllullrubi\/wp-json\/wp\/v2\/comments?post=12029"}],"version-history":[{"count":4,"href":"https:\/\/agora.xtec.cat\/ceip-rllullrubi\/wp-json\/wp\/v2\/pages\/12029\/revisions"}],"predecessor-version":[{"id":12267,"href":"https:\/\/agora.xtec.cat\/ceip-rllullrubi\/wp-json\/wp\/v2\/pages\/12029\/revisions\/12267"}],"wp:attachment":[{"href":"https:\/\/agora.xtec.cat\/ceip-rllullrubi\/wp-json\/wp\/v2\/media?parent=12029"}],"curies":[{"name":"wp","href":"https:\/\/api.w.org\/{rel}","templated":true}]}}