{"id":11959,"date":"2022-10-14T14:31:51","date_gmt":"2022-10-14T12:31:51","guid":{"rendered":"https:\/\/agora.xtec.cat\/ceip-rllullrubi\/?page_id=11959"},"modified":"2026-01-30T11:15:53","modified_gmt":"2026-01-30T10:15:53","slug":"assemblees","status":"publish","type":"page","link":"https:\/\/agora.xtec.cat\/ceip-rllullrubi\/ampa-2\/assemblees\/","title":{"rendered":"Assemblees"},"content":{"rendered":"<p style=\"text-align: center;\"><strong>CURS 2025-2026<\/strong><\/p>\n<p>Benvolgudes Fam\u00edlies,<\/p>\n<p>Us informem que el proper divendres 30 de gener de 2026, farem l&#8217; ASSAMBLEA GENERAL ORDIN\u00c0RIA DE SOCIS a les 16.45h, amb primera convocat\u00f2ria i a les 17:30h la segona convocat\u00f2ria.<\/p>\n<p>Aquesta assemblea es realitzar\u00e0 de forma presencial a l&#8217;escola.<br \/>\nAgra\u00efm la m\u00e0xima pres\u00e8ncia en aquesta assemblea i convidem que les fam\u00edlies es facin membres d&#8217;AFA.<br \/>\nEstem a la vostra disposici\u00f3, si voleu enviar-nos algun comentari o proposta, ho podeu fer directament al nostre e-mail afaramonllullrubi@gmail.com<br \/>\nAquest \u00e9s l&#8217;enlla\u00e7 per confirmar l&#8217;assist\u00e8ncia:<a href=\"https:\/\/docs.google.com\/forms\/d\/e\/1FAIpQLSfqn1yKc16MOdXMfMP6-Q__bE-lycWlY7of72A7YdDfNU4T9A\/viewform?pli=1\" target=\"_blank\" rel=\"noopener\"> https:\/\/forms.gle\/BFD8SiZTvdTKuvFJ8<\/a><\/p>\n<p>Moltes gr\u00e0cies!<\/p>\n<p><img loading=\"lazy\" decoding=\"async\" class=\"aligncenter wp-image-16621\" src=\"https:\/\/agora.xtec.cat\/ceip-rllullrubi\/wp-content\/uploads\/usu1358\/2026\/01\/1000035193.jpg\" alt=\"\" width=\"576\" height=\"697\" srcset=\"https:\/\/agora.xtec.cat\/ceip-rllullrubi\/wp-content\/uploads\/usu1358\/2026\/01\/1000035193.jpg 1414w, https:\/\/agora.xtec.cat\/ceip-rllullrubi\/wp-content\/uploads\/usu1358\/2026\/01\/1000035193-248x300.jpg 248w, https:\/\/agora.xtec.cat\/ceip-rllullrubi\/wp-content\/uploads\/usu1358\/2026\/01\/1000035193-846x1024.jpg 846w, https:\/\/agora.xtec.cat\/ceip-rllullrubi\/wp-content\/uploads\/usu1358\/2026\/01\/1000035193-768x929.jpg 768w, https:\/\/agora.xtec.cat\/ceip-rllullrubi\/wp-content\/uploads\/usu1358\/2026\/01\/1000035193-1269x1536.jpg 1269w\" sizes=\"auto, (max-width: 576px) 100vw, 576px\" \/><\/p>\n<p>&nbsp;<\/p>\n<p>&nbsp;<\/p>\n<p style=\"text-align: center;\"><strong>CURS 2024-2025<\/strong><\/p>\n<p>A l&#8217;atenci\u00f3 de les fam\u00edlies d&#8217;I3 a 5\u00e8 d&#8217;EP<br \/>\n<em>*Les fam\u00edlies de l&#8217;alumnat de 6\u00e8 24\/25 no estan convocades ja que a data 21\/06 l&#8217;alumnat est\u00e0 promocionat i \u00e9s exalumne, per tant les fam\u00edlies ja no estan vinculades al centre<\/em><\/p>\n<p>L&#8217;AFA us convida a la pr\u00f2xima Assemblea Extraordin\u00e0ria de socis i s\u00f2cies de l&#8217;AFA.<br \/>\nTeniu tota la informaci\u00f3 en la documentaci\u00f3 adjunta.<\/p>\n<p><img loading=\"lazy\" decoding=\"async\" class=\"aligncenter wp-image-16078 size-full\" src=\"https:\/\/agora.xtec.cat\/ceip-rllullrubi\/wp-content\/uploads\/usu1358\/2025\/06\/Juny_Assemblea-socis-AFA-20242025.jpeg\" alt=\"\" width=\"1415\" height=\"2000\" srcset=\"https:\/\/agora.xtec.cat\/ceip-rllullrubi\/wp-content\/uploads\/usu1358\/2025\/06\/Juny_Assemblea-socis-AFA-20242025.jpeg 1415w, https:\/\/agora.xtec.cat\/ceip-rllullrubi\/wp-content\/uploads\/usu1358\/2025\/06\/Juny_Assemblea-socis-AFA-20242025-212x300.jpeg 212w, https:\/\/agora.xtec.cat\/ceip-rllullrubi\/wp-content\/uploads\/usu1358\/2025\/06\/Juny_Assemblea-socis-AFA-20242025-724x1024.jpeg 724w, https:\/\/agora.xtec.cat\/ceip-rllullrubi\/wp-content\/uploads\/usu1358\/2025\/06\/Juny_Assemblea-socis-AFA-20242025-768x1086.jpeg 768w, https:\/\/agora.xtec.cat\/ceip-rllullrubi\/wp-content\/uploads\/usu1358\/2025\/06\/Juny_Assemblea-socis-AFA-20242025-1087x1536.jpeg 1087w\" sizes=\"auto, (max-width: 1415px) 100vw, 1415px\" \/><\/p>\n<p><img loading=\"lazy\" decoding=\"async\" class=\"aligncenter wp-image-16079 size-full\" src=\"https:\/\/agora.xtec.cat\/ceip-rllullrubi\/wp-content\/uploads\/usu1358\/2025\/06\/Maig_Assemblea-socis-AFA-20242025-2.jpeg\" alt=\"\" width=\"1415\" height=\"2000\" srcset=\"https:\/\/agora.xtec.cat\/ceip-rllullrubi\/wp-content\/uploads\/usu1358\/2025\/06\/Maig_Assemblea-socis-AFA-20242025-2.jpeg 1415w, https:\/\/agora.xtec.cat\/ceip-rllullrubi\/wp-content\/uploads\/usu1358\/2025\/06\/Maig_Assemblea-socis-AFA-20242025-2-212x300.jpeg 212w, https:\/\/agora.xtec.cat\/ceip-rllullrubi\/wp-content\/uploads\/usu1358\/2025\/06\/Maig_Assemblea-socis-AFA-20242025-2-724x1024.jpeg 724w, https:\/\/agora.xtec.cat\/ceip-rllullrubi\/wp-content\/uploads\/usu1358\/2025\/06\/Maig_Assemblea-socis-AFA-20242025-2-768x1086.jpeg 768w, https:\/\/agora.xtec.cat\/ceip-rllullrubi\/wp-content\/uploads\/usu1358\/2025\/06\/Maig_Assemblea-socis-AFA-20242025-2-1087x1536.jpeg 1087w\" sizes=\"auto, (max-width: 1415px) 100vw, 1415px\" \/><\/p>\n<p>________________________________________________________________________________________________________________________________<\/p>\n<p>Podeu Consultar l&#8217; Acta de l&#8217;Assemblea realitzada per AFA el dia 09\/05\/2025 per a l&#8217;Elecci\u00f3 del nou\/nova president\/a.<\/p>\n<p><a href=\"https:\/\/agora.xtec.cat\/ceip-rllullrubi\/wp-content\/uploads\/usu1358\/2025\/06\/Acta-Assemblea-AFA-09_05_2025092341.pdf\" target=\"_blank\" rel=\"noopener\">Acta Assemblea AFA 09_05_2025092341<\/a><\/p>\n<p>__________________________________________________________________________________________________________________________________<\/p>\n<p style=\"text-align: center;\">Maig_Assemblea Ordin\u00e0ria Fam\u00edlies S\u00f2cies. AFA Escola Ramon Llull 2024-2025<\/p>\n<p style=\"text-align: center;\"><strong><a href=\"https:\/\/forms.gle\/SsYTaY3BkK5dhG5b8\" target=\"_blank\" rel=\"noopener\">APUNTA&#8217;T AQU\u00cd!!<\/a><\/strong><\/p>\n<p style=\"text-align: center;\"><img loading=\"lazy\" decoding=\"async\" class=\"aligncenter wp-image-15734 \" src=\"https:\/\/agora.xtec.cat\/ceip-rllullrubi\/wp-content\/uploads\/usu1358\/2025\/04\/1.png\" alt=\"\" width=\"806\" height=\"1139\" srcset=\"https:\/\/agora.xtec.cat\/ceip-rllullrubi\/wp-content\/uploads\/usu1358\/2025\/04\/1.png 621w, https:\/\/agora.xtec.cat\/ceip-rllullrubi\/wp-content\/uploads\/usu1358\/2025\/04\/1-212x300.png 212w\" sizes=\"auto, (max-width: 806px) 100vw, 806px\" \/> <img loading=\"lazy\" decoding=\"async\" class=\"aligncenter wp-image-15735 \" src=\"https:\/\/agora.xtec.cat\/ceip-rllullrubi\/wp-content\/uploads\/usu1358\/2025\/04\/2.png\" alt=\"\" width=\"813\" height=\"1149\" srcset=\"https:\/\/agora.xtec.cat\/ceip-rllullrubi\/wp-content\/uploads\/usu1358\/2025\/04\/2.png 621w, https:\/\/agora.xtec.cat\/ceip-rllullrubi\/wp-content\/uploads\/usu1358\/2025\/04\/2-212x300.png 212w\" sizes=\"auto, (max-width: 813px) 100vw, 813px\" \/><\/p>\n<p>&#8212;&#8212;&#8212;&#8212;&#8212;&#8212;&#8212;&#8212;&#8212;&#8212;&#8212;&#8212;&#8212;&#8212;&#8212;&#8212;&#8212;&#8212;&#8212;&#8212;&#8212;&#8212;&#8212;&#8212;&#8212;&#8212;&#8212;&#8212;&#8212;&#8212;&#8212;&#8212;&#8212;&#8212;&#8212;&#8212;&#8212;&#8212;&#8212;&#8212;&#8212;&#8212;&#8212;&#8212;&#8212;&#8212;&#8212;&#8212;&#8212;&#8212;&#8212;&#8212;&#8212;&#8212;&#8212;&#8212;&#8212;&#8212;&#8212;&#8212;&#8212;&#8212;&#8212;&#8212;&#8212;&#8212;&#8212;&#8212;&#8212;&#8212;&#8212;&#8212;&#8211;<\/p>\n<p>&nbsp;<\/p>\n<p><img loading=\"lazy\" decoding=\"async\" class=\"aligncenter wp-image-15536\" src=\"https:\/\/agora.xtec.cat\/ceip-rllullrubi\/wp-content\/uploads\/usu1358\/2025\/02\/1.png\" alt=\"\" width=\"1024\" height=\"1448\" srcset=\"https:\/\/agora.xtec.cat\/ceip-rllullrubi\/wp-content\/uploads\/usu1358\/2025\/02\/1.png 1414w, https:\/\/agora.xtec.cat\/ceip-rllullrubi\/wp-content\/uploads\/usu1358\/2025\/02\/1-212x300.png 212w, https:\/\/agora.xtec.cat\/ceip-rllullrubi\/wp-content\/uploads\/usu1358\/2025\/02\/1-724x1024.png 724w, https:\/\/agora.xtec.cat\/ceip-rllullrubi\/wp-content\/uploads\/usu1358\/2025\/02\/1-768x1086.png 768w, https:\/\/agora.xtec.cat\/ceip-rllullrubi\/wp-content\/uploads\/usu1358\/2025\/02\/1-1086x1536.png 1086w\" sizes=\"auto, (max-width: 1024px) 100vw, 1024px\" \/><\/p>\n<p><img loading=\"lazy\" decoding=\"async\" class=\"aligncenter wp-image-15538\" src=\"https:\/\/agora.xtec.cat\/ceip-rllullrubi\/wp-content\/uploads\/usu1358\/2025\/02\/2.png\" alt=\"\" width=\"1024\" height=\"1448\" srcset=\"https:\/\/agora.xtec.cat\/ceip-rllullrubi\/wp-content\/uploads\/usu1358\/2025\/02\/2.png 1414w, https:\/\/agora.xtec.cat\/ceip-rllullrubi\/wp-content\/uploads\/usu1358\/2025\/02\/2-212x300.png 212w, https:\/\/agora.xtec.cat\/ceip-rllullrubi\/wp-content\/uploads\/usu1358\/2025\/02\/2-724x1024.png 724w, https:\/\/agora.xtec.cat\/ceip-rllullrubi\/wp-content\/uploads\/usu1358\/2025\/02\/2-768x1086.png 768w, https:\/\/agora.xtec.cat\/ceip-rllullrubi\/wp-content\/uploads\/usu1358\/2025\/02\/2-1086x1536.png 1086w\" sizes=\"auto, (max-width: 1024px) 100vw, 1024px\" \/><\/p>\n<p>&nbsp;<\/p>\n<p>&nbsp;<\/p>\n<p>&nbsp;<\/p>\n<p>__________________________________________________________________________________________________________________________________________________________<\/p>\n<p>__________________________________________________________________________________________________________________________________________________________<\/p>\n<p style=\"text-align: center;\"><strong>CURS 2023-2024<\/strong><\/p>\n<p><img loading=\"lazy\" decoding=\"async\" class=\"aligncenter wp-image-14333 size-full\" src=\"https:\/\/agora.xtec.cat\/ceip-rllullrubi\/wp-content\/uploads\/usu1358\/2024\/02\/1-2.jpg\" alt=\"\" width=\"1414\" height=\"2000\" srcset=\"https:\/\/agora.xtec.cat\/ceip-rllullrubi\/wp-content\/uploads\/usu1358\/2024\/02\/1-2.jpg 1414w, https:\/\/agora.xtec.cat\/ceip-rllullrubi\/wp-content\/uploads\/usu1358\/2024\/02\/1-2-212x300.jpg 212w, https:\/\/agora.xtec.cat\/ceip-rllullrubi\/wp-content\/uploads\/usu1358\/2024\/02\/1-2-724x1024.jpg 724w, https:\/\/agora.xtec.cat\/ceip-rllullrubi\/wp-content\/uploads\/usu1358\/2024\/02\/1-2-768x1086.jpg 768w, https:\/\/agora.xtec.cat\/ceip-rllullrubi\/wp-content\/uploads\/usu1358\/2024\/02\/1-2-1086x1536.jpg 1086w\" sizes=\"auto, (max-width: 1414px) 100vw, 1414px\" \/><\/p>\n<p><img loading=\"lazy\" decoding=\"async\" class=\"aligncenter wp-image-14334 size-full\" src=\"https:\/\/agora.xtec.cat\/ceip-rllullrubi\/wp-content\/uploads\/usu1358\/2024\/02\/2-2.jpg\" alt=\"\" width=\"1414\" height=\"2000\" srcset=\"https:\/\/agora.xtec.cat\/ceip-rllullrubi\/wp-content\/uploads\/usu1358\/2024\/02\/2-2.jpg 1414w, https:\/\/agora.xtec.cat\/ceip-rllullrubi\/wp-content\/uploads\/usu1358\/2024\/02\/2-2-212x300.jpg 212w, https:\/\/agora.xtec.cat\/ceip-rllullrubi\/wp-content\/uploads\/usu1358\/2024\/02\/2-2-724x1024.jpg 724w, https:\/\/agora.xtec.cat\/ceip-rllullrubi\/wp-content\/uploads\/usu1358\/2024\/02\/2-2-768x1086.jpg 768w, https:\/\/agora.xtec.cat\/ceip-rllullrubi\/wp-content\/uploads\/usu1358\/2024\/02\/2-2-1086x1536.jpg 1086w\" sizes=\"auto, (max-width: 1414px) 100vw, 1414px\" \/><\/p>\n<p>____________________________________________________________________________________________________<\/p>\n<p style=\"text-align: center;\">CURS 2022-2023<\/p>\n<p><img loading=\"lazy\" decoding=\"async\" class=\"aligncenter wp-image-12114 size-full\" src=\"https:\/\/agora.xtec.cat\/ceip-rllullrubi\/wp-content\/uploads\/usu1358\/2022\/10\/ASAMBLEA-AFA-2022-26102022ok-1_page-0001.jpg\" alt=\"\" width=\"1240\" height=\"1755\" srcset=\"https:\/\/agora.xtec.cat\/ceip-rllullrubi\/wp-content\/uploads\/usu1358\/2022\/10\/ASAMBLEA-AFA-2022-26102022ok-1_page-0001.jpg 1240w, https:\/\/agora.xtec.cat\/ceip-rllullrubi\/wp-content\/uploads\/usu1358\/2022\/10\/ASAMBLEA-AFA-2022-26102022ok-1_page-0001-212x300.jpg 212w, https:\/\/agora.xtec.cat\/ceip-rllullrubi\/wp-content\/uploads\/usu1358\/2022\/10\/ASAMBLEA-AFA-2022-26102022ok-1_page-0001-724x1024.jpg 724w, https:\/\/agora.xtec.cat\/ceip-rllullrubi\/wp-content\/uploads\/usu1358\/2022\/10\/ASAMBLEA-AFA-2022-26102022ok-1_page-0001-768x1087.jpg 768w, https:\/\/agora.xtec.cat\/ceip-rllullrubi\/wp-content\/uploads\/usu1358\/2022\/10\/ASAMBLEA-AFA-2022-26102022ok-1_page-0001-1085x1536.jpg 1085w\" sizes=\"auto, (max-width: 1240px) 100vw, 1240px\" \/><\/p>\n<p><strong>CONVOCAT\u00d2RIES<\/strong><\/p>\n<p><a href=\"https:\/\/agora.xtec.cat\/ceip-rllullrubi\/wp-content\/uploads\/usu1358\/2022\/10\/20201204_assembleaAFA.pdf\" target=\"_blank\" rel=\"noopener\">20201204_assembleaAFA\u00a0<\/a><\/p>\n<p><a href=\"https:\/\/agora.xtec.cat\/ceip-rllullrubi\/wp-content\/uploads\/usu1358\/2022\/10\/20220322_AssembleaAFA.pdf\" target=\"_blank\" rel=\"noopener\">20220322_assembleaAFA<\/a><\/p>\n<p><a href=\"https:\/\/agora.xtec.cat\/ceip-rllullrubi\/wp-content\/uploads\/usu1358\/2022\/10\/ASAMBLEA-AFA-2022-26102022ok-1.pdf\" target=\"_blank\" rel=\"noopener\">26102022_assembleaAFA<\/a><\/p>\n","protected":false},"excerpt":{"rendered":"<p>CURS 2025-2026<br \/>\nBenvolgudes Fam\u00edlies,<br \/>\nUs informem que el proper divendres 30 de gener de 2026, farem l&#8217; ASSAMBLEA GENERAL ORDIN\u00c0RIA DE SOCIS a les 16.45h, amb primera convocat\u00f2ria i a les 17:30h la segona convocat\u00f2ria.<br \/>\nAquesta assemblea es realitzar\u00e0 de forma presencial a l&#8217;escola.<br \/>\nAgra\u00efm la m\u00e0xima pres\u00e8ncia en&hellip;  <a href=\"https:\/\/agora.xtec.cat\/ceip-rllullrubi\/ampa-2\/assemblees\/\" title=\"Read Assemblees\">Llegeix m\u00e9s\u00bb<\/a><\/p>\n","protected":false},"author":1,"featured_media":0,"parent":66,"menu_order":28,"comment_status":"closed","ping_status":"closed","template":"page-templates\/side-menu.php","meta":{"_bbp_topic_count":0,"_bbp_reply_count":0,"_bbp_total_topic_count":0,"_bbp_total_reply_count":0,"_bbp_voice_count":0,"_bbp_anonymous_reply_count":0,"_bbp_topic_count_hidden":0,"_bbp_reply_count_hidden":0,"_bbp_forum_subforum_count":0,"footnotes":""},"class_list":["post-11959","page","type-page","status-publish","hentry"],"post_mailing_queue_ids":[],"_links":{"self":[{"href":"https:\/\/agora.xtec.cat\/ceip-rllullrubi\/wp-json\/wp\/v2\/pages\/11959","targetHints":{"allow":["GET"]}}],"collection":[{"href":"https:\/\/agora.xtec.cat\/ceip-rllullrubi\/wp-json\/wp\/v2\/pages"}],"about":[{"href":"https:\/\/agora.xtec.cat\/ceip-rllullrubi\/wp-json\/wp\/v2\/types\/page"}],"author":[{"embeddable":true,"href":"https:\/\/agora.xtec.cat\/ceip-rllullrubi\/wp-json\/wp\/v2\/users\/1"}],"replies":[{"embeddable":true,"href":"https:\/\/agora.xtec.cat\/ceip-rllullrubi\/wp-json\/wp\/v2\/comments?post=11959"}],"version-history":[{"count":6,"href":"https:\/\/agora.xtec.cat\/ceip-rllullrubi\/wp-json\/wp\/v2\/pages\/11959\/revisions"}],"predecessor-version":[{"id":16623,"href":"https:\/\/agora.xtec.cat\/ceip-rllullrubi\/wp-json\/wp\/v2\/pages\/11959\/revisions\/16623"}],"up":[{"embeddable":true,"href":"https:\/\/agora.xtec.cat\/ceip-rllullrubi\/wp-json\/wp\/v2\/pages\/66"}],"wp:attachment":[{"href":"https:\/\/agora.xtec.cat\/ceip-rllullrubi\/wp-json\/wp\/v2\/media?parent=11959"}],"curies":[{"name":"wp","href":"https:\/\/api.w.org\/{rel}","templated":true}]}}