{"id":11400,"date":"2022-05-21T21:30:15","date_gmt":"2022-05-21T19:30:15","guid":{"rendered":"https:\/\/agora.xtec.cat\/ceip-rllullrubi\/?page_id=11400"},"modified":"2025-09-03T16:50:46","modified_gmt":"2025-09-03T14:50:46","slug":"ajuts-per-alumnat-amb-necessitat-especifica-de-suport-educatiu","status":"publish","type":"page","link":"https:\/\/agora.xtec.cat\/ceip-rllullrubi\/directori-de-documents\/ajuts-per-alumnat-amb-necessitat-especifica-de-suport-educatiu\/","title":{"rendered":"Ajuts per alumnat amb necessitat espec\u00edfica de suport educatiu curs 25-26"},"content":{"rendered":"<p>Us informem que s\u2019ha publicat la convocat\u00f2ria d\u2019ajuts per alumnat amb necessitat espec\u00edfica de suport educatiu curs 2025-26. Els terminis s\u00f3n des del dia 30 d&#8217;abril de 2025 a l&#8217;11 de setembre de 2025.<\/p>\n<p>Trobareu tota la informaci\u00f3 en els seg\u00fcents enlla\u00e7os:<\/p>\n<p><a href=\"https:\/\/educacio.gencat.cat\/ca\/serveis-tramits\/beques\/ajuts-nese\/\" target=\"_blank\" rel=\"noopener\">INFORMACI\u00d3. QUI POT DEMANAR L&#8217;AJUT?<\/a><\/p>\n<p><a style=\"font-family: inherit; font-size: 1em; text-align: center;\" href=\"https:\/\/educacio.gencat.cat\/ca\/tramits\/tramits-temes\/ajuts-nee\" target=\"_blank\" rel=\"noopener\">TR\u00c0MIT<\/a><\/p>\n<p style=\"text-align: center;\"><img loading=\"lazy\" decoding=\"async\" class=\"aligncenter wp-image-14761\" src=\"https:\/\/agora.xtec.cat\/ceip-rllullrubi\/wp-content\/uploads\/usu1358\/2024\/05\/Convocatoria-ajudes.jpg\" alt=\"\" width=\"724\" height=\"408\" srcset=\"https:\/\/agora.xtec.cat\/ceip-rllullrubi\/wp-content\/uploads\/usu1358\/2024\/05\/Convocatoria-ajudes.jpg 1000w, https:\/\/agora.xtec.cat\/ceip-rllullrubi\/wp-content\/uploads\/usu1358\/2024\/05\/Convocatoria-ajudes-300x169.jpg 300w, https:\/\/agora.xtec.cat\/ceip-rllullrubi\/wp-content\/uploads\/usu1358\/2024\/05\/Convocatoria-ajudes-768x432.jpg 768w\" sizes=\"auto, (max-width: 724px) 100vw, 724px\" \/><\/p>\n<p>&nbsp;<\/p>\n<p>&nbsp;<\/p>\n<p>&nbsp;<\/p>\n<p>&nbsp;<\/p>\n","protected":false},"excerpt":{"rendered":"<p>Us informem que s\u2019ha publicat la convocat\u00f2ria d\u2019ajuts per alumnat amb necessitat espec\u00edfica de suport educatiu curs 2025-26. Els terminis s\u00f3n des del dia 30 d&#8217;abril de 2025 a l&#8217;11 de setembre de 2025.<br \/>\nTrobareu tota la informaci\u00f3 en els seg\u00fcents enlla\u00e7os:<br \/>\n<a href=\"https:\/\/educacio.gencat.cat\/ca\/serveis-tramits\/beques\/ajuts-nese\/\" target=\"_blank\" rel=\"noopener\">INFORMACI\u00d3. QUI&hellip;  <a href=\"https:\/\/agora.xtec.cat\/ceip-rllullrubi\/directori-de-documents\/ajuts-per-alumnat-amb-necessitat-especifica-de-suport-educatiu\/\" title=\"Read Ajuts per alumnat amb necessitat espec\u00edfica de suport educatiu curs 25-26\">Llegeix m\u00e9s\u00bb<\/a><\/p>\n","protected":false},"author":1,"featured_media":0,"parent":10825,"menu_order":500,"comment_status":"closed","ping_status":"closed","template":"page-templates\/side-menu.php","meta":{"_bbp_topic_count":0,"_bbp_reply_count":0,"_bbp_total_topic_count":0,"_bbp_total_reply_count":0,"_bbp_voice_count":0,"_bbp_anonymous_reply_count":0,"_bbp_topic_count_hidden":0,"_bbp_reply_count_hidden":0,"_bbp_forum_subforum_count":0,"footnotes":""},"class_list":["post-11400","page","type-page","status-publish","hentry"],"post_mailing_queue_ids":[],"_links":{"self":[{"href":"https:\/\/agora.xtec.cat\/ceip-rllullrubi\/wp-json\/wp\/v2\/pages\/11400","targetHints":{"allow":["GET"]}}],"collection":[{"href":"https:\/\/agora.xtec.cat\/ceip-rllullrubi\/wp-json\/wp\/v2\/pages"}],"about":[{"href":"https:\/\/agora.xtec.cat\/ceip-rllullrubi\/wp-json\/wp\/v2\/types\/page"}],"author":[{"embeddable":true,"href":"https:\/\/agora.xtec.cat\/ceip-rllullrubi\/wp-json\/wp\/v2\/users\/1"}],"replies":[{"embeddable":true,"href":"https:\/\/agora.xtec.cat\/ceip-rllullrubi\/wp-json\/wp\/v2\/comments?post=11400"}],"version-history":[{"count":6,"href":"https:\/\/agora.xtec.cat\/ceip-rllullrubi\/wp-json\/wp\/v2\/pages\/11400\/revisions"}],"predecessor-version":[{"id":16074,"href":"https:\/\/agora.xtec.cat\/ceip-rllullrubi\/wp-json\/wp\/v2\/pages\/11400\/revisions\/16074"}],"up":[{"embeddable":true,"href":"https:\/\/agora.xtec.cat\/ceip-rllullrubi\/wp-json\/wp\/v2\/pages\/10825"}],"wp:attachment":[{"href":"https:\/\/agora.xtec.cat\/ceip-rllullrubi\/wp-json\/wp\/v2\/media?parent=11400"}],"curies":[{"name":"wp","href":"https:\/\/api.w.org\/{rel}","templated":true}]}}