{"id":10723,"date":"2022-03-13T20:44:42","date_gmt":"2022-03-13T19:44:42","guid":{"rendered":"https:\/\/agora.xtec.cat\/ceip-rllullrubi\/?page_id=10723"},"modified":"2022-03-27T12:56:04","modified_gmt":"2022-03-27T10:56:04","slug":"projecte-escola-ramon-llull-insititut-duc-de-montblanc","status":"publish","type":"page","link":"https:\/\/agora.xtec.cat\/ceip-rllullrubi\/innovem\/projecte-escola-ramon-llull-insititut-duc-de-montblanc\/","title":{"rendered":"Projecte Escola Ramon Llull &#8211; Institut Duc de Montblanc"},"content":{"rendered":"<p><em>101Al curs 2011-212, des de la Inspecci\u00f3 d&#8217;Ensenyament i les direccions de l&#8217;Escola Ramon Llull i de l&#8217;Institut Duc de Montblanc es va proposar iniciar un<\/em><\/p>\n<p style=\"text-align: center;\"><em><strong>Projecte d&#8217;Intercanvi d&#8217;Experi\u00e8ncies entre prim\u00e0ria i secund\u00e0ria<\/strong><\/em><\/p>\n<p><em>Aquest projecte es va centrar en l&#8217;\u00e0rea de matem\u00e0tiques als nivells de 6\u00e8 de Prim\u00e0ria i 1r d&#8217;ESO.<\/em><\/p>\n<p><em>A continuaci\u00f3 us presentem el power-point que han elaborat les dues mestres que van portar a terme aquest projecte, la Casilda Le\u00f3n (tutora dels cursos superiors de l&#8217;escola) i la N\u00faria Galceran (mestra de secund\u00e0ria a l&#8217;institut) on queda reflectida la feina feta i les conclusions del treball, i que des del Departament d&#8217;Ensenyament se&#8217;n far\u00e0 tamb\u00e9 difusi\u00f3.<\/em><\/p>\n<p><em><a href=\"http:\/\/blocs.xtec.cat\/elmolinetcs\/files\/2013\/05\/rellotge.jpg\"><img loading=\"lazy\" decoding=\"async\" class=\"alignleft size-medium wp-image-318\" src=\"http:\/\/blocs.xtec.cat\/elmolinetcs\/files\/2013\/05\/rellotge-300x300.jpg\" alt=\"\" width=\"83\" height=\"83\" \/><\/a><\/em><\/p>\n<p><em><a href=\"http:\/\/blocs.xtec.cat\/elmolinetcs\/files\/2013\/05\/Presentaci\u00f3-projecte-LLull-Duc-definitiu-1-1.pps\">Presentaci\u00f3 Projecte Llull-Duc. Curs 11-12<\/a><\/em><\/p>\n<p><em>Aquesta experi\u00e8ncia ens ha aportat a l&#8217;escola alguns canvis metodol\u00f2gics per facilitar el pas dels\/les nostres alumnes a secund\u00e0ria.<\/em><\/p>\n<p><em>Des d&#8217;aqu\u00ed fem extensiu l&#8217;agra\u00efment a aquestes dues professionals per fer possible aquest projecte i a la resta de l&#8217;equip de mestres per la seva tasca de reflexi\u00f3 pedag\u00f2gica.<\/em><\/p>\n","protected":false},"excerpt":{"rendered":"<p>101Al curs 2011-212, des de la Inspecci\u00f3 d&#8217;Ensenyament i les direccions de l&#8217;Escola Ramon Llull i de l&#8217;Institut Duc de Montblanc es va proposar iniciar un<br \/>\nProjecte d&#8217;Intercanvi d&#8217;Experi\u00e8ncies entre prim\u00e0ria i secund\u00e0ria<br \/>\nAquest projecte es va centrar en l&#8217;\u00e0rea de matem\u00e0tiques als nivells de 6\u00e8 de&hellip;  <a href=\"https:\/\/agora.xtec.cat\/ceip-rllullrubi\/innovem\/projecte-escola-ramon-llull-insititut-duc-de-montblanc\/\" title=\"Read Projecte Escola Ramon Llull &#8211; Institut Duc de Montblanc\">Llegeix m\u00e9s\u00bb<\/a><\/p>\n","protected":false},"author":1,"featured_media":0,"parent":10921,"menu_order":110,"comment_status":"closed","ping_status":"closed","template":"page-templates\/side-menu.php","meta":{"_bbp_topic_count":0,"_bbp_reply_count":0,"_bbp_total_topic_count":0,"_bbp_total_reply_count":0,"_bbp_voice_count":0,"_bbp_anonymous_reply_count":0,"_bbp_topic_count_hidden":0,"_bbp_reply_count_hidden":0,"_bbp_forum_subforum_count":0,"footnotes":""},"class_list":["post-10723","page","type-page","status-publish","hentry"],"post_mailing_queue_ids":[],"_links":{"self":[{"href":"https:\/\/agora.xtec.cat\/ceip-rllullrubi\/wp-json\/wp\/v2\/pages\/10723","targetHints":{"allow":["GET"]}}],"collection":[{"href":"https:\/\/agora.xtec.cat\/ceip-rllullrubi\/wp-json\/wp\/v2\/pages"}],"about":[{"href":"https:\/\/agora.xtec.cat\/ceip-rllullrubi\/wp-json\/wp\/v2\/types\/page"}],"author":[{"embeddable":true,"href":"https:\/\/agora.xtec.cat\/ceip-rllullrubi\/wp-json\/wp\/v2\/users\/1"}],"replies":[{"embeddable":true,"href":"https:\/\/agora.xtec.cat\/ceip-rllullrubi\/wp-json\/wp\/v2\/comments?post=10723"}],"version-history":[{"count":3,"href":"https:\/\/agora.xtec.cat\/ceip-rllullrubi\/wp-json\/wp\/v2\/pages\/10723\/revisions"}],"predecessor-version":[{"id":10926,"href":"https:\/\/agora.xtec.cat\/ceip-rllullrubi\/wp-json\/wp\/v2\/pages\/10723\/revisions\/10926"}],"up":[{"embeddable":true,"href":"https:\/\/agora.xtec.cat\/ceip-rllullrubi\/wp-json\/wp\/v2\/pages\/10921"}],"wp:attachment":[{"href":"https:\/\/agora.xtec.cat\/ceip-rllullrubi\/wp-json\/wp\/v2\/media?parent=10723"}],"curies":[{"name":"wp","href":"https:\/\/api.w.org\/{rel}","templated":true}]}}