{"id":10707,"date":"2022-03-13T20:15:03","date_gmt":"2022-03-13T19:15:03","guid":{"rendered":"https:\/\/agora.xtec.cat\/ceip-rllullrubi\/?page_id=10707"},"modified":"2024-02-18T19:23:15","modified_gmt":"2024-02-18T18:23:15","slug":"espais","status":"publish","type":"page","link":"https:\/\/agora.xtec.cat\/ceip-rllullrubi\/projecte-educatiu\/nofc\/espais\/","title":{"rendered":"Espais"},"content":{"rendered":"<p>\u00cdNDEX<\/p>\n<ul style=\"list-style-type: circle;\">\n<li>1. Despatx de direcci\u00f3<\/li>\n<li>2. Espai de reunions (despatxet)<\/li>\n<li>3. Aula d\u2019acollida<\/li>\n<li>4. Aules d\u2019angl\u00e8s<\/li>\n<li>5. Aula de Colors<\/li>\n<li>6. Aula de rob\u00f2tica<\/li>\n<li>7. Aula de m\u00fasica<\/li>\n<li>8. Espais a l\u2019altell d\u2019E.I<\/li>\n<li>9. Espais de tutoria<\/li>\n<li>10. Hort<\/li>\n<li>11. Jardins<\/li>\n<li>12. Logop\u00e8dia<\/li>\n<li>13. Patis<\/li>\n<li>14. Sala d\u2019usos m\u00faltiples<\/li>\n<li>15. Sala de material esportiu<\/li>\n<li>16. Tatami<\/li>\n<li>17. Teatre<\/li>\n<\/ul>\n<p><span style=\"font-weight: 400;\">El Pla Anual del centre contemplar\u00e0 la coordinaci\u00f3 i la distribuci\u00f3 dels espais del centre per tal que cap curs es quedi sense poder fer cap activitat per manca d\u2019espai.<\/span><\/p>\n<p><strong>1. DESPATX DE DIRECCI\u00d3<\/strong><\/p>\n<p>Despatx ubicat a la planta 1. Aquest espai est\u00e0 condicionat perqu\u00e8 els membres de l&#8217;equip directiu i el personal administratiu realitzi les gestions que correspon als seus c\u00e0rrecs.<\/p>\n<p><strong>2. ESPAI DE REUNIONS<\/strong><\/p>\n<p>Despatx ubicat al costat del despatx de direcci\u00f3. Aquest espai queda ser\u00e0 d&#8217; \u00fas prioritari per feines de l&#8217;EAP i reunions tutorials amb les fam\u00edlies i\/o altres professionals externs.<\/p>\n<p><strong>\u00a03. <span style=\"font-family: inherit; font-size: 1em;\">AULA D&#8217;ACOLLIDA<\/span><\/strong><\/p>\n<p>Espai dedicat a atendre els alumnes nouvinguts. En el Pla d\u2019Acollida queda establert les seves funcions i objectius. Respecte els horaris i distribuci\u00f3 d\u2019alumnes queda especificat en el Pla Anual.<\/p>\n<p>La seva ubicaci\u00f3 dep\u00e8n del n\u00famero d&#8217;alumnes atesos i de la disponibilitat de les diferents aules de l&#8217;escola.<\/p>\n<p>L&#8217; aula d&#8217;acollida recull un percentatge important de material a disposici\u00f3 de qualsevol mestre\/a, comunicant-ho al\/la coordinador\/a el seu \u00fas i possible pr\u00e9stec.<\/p>\n<p><strong>4. AULES D&#8217;ANGL\u00c8S<\/strong><\/p>\n<p>Aquestes aules s&#8217; utilitzen\u00a0principalment com espais d\u2019immersi\u00f3 en la llengua anglesa.<\/p>\n<p>Els horaris i la distribuci\u00f3 de grups s\u2019especificar\u00e0 en el Pla Anual. Qualsevol persona del centre que utilitzi l\u2019aula es far\u00e0 responsable del bon \u00fas i manteniment de l\u2019aula, igualment per a les activitats extraescolars .<\/p>\n<p>Sempre que sigui possible s&#8217;ubicaran pr\u00f2ximes una\/es de l&#8217;altre\/ses per poder compartir amb facilitat els recursos ling\u00fc\u00edstics.<\/p>\n<p><strong>5. AULA DE COLORS<\/strong><\/p>\n<p>Es prioritza l&#8217;atenci\u00f3 del\/la mestre\/a especialista de suport a la inclusi\u00f3 (MESI) dins de l&#8217;aula ordin\u00e0ria. Tot i aix\u00ed comptem amb una aula que en diem Aula de Colors on s\u2019at\u00e9n puntualment a l\u2019alumnat amb necessitats educatives espec\u00edfiques, amb un horari establert que figurar\u00e0 en el Pla Anual.<\/p>\n<p><strong>6. AULA DE ROB\u00d2TICA\u00a0\u00a0<\/strong><\/p>\n<p>Espai on s\u2019ubiquen\u00a0 els materials de rob\u00f2tica.<\/p>\n<p>En el Pla Anual s\u2019especificar\u00e0 l\u2019horari, distribuci\u00f3 de grups i professors.<\/p>\n<p>El\/la coordinador\/a digital disposar\u00e0 d&#8217;una reducci\u00f3 hor\u00e0ria en el seu horari lectiu per la seva dedicaci\u00f3 a les funcions associades a l&#8217; Estrat\u00e8gia Digital de Centre.<\/p>\n<p>Vetllar\u00e0 pel seu bon funcionament i proposar\u00e0 mesures de millora; tamb\u00e9 coordinar\u00e0 les tasques de conservaci\u00f3 i manteniment.<\/p>\n<p>Qualsevol persona que utilitzi l\u2019aula es far\u00e0 responsable del bon \u00fas i comunicar\u00e0 a trav\u00e9s de l&#8217;excel d&#8217;incid\u00e8ncies inform\u00e0tiques.<\/p>\n<p>El pressupost del centre haur\u00e0 de contemplar una partida per la millora i manteniment d\u2019aquest servei.<\/p>\n<p><strong>7. AULA DE M\u00daSICA<\/strong><\/p>\n<p>Aula situada al final del passad\u00eds inferior, condicionada per a crear un espai musical on l&#8217;alumnat pugui gaudir de l&#8217;audici\u00f3 i la producci\u00f3 amb un sentit art\u00edstic.<\/p>\n<p><strong>8. ESPAIS A L&#8217;ALTELL D&#8217;E.I.<\/strong><\/p>\n<p>Espai1. Despatxet de treball i on es guarda part del material com\u00fa de Parvulari.<\/p>\n<p>Espai2. Quartet amb s&#8217;emmagatzema part del material com\u00fa de parvulari.<\/p>\n<p>Ambd\u00f3s\u00a0casos cal que es mantingui ordenat.<\/p>\n<p><strong>9. ESPAIS DE TUTORIA\u00a0<\/strong><\/p>\n<p>Els espais de tutoria s&#8217;utilitzen segons necessitat. S\u00f3n espais de trobada: reunions amb fam\u00edlies o amb d&#8217;altres professionals. En aquests espais tamb\u00e9 hi ha material de cicle\/comunitat que pot ser utilitzat pel personal docent i on s&#8217;emmagatzema el material com\u00fa. Han d\u2019estar en condicions.<\/p>\n<p><strong>10. HORT\u00a0<\/strong><\/p>\n<p>Espai a disposici\u00f3 de projectes d&#8217;escola i d&#8217;activitats durant l&#8217;estona de menjador. El material per dur a terme aquests projecte i\/o activitats el facilitar\u00e0 l&#8217; escola.<\/p>\n<p><strong>11. JARDINS\u00a0<\/strong><\/p>\n<p>Es contempla com a jardins tots els espais verds del pati de l&#8217;escola i de l&#8217;entrada principal per Avinguda de les Flors. <a href=\"https:\/\/agora.xtec.cat\/ceip-rllullrubi\/manteniment-jardins\/\" target=\"_blank\" rel=\"noopener\">Manteniment<\/a>.<\/p>\n<p><strong>12. LOGOPEDIA<\/strong><\/p>\n<p>Aquest espai es troba al costat de la tutoria de cicle inicial. Un\/a logopeda at\u00e9n a l\u2019alumnat amb problemes diagnosticats de llenguatge segons detecci\u00f3 de l&#8217;escola i valorat pel <a href=\"https:\/\/serveiseducatius.xtec.cat\/creda-jordiperello\/\" target=\"_blank\" rel=\"noopener\">CREDA<\/a>: aquesta atenci\u00f3 la duu a terme professionals externs i \u00e9s un servei del Departament d&#8217;Educaci\u00f3.<\/p>\n<p><strong>13. PATIS (pendent de revisi\u00f3)<\/strong><\/p>\n<p>Les zones queden distribu\u00efdes per cursos en un horari que ha d&#8217;estar penjat a la classe.<\/p>\n<ul style=\"list-style-type: square;\">\n<li>La muntanyeta <a href=\"https:\/\/agora.xtec.cat\/ceip-rllullrubi\/projecte-educatiu\/la-muntanyeta-un-espai-daprenentatge\/\" target=\"_blank\" rel=\"noopener\">La muntanyeta. Un espai d&#8217;aprenentatge<\/a><\/li>\n<li>Sorral: zona de joc davant classes de P3 i P4 destinada als alumnes d\u2019E.I.<\/li>\n<li>Plana de l\u2019entrada principal: entre la p\u00e8rgola i el tal\u00fas<\/li>\n<li>P\u00e8rgola<\/li>\n<li>Roc\u00f2drom. <a href=\"https:\/\/agora.xtec.cat\/ceip-rllullrubi\/projecte-educatiu\/el-pati-dels-jocs-tradicionals-als-jocs-olimpics\/\" target=\"_blank\" rel=\"noopener\">El pati: dels jocs tradicionals als jocs ol\u00edmpics<\/a><\/li>\n<li>Pista de terra: entre la tanca de l&#8217; Av. Can Fatj\u00f3 i la pista de b\u00e0squet<\/li>\n<li>Pista de b\u00e0squet: entre la pista de terra i futbol<\/li>\n<li>Pista de futbol: davant del sorral<\/li>\n<li>Zona de Ping-pong: davant de la planta -1<\/li>\n<li>Espai psicomotriu. Espai que s&#8217; utilitza durant l&#8217;estona d&#8217;esbarjo i d&#8217;altres activitats a l&#8217;aire lliure. Aquest espai est\u00e0 dotat amb estructures de fusta com a resposta a un projecte d&#8217; escola <a href=\"https:\/\/agora.xtec.cat\/ceip-rllullrubi\/projecte-educatiu\/treball-dequilibri-i-joc-entre-iguals\/\" target=\"_blank\" rel=\"noopener\">Sortim al pati. Treball d&#8217;equilibri i joc entre iguals<\/a><\/li>\n<li>Zona de la porta de l\u2019Avinguda Can Fatj\u00f3: zona de joc al costat de l\u2019hort.<\/li>\n<\/ul>\n<p><strong>14. SALA D&#8217; USOS M\u00daLTIPLES<\/strong><\/p>\n<p>Aquest espai t\u00e9 les funcions de gimn\u00e0s i de sala polivalent i s&#8217;utilitzar\u00e0 priorit\u00e0riament per educaci\u00f3 f\u00edsica i dansa.<\/p>\n<p><span style=\"font-weight: 400;\">Per les seves caracter\u00edstiques es pot fer servir, tamb\u00e9 per activitats de cicle o d\u2019escola, o activitats puntuals sempre que no interfereixi amb altres programacions.<\/span><\/p>\n<p>El Pla Anual de Centre contemplar\u00e0 la coordinaci\u00f3 en la distribuci\u00f3 dels espais per fer educaci\u00f3 f\u00edsica, psicomotricitat (si s\u2019escau) i dansa, per tal que cap curs es quedi sense poder fer l\u2019activitat per manca d\u2019espais.<\/p>\n<p>Els dies de pluja o d&#8217;inclem\u00e8ncia\u00a0meteorol\u00f2gica els grups d\u2019alumnes que estiguin fent educaci\u00f3 f\u00edsica i\/o psicomotriu tindran prefer\u00e8ncia per ocupar aquest espai davant d\u2019una altra situaci\u00f3, sempre que sigui possible. Si hi ha coincid\u00e8ncia de grups, es prioritzar\u00e0 els grups de nivells m\u00e9s grans tot depenen la durada de la inclem\u00e8ncia meteorol\u00f2gica i arribant a acords.<\/p>\n<p>En un bagul es guardar\u00e0 el material com\u00fa per ser usat durant l&#8217;estona de l&#8217;esbarjo i en un altre el material per fer-ne \u00fas durant el temps de menjador.<\/p>\n<p><strong>15. SALA DE MATERIAL ESPORTIU<\/strong><\/p>\n<p>Espai on es guarda el material d\u2019 educaci\u00f3 f\u00edsica. Els especialistes d&#8217;educaci\u00f3 f\u00edsica tindran cura del manteniment del material i sol\u00b7licitar-ne compra (si s&#8217;escau).<\/p>\n<p>El material espec\u00edfic d&#8217;educaci\u00f3 f\u00edsica es guardar\u00e0 en aquesta sala. Es podr\u00e0 emprar per a qualsevol activitat esportiva dirigida per mestres. No es permetr\u00e0 el seu \u00fas dins l\u2019horari d\u2019esbarjo ordinari dels alumnes ni el del menjador. En aquests per\u00edodes els alumnes hauran de jugar amb material comprat per fer-ne \u00fas durant el temps d\u2019esbarjo o menjador.<br \/>\nEl pressupost del centre contemplar\u00e0 el manteniment de les exist\u00e8ncies d\u2019aquest \u00e0mbit aix\u00ed com les inversions que calguessin.<\/p>\n<p>Qualsevol persona que utilitzi material es far\u00e0 responsable del bon \u00fas i comunicar\u00e0 als especialistes d&#8217;E.F. les incid\u00e8ncies.<\/p>\n<p><strong>16. TATAMI<\/strong><\/p>\n<p>Espai que s\u2019utilitza, priorit\u00e0riament, per fer la psicomotricitat de Parvulari.\u00a0Els horaris i la distribuci\u00f3 de grups s\u2019especificar\u00e0 en el Pla Anual.<\/p>\n<p>Tamb\u00e9 s&#8217;utilitza per activitats extraescolars (si s&#8217;escau).<\/p>\n<p><strong>17. TEATRE<\/strong><\/p>\n<p>Espai amb estructura de teatre que a part de ser utilitzat per activitats obertes de representacions teatrals o projecci\u00f3 d\u2019audiovisuals, tamb\u00e9 pot ser aprofitat com aula en cas necessari.<\/p>\n<p>*Les mestres i les mestres seran els i les encarregades de tancar amb clau les portes dels espais usats en acabar l&#8217;horari lectiu.<\/p>\n","protected":false},"excerpt":{"rendered":"<p>\u00cdNDEX<\/p>\n<ul style=\"list-style-type: circle;\">\n<li>1. Despatx de direcci\u00f3<\/li>\n<li>2. Espai de reunions (despatxet)<\/li>\n<li>3. Aula d\u2019acollida<\/li>\n<li>4. Aules d\u2019angl\u00e8s<\/li>\n<li>5. Aula de Colors<\/li>\n<li>6. Aula de rob\u00f2tica<\/li>\n<li>7. Aula de m\u00fasica<\/li>\n<li>8. Espais a l\u2019altell d\u2019E.I<\/li>\n<li>9. Espais de tutoria<\/li>\n<li>10. Hort<\/li>\n<li>11. Jardins<\/li>\n<li>12. Logop\u00e8dia<\/li>\n<li>13. Patis<\/li>\n<li>14. Sala d\u2019usos m\u00faltiples<\/li>\n<li>15. Sala de material esportiu<\/li>\n<li>16. Tatami<\/li>\n<li>17. Teatre<\/li>\n<\/ul>\n<p>El Pla Anual&hellip;  <a href=\"https:\/\/agora.xtec.cat\/ceip-rllullrubi\/projecte-educatiu\/nofc\/espais\/\" title=\"Read Espais\">Llegeix m\u00e9s\u00bb<\/a><\/p>\n","protected":false},"author":1,"featured_media":0,"parent":10476,"menu_order":20,"comment_status":"closed","ping_status":"closed","template":"page-templates\/side-menu.php","meta":{"_bbp_topic_count":0,"_bbp_reply_count":0,"_bbp_total_topic_count":0,"_bbp_total_reply_count":0,"_bbp_voice_count":0,"_bbp_anonymous_reply_count":0,"_bbp_topic_count_hidden":0,"_bbp_reply_count_hidden":0,"_bbp_forum_subforum_count":0,"footnotes":""},"class_list":["post-10707","page","type-page","status-publish","hentry"],"post_mailing_queue_ids":[],"_links":{"self":[{"href":"https:\/\/agora.xtec.cat\/ceip-rllullrubi\/wp-json\/wp\/v2\/pages\/10707","targetHints":{"allow":["GET"]}}],"collection":[{"href":"https:\/\/agora.xtec.cat\/ceip-rllullrubi\/wp-json\/wp\/v2\/pages"}],"about":[{"href":"https:\/\/agora.xtec.cat\/ceip-rllullrubi\/wp-json\/wp\/v2\/types\/page"}],"author":[{"embeddable":true,"href":"https:\/\/agora.xtec.cat\/ceip-rllullrubi\/wp-json\/wp\/v2\/users\/1"}],"replies":[{"embeddable":true,"href":"https:\/\/agora.xtec.cat\/ceip-rllullrubi\/wp-json\/wp\/v2\/comments?post=10707"}],"version-history":[{"count":5,"href":"https:\/\/agora.xtec.cat\/ceip-rllullrubi\/wp-json\/wp\/v2\/pages\/10707\/revisions"}],"predecessor-version":[{"id":14299,"href":"https:\/\/agora.xtec.cat\/ceip-rllullrubi\/wp-json\/wp\/v2\/pages\/10707\/revisions\/14299"}],"up":[{"embeddable":true,"href":"https:\/\/agora.xtec.cat\/ceip-rllullrubi\/wp-json\/wp\/v2\/pages\/10476"}],"wp:attachment":[{"href":"https:\/\/agora.xtec.cat\/ceip-rllullrubi\/wp-json\/wp\/v2\/media?parent=10707"}],"curies":[{"name":"wp","href":"https:\/\/api.w.org\/{rel}","templated":true}]}}