{"id":10683,"date":"2022-03-06T19:45:35","date_gmt":"2022-03-06T18:45:35","guid":{"rendered":"https:\/\/agora.xtec.cat\/ceip-rllullrubi\/?page_id=10683"},"modified":"2026-03-11T15:41:29","modified_gmt":"2026-03-11T14:41:29","slug":"primaria-calendari-preinscripcio-i-matricula","status":"publish","type":"page","link":"https:\/\/agora.xtec.cat\/ceip-rllullrubi\/preinscripcio-i-matricula\/primaria-calendari-preinscripcio-i-matricula\/","title":{"rendered":"1. CALENDARI preinscripci\u00f3 i matr\u00edcula 26-27"},"content":{"rendered":"<div class=\"FW_sPregunta FW_sImpacte\">\n<div class=\"FW_sArticleFoto\">\n<div class=\"FW_sEditPro\">\n<h4 id=\"FW_bloc_5ff9132d-55e8-11e4-aafa-000c29f68999_2\" class=\"FW_ancora\">Preinscripci\u00f3<\/h4>\n<ul>\n<li><a href=\"https:\/\/agora.xtec.cat\/ceip-rllullrubi\/preinscripcio-i-matricula-2023-2024\/oferta-inicial-de-places\/\" target=\"_blank\" rel=\"noopener\">Oferta inicial<\/a> de places escolars. <strong>3 de mar\u00e7<\/strong><\/li>\n<li><strong>del 4 de mar\u00e7 (a partir de les 9 hores) al 18 de mar\u00e7 de 2026:<\/strong> <a href=\"https:\/\/agora.xtec.cat\/ceip-rllullrubi\/directori-de-documents\/preinscripcio-i-matricula-2023-2024\/0-com-fer-la-preinscripcio\/\" target=\"_blank\" rel=\"noopener\">presentaci\u00f3 de sol\u00b7licitud.<\/a> \u00c9s molt important respectar les dates, perqu\u00e8 les sol\u00b7licituds que es presentin fora d&#8217;aquest termini perdran totes les prioritats que haurien pogut tenir a l&#8217;hora d&#8217;obtenir la pla\u00e7a. Els criteris de prioritat serveixen per donar una puntuaci\u00f3 a cada sol\u00b7licitud. D&#8217;aquesta manera s&#8217;estableix l&#8217;ordre d&#8217;acc\u00e9s a les places de cada centre. Cal presentar la sol\u00b7licitud i adjuntar-hi la documentaci\u00f3 d&#8217;identificaci\u00f3 o de criteris que correspongui.<\/li>\n<li><strong>presentaci\u00f3 de documentaci\u00f3. <\/strong>Aquests dies pots presentar documentaci\u00f3 acreditativa que no hagis pogut adjuntar durant el per\u00edode de presentaci\u00f3 de sol\u00b7licituds. <strong>Fins el 19 de mar\u00e7<\/strong><\/li>\n<li><a href=\"https:\/\/agora.xtec.cat\/ceip-rllullrubi\/preinscripcio-i-matricula-2022-2023\/sol%c2%b7licituds-amb-la-puntuacio-provisional-llistat\/\" target=\"_blank\" rel=\"noopener\">Llista de sol\u00b7licituds amb la puntuaci\u00f3 provisional.\u00a0\u00a0<\/a><strong>Fins el 15 d&#8217;abril<\/strong><\/li>\n<li><a href=\"https:\/\/agora.xtec.cat\/ceip-rllullrubi\/preinscripcio-i-matricula\/reclamacions\/\" target=\"_blank\" rel=\"noopener\">Presentaci\u00f3 de reclamacions. <\/a><em><strong>Del 15 al 20 d&#8217;abril.<\/strong><\/em><\/li>\n<li>Llista de<a href=\"https:\/\/agora.xtec.cat\/ceip-rllullrubi\/preinscripcio-i-matricula-2022-2023\/sol%c2%b7licituds-resoltes-les-reclamacions-llistat\/\" target=\"_blank\" rel=\"noopener\"> sol\u00b7licituds amb la puntuaci\u00f3<\/a> un cop resoltes les reclamacions. <strong>23 d&#8217;abril<\/strong><\/li>\n<li>Sorteig del<a href=\"https:\/\/agora.xtec.cat\/ceip-rllullrubi\/preinscripcio-i-matricula\/numero-de-desempat\/\" target=\"_blank\" rel=\"noopener\"> n\u00famero de desempat.<\/a>\u00a0<strong>28 d&#8217;abril<\/strong><\/li>\n<li><a href=\"https:\/\/agora.xtec.cat\/ceip-rllullrubi\/preinscripcio-i-matricula-2022-2023\/sol%c2%b7licituds-amb-la-puntuacio-definitiva\/\" target=\"_blank\" rel=\"noopener\">Llista ordenada. <\/a><strong> 29 d&#8217;abril<\/strong><\/li>\n<li>Ampliaci\u00f3 de petici\u00f3 de centres per a les sol\u00b7licituds que no han obtingut cap assignaci\u00f3 (assignaci\u00f3 d&#8217;ofici). <strong>De l&#8217;1 al 3 de juny<\/strong><\/li>\n<li><a href=\"https:\/\/agora.xtec.cat\/ceip-rllullrubi\/preinscripcio-i-matricula-2022-2023\/oferta-definitiva-de-places\/\" target=\"_blank\" rel=\"noopener\">Oferta final<\/a> de places escolars. <strong><i>10 de juny<\/i><\/strong><\/li>\n<li>Llista d&#8217;<a href=\"https:\/\/agora.xtec.cat\/ceip-rllullrubi\/preinscripcio-i-matricula\/alumnes-admesos\/\" target=\"_blank\" rel=\"noopener\">alumnes admesos i llista d&#8217;espera.<\/a> <strong>10 de juny<\/strong><\/li>\n<li>Reclamacions. <em>Pendent<\/em><\/li>\n<\/ul>\n<\/div>\n<\/div>\n<div class=\"FW_clear FW_hrBlanc\"><\/div>\n<\/div>\n<div class=\"FW_sPregunta FW_sImpacte\">\n<h4 id=\"FW_bloc_5ff9132d-55e8-11e4-aafa-000c29f68999_2\" class=\"FW_ancora\">Matr\u00edcula<\/h4>\n<div class=\"FW_sArticleFoto\">\n<div class=\"FW_sEditPro\">\n<ul>\n<li>Alumnes preinscrits amb pla\u00e7a assignada. Un cop s&#8217;ha publicat la llista final d&#8217;alumnes admesos en cada centre, comen\u00e7a el per\u00edode de matriculaci\u00f3 dels preinscrits amb pla\u00e7a assignada.<strong> Del 22 al 30 de juny<\/strong><\/li>\n<\/ul>\n<\/div>\n<\/div>\n<\/div>\n","protected":false},"excerpt":{"rendered":"<p>Preinscripci\u00f3<\/p>\n<ul>\n<li><a href=\"https:\/\/agora.xtec.cat\/ceip-rllullrubi\/preinscripcio-i-matricula-2023-2024\/oferta-inicial-de-places\/\" target=\"_blank\" rel=\"noopener\">Oferta inicial<\/a> de places escolars. 3 de mar\u00e7<\/li>\n<li>del 4 de mar\u00e7 (a partir de les 9 hores) al 18 de mar\u00e7 de 2026: <a href=\"https:\/\/agora.xtec.cat\/ceip-rllullrubi\/directori-de-documents\/preinscripcio-i-matricula-2023-2024\/0-com-fer-la-preinscripcio\/\" target=\"_blank\" rel=\"noopener\">presentaci\u00f3 de sol\u00b7licitud.<\/a> \u00c9s molt important respectar les dates, perqu\u00e8 les sol\u00b7licituds que es presentin fora&hellip;  <a href=\"https:\/\/agora.xtec.cat\/ceip-rllullrubi\/preinscripcio-i-matricula\/primaria-calendari-preinscripcio-i-matricula\/\" title=\"Read 1. CALENDARI preinscripci\u00f3 i matr\u00edcula 26-27\">Llegeix m\u00e9s\u00bb<\/a><br \/>\n","protected":false},"author":1,"featured_media":0,"parent":1681,"menu_order":10,"comment_status":"closed","ping_status":"closed","template":"page-templates\/side-menu.php","meta":{"_bbp_topic_count":0,"_bbp_reply_count":0,"_bbp_total_topic_count":0,"_bbp_total_reply_count":0,"_bbp_voice_count":0,"_bbp_anonymous_reply_count":0,"_bbp_topic_count_hidden":0,"_bbp_reply_count_hidden":0,"_bbp_forum_subforum_count":0,"footnotes":""},"class_list":["post-10683","page","type-page","status-publish","hentry"],"post_mailing_queue_ids":[],"_links":{"self":[{"href":"https:\/\/agora.xtec.cat\/ceip-rllullrubi\/wp-json\/wp\/v2\/pages\/10683","targetHints":{"allow":["GET"]}}],"collection":[{"href":"https:\/\/agora.xtec.cat\/ceip-rllullrubi\/wp-json\/wp\/v2\/pages"}],"about":[{"href":"https:\/\/agora.xtec.cat\/ceip-rllullrubi\/wp-json\/wp\/v2\/types\/page"}],"author":[{"embeddable":true,"href":"https:\/\/agora.xtec.cat\/ceip-rllullrubi\/wp-json\/wp\/v2\/users\/1"}],"replies":[{"embeddable":true,"href":"https:\/\/agora.xtec.cat\/ceip-rllullrubi\/wp-json\/wp\/v2\/comments?post=10683"}],"version-history":[{"count":6,"href":"https:\/\/agora.xtec.cat\/ceip-rllullrubi\/wp-json\/wp\/v2\/pages\/10683\/revisions"}],"predecessor-version":[{"id":16687,"href":"https:\/\/agora.xtec.cat\/ceip-rllullrubi\/wp-json\/wp\/v2\/pages\/10683\/revisions\/16687"}],"up":[{"embeddable":true,"href":"https:\/\/agora.xtec.cat\/ceip-rllullrubi\/wp-json\/wp\/v2\/pages\/1681"}],"wp:attachment":[{"href":"https:\/\/agora.xtec.cat\/ceip-rllullrubi\/wp-json\/wp\/v2\/media?parent=10683"}],"curies":[{"name":"wp","href":"https:\/\/api.w.org\/{rel}","templated":true}]}}