{"id":10501,"date":"2022-02-22T14:22:02","date_gmt":"2022-02-22T13:22:02","guid":{"rendered":"https:\/\/agora.xtec.cat\/ceip-rllullrubi\/?page_id=10501"},"modified":"2022-11-12T19:27:58","modified_gmt":"2022-11-12T18:27:58","slug":"sortides-excursions-i-colonies","status":"publish","type":"page","link":"https:\/\/agora.xtec.cat\/ceip-rllullrubi\/projecte-educatiu\/nofc\/sortides-excursions-i-colonies\/","title":{"rendered":"Sortides, excursions i col\u00f2nies"},"content":{"rendered":"<ol>\n<li><strong>Aspectes generals<\/strong><\/li>\n<\/ol>\n<p>1.1 Participaci\u00f3.<\/p>\n<p>Aquests tipus d\u2019activitats tindran el tractament diferent segons si s\u2019han de pagar o no.<\/p>\n<p>Malgrat que es recomanar\u00e0 la participaci\u00f3 en tot tipus, es reservar\u00e0 la obligatorietat d\u2019assist\u00e8ncia per aquelles que siguin de car\u00e0cter gratu\u00eft.<\/p>\n<p>1.2 Normes de funcionament.<\/p>\n<p>Les activitats que hagin de ser realitzades fora del recinte escolar o que pel seu car\u00e0cter general impliquin l\u2019alteraci\u00f3 de l\u2019horari lectiu habitual, s\u2019hauran d\u2019incloure al Pla Anual de Centre o s\u2019hauran de preveure amb l\u2019antelaci\u00f3 m\u00ednima d\u2019un trimestre i ser aprovades pel consell escolar.<\/p>\n<p>No es podran fer sortides amb menys de dos acompanyants que seran necess\u00e0riament mestres i en el cas de parvulari un dels adults podr\u00e0 ser el\/la t\u00e8cnica d\u2019educaci\u00f3 infantil, llevat d\u2019aquelles que el consell escolar pugui definir.\u00a0Per completar la r\u00e0tio d&#8217;acompanyants es podr\u00e0 contractar monitoratge.<\/p>\n<p>Durant la jornada intensiva les sortides que es realitzin aniran d&#8217; acompanyants mestres especialistes, sempre que sigui possible.<\/p>\n<p>En la r\u00e0tio adults\/nens l\u2019auxiliar d\u2019educaci\u00f3 especial (vetllador\/a) i\/o el\/la monitor\/a de diabetis no far\u00e0 r\u00e0tio ni generen cost a assumir per les fam\u00edlies en el preu de la sortida, excursi\u00f3 i\/o col\u00f2nies.<\/p>\n<table style=\"border-collapse: collapse; width: 100%; height: 128px;\">\n<tbody>\n<tr style=\"height: 32px;\">\n<td style=\"width: 33.3333%; height: 32px; text-align: center;\">R\u00e0tio d&#8217;acompanyants a:<\/td>\n<td style=\"width: 33.3333%; height: 32px; text-align: center;\">Sortides i excursions<\/td>\n<td style=\"width: 33.3333%; height: 32px; text-align: center;\">Col\u00f2nies<\/td>\n<\/tr>\n<tr style=\"height: 32px;\">\n<td style=\"width: 33.3333%; height: 32px; text-align: center;\">E. Infantil<\/td>\n<td style=\"width: 33.3333%; height: 32px; text-align: center;\">10\/1<\/td>\n<td style=\"width: 33.3333%; height: 32px; text-align: center;\">8\/1<\/td>\n<\/tr>\n<tr style=\"height: 32px;\">\n<td style=\"width: 33.3333%; height: 32px; text-align: center;\">Cicle Inicial i Cicle Mitj\u00e0<\/td>\n<td style=\"width: 33.3333%; height: 32px; text-align: center;\">15\/1<\/td>\n<td style=\"width: 33.3333%; height: 32px; text-align: center;\">12\/1<\/td>\n<\/tr>\n<tr style=\"height: 32px;\">\n<td style=\"width: 33.3333%; height: 32px; text-align: center;\">Cicle Superior<\/td>\n<td style=\"width: 33.3333%; height: 32px; text-align: center;\">20\/1<\/td>\n<td style=\"width: 33.3333%; height: 32px; text-align: center;\">18\/1<\/td>\n<\/tr>\n<\/tbody>\n<\/table>\n<p>Els alumnes que participin en activitats fora del centre els caldr\u00e0 l\u2019autoritzaci\u00f3 escrita del pare, mare o tutor\/a legal.<\/p>\n<p>Es tindr\u00e0 especial atenci\u00f3 a notificar el fet de l\u2019excursi\u00f3 a aquells alumnes que, per malaltia, no hagin assistit a l\u2019escola els darrers dies.<\/p>\n<p>Tots els alumnes tindran dret d\u2019anar-hi i amb tot podran ser exclosos en el casos de:<\/p>\n<p>. q\u00fcestionament reiterat de l\u2019autoritat de l\u2019adult,<br \/>\n. comportament conflictiu greu amb els altres,<br \/>\n. agressions f\u00edsiques o amenaces, vexacions o humiliacions<br \/>\n. sostracci\u00f3 de material acad\u00e8mic i\/o escolar,<br \/>\n. deteriorament greu intencionat de depend\u00e8ncies, mobiliari i objectes del centre o d\u2019altres,<br \/>\n. reiterada i sistem\u00e0tica comissi\u00f3 de conductes contr\u00e0ries a les normes de conviv\u00e8ncia del centre.<\/p>\n<p>En aquest cas s\u2019informar\u00e0 a la fam\u00edlia de la decisi\u00f3 presa, sota criteri del tutor\/a de l\u2019alumne\/a, del l&#8217;equip docent (si s&#8217;escau) i amb el vistiplau de la direcci\u00f3 del centre.<\/p>\n<p>En altres casos, es podr\u00e0 prendre la decisi\u00f3 de qu\u00e8 l\u2019alumne\/a assisteixi a l\u2019activitat per\u00f2 es convocar\u00e0 a la fam\u00edlia perqu\u00e8 signi un acord amb unes condicions d\u2019estada.<\/p>\n<p>L\u2019alumnat que no participi en l\u2019activitat, ser\u00e0 acollit per un altre nivell que no hagi anat a l\u2019activitat, sigui quin sigui el nivell. S\u2019assignar\u00e0 feina a aquest alumnat.<\/p>\n<p>El mateix dia de l\u2019activitat i abans d\u2019abandonar el recinte escolar s\u2019entregar\u00e0 a secretaria el Model 1 de sortides.<\/p>\n<p>A final de curs quedar\u00e0 inclosa al document de mem\u00f2ria del cicle la valoraci\u00f3 escrita amb les dades puntuals de la sortida per facilitar ulteriors sortides.<\/p>\n<p><strong>2. Activitats complement\u00e0ries: sortides, excursions i col\u00f2nies<\/strong><\/p>\n<p>S&#8217;aplica l&#8217;apartat anterior.<\/p>\n<p>Aquestes activitats no s\u00f3n d&#8217;oferta obligat\u00f2ria.<\/p>\n<p>Nom\u00e9s es podran efectuar si s\u2019apunta un percentatge determinat d\u2019alumnes. Per sortides i excursions s\u2019estableix en el 75% i per a col\u00f2nies en el 60%.<\/p>\n<p>En les col\u00f2nies de 6\u00e8 no hi haur\u00e0 % de participaci\u00f3 m\u00ednima i es facilitar\u00e0 la participaci\u00f3 dels alumnes amb acords econ\u00f2mics.<\/p>\n<p>S&#8217;ha de tenir en compte que els alumnes amb necessitats educatives de suport educatiu, per ajustar els c\u00e0lculs i que la seva participaci\u00f3 no incideixi en el %, no ser\u00e0 vinculant en el % de participaci\u00f3.<\/p>\n<p>En el cas d&#8217;alumnat de matr\u00edcula viva i vetllant per l&#8217;equitat d&#8217;acc\u00e9s a totes les activitats de l&#8217;escola, podran optar a realitzar col\u00f2nies a partir de la seva incorporaci\u00f3 al centre independentment dels pla\u00e7os de reserva de pla\u00e7a, sempre i quan es tingui el vist-i-plau de la casa de col\u00f2nies contractada.<\/p>\n<p>Per efectuar les col\u00f2nies i qualsevol altra activitat que suposi pernoctar fora, haur\u00e0 de ser duta a terme pels dos cursos del mateix nivell.<\/p>\n<p>La durada de les col\u00f2nies de P\u00b75, 2n i 4t ser\u00e0 de tres dies (dues nits) i de 6\u00e8 5 dies (quatre nits).<\/p>\n<p>La r\u00e0tio adults\/nens s\u2019adequar\u00e0 en tot moment a la normativa vigent, i, en tot cas, mai ser\u00e0 inferior a 3 professors per cada dos grups\/classe, i en el cas de parvulari un dels adults podr\u00e0 ser mestre\/a o el\/la t\u00e8cnic\/a d\u2019educaci\u00f3 infantil.<\/p>\n<p>Els tutors\/les tutores indicaran en cada cas, per escrit, als tutors\/es legals dels alumnes participants el comunicat amb la informaci\u00f3 de la sortida, excursi\u00f3 i col\u00f2nies i els diners que caldr\u00e0 aportar, aix\u00ed com la data l\u00edmit de pagament.<\/p>\n<p>Pel qu\u00e8 fa a col\u00f2nies, un cop arribi l&#8217;autocar als voltants de l&#8217;escola les fam\u00edlies seran les encarregades de treure les motxilles dels autocars, els infants s&#8217;entregaran directament des dels autocars i si alguna fam\u00edlia ha de rebre alguna informaci\u00f3 espec\u00edfica sobre les col\u00f2nies se l&#8217;atendr\u00e0 despr\u00e9s d&#8217;entregar els infants i dins de l&#8217;escola.<\/p>\n<p><strong>3. Retorn del pagament de sortides, excursions i\/o col\u00f2nies<\/strong><\/p>\n<p>El retorn de l&#8217;import (total o parcial) a la fam\u00edlia ser\u00e0 sota falta justificada per causes de salut de l&#8217;alumne\/a o motius de for\u00e7a major vinculades a situacions familiars.<\/p>\n<p>La quantitat a retornar dependr\u00e0 de cada activitat, podent retornar-se el cost de l&#8217;entrada (si \u00e9s el cas) en el cas de no haver fet ja la paga i senyal a l&#8217;empresa contractada o si no queda condicionat el preu total de l&#8217;activitat per la resta de participants.<\/p>\n<p>&nbsp;<\/p>\n","protected":false},"excerpt":{"rendered":"<ol>\n<li>Aspectes generals<\/li>\n<\/ol>\n<p>1.1 Participaci\u00f3.<br \/>\nAquests tipus d\u2019activitats tindran el tractament diferent segons si s\u2019han de pagar o no.<br \/>\nMalgrat que es recomanar\u00e0 la participaci\u00f3 en tot tipus, es reservar\u00e0 la obligatorietat d\u2019assist\u00e8ncia per aquelles que siguin de car\u00e0cter gratu\u00eft.<br \/>\n1.2 Normes de funcionament.<br \/>\nLes activitats que hagin de ser realitzades&hellip;  <a href=\"https:\/\/agora.xtec.cat\/ceip-rllullrubi\/projecte-educatiu\/nofc\/sortides-excursions-i-colonies\/\" title=\"Read Sortides, excursions i col\u00f2nies\">Llegeix m\u00e9s\u00bb<\/a><\/p>\n","protected":false},"author":1,"featured_media":0,"parent":10476,"menu_order":40,"comment_status":"closed","ping_status":"closed","template":"page-templates\/side-menu.php","meta":{"_bbp_topic_count":0,"_bbp_reply_count":0,"_bbp_total_topic_count":0,"_bbp_total_reply_count":0,"_bbp_voice_count":0,"_bbp_anonymous_reply_count":0,"_bbp_topic_count_hidden":0,"_bbp_reply_count_hidden":0,"_bbp_forum_subforum_count":0,"footnotes":""},"class_list":["post-10501","page","type-page","status-publish","hentry"],"post_mailing_queue_ids":[],"_links":{"self":[{"href":"https:\/\/agora.xtec.cat\/ceip-rllullrubi\/wp-json\/wp\/v2\/pages\/10501","targetHints":{"allow":["GET"]}}],"collection":[{"href":"https:\/\/agora.xtec.cat\/ceip-rllullrubi\/wp-json\/wp\/v2\/pages"}],"about":[{"href":"https:\/\/agora.xtec.cat\/ceip-rllullrubi\/wp-json\/wp\/v2\/types\/page"}],"author":[{"embeddable":true,"href":"https:\/\/agora.xtec.cat\/ceip-rllullrubi\/wp-json\/wp\/v2\/users\/1"}],"replies":[{"embeddable":true,"href":"https:\/\/agora.xtec.cat\/ceip-rllullrubi\/wp-json\/wp\/v2\/comments?post=10501"}],"version-history":[{"count":4,"href":"https:\/\/agora.xtec.cat\/ceip-rllullrubi\/wp-json\/wp\/v2\/pages\/10501\/revisions"}],"predecessor-version":[{"id":12304,"href":"https:\/\/agora.xtec.cat\/ceip-rllullrubi\/wp-json\/wp\/v2\/pages\/10501\/revisions\/12304"}],"up":[{"embeddable":true,"href":"https:\/\/agora.xtec.cat\/ceip-rllullrubi\/wp-json\/wp\/v2\/pages\/10476"}],"wp:attachment":[{"href":"https:\/\/agora.xtec.cat\/ceip-rllullrubi\/wp-json\/wp\/v2\/media?parent=10501"}],"curies":[{"name":"wp","href":"https:\/\/api.w.org\/{rel}","templated":true}]}}