{"id":10476,"date":"2022-02-22T11:57:20","date_gmt":"2022-02-22T10:57:20","guid":{"rendered":"https:\/\/agora.xtec.cat\/ceip-rllullrubi\/?page_id=10476"},"modified":"2023-08-06T14:02:43","modified_gmt":"2023-08-06T12:02:43","slug":"nofc","status":"publish","type":"page","link":"https:\/\/agora.xtec.cat\/ceip-rllullrubi\/projecte-educatiu\/nofc\/","title":{"rendered":"NOFC"},"content":{"rendered":"<p>Les Normes d\u2019organitzaci\u00f3 i funcionament de centre (NOFC) s\u00f3n un instrument per desenvolupar i fer possible el projecte educatiu i, en \u00faltim terme, assolir l&#8217;\u00e8xit<br \/>\neducatiu.<\/p>\n<p>Han de servir per regular la vida interna del Centre i establir, de forma clara i coherent, les relacions entre els diferents grups d\u2019inter\u00e8s que conformen la comunitat educativa.<\/p>\n<p>Recull un conjunt de normes que obliguen a tota la Comunitat educativa i garanteix al mateix temps els drets que la legislaci\u00f3 vigent els atorga.<\/p>\n<p>La finalitat de les NOFC \u00e9s regular els aspectes relatius al funcionament intern del centre en all\u00f2 que no est\u00e0 previst de manera espec\u00edfica en les normes generals i desplegar i estructurar les tasques organitzatives, pedag\u00f2giques i administratives del centre, aix\u00ed com facilitar la conviv\u00e8ncia i harmonitzar les postures de tots els sectors que hi tenen incid\u00e8ncia.<\/p>\n<p>Les NOFC sempre tindran un car\u00e0cter de permanent actualitzaci\u00f3 i millora segons els mecanismes establerts en aquest document.<\/p>\n<p>Les presents NOFC s\u2019aplicaran a les activitats desenvolupades ja sigui al centre o en qualsevol altra instal\u00b7laci\u00f3 o edifici on s\u2019hagu\u00e9s despla\u00e7at la comunitat educativa en la seva totalitat o en grups.<\/p>\n<p>Les NOFC s\u00f3n d\u2019aplicaci\u00f3 a totes les persones que constitueixen la Comunitat Educativa: alumnat, professorat, pares\/mares o tutors legals i personal d\u2019administraci\u00f3 i serveis.<\/p>\n","protected":false},"excerpt":{"rendered":"<p>Les Normes d\u2019organitzaci\u00f3 i funcionament de centre (NOFC) s\u00f3n un instrument per desenvolupar i fer possible el projecte educatiu i, en \u00faltim terme, assolir l&#8217;\u00e8xit<br \/>\neducatiu.<br \/>\nHan de servir per regular la vida interna del Centre i establir, de forma clara i coherent, les relacions entre els&hellip;  <a href=\"https:\/\/agora.xtec.cat\/ceip-rllullrubi\/projecte-educatiu\/nofc\/\" title=\"Read NOFC\">Llegeix m\u00e9s\u00bb<\/a><\/p>\n","protected":false},"author":1,"featured_media":0,"parent":64,"menu_order":30,"comment_status":"closed","ping_status":"closed","template":"","meta":{"_bbp_topic_count":0,"_bbp_reply_count":0,"_bbp_total_topic_count":0,"_bbp_total_reply_count":0,"_bbp_voice_count":0,"_bbp_anonymous_reply_count":0,"_bbp_topic_count_hidden":0,"_bbp_reply_count_hidden":0,"_bbp_forum_subforum_count":0,"footnotes":""},"class_list":["post-10476","page","type-page","status-publish","hentry"],"post_mailing_queue_ids":[],"_links":{"self":[{"href":"https:\/\/agora.xtec.cat\/ceip-rllullrubi\/wp-json\/wp\/v2\/pages\/10476","targetHints":{"allow":["GET"]}}],"collection":[{"href":"https:\/\/agora.xtec.cat\/ceip-rllullrubi\/wp-json\/wp\/v2\/pages"}],"about":[{"href":"https:\/\/agora.xtec.cat\/ceip-rllullrubi\/wp-json\/wp\/v2\/types\/page"}],"author":[{"embeddable":true,"href":"https:\/\/agora.xtec.cat\/ceip-rllullrubi\/wp-json\/wp\/v2\/users\/1"}],"replies":[{"embeddable":true,"href":"https:\/\/agora.xtec.cat\/ceip-rllullrubi\/wp-json\/wp\/v2\/comments?post=10476"}],"version-history":[{"count":3,"href":"https:\/\/agora.xtec.cat\/ceip-rllullrubi\/wp-json\/wp\/v2\/pages\/10476\/revisions"}],"predecessor-version":[{"id":10482,"href":"https:\/\/agora.xtec.cat\/ceip-rllullrubi\/wp-json\/wp\/v2\/pages\/10476\/revisions\/10482"}],"up":[{"embeddable":true,"href":"https:\/\/agora.xtec.cat\/ceip-rllullrubi\/wp-json\/wp\/v2\/pages\/64"}],"wp:attachment":[{"href":"https:\/\/agora.xtec.cat\/ceip-rllullrubi\/wp-json\/wp\/v2\/media?parent=10476"}],"curies":[{"name":"wp","href":"https:\/\/api.w.org\/{rel}","templated":true}]}}