{"id":73,"date":"2014-09-18T14:01:51","date_gmt":"2014-09-18T12:01:51","guid":{"rendered":"http:\/\/agora.xtec.cat\/ceip-rcastelltort\/?page_id=73"},"modified":"2025-01-03T15:34:21","modified_gmt":"2025-01-03T14:34:21","slug":"menjador-escolar","status":"publish","type":"page","link":"https:\/\/agora.xtec.cat\/ceip-rcastelltort\/ampa\/menjador-escolar\/","title":{"rendered":"Menjador escolar"},"content":{"rendered":"<h1 style=\"text-align: justify;\"><strong>Un Espai Gestionat per les Fam\u00edlies<\/strong><\/h1>\n<p style=\"text-align: justify;\">El menjador escolar \u00e9s un espai fonamental per al benestar dels nostres alumnes i una de les grans fortaleses de la nostra comunitat educativa. El servei de menjador \u00e9s<strong> gestionat directament per l&#8217;Associaci\u00f3 de Fam\u00edlies d&#8217;Alumnes<\/strong> (AFA), cosa que garanteix un control total per part de les fam\u00edlies sobre el servei que s&#8217;ofereix. Aquesta gesti\u00f3 permet que les mateixes fam\u00edlies siguin responsables de la contractaci\u00f3 de monitoratge i cuiners, assegurant-se que els valors i les necessitats de la comunitat es reflecteixin en cada aspecte del servei.<\/p>\n<p style=\"text-align: justify;\">A m\u00e9s, disposem de <strong>cuina pr\u00f2pia<\/strong>, una caracter\u00edstica que ens permet oferir un men\u00fa variat i adaptat a l&#8217;\u00e8poca de l&#8217;any. Els <strong>plats s\u00f3n preparats al moment<\/strong> a la nostra pr\u00f2pia cuina, i els aliments que utilitzem se seleccionen acuradament, prioritzant <strong>productes de proximitat i de qualitat<\/strong>. Aix\u00f2 ens permet oferir un servei de menjador equilibrat i saludable, respectant les prefer\u00e8ncies aliment\u00e0ries de tots els alumnes.<\/p>\n<p style=\"text-align: justify;\">En el cas de necessitar <strong>dietes especials<\/strong>, com per al\u00b7l\u00e8rgies o intoler\u00e0ncies, estem totalment compromesos a adaptar els men\u00fas a les necessitats individuals dels nostres alumnes, garantint la seguretat i el benestar de tothom.<\/p>\n<p style=\"text-align: justify;\">L&#8217;espai menjador s&#8217;ofereix de 12:00 h a 15:00 h, amb diferents torns per garantir una distribuci\u00f3 adequada de tots els alumnes. A m\u00e9s, els alumnes <strong>d&#8217;I3 poden optar a la migdiada<\/strong> durant el primer trimestre, si ho desitgen. Aquest espai de menjador <strong>es pot combinar amb les activitats de migdia<\/strong> de 12:00 h a 13:00 h, cosa que permet una oferta flexible i adaptada a les necessitats de cada fam\u00edlia.<\/p>\n<p style=\"text-align: justify;\">El nostre objectiu \u00e9s oferir una experi\u00e8ncia de menjador que no nom\u00e9s sigui nutricionalment adequada, sin\u00f3 tamb\u00e9 un espai agradable i familiar per als nostres nens i nenes.<\/p>\n<p style=\"text-align: justify;\"><a href=\"http:\/\/www.amparc.cat\/menjador\/\" target=\"_blank\" rel=\"noopener noreferrer\"><img loading=\"lazy\" decoding=\"async\" class=\"alignnone size-full wp-image-559\" src=\"http:\/\/agora.xtec.cat\/ceip-rcastelltort\/wp-content\/uploads\/usu926\/2014\/09\/menjador_1-300x188.jpg\" alt=\"\" width=\"300\" height=\"188\" \/><\/a>\u00a0<a href=\"http:\/\/www.amparc.cat\/menjador\/\" target=\"_blank\" rel=\"noopener noreferrer\">Cliqueu per con\u00e8ixer m\u00e9s el menjador escolar<\/a><\/p>\n","protected":false},"excerpt":{"rendered":"<p>Un Espai Gestionat per les Fam\u00edlies<br \/>\nEl menjador escolar \u00e9s un espai fonamental per al benestar dels nostres alumnes i una de les grans fortaleses de la nostra comunitat educativa. El servei de menjador \u00e9s gestionat directament per l&#8217;Associaci\u00f3 de Fam\u00edlies d&#8217;Alumnes (AFA), cosa que garanteix&hellip;  <a href=\"https:\/\/agora.xtec.cat\/ceip-rcastelltort\/ampa\/menjador-escolar\/\" title=\"Read Menjador escolar\">Llegeix m\u00e9s\u00bb<\/a><\/p>\n","protected":false},"author":1,"featured_media":0,"parent":536,"menu_order":1,"comment_status":"closed","ping_status":"closed","template":"page-templates\/side-menu.php","meta":{"_bbp_topic_count":0,"_bbp_reply_count":0,"_bbp_total_topic_count":0,"_bbp_total_reply_count":0,"_bbp_voice_count":0,"_bbp_anonymous_reply_count":0,"_bbp_topic_count_hidden":0,"_bbp_reply_count_hidden":0,"_bbp_forum_subforum_count":0,"footnotes":""},"class_list":["post-73","page","type-page","status-publish","hentry"],"post_mailing_queue_ids":[],"_links":{"self":[{"href":"https:\/\/agora.xtec.cat\/ceip-rcastelltort\/wp-json\/wp\/v2\/pages\/73","targetHints":{"allow":["GET"]}}],"collection":[{"href":"https:\/\/agora.xtec.cat\/ceip-rcastelltort\/wp-json\/wp\/v2\/pages"}],"about":[{"href":"https:\/\/agora.xtec.cat\/ceip-rcastelltort\/wp-json\/wp\/v2\/types\/page"}],"author":[{"embeddable":true,"href":"https:\/\/agora.xtec.cat\/ceip-rcastelltort\/wp-json\/wp\/v2\/users\/1"}],"replies":[{"embeddable":true,"href":"https:\/\/agora.xtec.cat\/ceip-rcastelltort\/wp-json\/wp\/v2\/comments?post=73"}],"version-history":[{"count":5,"href":"https:\/\/agora.xtec.cat\/ceip-rcastelltort\/wp-json\/wp\/v2\/pages\/73\/revisions"}],"predecessor-version":[{"id":6934,"href":"https:\/\/agora.xtec.cat\/ceip-rcastelltort\/wp-json\/wp\/v2\/pages\/73\/revisions\/6934"}],"up":[{"embeddable":true,"href":"https:\/\/agora.xtec.cat\/ceip-rcastelltort\/wp-json\/wp\/v2\/pages\/536"}],"wp:attachment":[{"href":"https:\/\/agora.xtec.cat\/ceip-rcastelltort\/wp-json\/wp\/v2\/media?parent=73"}],"curies":[{"name":"wp","href":"https:\/\/api.w.org\/{rel}","templated":true}]}}