{"id":6902,"date":"2025-01-03T14:34:34","date_gmt":"2025-01-03T13:34:34","guid":{"rendered":"https:\/\/agora.xtec.cat\/ceip-rcastelltort\/?page_id=6902"},"modified":"2025-07-28T09:27:48","modified_gmt":"2025-07-28T07:27:48","slug":"curs-2024-2025","status":"publish","type":"page","link":"https:\/\/agora.xtec.cat\/ceip-rcastelltort\/curs-2024-2025\/","title":{"rendered":"CURS 2025\/2026"},"content":{"rendered":"<p>A la nostra escola, cada curs \u00e9s una nova oportunitat per cr\u00e9ixer i aprendre. Amb l\u2019inici del curs 2024\/2025, tenim preparades diverses iniciatives i recursos que ajudaran els nostres alumnes a viure una experi\u00e8ncia educativa rica i completa. A continuaci\u00f3, presentem alguns dels aspectes m\u00e9s rellevants d\u2019aquest curs:<\/p>\n<h4><a href=\"https:\/\/agora.xtec.cat\/ceip-rcastelltort\/curs-2024-2025\/informacio-dinici-de-curs\/\"><strong>Informaci\u00f3 d&#8217;inici del Curs 2025\/2026<\/strong><\/a><\/h4>\n<p>El Llibret de Funcionament \u00e9s un document fonamental on es detallen els principals aspectes organitzatius del curs 2024\/2025. En aquest llibret, trobareu informaci\u00f3 sobre l\u2019equip de mestres que acompanyar\u00e0 els alumnes durant aquest curs, aix\u00ed com el calendari escolar, les festes i celebracions programades, i les activitats especials com les col\u00f2nies. Aquest document t\u00e9 com a objectiu oferir a les fam\u00edlies i als alumnes una visi\u00f3 clara de l\u2019organitzaci\u00f3 del curs, facilitant la comunicaci\u00f3 i la planificaci\u00f3 de l\u2019any escolar.<\/p>\n<h4><a href=\"https:\/\/agora.xtec.cat\/ceip-rcastelltort\/curs-2024-2025\/calendari-del-curs\/\"><strong>Calendari escolar del curs 2025\/2026<\/strong><\/a><\/h4>\n<p>Calendari del curs on podreu saber els dies de lliure disposici\u00f3, les vacances i la jornada intensiva d&#8217;aquest curs.<\/p>\n<h4><a href=\"https:\/\/agora.xtec.cat\/ceip-rcastelltort\/curs-2024-2025\/material-escolar\/\"><strong>Materials del Curs 2025\/2026<\/strong><\/a><\/h4>\n<p>Per a aquest curs, hem actualitzat i millorat els materials educatius. Els materials estan dissenyats per refor\u00e7ar l\u2019aprenentatge a l\u2019aula i a casa, i permeten als mestres personalitzar les seves classes segons les necessitats de l\u2019alumnat.<\/p>\n<h4><a href=\"https:\/\/agora.xtec.cat\/ceip-rcastelltort\/curs-2024-2025\/sortides-i-colonies\/\"><strong>Sortides i Col\u00f2nies del Curs 2025\/2026<\/strong><\/a><\/h4>\n<p>Les sortides i col\u00f2nies s\u00f3n una part essencial de la nostra proposta educativa, ja que permeten als alumnes aprendre fora de l\u2019aula i viure experi\u00e8ncies \u00faniques. Aquest curs, oferim diverses sortides educatives relacionades amb els continguts curriculars, aix\u00ed com col\u00f2nies que promouen la conviv\u00e8ncia, l\u2019autonomia i el treball en equip. Aquestes activitats complementen l\u2019ensenyament de l\u2019aula i ofereixen als alumnes una oportunitat per descobrir nous entorns i aprendre de manera vivencial.<\/p>\n","protected":false},"excerpt":{"rendered":"<p>A la nostra escola, cada curs \u00e9s una nova oportunitat per cr\u00e9ixer i aprendre. Amb l\u2019inici del curs 2024\/2025, tenim preparades diverses iniciatives i recursos que ajudaran els nostres alumnes a viure una experi\u00e8ncia educativa rica i completa. A continuaci\u00f3, presentem alguns dels aspectes m\u00e9s&hellip;  <a href=\"https:\/\/agora.xtec.cat\/ceip-rcastelltort\/curs-2024-2025\/\" title=\"Read CURS 2025\/2026\">Llegeix m\u00e9s\u00bb<\/a><\/p>\n","protected":false},"author":1,"featured_media":0,"parent":0,"menu_order":0,"comment_status":"closed","ping_status":"closed","template":"page-templates\/side-menu.php","meta":{"_bbp_topic_count":0,"_bbp_reply_count":0,"_bbp_total_topic_count":0,"_bbp_total_reply_count":0,"_bbp_voice_count":0,"_bbp_anonymous_reply_count":0,"_bbp_topic_count_hidden":0,"_bbp_reply_count_hidden":0,"_bbp_forum_subforum_count":0,"footnotes":""},"class_list":["post-6902","page","type-page","status-publish","hentry"],"post_mailing_queue_ids":[],"_links":{"self":[{"href":"https:\/\/agora.xtec.cat\/ceip-rcastelltort\/wp-json\/wp\/v2\/pages\/6902","targetHints":{"allow":["GET"]}}],"collection":[{"href":"https:\/\/agora.xtec.cat\/ceip-rcastelltort\/wp-json\/wp\/v2\/pages"}],"about":[{"href":"https:\/\/agora.xtec.cat\/ceip-rcastelltort\/wp-json\/wp\/v2\/types\/page"}],"author":[{"embeddable":true,"href":"https:\/\/agora.xtec.cat\/ceip-rcastelltort\/wp-json\/wp\/v2\/users\/1"}],"replies":[{"embeddable":true,"href":"https:\/\/agora.xtec.cat\/ceip-rcastelltort\/wp-json\/wp\/v2\/comments?post=6902"}],"version-history":[{"count":7,"href":"https:\/\/agora.xtec.cat\/ceip-rcastelltort\/wp-json\/wp\/v2\/pages\/6902\/revisions"}],"predecessor-version":[{"id":7079,"href":"https:\/\/agora.xtec.cat\/ceip-rcastelltort\/wp-json\/wp\/v2\/pages\/6902\/revisions\/7079"}],"wp:attachment":[{"href":"https:\/\/agora.xtec.cat\/ceip-rcastelltort\/wp-json\/wp\/v2\/media?parent=6902"}],"curies":[{"name":"wp","href":"https:\/\/api.w.org\/{rel}","templated":true}]}}