{"id":64,"date":"2014-09-18T12:39:08","date_gmt":"2014-09-18T11:39:08","guid":{"rendered":"http:\/\/agora.xtec.cat\/ceip-rcastelltort\/?page_id=64"},"modified":"2025-01-13T10:13:37","modified_gmt":"2025-01-13T09:13:37","slug":"projecte-educatiu","status":"publish","type":"page","link":"https:\/\/agora.xtec.cat\/ceip-rcastelltort\/projecte-educatiu\/","title":{"rendered":"Documents de centre"},"content":{"rendered":"<p>Els documents que presentem a continuaci\u00f3 s\u00f3n fonamentals per a l\u2019organitzaci\u00f3, el funcionament i el desenvolupament pedag\u00f2gic del nostre centre. Aquests documents reflecteixen els nostres valors, les nostres l\u00ednies d\u2019actuaci\u00f3 i les nostres aspiracions educatives. La seva elaboraci\u00f3 i revisi\u00f3 s\u00f3n el resultat d\u2019un proc\u00e9s col\u00b7laboratiu amb tot l\u2019equip docent i la comunitat educativa. A continuaci\u00f3, detallem els documents m\u00e9s rellevants:<\/p>\n<h4><strong>Projecte Educatiu de Centre (PEC)<\/strong><\/h4>\n<p>El PEC \u00e9s el document fonamental que defineix el nostre model educatiu, els nostres valors i els objectius generals del centre. Reflecteix la nostra visi\u00f3 i missi\u00f3, aix\u00ed com els criteris i l\u00ednies d\u2019actuaci\u00f3 pedag\u00f2gica. El PEC guia el treball de tots els membres de la comunitat educativa i \u00e9s una eina de refer\u00e8ncia per a la presa de decisions i el desenvolupament de la nostra activitat escolar.<\/p>\n<p><a href=\"https:\/\/agora.xtec.cat\/ceip-rcastelltort\/wp-content\/uploads\/usu926\/2025\/01\/PEC.docx.pdf\">PEC.docx<\/a><\/p>\n<h4><strong>Normativa Organitzativa i de Funcionament del Centre (NOFC)<\/strong><\/h4>\n<p>Les NOFC s\u00f3n el conjunt de regles i protocols que regulen l\u2019activitat quotidiana del centre, establint els drets i deures de tots els membres de la comunitat escolar. Aquest document assegura un bon funcionament de l\u2019escola, establint normes clares i coherents per al respecte, la conviv\u00e8ncia i l\u2019organitzaci\u00f3 de les activitats.<\/p>\n<p><a href=\"https:\/\/agora.xtec.cat\/ceip-rcastelltort\/wp-content\/uploads\/usu926\/2025\/01\/NOFC-setembre-2024.doc.pdf\">NOFC setembre 2024.doc<\/a><\/p>\n<h4><strong>Projecte Ling\u00fc\u00edstic<\/strong><\/h4>\n<p>El Projecte Ling\u00fc\u00edstic \u00e9s un document estrat\u00e8gic que defineix l\u2019enfocament de l\u2019escola en l\u2019ensenyament de les lleng\u00fces. Estableix les directrius per a l\u2019ensenyament i l\u2019\u00fas de les lleng\u00fces oficials i estrangeres dins de l\u2019aula, aix\u00ed com la manera en qu\u00e8 el llenguatge es vincula a altres \u00e0rees curriculars. El Projecte Ling\u00fc\u00edstic promou la compet\u00e8ncia comunicativa de l\u2019alumnat, contribuint a la seva formaci\u00f3 integral.<\/p>\n<p><a href=\"https:\/\/agora.xtec.cat\/ceip-rcastelltort\/wp-content\/uploads\/usu926\/2019\/02\/PROJECTE-LIC-ESCOLA-2018-revisat.pdf\">PROJECTE LIC ESCOLA\u00a0<\/a><\/p>\n<h4><strong>Carta de Comprom\u00eds<\/strong><\/h4>\n<p>La Carta de Comprom\u00eds \u00e9s un document signat per les fam\u00edlies i el centre, on es defineixen els compromisos i responsabilitats m\u00fatues. Aquest document recull els drets i deures de les fam\u00edlies i de l\u2019escola, amb l\u2019objectiu d\u2019afavorir una col\u00b7laboraci\u00f3 estreta entre ambdues parts en l\u2019educaci\u00f3 dels alumnes.<\/p>\n<p><a href=\"https:\/\/agora.xtec.cat\/ceip-rcastelltort\/wp-content\/uploads\/usu926\/2022\/07\/CARTA-COMPROMIS-EDUCATIU.doc.pdf\">CARTA COMPROM\u00cdS EDUCATIU.doc<\/a><\/p>\n","protected":false},"excerpt":{"rendered":"<p>Els documents que presentem a continuaci\u00f3 s\u00f3n fonamentals per a l\u2019organitzaci\u00f3, el funcionament i el desenvolupament pedag\u00f2gic del nostre centre. Aquests documents reflecteixen els nostres valors, les nostres l\u00ednies d\u2019actuaci\u00f3 i les nostres aspiracions educatives. La seva elaboraci\u00f3 i revisi\u00f3 s\u00f3n el resultat d\u2019un proc\u00e9s&hellip;  <a href=\"https:\/\/agora.xtec.cat\/ceip-rcastelltort\/projecte-educatiu\/\" title=\"Read Documents de centre\">Llegeix m\u00e9s\u00bb<\/a><\/p>\n","protected":false},"author":1,"featured_media":0,"parent":0,"menu_order":0,"comment_status":"closed","ping_status":"closed","template":"","meta":{"_bbp_topic_count":0,"_bbp_reply_count":0,"_bbp_total_topic_count":0,"_bbp_total_reply_count":0,"_bbp_voice_count":0,"_bbp_anonymous_reply_count":0,"_bbp_topic_count_hidden":0,"_bbp_reply_count_hidden":0,"_bbp_forum_subforum_count":0,"footnotes":""},"class_list":["post-64","page","type-page","status-publish","hentry"],"post_mailing_queue_ids":[],"_links":{"self":[{"href":"https:\/\/agora.xtec.cat\/ceip-rcastelltort\/wp-json\/wp\/v2\/pages\/64","targetHints":{"allow":["GET"]}}],"collection":[{"href":"https:\/\/agora.xtec.cat\/ceip-rcastelltort\/wp-json\/wp\/v2\/pages"}],"about":[{"href":"https:\/\/agora.xtec.cat\/ceip-rcastelltort\/wp-json\/wp\/v2\/types\/page"}],"author":[{"embeddable":true,"href":"https:\/\/agora.xtec.cat\/ceip-rcastelltort\/wp-json\/wp\/v2\/users\/1"}],"replies":[{"embeddable":true,"href":"https:\/\/agora.xtec.cat\/ceip-rcastelltort\/wp-json\/wp\/v2\/comments?post=64"}],"version-history":[{"count":5,"href":"https:\/\/agora.xtec.cat\/ceip-rcastelltort\/wp-json\/wp\/v2\/pages\/64\/revisions"}],"predecessor-version":[{"id":7011,"href":"https:\/\/agora.xtec.cat\/ceip-rcastelltort\/wp-json\/wp\/v2\/pages\/64\/revisions\/7011"}],"wp:attachment":[{"href":"https:\/\/agora.xtec.cat\/ceip-rcastelltort\/wp-json\/wp\/v2\/media?parent=64"}],"curies":[{"name":"wp","href":"https:\/\/api.w.org\/{rel}","templated":true}]}}