{"id":536,"date":"2018-07-03T23:00:44","date_gmt":"2018-07-03T21:00:44","guid":{"rendered":"http:\/\/agora.xtec.cat\/ceip-rcastelltort\/?page_id=536"},"modified":"2025-01-03T14:19:38","modified_gmt":"2025-01-03T13:19:38","slug":"ampa","status":"publish","type":"page","link":"https:\/\/agora.xtec.cat\/ceip-rcastelltort\/ampa\/","title":{"rendered":"AFA"},"content":{"rendered":"<div id=\"text-2\" class=\"widget_text sidebarBox widgetBox\">L&#8217;AFA \u00e9s una entitat associativa volunt\u00e0ria de mares i pares d&#8217;alumnes situada en el mateix centre educatiu, amb participaci\u00f3 activa en les activitats l&#8217;escola.<\/div>\n<div id=\"text-3\" class=\"widget_text sidebarBox widgetBox\"><\/div>\n<div class=\"widget_text sidebarBox widgetBox\">\n<h3>Tel\u00e8fon 93 803 02 12<\/h3>\n<ul>\n<li><strong>Jordi Prat, coordinador d&#8217;activitats extraescolars i menjador.<\/strong>\u00a0Per qualsevol consulta sobre les activitats de mat\u00ed, migdia i tarda, altes i baixes mensuals:\u00a0<a href=\"mailto:afarc@afarc.cat\" target=\"_blank\" rel=\"noopener noreferrer\">afarc@afarc.cat<\/a><\/li>\n<li><strong>Arel\u00ed Santos, administrativa. <\/strong>Per consultes de facturaci\u00f3 de TPV Escola i assist\u00e8ncia de menjador: <a href=\"mailto:administrcio@afarc.cat\" target=\"_blank\" rel=\"noopener noreferrer\">administracio@afarc.<wbr \/>cat<\/a><\/li>\n<li><strong>Junta de l&#8217;AFA.<\/strong> Per consultes, participaci\u00f3, col\u00b7laboraci\u00f3 i coordinaci\u00f3 de temes relacionats amb les Fam\u00edlies de l&#8217;Escola: <a href=\"mailto:junta@afarc.cat\" target=\"_blank\" rel=\"noopener noreferrer\">junta@afarc.cat<\/a><\/li>\n<\/ul>\n<p>Recordeu que el nostre tel\u00e8fon \u00e9s el\u00a0<strong>938030212<\/strong>\u00a0i el tel\u00e8fon m\u00f2bil de coordinaci\u00f3 \u00e9s\u00a0<strong>640828648.<\/strong>\u00a0Tamb\u00e9 fer recordatori que us fem l&#8217;<em>atenci\u00f3 a les fam\u00edlies cada dia de 9h a 10h del mat\u00ed i els dilluns de 17h a 18h de la tarda\u00a0<\/em>a l&#8217;oficina de l&#8217;AFA de l&#8217;Escola.<\/p>\n<\/div>\n<div class=\"widget_text sidebarBox widgetBox\">\n<p style=\"text-align: center;\"><a href=\"http:\/\/www.amparc.cat\/\" target=\"_blank\" rel=\"noopener noreferrer\">cliqueu per entra a la p\u00e0gina de l&#8217;AFA<\/a><\/p>\n<\/div>\n","protected":false},"excerpt":{"rendered":"<p>L&#8217;AFA \u00e9s una entitat associativa volunt\u00e0ria de mares i pares d&#8217;alumnes situada en el mateix centre educatiu, amb participaci\u00f3 activa en les activitats l&#8217;escola.<\/p>\n<p>Tel\u00e8fon 93 803 02 12<\/p>\n<ul>\n<li>Jordi Prat, coordinador d&#8217;activitats extraescolars i menjador.\u00a0Per qualsevol consulta sobre les activitats de mat\u00ed, migdia i tarda, altes&hellip;  <a href=\"https:\/\/agora.xtec.cat\/ceip-rcastelltort\/ampa\/\" title=\"Read AFA\">Llegeix m\u00e9s\u00bb<\/a><br \/>\n","protected":false},"author":1,"featured_media":0,"parent":0,"menu_order":0,"comment_status":"closed","ping_status":"closed","template":"page-templates\/side-menu.php","meta":{"_bbp_topic_count":0,"_bbp_reply_count":0,"_bbp_total_topic_count":0,"_bbp_total_reply_count":0,"_bbp_voice_count":0,"_bbp_anonymous_reply_count":0,"_bbp_topic_count_hidden":0,"_bbp_reply_count_hidden":0,"_bbp_forum_subforum_count":0,"footnotes":""},"class_list":["post-536","page","type-page","status-publish","hentry"],"post_mailing_queue_ids":[],"_links":{"self":[{"href":"https:\/\/agora.xtec.cat\/ceip-rcastelltort\/wp-json\/wp\/v2\/pages\/536","targetHints":{"allow":["GET"]}}],"collection":[{"href":"https:\/\/agora.xtec.cat\/ceip-rcastelltort\/wp-json\/wp\/v2\/pages"}],"about":[{"href":"https:\/\/agora.xtec.cat\/ceip-rcastelltort\/wp-json\/wp\/v2\/types\/page"}],"author":[{"embeddable":true,"href":"https:\/\/agora.xtec.cat\/ceip-rcastelltort\/wp-json\/wp\/v2\/users\/1"}],"replies":[{"embeddable":true,"href":"https:\/\/agora.xtec.cat\/ceip-rcastelltort\/wp-json\/wp\/v2\/comments?post=536"}],"version-history":[{"count":4,"href":"https:\/\/agora.xtec.cat\/ceip-rcastelltort\/wp-json\/wp\/v2\/pages\/536\/revisions"}],"predecessor-version":[{"id":6812,"href":"https:\/\/agora.xtec.cat\/ceip-rcastelltort\/wp-json\/wp\/v2\/pages\/536\/revisions\/6812"}],"wp:attachment":[{"href":"https:\/\/agora.xtec.cat\/ceip-rcastelltort\/wp-json\/wp\/v2\/media?parent=536"}],"curies":[{"name":"wp","href":"https:\/\/api.w.org\/{rel}","templated":true}]}}