{"id":38,"date":"2014-09-18T12:34:08","date_gmt":"2014-09-18T10:34:08","guid":{"rendered":"http:\/\/agora.xtec.cat\/ceip-rcastelltort\/?page_id=38"},"modified":"2026-01-23T11:28:58","modified_gmt":"2026-01-23T10:28:58","slug":"salut","status":"publish","type":"page","link":"https:\/\/agora.xtec.cat\/ceip-rcastelltort\/lescola\/salut\/","title":{"rendered":"Salut"},"content":{"rendered":"<p style=\"text-align: justify;\">Quan un alumne\/a es trobi malament a les hores de classe o menjador s&#8217;avisar\u00e0 als pares perqu\u00e8 vinguin a recollir-lo.\u00a0 L&#8217;escola \u200bes \u200breserva \u200bel \u200bdret \u200bde \u200btrucar \u200bal \u200b112 \u200bsi \u200bho \u200bconsidera \u200bnecessari.<\/p>\n<h6 style=\"text-align: justify;\">Al\u00b7l\u00e8rgies \u200bi \u200bmalalties \u200bcr\u00f2niques<\/h6>\n<p style=\"text-align: justify;\">Els alumnes que mostrin alguna problem\u00e0tica de salut, com pot \u00e9sser: asma, lumb\u00e0lgia, bronquitis, al\u00b7l\u00e8rgies,&#8230; cal que portin un certificat m\u00e8dic en el qual s\u2019especifiqui el tipus malaltia i els exercicis que es recomana que no s\u00f3n adequats per a la seva salut. S&#8217;informar\u00e0 a tots els mestres del centre que estiguin implicats. El mestre\/a tutor\/a tindr\u00e0 enganxat a sobre la taula un paper on s&#8217;explica el cas. La informaci\u00f3 est\u00e0 a l&#8217;expedient de l&#8217;alumne\/a i en una graella a l&#8217;ordinador i en paper disponible per tot el professorat i pels \u200bmonitors \u200bde \u200bmenjador \u200bque \u200bs&#8217;anir\u00e0 \u200bactualitzant \u200ba \u200bnivell \u200binform\u00e0tic.<br \/>\nEls \u200balumnes \u200bque \u200bdurant \u200bel \u200bcurs \u200bpassin \u200bo \u200bhagin \u200bpassat \u200balguna \u200bmalaltia \u200binfecto-contagiosa \u200bgreu \u200b(hepatitis, tuberculosis,&#8230;) \u200bhauran \u200bd&#8217;informar-ne \u200bimmediatament \u200bl&#8217;escola \u200bi \u200bpresentar \u200bun \u200binforme \u200bm\u00e8dic \u200bgarantint \u200bque \u200bno existeix \u200bcap \u200bperill \u200bde \u200bcontagi.<br \/>\nEn \u200baquest \u200bmateix \u200bsentit, \u200bno \u200bpot \u200bvenir \u200ba \u200bl&#8217;escola \u200bcap \u200bnen \u200bo \u200bnena \u200bque \u200bpresenti \u200bfebre, \u200bconjuntivitis \u200bo \u200bdiarrea.<\/p>\n<h6>Tractaments pediculicides (polls)<\/h6>\n<p style=\"text-align: justify;\">Les \u200bfam\u00edlies \u200bhan \u200bd&#8217;informar \u200ba \u200bl&#8217;escola \u200ben \u200bcas \u200bque \u200bdetectin \u200bl&#8217;aparici\u00f3 \u200bde \u200bpar\u00e0sits. \u200bEls \u200balumnes \u200bafectats \u200bper ll\u00e8menes \u200bo \u200bpolls \u200bhan \u200bde \u200bprendre \u200bles \u200bmesures \u200bnecess\u00e0ries \u200bper \u200ba \u200bl\u2019eradicaci\u00f3 \u200bdels \u200bpar\u00e0sits. \u200bL\u2019escola \u200bprendr\u00e0 \u200bles mesures\u00a0 necess\u00e0ries \u200bsi \u200bles \u200bfam\u00edlies \u200bno \u200ben \u200bfan \u200bel \u200bcontrol \u200badient.<\/p>\n<h6 style=\"text-align: justify;\">Medicaments<\/h6>\n<p style=\"text-align: justify;\">No s&#8217;administraran medicaments en horari escolar, nom\u00e9s a l&#8217;hora de menjador i s\u2019haur\u00e0 de portar a l\u2019encarregada del menjador una recepta o informe del metge o metgessa on hi consti el nom de l\u2019alumne\/a, la \u200bpauta \u200bi \u200bel \u200bnom \u200bdel \u200bmedicament \u200bque \u200bha \u200bde \u200bprendre \u200bi \u200bla \u200bnecessitat \u200bde \u200bsubministrar-ho \u200ben \u200bhorari \u200bescolar.<br \/>\nEn \u200bcasos \u200bexcepcionals, \u200bla \u200bfam\u00edlia \u200bparlar\u00e0 \u200bamb \u200bla \u200bdirecci\u00f3 \u200bdel \u200bcentre \u200bi \u200bes \u200bvalorar\u00e0 \u200bel \u200bcas.<\/p>\n<h6 style=\"text-align: justify;\">Accidents \u200bescolars<\/h6>\n<p style=\"text-align: justify;\">En \u200bcas \u200bque \u200bun \u200balumne\/a \u200bpateixi \u200bun \u200baccident \u200ba \u200bl&#8217;escola, \u200bes \u200bprocedir\u00e0 \u200bde \u200bla \u200bseg\u00fcent \u200bmanera \u200b:<br \/>\n1. Si la ferida \u00e9s lleu, la cura es far\u00e0 a la mateixa escola, netejant-la amb aigua i sab\u00f3, desinfectant-la \u200bi \u200bprotegint-la. \u200bComprovar \u200bque \u200bl\u2019alumne\/a \u200bno \u200b\u00e9s \u200bal.l\u00e8rgic \u200ba \u200bcap \u200bmedicament.<br \/>\n2. Si l&#8217;accident \u00e9s de certa import\u00e0ncia (possible contusi\u00f3, fractura&#8230;) l&#8217;alumne ha de ser at\u00e8s en un centre \u200bsanitari \u200b(Urg\u00e8ncies). \u200bEn \u200baquest \u200bcas \u200bse \u200bseguir\u00e0 \u200bel \u200bseg\u00fcent \u200bproc\u00e9s \u200b:<br \/>\n&#8211; \u200bFer \u200bla \u200bprimera \u200bcura \u200ba \u200bl&#8217;escola, \u200bsi \u200bprocedeix.<br \/>\n&#8211; \u200bAvisar \u200bels \u200bpares \u200bper \u200bsi \u200bpoden \u200btraslladar \u200bl&#8217;accidentat \u200bal \u200bcentre \u200bsanitari.<br \/>\n&#8211; Si no es localitzen els familiars, ser\u00e0 el tutor o un membre de l&#8217;equip directiu qui buscar\u00e0 els mitjans de transport \u200b\u2013 \u200bs\u2019avisar\u00e0 \u200ba \u200bl\u2019ambul\u00e0ncia \u200bi \u200bacompanyar\u00e0 \u200ba \u200bl\u2019accidentat \u200bal \u200bcentre \u200bd\u2019 \u200burg\u00e8ncies \u200bde \u200bla \u200blocalitat.<br \/>\nPer poder seguir aquest proc\u00e9s descrit \u00e9s imprescindible que disposem d&#8217;un o m\u00e9s tel\u00e8fons de localitzaci\u00f3 dels \u200bpares \u200bo \u200bd&#8217;altres \u200bpersones \u200bque \u200btinguin \u200brelaci\u00f3 \u200bamb \u200bel\/la \u200bnen\/a \u200b(avis, \u200bve\u00efns&#8230;)<br \/>\nSi l\u2019accident passa al menjador o en horari d\u2019extraescolars, els monitors seguiran el mateix procediment i es donar\u00e0 \u200ba \u200bcon\u00e8ixer \u200bal \u200btutor\/a \u200bo \u200ba \u200bla \u200bdirecci\u00f3 \u200bdel \u200bcentre.<\/p>\n<h6 style=\"text-align: justify;\">\u200bVacunes \u200bi \u200brevisi\u00f3 \u200bdental.<\/h6>\n<p style=\"text-align: justify;\">L\u2019escola \u200bcol\u00b7labora \u200bamb \u200bel \u200bServei \u200bde \u200bSalut \u200bEscolar \u200bde \u200bl\u2019Ajuntament.<br \/>\nA \u200bl\u2019escola \u200bes \u200bfar\u00e0:<br \/>\nVacunaci\u00f3 \u200bde \u200bl&#8217;Hepatitis \u200bB, \u200bla \u200bvaricel\u00b7la \u200bi \u200bpapil\u00b7loma \u200bl&#8217;alumnat \u200bde \u200b6\u00e8 \u200bde \u200bPrim\u00e0ria, \u200bque \u200bsigui \u200bautoritat \u200bper \u200bla fam\u00edlia.<br \/>\nRevisi\u00f3 \u200bdental \u200bun \u200bcop \u200bl\u2019any \u200bals \u200balumnes \u200bd&#8217;I4, \u200b1r \u200bi \u200b6\u00e8 \u200bamb \u200bautoritzaci\u00f3 \u200bfamiliar.<\/p>\n<p>&nbsp;<\/p>\n<p>&nbsp;<\/p>\n<p>&nbsp;<\/p>\n<p>&nbsp;<\/p>\n","protected":false},"excerpt":{"rendered":"<p>Quan un alumne\/a es trobi malament a les hores de classe o menjador s&#8217;avisar\u00e0 als pares perqu\u00e8 vinguin a recollir-lo.\u00a0 L&#8217;escola \u200bes \u200breserva \u200bel \u200bdret \u200bde \u200btrucar \u200bal \u200b112 \u200bsi \u200bho \u200bconsidera \u200bnecessari.<br \/>\nAl\u00b7l\u00e8rgies \u200bi \u200bmalalties \u200bcr\u00f2niques<br \/>\nEls alumnes que mostrin alguna problem\u00e0tica de salut, com pot&hellip;  <a href=\"https:\/\/agora.xtec.cat\/ceip-rcastelltort\/lescola\/salut\/\" title=\"Read Salut\">Llegeix m\u00e9s\u00bb<\/a><\/p>\n","protected":false},"author":1,"featured_media":0,"parent":22,"menu_order":10,"comment_status":"closed","ping_status":"closed","template":"page-templates\/side-menu.php","meta":{"_bbp_topic_count":0,"_bbp_reply_count":0,"_bbp_total_topic_count":0,"_bbp_total_reply_count":0,"_bbp_voice_count":0,"_bbp_anonymous_reply_count":0,"_bbp_topic_count_hidden":0,"_bbp_reply_count_hidden":0,"_bbp_forum_subforum_count":0,"footnotes":""},"class_list":["post-38","page","type-page","status-publish","hentry"],"post_mailing_queue_ids":[],"_links":{"self":[{"href":"https:\/\/agora.xtec.cat\/ceip-rcastelltort\/wp-json\/wp\/v2\/pages\/38","targetHints":{"allow":["GET"]}}],"collection":[{"href":"https:\/\/agora.xtec.cat\/ceip-rcastelltort\/wp-json\/wp\/v2\/pages"}],"about":[{"href":"https:\/\/agora.xtec.cat\/ceip-rcastelltort\/wp-json\/wp\/v2\/types\/page"}],"author":[{"embeddable":true,"href":"https:\/\/agora.xtec.cat\/ceip-rcastelltort\/wp-json\/wp\/v2\/users\/1"}],"replies":[{"embeddable":true,"href":"https:\/\/agora.xtec.cat\/ceip-rcastelltort\/wp-json\/wp\/v2\/comments?post=38"}],"version-history":[{"count":5,"href":"https:\/\/agora.xtec.cat\/ceip-rcastelltort\/wp-json\/wp\/v2\/pages\/38\/revisions"}],"predecessor-version":[{"id":7107,"href":"https:\/\/agora.xtec.cat\/ceip-rcastelltort\/wp-json\/wp\/v2\/pages\/38\/revisions\/7107"}],"up":[{"embeddable":true,"href":"https:\/\/agora.xtec.cat\/ceip-rcastelltort\/wp-json\/wp\/v2\/pages\/22"}],"wp:attachment":[{"href":"https:\/\/agora.xtec.cat\/ceip-rcastelltort\/wp-json\/wp\/v2\/media?parent=38"}],"curies":[{"name":"wp","href":"https:\/\/api.w.org\/{rel}","templated":true}]}}