{"id":30,"date":"2014-09-18T12:30:23","date_gmt":"2014-09-18T10:30:23","guid":{"rendered":"http:\/\/agora.xtec.cat\/ceip-rcastelltort\/?page_id=30"},"modified":"2025-01-29T18:14:32","modified_gmt":"2025-01-29T17:14:32","slug":"instal%c2%b7lacions","status":"publish","type":"page","link":"https:\/\/agora.xtec.cat\/ceip-rcastelltort\/lescola\/instal%c2%b7lacions\/","title":{"rendered":"Instal\u00b7lacions"},"content":{"rendered":"<p>La nostra escola est\u00e0 formada per quatre edificis. En un trobem les aules de I3 fins a 6\u00e8, aix\u00ed com l&#8217;aula de m\u00fasica, 2 aules d&#8217;angl\u00e8s, una aula SIEI,\u00a0 aula d&#8217;audiovisuals i el menjador amb la seva cuina.<\/p>\n<p>A m\u00e9s a m\u00e9s, tenim l&#8217;edifici del gimn\u00e0s, el de la biblioteca i al de secretaria.<\/p>\n<p>Disposem d&#8217;un pati d&#8217;infantil exclusiu pels m\u00e9s petits. Pels m\u00e9s grans tenim dues pistes i a m\u00e9s un ampli espai d&#8217;esbarjo.<\/p>\n<p>&nbsp;<\/p>\n<p>&nbsp;<\/p>\n<p>&nbsp;<\/p>\n<div style=\"width: 100%;\">\n<div style=\"position: relative; padding-bottom: 56.25%; padding-top: 0; height: 0;\"><iframe loading=\"lazy\" title=\"Espais escola\" frameborder=\"0\" width=\"1200\" height=\"675\" style=\"position: absolute; top: 0; left: 0; width: 100%; height: 100%;\" src=\"https:\/\/view.genially.com\/67979a1853f8b69c15098444\" type=\"text\/html\" allowscriptaccess=\"always\" allowfullscreen=\"true\" scrolling=\"yes\" allownetworking=\"all\"><\/iframe> <\/div>\n<\/p><\/div>\n","protected":false},"excerpt":{"rendered":"<p>La nostra escola est\u00e0 formada per quatre edificis. En un trobem les aules de I3 fins a 6\u00e8, aix\u00ed com l&#8217;aula de m\u00fasica, 2 aules d&#8217;angl\u00e8s, una aula SIEI,\u00a0 aula d&#8217;audiovisuals i el menjador amb la seva cuina.<br \/>\nA m\u00e9s a m\u00e9s, tenim l&#8217;edifici del gimn\u00e0s,&hellip;  <a href=\"https:\/\/agora.xtec.cat\/ceip-rcastelltort\/lescola\/instal%c2%b7lacions\/\" title=\"Read Instal\u00b7lacions\">Llegeix m\u00e9s\u00bb<\/a><\/p>\n","protected":false},"author":1,"featured_media":0,"parent":22,"menu_order":3,"comment_status":"closed","ping_status":"closed","template":"","meta":{"_bbp_topic_count":0,"_bbp_reply_count":0,"_bbp_total_topic_count":0,"_bbp_total_reply_count":0,"_bbp_voice_count":0,"_bbp_anonymous_reply_count":0,"_bbp_topic_count_hidden":0,"_bbp_reply_count_hidden":0,"_bbp_forum_subforum_count":0,"footnotes":""},"class_list":["post-30","page","type-page","status-publish","hentry"],"post_mailing_queue_ids":[],"_links":{"self":[{"href":"https:\/\/agora.xtec.cat\/ceip-rcastelltort\/wp-json\/wp\/v2\/pages\/30","targetHints":{"allow":["GET"]}}],"collection":[{"href":"https:\/\/agora.xtec.cat\/ceip-rcastelltort\/wp-json\/wp\/v2\/pages"}],"about":[{"href":"https:\/\/agora.xtec.cat\/ceip-rcastelltort\/wp-json\/wp\/v2\/types\/page"}],"author":[{"embeddable":true,"href":"https:\/\/agora.xtec.cat\/ceip-rcastelltort\/wp-json\/wp\/v2\/users\/1"}],"replies":[{"embeddable":true,"href":"https:\/\/agora.xtec.cat\/ceip-rcastelltort\/wp-json\/wp\/v2\/comments?post=30"}],"version-history":[{"count":6,"href":"https:\/\/agora.xtec.cat\/ceip-rcastelltort\/wp-json\/wp\/v2\/pages\/30\/revisions"}],"predecessor-version":[{"id":7017,"href":"https:\/\/agora.xtec.cat\/ceip-rcastelltort\/wp-json\/wp\/v2\/pages\/30\/revisions\/7017"}],"up":[{"embeddable":true,"href":"https:\/\/agora.xtec.cat\/ceip-rcastelltort\/wp-json\/wp\/v2\/pages\/22"}],"wp:attachment":[{"href":"https:\/\/agora.xtec.cat\/ceip-rcastelltort\/wp-json\/wp\/v2\/media?parent=30"}],"curies":[{"name":"wp","href":"https:\/\/api.w.org\/{rel}","templated":true}]}}