{"id":6449,"date":"2023-04-19T20:24:41","date_gmt":"2023-04-19T18:24:41","guid":{"rendered":"https:\/\/agora.xtec.cat\/ceip-rafaelcasanova\/?page_id=6449"},"modified":"2024-09-30T13:44:54","modified_gmt":"2024-09-30T11:44:54","slug":"cantania","status":"publish","type":"page","link":"https:\/\/agora.xtec.cat\/ceip-rafaelcasanova\/cantania\/","title":{"rendered":"Cant\u00e0nia"},"content":{"rendered":"<blockquote><p>La Cant\u00e0nia \u00e9s una activitat amb diferents fases d\u2019actuaci\u00f3: sessions de formaci\u00f3 amb el professorat, treball del professorat a la seva aula i concerts finals interpretats per l\u2019alumnat inscrit.<\/p>\n<p>\u00c9s un acte que, per les seves caracter\u00edstiques globals, es converteix en una viv\u00e8ncia musical important i inoblidable per a tots.<\/p>\n<p>Cantata: El gran alquimista.<\/p><\/blockquote>\n<p>&nbsp;<br \/>\n<a href=\"https:\/\/photos.app.goo.gl\/VSBG8ibs6h2ktVCA7\"><img loading=\"lazy\" decoding=\"async\" class=\"alignleft size-full wp-image-7453\" src=\"https:\/\/agora.xtec.cat\/ceip-rafaelcasanova\/wp-content\/uploads\/usu715\/2024\/06\/IMG_6382.jpg\" alt=\"\" width=\"965\" height=\"543\" srcset=\"https:\/\/agora.xtec.cat\/ceip-rafaelcasanova\/wp-content\/uploads\/usu715\/2024\/06\/IMG_6382.jpg 965w, https:\/\/agora.xtec.cat\/ceip-rafaelcasanova\/wp-content\/uploads\/usu715\/2024\/06\/IMG_6382-300x169.jpg 300w, https:\/\/agora.xtec.cat\/ceip-rafaelcasanova\/wp-content\/uploads\/usu715\/2024\/06\/IMG_6382-768x432.jpg 768w\" sizes=\"auto, (max-width: 965px) 100vw, 965px\" \/><\/a><\/p>\n","protected":false},"excerpt":{"rendered":"<p>La Cant\u00e0nia \u00e9s una activitat amb diferents fases d\u2019actuaci\u00f3: sessions de formaci\u00f3 amb el professorat, treball del professorat a la seva aula i concerts finals interpretats per l\u2019alumnat inscrit. \u00c9s un acte que, per les seves caracter\u00edstiques globals, es converteix en una viv\u00e8ncia musical important i inoblidable per a tots. Cantata: El gran alquimista. &nbsp;<\/p>\n","protected":false},"author":1,"featured_media":0,"parent":0,"menu_order":0,"comment_status":"closed","ping_status":"closed","template":"","meta":{"_bbp_topic_count":0,"_bbp_reply_count":0,"_bbp_total_topic_count":0,"_bbp_total_reply_count":0,"_bbp_voice_count":0,"_bbp_anonymous_reply_count":0,"_bbp_topic_count_hidden":0,"_bbp_reply_count_hidden":0,"_bbp_forum_subforum_count":0,"site-sidebar-layout":"default","site-content-layout":"","ast-site-content-layout":"","site-content-style":"default","site-sidebar-style":"default","ast-global-header-display":"","ast-banner-title-visibility":"","ast-main-header-display":"","ast-hfb-above-header-display":"","ast-hfb-below-header-display":"","ast-hfb-mobile-header-display":"","site-post-title":"","ast-breadcrumbs-content":"","ast-featured-img":"","footer-sml-layout":"","theme-transparent-header-meta":"","adv-header-id-meta":"","stick-header-meta":"","header-above-stick-meta":"","header-main-stick-meta":"","header-below-stick-meta":"","astra-migrate-meta-layouts":"default","ast-page-background-enabled":"default","ast-page-background-meta":{"desktop":{"background-color":"var(--ast-global-color-4)","background-image":"","background-repeat":"repeat","background-position":"center center","background-size":"auto","background-attachment":"scroll","background-type":"","background-media":"","overlay-type":"","overlay-color":"","overlay-opacity":"","overlay-gradient":""},"tablet":{"background-color":"","background-image":"","background-repeat":"repeat","background-position":"center center","background-size":"auto","background-attachment":"scroll","background-type":"","background-media":"","overlay-type":"","overlay-color":"","overlay-opacity":"","overlay-gradient":""},"mobile":{"background-color":"","background-image":"","background-repeat":"repeat","background-position":"center center","background-size":"auto","background-attachment":"scroll","background-type":"","background-media":"","overlay-type":"","overlay-color":"","overlay-opacity":"","overlay-gradient":""}},"ast-content-background-meta":{"desktop":{"background-color":"var(--ast-global-color-5)","background-image":"","background-repeat":"repeat","background-position":"center center","background-size":"auto","background-attachment":"scroll","background-type":"","background-media":"","overlay-type":"","overlay-color":"","overlay-opacity":"","overlay-gradient":""},"tablet":{"background-color":"var(--ast-global-color-5)","background-image":"","background-repeat":"repeat","background-position":"center center","background-size":"auto","background-attachment":"scroll","background-type":"","background-media":"","overlay-type":"","overlay-color":"","overlay-opacity":"","overlay-gradient":""},"mobile":{"background-color":"var(--ast-global-color-5)","background-image":"","background-repeat":"repeat","background-position":"center center","background-size":"auto","background-attachment":"scroll","background-type":"","background-media":"","overlay-type":"","overlay-color":"","overlay-opacity":"","overlay-gradient":""}},"footnotes":""},"class_list":["post-6449","page","type-page","status-publish","hentry"],"post_mailing_queue_ids":[],"_links":{"self":[{"href":"https:\/\/agora.xtec.cat\/ceip-rafaelcasanova\/wp-json\/wp\/v2\/pages\/6449","targetHints":{"allow":["GET"]}}],"collection":[{"href":"https:\/\/agora.xtec.cat\/ceip-rafaelcasanova\/wp-json\/wp\/v2\/pages"}],"about":[{"href":"https:\/\/agora.xtec.cat\/ceip-rafaelcasanova\/wp-json\/wp\/v2\/types\/page"}],"author":[{"embeddable":true,"href":"https:\/\/agora.xtec.cat\/ceip-rafaelcasanova\/wp-json\/wp\/v2\/users\/1"}],"replies":[{"embeddable":true,"href":"https:\/\/agora.xtec.cat\/ceip-rafaelcasanova\/wp-json\/wp\/v2\/comments?post=6449"}],"version-history":[{"count":6,"href":"https:\/\/agora.xtec.cat\/ceip-rafaelcasanova\/wp-json\/wp\/v2\/pages\/6449\/revisions"}],"predecessor-version":[{"id":7554,"href":"https:\/\/agora.xtec.cat\/ceip-rafaelcasanova\/wp-json\/wp\/v2\/pages\/6449\/revisions\/7554"}],"wp:attachment":[{"href":"https:\/\/agora.xtec.cat\/ceip-rafaelcasanova\/wp-json\/wp\/v2\/media?parent=6449"}],"curies":[{"name":"wp","href":"https:\/\/api.w.org\/{rel}","templated":true}]}}