{"id":5223,"date":"2025-02-09T23:17:18","date_gmt":"2025-02-09T22:17:18","guid":{"rendered":"https:\/\/agora.xtec.cat\/ceip-quatre-vents\/?page_id=5223"},"modified":"2025-09-04T09:55:02","modified_gmt":"2025-09-04T07:55:02","slug":"extraescolars","status":"publish","type":"page","link":"https:\/\/agora.xtec.cat\/ceip-quatre-vents\/comunitat\/extraescolars\/","title":{"rendered":"Extraescolars"},"content":{"rendered":"\n<div class=\"wp-block-media-text is-stacked-on-mobile\" style=\"grid-template-columns:40% auto\"><figure class=\"wp-block-media-text__media\"><img loading=\"lazy\" decoding=\"async\" width=\"1024\" height=\"768\" src=\"https:\/\/agora.xtec.cat\/ceip-quatre-vents\/wp-content\/uploads\/usu227\/2025\/02\/I4-6-1024x768.jpg\" alt=\"\" class=\"wp-image-5345 size-full\" srcset=\"https:\/\/agora.xtec.cat\/ceip-quatre-vents\/wp-content\/uploads\/usu227\/2025\/02\/I4-6-1024x768.jpg 1024w, https:\/\/agora.xtec.cat\/ceip-quatre-vents\/wp-content\/uploads\/usu227\/2025\/02\/I4-6-300x225.jpg 300w, https:\/\/agora.xtec.cat\/ceip-quatre-vents\/wp-content\/uploads\/usu227\/2025\/02\/I4-6-768x576.jpg 768w, https:\/\/agora.xtec.cat\/ceip-quatre-vents\/wp-content\/uploads\/usu227\/2025\/02\/I4-6-1536x1152.jpg 1536w, https:\/\/agora.xtec.cat\/ceip-quatre-vents\/wp-content\/uploads\/usu227\/2025\/02\/I4-6.jpg 1600w\" sizes=\"auto, (max-width: 1024px) 100vw, 1024px\" \/><\/figure><div class=\"wp-block-media-text__content\">\n<p class=\"has-text-align-center has-medium-font-size\">&#8220;<em>Els aprenentatges m\u00e9s importants de la vida es fan jugant<\/em>&#8220;<\/p>\n\n\n\n<p class=\"has-text-align-center has-small-font-size\"><em>Francesco Tonucci<\/em><\/p>\n<\/div><\/div>\n\n\n\n<div style=\"height:43px\" aria-hidden=\"true\" class=\"wp-block-spacer\"><\/div>\n\n\n\n<p class=\"has-medium-font-size\">Les activitats extraescolars les gestiona l&#8217;AFA, que actualment treballa amb el Club B\u00e0squet Blanes i l&#8217;empresa Joan Colls. Les extraescolars poden variar d&#8217;un curs a l&#8217;altre en funci\u00f3 de la disponibilitat de les entitats i de la participaci\u00f3\/inscripcions. A la <a href=\"https:\/\/sites.google.com\/view\/afa4vents\/serveis\/extraescolars\" target=\"_blank\" rel=\"noreferrer noopener\">p\u00e0gina web de l&#8217;AFA<\/a> tamb\u00e9 trobareu tota la informaci\u00f3.<\/p>\n\n\n\n<div class=\"wp-block-columns is-layout-flex wp-container-core-columns-is-layout-1 wp-block-columns-is-layout-flex\">\n<div class=\"wp-block-column is-layout-flow wp-block-column-is-layout-flow\">\n<div class=\"wp-block-getwid-icon-box has-text-center\"><div class=\"wp-block-getwid-icon-box__icon-container is-position-top\"><div class=\"wp-block-getwid-icon-box__icon-wrapper has-text-color has-ast-global-color-0-color\"><i class=\"fas fa-info-circle\"><\/i><\/div><\/div><div class=\"wp-block-getwid-icon-box__content\">\n<h3 class=\"wp-block-heading has-ast-global-color-0-color has-text-color has-link-color wp-elements-7a5720a18ad9fc5e7e4c7e4bee20b71c\"><a href=\"https:\/\/drive.google.com\/file\/d\/1C1drfxEPZbeVpF9lMb5UdAXhRIUmLL_G\/view?usp=drive_link\">Informaci\u00f3<\/a><\/h3>\n<\/div><\/div>\n<\/div>\n\n\n\n<div class=\"wp-block-column is-layout-flow wp-block-column-is-layout-flow\">\n<div class=\"wp-block-getwid-icon-box has-text-center\"><div class=\"wp-block-getwid-icon-box__icon-container is-position-top\"><div class=\"wp-block-getwid-icon-box__icon-wrapper has-text-color has-ast-global-color-0-color\"><i class=\"far fa-calendar-alt\"><\/i><\/div><\/div><div class=\"wp-block-getwid-icon-box__content\">\n<h3 class=\"wp-block-heading has-ast-global-color-0-color has-text-color has-link-color wp-elements-c01c9c52404215f87b49eaa4a0bedc04\"><a href=\"https:\/\/drive.google.com\/file\/d\/1RQHqUuGHZjI7VuzbpJPeskfOHRK_nPXZ\/view?usp=drive_link\" target=\"_blank\" rel=\"noreferrer noopener\">Horari<\/a><\/h3>\n<\/div><\/div>\n<\/div>\n<\/div>\n","protected":false},"excerpt":{"rendered":"<p>&#8220;Els aprenentatges m\u00e9s importants de la vida es fan jugant&#8220; Francesco Tonucci Les activitats extraescolars les gestiona l&#8217;AFA, que actualment [&hellip;]<\/p>\n","protected":false},"author":1,"featured_media":0,"parent":4385,"menu_order":4,"comment_status":"closed","ping_status":"close","template":"","meta":{"_bbp_topic_count":0,"_bbp_reply_count":0,"_bbp_total_topic_count":0,"_bbp_total_reply_count":0,"_bbp_voice_count":0,"_bbp_anonymous_reply_count":0,"_bbp_topic_count_hidden":0,"_bbp_reply_count_hidden":0,"_bbp_forum_subforum_count":0,"site-sidebar-layout":"default","site-content-layout":"","ast-site-content-layout":"","site-content-style":"default","site-sidebar-style":"default","ast-global-header-display":"","ast-banner-title-visibility":"","ast-main-header-display":"","ast-hfb-above-header-display":"","ast-hfb-below-header-display":"","ast-hfb-mobile-header-display":"","site-post-title":"disabled","ast-breadcrumbs-content":"","ast-featured-img":"","footer-sml-layout":"","theme-transparent-header-meta":"","adv-header-id-meta":"","stick-header-meta":"","header-above-stick-meta":"","header-main-stick-meta":"","header-below-stick-meta":"","astra-migrate-meta-layouts":"default","ast-page-background-enabled":"default","ast-page-background-meta":{"desktop":{"background-color":"var(--ast-global-color-4)","background-image":"","background-repeat":"repeat","background-position":"center center","background-size":"auto","background-attachment":"scroll","background-type":"","background-media":"","overlay-type":"","overlay-color":"","overlay-opacity":"","overlay-gradient":""},"tablet":{"background-color":"","background-image":"","background-repeat":"repeat","background-position":"center center","background-size":"auto","background-attachment":"scroll","background-type":"","background-media":"","overlay-type":"","overlay-color":"","overlay-opacity":"","overlay-gradient":""},"mobile":{"background-color":"","background-image":"","background-repeat":"repeat","background-position":"center center","background-size":"auto","background-attachment":"scroll","background-type":"","background-media":"","overlay-type":"","overlay-color":"","overlay-opacity":"","overlay-gradient":""}},"ast-content-background-meta":{"desktop":{"background-color":"var(--ast-global-color-5)","background-image":"","background-repeat":"repeat","background-position":"center center","background-size":"auto","background-attachment":"scroll","background-type":"","background-media":"","overlay-type":"","overlay-color":"","overlay-opacity":"","overlay-gradient":""},"tablet":{"background-color":"var(--ast-global-color-5)","background-image":"","background-repeat":"repeat","background-position":"center center","background-size":"auto","background-attachment":"scroll","background-type":"","background-media":"","overlay-type":"","overlay-color":"","overlay-opacity":"","overlay-gradient":""},"mobile":{"background-color":"var(--ast-global-color-5)","background-image":"","background-repeat":"repeat","background-position":"center center","background-size":"auto","background-attachment":"scroll","background-type":"","background-media":"","overlay-type":"","overlay-color":"","overlay-opacity":"","overlay-gradient":""}},"footnotes":""},"class_list":["post-5223","page","type-page","status-publish","hentry"],"post_mailing_queue_ids":[],"_links":{"self":[{"href":"https:\/\/agora.xtec.cat\/ceip-quatre-vents\/wp-json\/wp\/v2\/pages\/5223","targetHints":{"allow":["GET"]}}],"collection":[{"href":"https:\/\/agora.xtec.cat\/ceip-quatre-vents\/wp-json\/wp\/v2\/pages"}],"about":[{"href":"https:\/\/agora.xtec.cat\/ceip-quatre-vents\/wp-json\/wp\/v2\/types\/page"}],"author":[{"embeddable":true,"href":"https:\/\/agora.xtec.cat\/ceip-quatre-vents\/wp-json\/wp\/v2\/users\/1"}],"replies":[{"embeddable":true,"href":"https:\/\/agora.xtec.cat\/ceip-quatre-vents\/wp-json\/wp\/v2\/comments?post=5223"}],"version-history":[{"count":6,"href":"https:\/\/agora.xtec.cat\/ceip-quatre-vents\/wp-json\/wp\/v2\/pages\/5223\/revisions"}],"predecessor-version":[{"id":5572,"href":"https:\/\/agora.xtec.cat\/ceip-quatre-vents\/wp-json\/wp\/v2\/pages\/5223\/revisions\/5572"}],"up":[{"embeddable":true,"href":"https:\/\/agora.xtec.cat\/ceip-quatre-vents\/wp-json\/wp\/v2\/pages\/4385"}],"wp:attachment":[{"href":"https:\/\/agora.xtec.cat\/ceip-quatre-vents\/wp-json\/wp\/v2\/media?parent=5223"}],"curies":[{"name":"wp","href":"https:\/\/api.w.org\/{rel}","templated":true}]}}