{"id":5221,"date":"2025-02-09T23:16:40","date_gmt":"2025-02-09T22:16:40","guid":{"rendered":"https:\/\/agora.xtec.cat\/ceip-quatre-vents\/?page_id=5221"},"modified":"2025-09-04T09:55:46","modified_gmt":"2025-09-04T07:55:46","slug":"acollida","status":"publish","type":"page","link":"https:\/\/agora.xtec.cat\/ceip-quatre-vents\/comunitat\/acollida\/","title":{"rendered":"Acollida"},"content":{"rendered":"\n<div class=\"wp-block-media-text has-media-on-the-right is-stacked-on-mobile\" style=\"grid-template-columns:auto 40%\"><div class=\"wp-block-media-text__content\">\n<p class=\"has-text-align-center has-medium-font-size\">&#8220;La creativitat s&#8217;apr\u00e8n igual que s&#8217;apr\u00e8n a llegir&#8221;<\/p>\n\n\n\n<p class=\"has-text-align-center has-small-font-size\"><em>Ken Robinson<\/em><\/p>\n<\/div><figure class=\"wp-block-media-text__media\"><img loading=\"lazy\" decoding=\"async\" width=\"1024\" height=\"768\" src=\"https:\/\/agora.xtec.cat\/ceip-quatre-vents\/wp-content\/uploads\/usu227\/2025\/02\/20241113_093213-1024x768.jpg\" alt=\"\" class=\"wp-image-4970 size-full\" srcset=\"https:\/\/agora.xtec.cat\/ceip-quatre-vents\/wp-content\/uploads\/usu227\/2025\/02\/20241113_093213-1024x768.jpg 1024w, https:\/\/agora.xtec.cat\/ceip-quatre-vents\/wp-content\/uploads\/usu227\/2025\/02\/20241113_093213-300x225.jpg 300w, https:\/\/agora.xtec.cat\/ceip-quatre-vents\/wp-content\/uploads\/usu227\/2025\/02\/20241113_093213-768x576.jpg 768w, https:\/\/agora.xtec.cat\/ceip-quatre-vents\/wp-content\/uploads\/usu227\/2025\/02\/20241113_093213-1536x1152.jpg 1536w, https:\/\/agora.xtec.cat\/ceip-quatre-vents\/wp-content\/uploads\/usu227\/2025\/02\/20241113_093213-2048x1536.jpg 2048w, https:\/\/agora.xtec.cat\/ceip-quatre-vents\/wp-content\/uploads\/usu227\/2025\/02\/20241113_093213-200x150.jpg 200w\" sizes=\"auto, (max-width: 1024px) 100vw, 1024px\" \/><\/figure><\/div>\n\n\n\n<div style=\"height:43px\" aria-hidden=\"true\" class=\"wp-block-spacer\"><\/div>\n\n\n\n<p class=\"has-medium-font-size\">El servei d&#8217;acollida matinal <em>Bon Dia<\/em> el gestiona l&#8217;AFA, conjuntament amb\u00a0l&#8217;empresa externa Joan Colls,\u00a0per tal de facilitar la conciliaci\u00f3 de\u00a0l&#8217;horari\u00a0laboral de les fam\u00edlies amb\u00a0l&#8217;horari escolar. El servei est\u00e0 disponible cada dia de 8:00 a 9:00 del mat\u00ed. Podeu descarregar-vos la butlleta d&#8217;inscripci\u00f3 amb tota la informaci\u00f3 d&#8217;horaris i preus en <a href=\"https:\/\/drive.google.com\/file\/d\/1QuRb47l92Tcxmv_LHtCzkTzqTG4N6vb5\/view?usp=drive_link\" target=\"_blank\" rel=\"noreferrer noopener\">aquest enlla\u00e7<\/a>.<\/p>\n","protected":false},"excerpt":{"rendered":"<p>&#8220;La creativitat s&#8217;apr\u00e8n igual que s&#8217;apr\u00e8n a llegir&#8221; Ken Robinson El servei d&#8217;acollida matinal Bon Dia el gestiona l&#8217;AFA, conjuntament [&hellip;]<\/p>\n","protected":false},"author":1,"featured_media":0,"parent":4385,"menu_order":3,"comment_status":"closed","ping_status":"close","template":"","meta":{"_bbp_topic_count":0,"_bbp_reply_count":0,"_bbp_total_topic_count":0,"_bbp_total_reply_count":0,"_bbp_voice_count":0,"_bbp_anonymous_reply_count":0,"_bbp_topic_count_hidden":0,"_bbp_reply_count_hidden":0,"_bbp_forum_subforum_count":0,"site-sidebar-layout":"default","site-content-layout":"","ast-site-content-layout":"","site-content-style":"default","site-sidebar-style":"default","ast-global-header-display":"","ast-banner-title-visibility":"","ast-main-header-display":"","ast-hfb-above-header-display":"","ast-hfb-below-header-display":"","ast-hfb-mobile-header-display":"","site-post-title":"disabled","ast-breadcrumbs-content":"","ast-featured-img":"","footer-sml-layout":"","theme-transparent-header-meta":"","adv-header-id-meta":"","stick-header-meta":"","header-above-stick-meta":"","header-main-stick-meta":"","header-below-stick-meta":"","astra-migrate-meta-layouts":"default","ast-page-background-enabled":"default","ast-page-background-meta":{"desktop":{"background-color":"var(--ast-global-color-4)","background-image":"","background-repeat":"repeat","background-position":"center center","background-size":"auto","background-attachment":"scroll","background-type":"","background-media":"","overlay-type":"","overlay-color":"","overlay-opacity":"","overlay-gradient":""},"tablet":{"background-color":"","background-image":"","background-repeat":"repeat","background-position":"center center","background-size":"auto","background-attachment":"scroll","background-type":"","background-media":"","overlay-type":"","overlay-color":"","overlay-opacity":"","overlay-gradient":""},"mobile":{"background-color":"","background-image":"","background-repeat":"repeat","background-position":"center center","background-size":"auto","background-attachment":"scroll","background-type":"","background-media":"","overlay-type":"","overlay-color":"","overlay-opacity":"","overlay-gradient":""}},"ast-content-background-meta":{"desktop":{"background-color":"var(--ast-global-color-5)","background-image":"","background-repeat":"repeat","background-position":"center center","background-size":"auto","background-attachment":"scroll","background-type":"","background-media":"","overlay-type":"","overlay-color":"","overlay-opacity":"","overlay-gradient":""},"tablet":{"background-color":"var(--ast-global-color-5)","background-image":"","background-repeat":"repeat","background-position":"center center","background-size":"auto","background-attachment":"scroll","background-type":"","background-media":"","overlay-type":"","overlay-color":"","overlay-opacity":"","overlay-gradient":""},"mobile":{"background-color":"var(--ast-global-color-5)","background-image":"","background-repeat":"repeat","background-position":"center center","background-size":"auto","background-attachment":"scroll","background-type":"","background-media":"","overlay-type":"","overlay-color":"","overlay-opacity":"","overlay-gradient":""}},"footnotes":""},"class_list":["post-5221","page","type-page","status-publish","hentry"],"post_mailing_queue_ids":[],"_links":{"self":[{"href":"https:\/\/agora.xtec.cat\/ceip-quatre-vents\/wp-json\/wp\/v2\/pages\/5221","targetHints":{"allow":["GET"]}}],"collection":[{"href":"https:\/\/agora.xtec.cat\/ceip-quatre-vents\/wp-json\/wp\/v2\/pages"}],"about":[{"href":"https:\/\/agora.xtec.cat\/ceip-quatre-vents\/wp-json\/wp\/v2\/types\/page"}],"author":[{"embeddable":true,"href":"https:\/\/agora.xtec.cat\/ceip-quatre-vents\/wp-json\/wp\/v2\/users\/1"}],"replies":[{"embeddable":true,"href":"https:\/\/agora.xtec.cat\/ceip-quatre-vents\/wp-json\/wp\/v2\/comments?post=5221"}],"version-history":[{"count":5,"href":"https:\/\/agora.xtec.cat\/ceip-quatre-vents\/wp-json\/wp\/v2\/pages\/5221\/revisions"}],"predecessor-version":[{"id":5573,"href":"https:\/\/agora.xtec.cat\/ceip-quatre-vents\/wp-json\/wp\/v2\/pages\/5221\/revisions\/5573"}],"up":[{"embeddable":true,"href":"https:\/\/agora.xtec.cat\/ceip-quatre-vents\/wp-json\/wp\/v2\/pages\/4385"}],"wp:attachment":[{"href":"https:\/\/agora.xtec.cat\/ceip-quatre-vents\/wp-json\/wp\/v2\/media?parent=5221"}],"curies":[{"name":"wp","href":"https:\/\/api.w.org\/{rel}","templated":true}]}}