{"id":4885,"date":"2025-01-31T12:46:46","date_gmt":"2025-01-31T11:46:46","guid":{"rendered":"https:\/\/agora.xtec.cat\/ceip-quatre-vents\/?page_id=4885"},"modified":"2025-02-22T20:32:46","modified_gmt":"2025-02-22T19:32:46","slug":"eldiaadia","status":"publish","type":"page","link":"https:\/\/agora.xtec.cat\/ceip-quatre-vents\/escola\/eldiaadia\/","title":{"rendered":""},"content":{"rendered":"\n<h2 class=\"wp-block-heading has-text-align-center\">Un dia a Infantil<\/h2>\n\n\n\n<div class=\"wp-block-getwid-content-timeline is-animated\" data-animation=\"slideInSides\" data-filling=\"true\"><div class=\"wp-block-getwid-content-timeline__line\"><div class=\"wp-block-getwid-content-timeline__bar has-background has-vivid-red-background-color\"><\/div><\/div><div class=\"wp-block-getwid-content-timeline__wrapper\">\n<div class=\"wp-block-getwid-content-timeline-item\"><div class=\"wp-block-getwid-content-timeline-item__wrapper\"><div class=\"wp-block-getwid-content-timeline-item__card\"><div class=\"wp-block-getwid-content-timeline-item__card-wrapper\"><div class=\"wp-block-getwid-content-timeline-item__image-wrapper\"><img loading=\"lazy\" decoding=\"async\" width=\"2560\" height=\"1920\" class=\"wp-block-getwid-content-timeline-item__image wp-image-4963\" src=\"https:\/\/agora.xtec.cat\/ceip-quatre-vents\/wp-content\/uploads\/usu227\/2025\/02\/20240924_115838-scaled.jpg\" alt=\"\" srcset=\"https:\/\/agora.xtec.cat\/ceip-quatre-vents\/wp-content\/uploads\/usu227\/2025\/02\/20240924_115838-scaled.jpg 2560w, https:\/\/agora.xtec.cat\/ceip-quatre-vents\/wp-content\/uploads\/usu227\/2025\/02\/20240924_115838-300x225.jpg 300w, https:\/\/agora.xtec.cat\/ceip-quatre-vents\/wp-content\/uploads\/usu227\/2025\/02\/20240924_115838-1024x768.jpg 1024w, https:\/\/agora.xtec.cat\/ceip-quatre-vents\/wp-content\/uploads\/usu227\/2025\/02\/20240924_115838-768x576.jpg 768w, https:\/\/agora.xtec.cat\/ceip-quatre-vents\/wp-content\/uploads\/usu227\/2025\/02\/20240924_115838-1536x1152.jpg 1536w, https:\/\/agora.xtec.cat\/ceip-quatre-vents\/wp-content\/uploads\/usu227\/2025\/02\/20240924_115838-2048x1536.jpg 2048w, https:\/\/agora.xtec.cat\/ceip-quatre-vents\/wp-content\/uploads\/usu227\/2025\/02\/20240924_115838-200x150.jpg 200w\" sizes=\"auto, (max-width: 2560px) 100vw, 2560px\" \/><\/div><div class=\"wp-block-getwid-content-timeline-item__content-wrapper\"><div class=\"wp-block-getwid-content-timeline-item__mobile-meta\"><p class=\"wp-block-getwid-content-timeline-item__meta-content\"><strong><mark style=\"background-color:rgba(0, 0, 0, 0)\" class=\"has-inline-color has-vivid-red-color\">9 a 9:10h<\/mark><\/strong><\/p><\/div>\n<h3 class=\"wp-block-heading\"><strong>Entrada relaxada<\/strong><\/h3>\n\n\n\n<p>L&#8217;entrada relaxada dels infants \u00e9s un moment pensat per afavorir un inici tranquil i sense presses al seu dia a l&#8217;escola.&nbsp; En aquest moment, els nens i nenes arriben amb calma i tenen temps per acomiadar-se dels seus pares o tutors sense estr\u00e8s. S\u00f3n rebuts amb un ambient acollidor, on poden anar adaptant-se de manera suau a la rutina del dia. Aquesta entrada relaxada \u00e9s fonamental per promoure el benestar emocional dels infants.<\/p>\n<\/div><\/div><\/div><div class=\"wp-block-getwid-content-timeline-item__point\" data-point-color=\"#cf2e2e\"><div class=\"wp-block-getwid-content-timeline-item__point-content\"><\/div><\/div><div class=\"wp-block-getwid-content-timeline-item__meta\"><p class=\"wp-block-getwid-content-timeline-item__meta-content\"><strong><mark style=\"background-color:rgba(0, 0, 0, 0)\" class=\"has-inline-color has-vivid-red-color\">9 a 9:10h<\/mark><\/strong><\/p><\/div><\/div><\/div>\n\n\n\n<div class=\"wp-block-getwid-content-timeline-item\"><div class=\"wp-block-getwid-content-timeline-item__wrapper\"><div class=\"wp-block-getwid-content-timeline-item__card\"><div class=\"wp-block-getwid-content-timeline-item__card-wrapper\"><div class=\"wp-block-getwid-content-timeline-item__image-wrapper\"><img loading=\"lazy\" decoding=\"async\" width=\"2560\" height=\"1920\" class=\"wp-block-getwid-content-timeline-item__image wp-image-4970\" src=\"https:\/\/agora.xtec.cat\/ceip-quatre-vents\/wp-content\/uploads\/usu227\/2025\/02\/20241113_093213-scaled.jpg\" alt=\"\" srcset=\"https:\/\/agora.xtec.cat\/ceip-quatre-vents\/wp-content\/uploads\/usu227\/2025\/02\/20241113_093213-scaled.jpg 2560w, https:\/\/agora.xtec.cat\/ceip-quatre-vents\/wp-content\/uploads\/usu227\/2025\/02\/20241113_093213-300x225.jpg 300w, https:\/\/agora.xtec.cat\/ceip-quatre-vents\/wp-content\/uploads\/usu227\/2025\/02\/20241113_093213-1024x768.jpg 1024w, https:\/\/agora.xtec.cat\/ceip-quatre-vents\/wp-content\/uploads\/usu227\/2025\/02\/20241113_093213-768x576.jpg 768w, https:\/\/agora.xtec.cat\/ceip-quatre-vents\/wp-content\/uploads\/usu227\/2025\/02\/20241113_093213-1536x1152.jpg 1536w, https:\/\/agora.xtec.cat\/ceip-quatre-vents\/wp-content\/uploads\/usu227\/2025\/02\/20241113_093213-2048x1536.jpg 2048w, https:\/\/agora.xtec.cat\/ceip-quatre-vents\/wp-content\/uploads\/usu227\/2025\/02\/20241113_093213-200x150.jpg 200w\" sizes=\"auto, (max-width: 2560px) 100vw, 2560px\" \/><\/div><div class=\"wp-block-getwid-content-timeline-item__content-wrapper\"><div class=\"wp-block-getwid-content-timeline-item__mobile-meta\"><p class=\"wp-block-getwid-content-timeline-item__meta-content\"><strong><mark style=\"background-color:rgba(0, 0, 0, 0)\" class=\"has-inline-color has-vivid-red-color\">9:10 a 9:30h<\/mark><\/strong><\/p><\/div>\n<h3 class=\"wp-block-heading\"><strong>Rutines d\u2019aula<\/strong><\/h3>\n\n\n\n<p>Les rutines d&#8217;aula s\u00f3n activitats estructurades i repetitives que ajuden els infants a con\u00e8ixer i anticipar el que passar\u00e0 durant el dia. Aquestes rutines proporcionen seguretat i tranquil\u00b7litat als nens i nenes, ja que saben qu\u00e8 esperar en cada moment. A trav\u00e9s de les rutines, els infants aprenen valors com la responsabilitat, l&#8217;autonomia i el respecte pel torn de paraula o pels espais comuns.<\/p>\n<\/div><\/div><\/div><div class=\"wp-block-getwid-content-timeline-item__point\" data-point-color=\"#cf2e2e\"><div class=\"wp-block-getwid-content-timeline-item__point-content\"><\/div><\/div><div class=\"wp-block-getwid-content-timeline-item__meta\"><p class=\"wp-block-getwid-content-timeline-item__meta-content\"><strong><mark style=\"background-color:rgba(0, 0, 0, 0)\" class=\"has-inline-color has-vivid-red-color\">9:10 a 9:30h<\/mark><\/strong><\/p><\/div><\/div><\/div>\n\n\n\n<div class=\"wp-block-getwid-content-timeline-item\"><div class=\"wp-block-getwid-content-timeline-item__wrapper\"><div class=\"wp-block-getwid-content-timeline-item__card\"><div class=\"wp-block-getwid-content-timeline-item__card-wrapper\"><div class=\"wp-block-getwid-content-timeline-item__image-wrapper\"><img loading=\"lazy\" decoding=\"async\" width=\"1600\" height=\"1200\" class=\"wp-block-getwid-content-timeline-item__image wp-image-4965\" src=\"https:\/\/agora.xtec.cat\/ceip-quatre-vents\/wp-content\/uploads\/usu227\/2025\/02\/esmorzar.jpg\" alt=\"\" srcset=\"https:\/\/agora.xtec.cat\/ceip-quatre-vents\/wp-content\/uploads\/usu227\/2025\/02\/esmorzar.jpg 1600w, https:\/\/agora.xtec.cat\/ceip-quatre-vents\/wp-content\/uploads\/usu227\/2025\/02\/esmorzar-300x225.jpg 300w, https:\/\/agora.xtec.cat\/ceip-quatre-vents\/wp-content\/uploads\/usu227\/2025\/02\/esmorzar-1024x768.jpg 1024w, https:\/\/agora.xtec.cat\/ceip-quatre-vents\/wp-content\/uploads\/usu227\/2025\/02\/esmorzar-768x576.jpg 768w, https:\/\/agora.xtec.cat\/ceip-quatre-vents\/wp-content\/uploads\/usu227\/2025\/02\/esmorzar-1536x1152.jpg 1536w, https:\/\/agora.xtec.cat\/ceip-quatre-vents\/wp-content\/uploads\/usu227\/2025\/02\/esmorzar-200x150.jpg 200w\" sizes=\"auto, (max-width: 1600px) 100vw, 1600px\" \/><\/div><div class=\"wp-block-getwid-content-timeline-item__content-wrapper\"><div class=\"wp-block-getwid-content-timeline-item__mobile-meta\"><p class=\"wp-block-getwid-content-timeline-item__meta-content\"><strong><mark style=\"background-color:rgba(0, 0, 0, 0)\" class=\"has-inline-color has-vivid-red-color\">10:30 a 11h<\/mark><\/strong><\/p><\/div>\n<h3 class=\"wp-block-heading\"><strong>Esmorzar<\/strong><\/h3>\n\n\n\n<p>El moment de l\u2019esmorzar a l\u2019aula \u00e9s una pausa important dins de la jornada escolar, on els infants tenen l\u2019oportunitat de reposar energies, socialitzar amb els companys i gaudir d\u2019un moment de relaxaci\u00f3. Aquest espai \u00e9s ideal per fomentar h\u00e0bits saludables i responsables.<\/p>\n<\/div><\/div><\/div><div class=\"wp-block-getwid-content-timeline-item__point\" data-point-color=\"#cf2e2e\"><div class=\"wp-block-getwid-content-timeline-item__point-content\"><\/div><\/div><div class=\"wp-block-getwid-content-timeline-item__meta\"><p class=\"wp-block-getwid-content-timeline-item__meta-content\"><strong><mark style=\"background-color:rgba(0, 0, 0, 0)\" class=\"has-inline-color has-vivid-red-color\">10:30 a 11h<\/mark><\/strong><\/p><\/div><\/div><\/div>\n\n\n\n<div class=\"wp-block-getwid-content-timeline-item\"><div class=\"wp-block-getwid-content-timeline-item__wrapper\"><div class=\"wp-block-getwid-content-timeline-item__card\"><div class=\"wp-block-getwid-content-timeline-item__card-wrapper\"><div class=\"wp-block-getwid-content-timeline-item__image-wrapper\"><img loading=\"lazy\" decoding=\"async\" width=\"1600\" height=\"1200\" class=\"wp-block-getwid-content-timeline-item__image wp-image-4966\" src=\"https:\/\/agora.xtec.cat\/ceip-quatre-vents\/wp-content\/uploads\/usu227\/2025\/02\/pati.jpg\" alt=\"\" srcset=\"https:\/\/agora.xtec.cat\/ceip-quatre-vents\/wp-content\/uploads\/usu227\/2025\/02\/pati.jpg 1600w, https:\/\/agora.xtec.cat\/ceip-quatre-vents\/wp-content\/uploads\/usu227\/2025\/02\/pati-300x225.jpg 300w, https:\/\/agora.xtec.cat\/ceip-quatre-vents\/wp-content\/uploads\/usu227\/2025\/02\/pati-1024x768.jpg 1024w, https:\/\/agora.xtec.cat\/ceip-quatre-vents\/wp-content\/uploads\/usu227\/2025\/02\/pati-768x576.jpg 768w, https:\/\/agora.xtec.cat\/ceip-quatre-vents\/wp-content\/uploads\/usu227\/2025\/02\/pati-1536x1152.jpg 1536w, https:\/\/agora.xtec.cat\/ceip-quatre-vents\/wp-content\/uploads\/usu227\/2025\/02\/pati-200x150.jpg 200w\" sizes=\"auto, (max-width: 1600px) 100vw, 1600px\" \/><\/div><div class=\"wp-block-getwid-content-timeline-item__content-wrapper\"><div class=\"wp-block-getwid-content-timeline-item__mobile-meta\"><p class=\"wp-block-getwid-content-timeline-item__meta-content\"><strong><mark style=\"background-color:rgba(0, 0, 0, 0)\" class=\"has-inline-color has-vivid-red-color\">11 a 11:30h<\/mark><\/strong><\/p><\/div>\n<h3 class=\"wp-block-heading\"><strong>Espai exterior<\/strong><\/h3>\n\n\n\n<p>Els infants aprofiten aquesta estona per gaudir dels jocs amb els seus companys, relaxar-se i explorar tot el que tenen al seu voltant.<\/p>\n<\/div><\/div><\/div><div class=\"wp-block-getwid-content-timeline-item__point\" data-point-color=\"#cf2e2e\"><div class=\"wp-block-getwid-content-timeline-item__point-content\"><\/div><\/div><div class=\"wp-block-getwid-content-timeline-item__meta\"><p class=\"wp-block-getwid-content-timeline-item__meta-content\"><strong><mark style=\"background-color:rgba(0, 0, 0, 0)\" class=\"has-inline-color has-vivid-red-color\">11 a 11:30h<\/mark><\/strong><\/p><\/div><\/div><\/div>\n\n\n\n<div class=\"wp-block-getwid-content-timeline-item\"><div class=\"wp-block-getwid-content-timeline-item__wrapper\"><div class=\"wp-block-getwid-content-timeline-item__card\"><div class=\"wp-block-getwid-content-timeline-item__card-wrapper\"><div class=\"wp-block-getwid-content-timeline-item__image-wrapper\"><img loading=\"lazy\" decoding=\"async\" width=\"1200\" height=\"1600\" class=\"wp-block-getwid-content-timeline-item__image wp-image-4968\" src=\"https:\/\/agora.xtec.cat\/ceip-quatre-vents\/wp-content\/uploads\/usu227\/2025\/02\/racons.jpg\" alt=\"\" srcset=\"https:\/\/agora.xtec.cat\/ceip-quatre-vents\/wp-content\/uploads\/usu227\/2025\/02\/racons.jpg 1200w, https:\/\/agora.xtec.cat\/ceip-quatre-vents\/wp-content\/uploads\/usu227\/2025\/02\/racons-225x300.jpg 225w, https:\/\/agora.xtec.cat\/ceip-quatre-vents\/wp-content\/uploads\/usu227\/2025\/02\/racons-768x1024.jpg 768w, https:\/\/agora.xtec.cat\/ceip-quatre-vents\/wp-content\/uploads\/usu227\/2025\/02\/racons-1152x1536.jpg 1152w\" sizes=\"auto, (max-width: 1200px) 100vw, 1200px\" \/><\/div><div class=\"wp-block-getwid-content-timeline-item__content-wrapper\"><div class=\"wp-block-getwid-content-timeline-item__mobile-meta\"><p class=\"wp-block-getwid-content-timeline-item__meta-content\"><strong><mark style=\"background-color:rgba(0, 0, 0, 0)\" class=\"has-inline-color has-vivid-red-color\">11:30 a 12:20h<\/mark><\/strong><\/p><\/div>\n<h3 class=\"wp-block-heading\"><strong>Racons \/ Psicomotricitat<\/strong><\/h3>\n\n\n\n<p><strong> <\/strong>A la darrera estona del mat\u00ed s\u2019ofereixen diverses propostes guiades per l\u2019adult: llenguatge musical, psicomotricitat, racons amb mig grup. Totes elles centrades en sabers m\u00e9s concrets.<\/p>\n<\/div><\/div><\/div><div class=\"wp-block-getwid-content-timeline-item__point\" data-point-color=\"#cf2e2e\"><div class=\"wp-block-getwid-content-timeline-item__point-content\"><\/div><\/div><div class=\"wp-block-getwid-content-timeline-item__meta\"><p class=\"wp-block-getwid-content-timeline-item__meta-content\"><strong><mark style=\"background-color:rgba(0, 0, 0, 0)\" class=\"has-inline-color has-vivid-red-color\">11:30 a 12:20h<\/mark><\/strong><\/p><\/div><\/div><\/div>\n\n\n\n<div class=\"wp-block-getwid-content-timeline-item\"><div class=\"wp-block-getwid-content-timeline-item__wrapper\"><div class=\"wp-block-getwid-content-timeline-item__card\"><div class=\"wp-block-getwid-content-timeline-item__card-wrapper\"><div class=\"wp-block-getwid-content-timeline-item__image-wrapper\"><img loading=\"lazy\" decoding=\"async\" width=\"1600\" height=\"1200\" class=\"wp-block-getwid-content-timeline-item__image wp-image-4969\" src=\"https:\/\/agora.xtec.cat\/ceip-quatre-vents\/wp-content\/uploads\/usu227\/2025\/02\/dinar.jpg\" alt=\"\" srcset=\"https:\/\/agora.xtec.cat\/ceip-quatre-vents\/wp-content\/uploads\/usu227\/2025\/02\/dinar.jpg 1600w, https:\/\/agora.xtec.cat\/ceip-quatre-vents\/wp-content\/uploads\/usu227\/2025\/02\/dinar-300x225.jpg 300w, https:\/\/agora.xtec.cat\/ceip-quatre-vents\/wp-content\/uploads\/usu227\/2025\/02\/dinar-1024x768.jpg 1024w, https:\/\/agora.xtec.cat\/ceip-quatre-vents\/wp-content\/uploads\/usu227\/2025\/02\/dinar-768x576.jpg 768w, https:\/\/agora.xtec.cat\/ceip-quatre-vents\/wp-content\/uploads\/usu227\/2025\/02\/dinar-1536x1152.jpg 1536w, https:\/\/agora.xtec.cat\/ceip-quatre-vents\/wp-content\/uploads\/usu227\/2025\/02\/dinar-200x150.jpg 200w\" sizes=\"auto, (max-width: 1600px) 100vw, 1600px\" \/><\/div><div class=\"wp-block-getwid-content-timeline-item__content-wrapper\"><div class=\"wp-block-getwid-content-timeline-item__mobile-meta\"><p class=\"wp-block-getwid-content-timeline-item__meta-content\"><strong><mark style=\"background-color:rgba(0, 0, 0, 0)\" class=\"has-inline-color has-vivid-red-color\">12:30 a 15h<\/mark><\/strong><\/p><\/div>\n<h3 class=\"wp-block-heading\"><strong>Dinar<\/strong><\/h3>\n\n\n\n<p>L\u2019espai migdia a l&#8217;escola \u00e9s una part important de la jornada escolar on els nens i nenes mengen, socialitzen i descansen. \u00c9s un espai on es fomenta la conviv\u00e8ncia i l&#8217;aprenentatge d&#8217;h\u00e0bits saludables, com ara menjar b\u00e9, respectar els torns i compartir el temps amb els companys.<\/p>\n<\/div><\/div><\/div><div class=\"wp-block-getwid-content-timeline-item__point\" data-point-color=\"#cf2e2e\"><div class=\"wp-block-getwid-content-timeline-item__point-content\"><\/div><\/div><div class=\"wp-block-getwid-content-timeline-item__meta\"><p class=\"wp-block-getwid-content-timeline-item__meta-content\"><strong><mark style=\"background-color:rgba(0, 0, 0, 0)\" class=\"has-inline-color has-vivid-red-color\">12:30 a 15h<\/mark><\/strong><\/p><\/div><\/div><\/div>\n\n\n\n<div class=\"wp-block-getwid-content-timeline-item\"><div class=\"wp-block-getwid-content-timeline-item__wrapper\"><div class=\"wp-block-getwid-content-timeline-item__card\"><div class=\"wp-block-getwid-content-timeline-item__card-wrapper\"><div class=\"wp-block-getwid-content-timeline-item__image-wrapper\"><img loading=\"lazy\" decoding=\"async\" width=\"1600\" height=\"1200\" class=\"wp-block-getwid-content-timeline-item__image wp-image-4967\" src=\"https:\/\/agora.xtec.cat\/ceip-quatre-vents\/wp-content\/uploads\/usu227\/2025\/02\/ambients.jpg\" alt=\"\" srcset=\"https:\/\/agora.xtec.cat\/ceip-quatre-vents\/wp-content\/uploads\/usu227\/2025\/02\/ambients.jpg 1600w, https:\/\/agora.xtec.cat\/ceip-quatre-vents\/wp-content\/uploads\/usu227\/2025\/02\/ambients-300x225.jpg 300w, https:\/\/agora.xtec.cat\/ceip-quatre-vents\/wp-content\/uploads\/usu227\/2025\/02\/ambients-1024x768.jpg 1024w, https:\/\/agora.xtec.cat\/ceip-quatre-vents\/wp-content\/uploads\/usu227\/2025\/02\/ambients-768x576.jpg 768w, https:\/\/agora.xtec.cat\/ceip-quatre-vents\/wp-content\/uploads\/usu227\/2025\/02\/ambients-1536x1152.jpg 1536w, https:\/\/agora.xtec.cat\/ceip-quatre-vents\/wp-content\/uploads\/usu227\/2025\/02\/ambients-200x150.jpg 200w\" sizes=\"auto, (max-width: 1600px) 100vw, 1600px\" \/><\/div><div class=\"wp-block-getwid-content-timeline-item__content-wrapper\"><div class=\"wp-block-getwid-content-timeline-item__mobile-meta\"><p class=\"wp-block-getwid-content-timeline-item__meta-content\"><strong><mark style=\"background-color:rgba(0, 0, 0, 0)\" class=\"has-inline-color has-vivid-red-color\">15 a 16:30h<\/mark><\/strong><\/p><\/div>\n<h3 class=\"wp-block-heading\"><strong>Ambients<\/strong><\/h3>\n\n\n\n<p>A les tardes els alumnes d\u2019I3, I4 i I5 es barregen i es reparteixen en 7 ambients: vida pr\u00e0ctica, llum i ombres, arquitectes, f\u00e0brica de paraules, atelier, natura i pensa\u2019m. Cada ambient est\u00e0 pensat per respondre a les necessitats i ritmes d&#8217;aprenentatge dels alumnes, promoure la diversitat d&#8217;activitats i potenciar el seu comprom\u00eds i motivaci\u00f3. L&#8217;objectiu \u00e9s crear un entorn estimulant que faciliti tant l&#8217;aprenentatge individual com el grupal, respectant les diferents formes d&#8217;aprendre.<\/p>\n<\/div><\/div><\/div><div class=\"wp-block-getwid-content-timeline-item__point\" data-point-color=\"#cf2e2e\"><div class=\"wp-block-getwid-content-timeline-item__point-content\"><\/div><\/div><div class=\"wp-block-getwid-content-timeline-item__meta\"><p class=\"wp-block-getwid-content-timeline-item__meta-content\"><strong><mark style=\"background-color:rgba(0, 0, 0, 0)\" class=\"has-inline-color has-vivid-red-color\">15 a 16:30h<\/mark><\/strong><\/p><\/div><\/div><\/div>\n<\/div><\/div>\n","protected":false},"excerpt":{"rendered":"<p>Un dia a Infantil<\/p>\n","protected":false},"author":1,"featured_media":0,"parent":4463,"menu_order":0,"comment_status":"closed","ping_status":"close","template":"","meta":{"_bbp_topic_count":0,"_bbp_reply_count":0,"_bbp_total_topic_count":0,"_bbp_total_reply_count":0,"_bbp_voice_count":0,"_bbp_anonymous_reply_count":0,"_bbp_topic_count_hidden":0,"_bbp_reply_count_hidden":0,"_bbp_forum_subforum_count":0,"site-sidebar-layout":"default","site-content-layout":"","ast-site-content-layout":"","site-content-style":"default","site-sidebar-style":"default","ast-global-header-display":"","ast-banner-title-visibility":"","ast-main-header-display":"","ast-hfb-above-header-display":"","ast-hfb-below-header-display":"","ast-hfb-mobile-header-display":"","site-post-title":"","ast-breadcrumbs-content":"","ast-featured-img":"","footer-sml-layout":"","theme-transparent-header-meta":"","adv-header-id-meta":"","stick-header-meta":"","header-above-stick-meta":"","header-main-stick-meta":"","header-below-stick-meta":"","astra-migrate-meta-layouts":"default","ast-page-background-enabled":"default","ast-page-background-meta":{"desktop":{"background-color":"var(--ast-global-color-4)","background-image":"","background-repeat":"repeat","background-position":"center center","background-size":"auto","background-attachment":"scroll","background-type":"","background-media":"","overlay-type":"","overlay-color":"","overlay-opacity":"","overlay-gradient":""},"tablet":{"background-color":"","background-image":"","background-repeat":"repeat","background-position":"center center","background-size":"auto","background-attachment":"scroll","background-type":"","background-media":"","overlay-type":"","overlay-color":"","overlay-opacity":"","overlay-gradient":""},"mobile":{"background-color":"","background-image":"","background-repeat":"repeat","background-position":"center center","background-size":"auto","background-attachment":"scroll","background-type":"","background-media":"","overlay-type":"","overlay-color":"","overlay-opacity":"","overlay-gradient":""}},"ast-content-background-meta":{"desktop":{"background-color":"var(--ast-global-color-5)","background-image":"","background-repeat":"repeat","background-position":"center center","background-size":"auto","background-attachment":"scroll","background-type":"","background-media":"","overlay-type":"","overlay-color":"","overlay-opacity":"","overlay-gradient":""},"tablet":{"background-color":"var(--ast-global-color-5)","background-image":"","background-repeat":"repeat","background-position":"center center","background-size":"auto","background-attachment":"scroll","background-type":"","background-media":"","overlay-type":"","overlay-color":"","overlay-opacity":"","overlay-gradient":""},"mobile":{"background-color":"var(--ast-global-color-5)","background-image":"","background-repeat":"repeat","background-position":"center center","background-size":"auto","background-attachment":"scroll","background-type":"","background-media":"","overlay-type":"","overlay-color":"","overlay-opacity":"","overlay-gradient":""}},"footnotes":""},"class_list":["post-4885","page","type-page","status-publish","hentry"],"post_mailing_queue_ids":[],"_links":{"self":[{"href":"https:\/\/agora.xtec.cat\/ceip-quatre-vents\/wp-json\/wp\/v2\/pages\/4885","targetHints":{"allow":["GET"]}}],"collection":[{"href":"https:\/\/agora.xtec.cat\/ceip-quatre-vents\/wp-json\/wp\/v2\/pages"}],"about":[{"href":"https:\/\/agora.xtec.cat\/ceip-quatre-vents\/wp-json\/wp\/v2\/types\/page"}],"author":[{"embeddable":true,"href":"https:\/\/agora.xtec.cat\/ceip-quatre-vents\/wp-json\/wp\/v2\/users\/1"}],"replies":[{"embeddable":true,"href":"https:\/\/agora.xtec.cat\/ceip-quatre-vents\/wp-json\/wp\/v2\/comments?post=4885"}],"version-history":[{"count":6,"href":"https:\/\/agora.xtec.cat\/ceip-quatre-vents\/wp-json\/wp\/v2\/pages\/4885\/revisions"}],"predecessor-version":[{"id":5415,"href":"https:\/\/agora.xtec.cat\/ceip-quatre-vents\/wp-json\/wp\/v2\/pages\/4885\/revisions\/5415"}],"up":[{"embeddable":true,"href":"https:\/\/agora.xtec.cat\/ceip-quatre-vents\/wp-json\/wp\/v2\/pages\/4463"}],"wp:attachment":[{"href":"https:\/\/agora.xtec.cat\/ceip-quatre-vents\/wp-json\/wp\/v2\/media?parent=4885"}],"curies":[{"name":"wp","href":"https:\/\/api.w.org\/{rel}","templated":true}]}}