{"id":4823,"date":"2025-01-24T17:47:15","date_gmt":"2025-01-24T16:47:15","guid":{"rendered":"https:\/\/agora.xtec.cat\/ceip-quatre-vents\/?page_id=4823"},"modified":"2026-04-15T14:43:41","modified_gmt":"2026-04-15T12:43:41","slug":"preinscripcio","status":"publish","type":"page","link":"https:\/\/agora.xtec.cat\/ceip-quatre-vents\/escola\/preinscripcio\/","title":{"rendered":"Preinscripci\u00f3"},"content":{"rendered":"\n<div class=\"wp-block-media-text has-media-on-the-right is-stacked-on-mobile\" style=\"grid-template-columns:auto 40%\"><div class=\"wp-block-media-text__content\">\n<p class=\"has-text-align-center has-medium-font-size\">&#8220;Cada infant \u00e9s \u00fanic i necessita llibertat per cr\u00e9ixer i explorar el m\u00f3n per ell mateix, perqu\u00e8 nom\u00e9s aix\u00ed estarem educant a futurs adults&#8221;<\/p>\n\n\n\n<p class=\"has-text-align-center has-small-font-size\"><em>Maria Montessori<\/em><\/p>\n<\/div><figure class=\"wp-block-media-text__media\"><img loading=\"lazy\" decoding=\"async\" width=\"1000\" height=\"750\" src=\"https:\/\/agora.xtec.cat\/ceip-quatre-vents\/wp-content\/uploads\/usu227\/2025\/02\/I3-6-rotated.jpg\" alt=\"\" class=\"wp-image-4994 size-full\" srcset=\"https:\/\/agora.xtec.cat\/ceip-quatre-vents\/wp-content\/uploads\/usu227\/2025\/02\/I3-6-rotated.jpg 1000w, https:\/\/agora.xtec.cat\/ceip-quatre-vents\/wp-content\/uploads\/usu227\/2025\/02\/I3-6-300x225.jpg 300w, https:\/\/agora.xtec.cat\/ceip-quatre-vents\/wp-content\/uploads\/usu227\/2025\/02\/I3-6-768x576.jpg 768w, https:\/\/agora.xtec.cat\/ceip-quatre-vents\/wp-content\/uploads\/usu227\/2025\/02\/I3-6-200x150.jpg 200w\" sizes=\"auto, (max-width: 1000px) 100vw, 1000px\" \/><\/figure><\/div>\n\n\n\n<div style=\"height:43px\" aria-hidden=\"true\" class=\"wp-block-spacer\"><\/div>\n\n\n\n<figure class=\"wp-block-image size-large\"><a href=\"https:\/\/docs.google.com\/forms\/d\/e\/1FAIpQLSdnCspXIWYJiUFUdKkkVnAC2PeHswGL_9MD3FytE9zbkRMfLw\/viewform\" target=\"_blank\" rel=\" noreferrer noopener\"><img loading=\"lazy\" decoding=\"async\" width=\"1500\" height=\"500\" src=\"https:\/\/agora.xtec.cat\/ceip-quatre-vents\/wp-content\/uploads\/usu227\/2026\/02\/1-1024x341.jpg\" alt=\"\" class=\"wp-image-5718\" srcset=\"https:\/\/agora.xtec.cat\/ceip-quatre-vents\/wp-content\/uploads\/usu227\/2026\/02\/1-1024x341.jpg 1024w, https:\/\/agora.xtec.cat\/ceip-quatre-vents\/wp-content\/uploads\/usu227\/2026\/02\/1-300x100.jpg 300w, https:\/\/agora.xtec.cat\/ceip-quatre-vents\/wp-content\/uploads\/usu227\/2026\/02\/1-768x256.jpg 768w, https:\/\/agora.xtec.cat\/ceip-quatre-vents\/wp-content\/uploads\/usu227\/2026\/02\/1.jpg 1500w\" sizes=\"auto, (max-width: 1500px) 100vw, 1500px\" \/><\/a><\/figure>\n\n\n\n<div class=\"wp-block-columns has-background is-layout-flex wp-container-core-columns-is-layout-4 wp-block-columns-is-layout-flex\" style=\"background-color:#9f6245\">\n<div class=\"wp-block-column has-ast-global-color-5-color has-text-color has-link-color wp-elements-78981daf0208a290f58b4b5203147994 is-layout-flow wp-container-core-column-is-layout-2 wp-block-column-is-layout-flow\" style=\"padding-top:var(--wp--preset--spacing--20);padding-right:var(--wp--preset--spacing--30);padding-bottom:var(--wp--preset--spacing--20);padding-left:var(--wp--preset--spacing--30)\">\n<h2 class=\"wp-block-heading has-text-align-center has-ast-global-color-5-color has-text-color has-link-color wp-elements-dff4fd96017f73bab3688756864d1ee0\" id=\"gb91ab2c9c147\">Inscripci\u00f3<\/h2>\n\n\n\n<div class=\"wp-block-columns is-layout-flex wp-container-core-columns-is-layout-1 wp-block-columns-is-layout-flex\">\n<div class=\"wp-block-column is-layout-flow wp-block-column-is-layout-flow\">\n<div class=\"wp-block-getwid-icon is-aligned-center\"><div class=\"wp-block-getwid-icon__wrapper has-text-color has-ast-global-color-5-color\"><i class=\"far fa-edit\"><\/i><\/div><\/div>\n<\/div>\n<\/div>\n<\/div>\n\n\n\n<div class=\"wp-block-column has-ast-global-color-5-color has-text-color has-link-color wp-elements-6dff2fe58b55a5f6eb922513d4c38c01 is-layout-flow wp-container-core-column-is-layout-4 wp-block-column-is-layout-flow\" style=\"padding-top:var(--wp--preset--spacing--20);padding-right:var(--wp--preset--spacing--30);padding-bottom:var(--wp--preset--spacing--20);padding-left:var(--wp--preset--spacing--30)\">\n<h2 class=\"wp-block-heading has-text-align-center has-ast-global-color-5-color has-text-color has-link-color wp-elements-f726cf1e4c43e2397d0f704dfa23cb51\" id=\"gf05c14871056\">Presentaci\u00f3<\/h2>\n\n\n\n<div class=\"wp-block-columns is-layout-flex wp-container-core-columns-is-layout-2 wp-block-columns-is-layout-flex\">\n<div class=\"wp-block-column is-layout-flow wp-block-column-is-layout-flow\">\n<div class=\"wp-block-getwid-icon is-aligned-center\"><a href=\"https:\/\/docs.google.com\/presentation\/d\/1F0MIgFFCcLKCvoglXb-w6c8DHUx0AAvm\/edit?usp=drive_link&amp;ouid=113077306951876448815&amp;rtpof=true&amp;sd=true\" target=\"_blank\" rel=\"noreferrer noopener\" class=\"wp-block-getwid-icon__wrapper\"><i class=\"fas fa-tv\"><\/i><\/a><\/div>\n<\/div>\n<\/div>\n<\/div>\n\n\n\n<div class=\"wp-block-column has-ast-global-color-5-color has-text-color has-link-color wp-elements-e33763420e591e7931689cda98dcec53 is-layout-flow wp-container-core-column-is-layout-6 wp-block-column-is-layout-flow\" style=\"padding-top:var(--wp--preset--spacing--20);padding-right:var(--wp--preset--spacing--30);padding-bottom:var(--wp--preset--spacing--20);padding-left:var(--wp--preset--spacing--30)\">\n<h2 class=\"wp-block-heading has-text-align-center has-ast-global-color-5-color has-text-color has-link-color wp-elements-903c23f422185a04b341cb4ac4aef35f\" id=\"gb91ab2c9c147\">Imatges<\/h2>\n\n\n\n<div class=\"wp-block-columns is-layout-flex wp-container-core-columns-is-layout-3 wp-block-columns-is-layout-flex\">\n<div class=\"wp-block-column is-layout-flow wp-block-column-is-layout-flow\">\n<div class=\"wp-block-getwid-icon is-aligned-center\"><a href=\"https:\/\/drive.google.com\/drive\/folders\/192MdM3A6ApslYdPOs9bhnfF6bNp1YJJ_?usp=drive_link\" target=\"_blank\" rel=\"noreferrer noopener\" class=\"wp-block-getwid-icon__wrapper has-text-color has-ast-global-color-5-color\"><i class=\"far fa-file-image\"><\/i><\/a><\/div>\n<\/div>\n<\/div>\n<\/div>\n<\/div>\n\n\n\n<div class=\"wp-block-columns is-layout-flex wp-container-core-columns-is-layout-7 wp-block-columns-is-layout-flex\">\n<div class=\"wp-block-column has-ast-global-color-5-color has-ast-global-color-0-background-color has-text-color has-background has-link-color wp-elements-9c52e8215492b1a98c5a80255a310a91 is-layout-flow wp-container-core-column-is-layout-9 wp-block-column-is-layout-flow\" style=\"padding-top:var(--wp--preset--spacing--20);padding-right:var(--wp--preset--spacing--30);padding-bottom:var(--wp--preset--spacing--20);padding-left:var(--wp--preset--spacing--30)\">\n<h2 class=\"wp-block-heading has-ast-global-color-5-color has-text-color has-link-color wp-elements-badf5fee9edc285e317317133f9f8962\" id=\"gf05c14871056\"><strong>Preinscripci\u00f3<\/strong><\/h2>\n\n\n\n<p><strong>Del 4 al 18 de mar\u00e7 de 2026 presentaci\u00f3 de sol\u00b7licituds<\/strong><\/p>\n\n\n\n<div class=\"wp-block-columns is-layout-flex wp-container-core-columns-is-layout-5 wp-block-columns-is-layout-flex\">\n<div class=\"wp-block-column is-vertically-aligned-center is-layout-flow wp-block-column-is-layout-flow\">\n<h3 class=\"wp-block-heading has-text-align-right\" id=\"gcb2c518a10cf\"><a href=\"https:\/\/preinscripcio.gencat.cat\/ca\/inici\" target=\"_blank\" rel=\"noreferrer noopener\">Consultar<\/a><\/h3>\n<\/div>\n\n\n\n<div class=\"wp-block-column is-layout-flow wp-block-column-is-layout-flow\">\n<div class=\"wp-block-getwid-icon is-aligned-left\"><div class=\"wp-block-getwid-icon__wrapper\"><i class=\"fas fa-info-circle\"><\/i><\/div><\/div>\n<\/div>\n<\/div>\n<\/div>\n\n\n\n<div class=\"wp-block-column has-ast-global-color-5-color has-ast-global-color-3-background-color has-text-color has-background has-link-color wp-elements-8d0267dfe648f9172bd878de4be8fbf9 is-layout-flow wp-container-core-column-is-layout-12 wp-block-column-is-layout-flow\" style=\"padding-top:var(--wp--preset--spacing--20);padding-right:var(--wp--preset--spacing--30);padding-bottom:var(--wp--preset--spacing--20);padding-left:var(--wp--preset--spacing--30)\">\n<h2 class=\"wp-block-heading has-ast-global-color-5-color has-text-color has-link-color wp-elements-10d5d8ce747f5a5d4cfc142e71d1c41e\" id=\"gb91ab2c9c147\"><strong>Oferta inicial<\/strong><\/h2>\n\n\n\n<p><strong><strong>3\/3\/<\/strong>2026<\/strong><\/p>\n\n\n\n<div class=\"wp-block-columns is-layout-flex wp-container-core-columns-is-layout-6 wp-block-columns-is-layout-flex\">\n<div class=\"wp-block-column is-vertically-aligned-center is-layout-flow wp-block-column-is-layout-flow\">\n<h3 class=\"wp-block-heading has-text-align-right has-ast-global-color-5-color has-text-color has-link-color wp-elements-b4827845d0652742573099db6f2bd87a\" id=\"gb1f3c16391e3\"><a href=\"https:\/\/mapaescolar.gencat.cat\/\" target=\"_blank\" rel=\"noreferrer noopener\">Consultar<\/a><\/h3>\n<\/div>\n\n\n\n<div class=\"wp-block-column is-layout-flow wp-block-column-is-layout-flow\">\n<div class=\"wp-block-getwid-icon is-aligned-left\"><div class=\"wp-block-getwid-icon__wrapper has-text-color has-ast-global-color-5-color\"><i class=\"far fa-list-alt\"><\/i><\/div><\/div>\n<\/div>\n<\/div>\n<\/div>\n<\/div>\n\n\n\n<div class=\"wp-block-columns is-layout-flex wp-container-core-columns-is-layout-10 wp-block-columns-is-layout-flex\">\n<div class=\"wp-block-column has-ast-global-color-2-background-color has-background is-layout-flow wp-container-core-column-is-layout-15 wp-block-column-is-layout-flow\" style=\"padding-top:var(--wp--preset--spacing--20);padding-right:var(--wp--preset--spacing--30);padding-bottom:var(--wp--preset--spacing--20);padding-left:var(--wp--preset--spacing--30)\">\n<h2 class=\"wp-block-heading has-ast-global-color-5-color has-text-color has-link-color wp-elements-699ef444e09b1c20a145f5a81c5f5f6b\" id=\"gc983ea9263b0\"><strong>Llista provisional<\/strong><\/h2>\n\n\n\n<p class=\"has-ast-global-color-5-color has-text-color has-link-color wp-elements-619ed29c5dc2cf13675d82ab06d5b79e\"><strong>15\/4\/2026<\/strong><\/p>\n\n\n\n<div class=\"wp-block-columns has-ast-global-color-5-color has-text-color has-link-color wp-elements-e27c9271d6e055a6969261508c8c1098 is-layout-flex wp-container-core-columns-is-layout-8 wp-block-columns-is-layout-flex\">\n<div class=\"wp-block-column is-vertically-aligned-center is-layout-flow wp-block-column-is-layout-flow\">\n<h3 class=\"wp-block-heading has-text-align-right has-ast-global-color-5-color has-text-color has-link-color wp-elements-d003bb4e606b799792591170fbfcd658\" id=\"gac3aa00d87b2\"><a href=\"https:\/\/drive.google.com\/file\/d\/1TwMRmcwUXvaqGZaPyj5qfJw3TzW5U1I7\/view?usp=drive_link\" target=\"_blank\" rel=\"noreferrer noopener\">Consultar<\/a><\/h3>\n<\/div>\n\n\n\n<div class=\"wp-block-column is-layout-flow wp-block-column-is-layout-flow\">\n<div class=\"wp-block-getwid-icon is-aligned-left\"><div class=\"wp-block-getwid-icon__wrapper\"><i class=\"far fa-list-alt\"><\/i><\/div><\/div>\n<\/div>\n<\/div>\n<\/div>\n\n\n\n<div class=\"wp-block-column has-ast-global-color-5-color has-ast-global-color-1-background-color has-text-color has-background has-link-color wp-elements-fcde4e05f53831c20935c8cd85243e41 is-layout-flow wp-container-core-column-is-layout-18 wp-block-column-is-layout-flow\" style=\"padding-top:var(--wp--preset--spacing--20);padding-right:var(--wp--preset--spacing--30);padding-bottom:var(--wp--preset--spacing--20);padding-left:var(--wp--preset--spacing--30)\">\n<h2 class=\"wp-block-heading has-ast-global-color-5-color has-text-color has-link-color wp-elements-d57773173141d2ea08d10657261eb5c8\" id=\"gd75e4df08553\"><strong>Llista reclamacions&nbsp;<\/strong><\/h2>\n\n\n\n<p><strong><strong>23\/4\/<\/strong>2026<\/strong><\/p>\n\n\n\n<div class=\"wp-block-columns is-layout-flex wp-container-core-columns-is-layout-9 wp-block-columns-is-layout-flex\">\n<div class=\"wp-block-column is-vertically-aligned-center is-layout-flow wp-block-column-is-layout-flow\">\n<h3 class=\"wp-block-heading has-text-align-right has-ast-global-color-5-color has-text-color has-link-color wp-elements-b6c64580e879cb956b093159349c71ee\" id=\"gb87cb9365e00\">Consultar<\/h3>\n<\/div>\n\n\n\n<div class=\"wp-block-column is-layout-flow wp-block-column-is-layout-flow\">\n<div class=\"wp-block-getwid-icon is-aligned-left\"><div class=\"wp-block-getwid-icon__wrapper\"><i class=\"far fa-list-alt\"><\/i><\/div><\/div>\n<\/div>\n<\/div>\n<\/div>\n<\/div>\n\n\n\n<div class=\"wp-block-columns is-layout-flex wp-container-core-columns-is-layout-13 wp-block-columns-is-layout-flex\">\n<div class=\"wp-block-column has-ast-global-color-5-color has-text-color has-background has-link-color wp-elements-d084d72ab98cf98efeec14dff23b7810 is-layout-flow wp-container-core-column-is-layout-21 wp-block-column-is-layout-flow\" style=\"background-color:#425981;padding-top:var(--wp--preset--spacing--20);padding-right:var(--wp--preset--spacing--30);padding-bottom:var(--wp--preset--spacing--20);padding-left:var(--wp--preset--spacing--30)\">\n<h2 class=\"wp-block-heading has-ast-global-color-5-color has-text-color has-link-color wp-elements-9753556a535e6b7781fb057a1a10abbb\" id=\"gc31478bc3fa3\"><strong>Llista ordenada<\/strong><\/h2>\n\n\n\n<p><strong><strong>29\/4\/<\/strong>2026<\/strong><\/p>\n\n\n\n<div class=\"wp-block-columns is-layout-flex wp-container-core-columns-is-layout-11 wp-block-columns-is-layout-flex\">\n<div class=\"wp-block-column is-vertically-aligned-center is-layout-flow wp-block-column-is-layout-flow\">\n<h3 class=\"wp-block-heading has-text-align-right has-ast-global-color-5-color has-text-color has-link-color wp-elements-7a3701c8ed818d1e25f891712a12d530\" id=\"gf16b655bff5c\">Consultar<\/h3>\n<\/div>\n\n\n\n<div class=\"wp-block-column is-layout-flow wp-block-column-is-layout-flow\">\n<div class=\"wp-block-getwid-icon is-aligned-left\"><div class=\"wp-block-getwid-icon__wrapper has-text-color has-ast-global-color-5-color\"><i class=\"far fa-list-alt\"><\/i><\/div><\/div>\n<\/div>\n<\/div>\n<\/div>\n\n\n\n<div class=\"wp-block-column has-ast-global-color-5-color has-light-green-cyan-background-color has-text-color has-background has-link-color wp-elements-6fb4f267a5d70ca284fe517a57ab0a93 is-layout-flow wp-container-core-column-is-layout-24 wp-block-column-is-layout-flow\" style=\"padding-top:var(--wp--preset--spacing--20);padding-right:var(--wp--preset--spacing--30);padding-bottom:var(--wp--preset--spacing--20);padding-left:var(--wp--preset--spacing--30)\">\n<h2 class=\"wp-block-heading has-ast-global-color-5-color has-text-color has-link-color wp-elements-4305ca036b98b95e5352a40b43f991fb\" id=\"g3122f3a8cf4f\"><strong>Llista admesos<\/strong><\/h2>\n\n\n\n<p><strong><strong>10\/6\/<\/strong>2026<\/strong><\/p>\n\n\n\n<div class=\"wp-block-columns is-layout-flex wp-container-core-columns-is-layout-12 wp-block-columns-is-layout-flex\">\n<div class=\"wp-block-column is-vertically-aligned-center is-layout-flow wp-block-column-is-layout-flow\">\n<h3 class=\"wp-block-heading has-text-align-right has-ast-global-color-5-color has-text-color has-link-color wp-elements-71c2c0b96f5605c3e8d6db1461aade22\" id=\"g19fe0d7717fa\">Consultar<\/h3>\n<\/div>\n\n\n\n<div class=\"wp-block-column is-layout-flow wp-block-column-is-layout-flow\">\n<div class=\"wp-block-getwid-icon is-aligned-left\"><div class=\"wp-block-getwid-icon__wrapper has-text-color has-ast-global-color-5-color\"><i class=\"far fa-list-alt\"><\/i><\/div><\/div>\n<\/div>\n<\/div>\n<\/div>\n<\/div>\n\n\n\n<div class=\"wp-block-columns is-layout-flex wp-container-core-columns-is-layout-16 wp-block-columns-is-layout-flex\">\n<div class=\"wp-block-column has-ast-global-color-5-color has-vivid-green-cyan-background-color has-text-color has-background has-link-color wp-elements-1b2af43be570e171de1981cdbc25c5af is-layout-flow wp-container-core-column-is-layout-27 wp-block-column-is-layout-flow\" style=\"padding-top:var(--wp--preset--spacing--20);padding-right:var(--wp--preset--spacing--30);padding-bottom:var(--wp--preset--spacing--20);padding-left:var(--wp--preset--spacing--30)\">\n<h2 class=\"wp-block-heading has-ast-global-color-5-color has-text-color has-link-color wp-elements-b95e2fb26f0b1d6ba12ce78cfaa640c5\" id=\"g2dbbdbc9d9c9\"><strong>Llista d&#8217;espera<\/strong><\/h2>\n\n\n\n<p><strong><strong><strong><strong>10\/6\/<\/strong>2026<\/strong><\/strong><\/strong><\/p>\n\n\n\n<div class=\"wp-block-columns is-layout-flex wp-container-core-columns-is-layout-14 wp-block-columns-is-layout-flex\">\n<div class=\"wp-block-column is-vertically-aligned-center is-layout-flow wp-block-column-is-layout-flow\">\n<h3 class=\"wp-block-heading has-text-align-right has-ast-global-color-5-color has-text-color has-link-color wp-elements-67fdb33d938b7ac0613fb80de180855c\" id=\"gdaf29e09eb88\">Consultar<\/h3>\n<\/div>\n\n\n\n<div class=\"wp-block-column is-layout-flow wp-block-column-is-layout-flow\">\n<div class=\"wp-block-getwid-icon is-aligned-left\"><div class=\"wp-block-getwid-icon__wrapper has-text-color has-ast-global-color-5-color\"><i class=\"far fa-list-alt\"><\/i><\/div><\/div>\n<\/div>\n<\/div>\n<\/div>\n\n\n\n<div class=\"wp-block-column has-ast-global-color-5-color has-vivid-purple-background-color has-text-color has-background has-link-color wp-elements-6f0cf5c3c429435e63014fae2115b00c is-layout-flow wp-container-core-column-is-layout-30 wp-block-column-is-layout-flow\" style=\"padding-top:var(--wp--preset--spacing--20);padding-right:var(--wp--preset--spacing--30);padding-bottom:var(--wp--preset--spacing--20);padding-left:var(--wp--preset--spacing--30)\">\n<h2 class=\"wp-block-heading has-ast-global-color-5-color has-text-color has-link-color wp-elements-48e97c1fc12087404119f675d575213c\" id=\"g58d213c920ee\"><strong>Matriculaci\u00f3<\/strong><\/h2>\n\n\n\n<p><strong><strong><strong>Del 22 al 30 de juny de 2026<\/strong><\/strong><\/strong><\/p>\n\n\n\n<div class=\"wp-block-columns is-layout-flex wp-container-core-columns-is-layout-15 wp-block-columns-is-layout-flex\">\n<div class=\"wp-block-column is-vertically-aligned-center is-layout-flow wp-block-column-is-layout-flow\">\n<h3 class=\"wp-block-heading has-text-align-right has-ast-global-color-5-color has-text-color has-link-color wp-elements-3454a21a89a7a01c28c73d245f397d8d\" id=\"gabfaf5eb5037\">Consultar<\/h3>\n<\/div>\n\n\n\n<div class=\"wp-block-column is-layout-flow wp-block-column-is-layout-flow\">\n<div class=\"wp-block-getwid-icon is-aligned-left\"><div class=\"wp-block-getwid-icon__wrapper has-text-color has-ast-global-color-5-color\"><i class=\"far fa-list-alt\"><\/i><\/div><\/div>\n<\/div>\n<\/div>\n<\/div>\n<\/div>\n\n\n\n<div class=\"wp-block-getwid-advanced-spacer\" style=\"height:34px\" aria-hidden=\"true\"><\/div>\n\n\n\n<h4 class=\"wp-block-heading\">Hist\u00f2ric de preinscripcions<\/h4>\n\n\n\n<div class=\"wp-block-getwid-tabs\" data-active-tab=\"0\"><ul class=\"wp-block-getwid-tabs__nav-links\"><\/ul>\n<div class=\"wp-block-getwid-tabs__nav-link\"><span class=\"wp-block-getwid-tabs__title-wrapper\"><a href=\"#\"><span class=\"wp-block-getwid-tabs__title\">Curs 26-27<\/span><\/a><\/span><\/div><div class=\"wp-block-getwid-tabs__tab-content-wrapper\"><div class=\"wp-block-getwid-tabs__tab-content\">\n<p><a href=\"https:\/\/drive.google.com\/drive\/folders\/1wJ-x7yxXJ1NqAp0rLYyZBHg41kkTpg6T?usp=drive_link\" target=\"_blank\" rel=\"noreferrer noopener\">Consulta&#8217;l<\/a><\/p>\n<\/div><\/div>\n\n\n\n<div class=\"wp-block-getwid-tabs__nav-link\"><span class=\"wp-block-getwid-tabs__title-wrapper\"><a href=\"#\"><span class=\"wp-block-getwid-tabs__title\">Curs 25-26<\/span><\/a><\/span><\/div><div class=\"wp-block-getwid-tabs__tab-content-wrapper\"><div class=\"wp-block-getwid-tabs__tab-content\">\n<p><a href=\"https:\/\/drive.google.com\/drive\/folders\/1CybniW1Xxt-t7lLjHpnF3ggrD2F4ZPK4?usp=drive_link\" target=\"_blank\" rel=\"noreferrer noopener\">Consulta&#8217;l<\/a><\/p>\n<\/div><\/div>\n<\/div>\n","protected":false},"excerpt":{"rendered":"<p>&#8220;Cada infant \u00e9s \u00fanic i necessita llibertat per cr\u00e9ixer i explorar el m\u00f3n per ell mateix, perqu\u00e8 nom\u00e9s aix\u00ed estarem [&hellip;]<\/p>\n","protected":false},"author":1,"featured_media":0,"parent":4463,"menu_order":0,"comment_status":"closed","ping_status":"close","template":"","meta":{"_bbp_topic_count":0,"_bbp_reply_count":0,"_bbp_total_topic_count":0,"_bbp_total_reply_count":0,"_bbp_voice_count":0,"_bbp_anonymous_reply_count":0,"_bbp_topic_count_hidden":0,"_bbp_reply_count_hidden":0,"_bbp_forum_subforum_count":0,"site-sidebar-layout":"default","site-content-layout":"","ast-site-content-layout":"","site-content-style":"default","site-sidebar-style":"default","ast-global-header-display":"","ast-banner-title-visibility":"","ast-main-header-display":"","ast-hfb-above-header-display":"","ast-hfb-below-header-display":"","ast-hfb-mobile-header-display":"","site-post-title":"disabled","ast-breadcrumbs-content":"","ast-featured-img":"","footer-sml-layout":"","theme-transparent-header-meta":"","adv-header-id-meta":"","stick-header-meta":"","header-above-stick-meta":"","header-main-stick-meta":"","header-below-stick-meta":"","astra-migrate-meta-layouts":"default","ast-page-background-enabled":"default","ast-page-background-meta":{"desktop":{"background-color":"var(--ast-global-color-4)","background-image":"","background-repeat":"repeat","background-position":"center center","background-size":"auto","background-attachment":"scroll","background-type":"","background-media":"","overlay-type":"","overlay-color":"","overlay-opacity":"","overlay-gradient":""},"tablet":{"background-color":"","background-image":"","background-repeat":"repeat","background-position":"center center","background-size":"auto","background-attachment":"scroll","background-type":"","background-media":"","overlay-type":"","overlay-color":"","overlay-opacity":"","overlay-gradient":""},"mobile":{"background-color":"","background-image":"","background-repeat":"repeat","background-position":"center center","background-size":"auto","background-attachment":"scroll","background-type":"","background-media":"","overlay-type":"","overlay-color":"","overlay-opacity":"","overlay-gradient":""}},"ast-content-background-meta":{"desktop":{"background-color":"var(--ast-global-color-5)","background-image":"","background-repeat":"repeat","background-position":"center center","background-size":"auto","background-attachment":"scroll","background-type":"","background-media":"","overlay-type":"","overlay-color":"","overlay-opacity":"","overlay-gradient":""},"tablet":{"background-color":"var(--ast-global-color-5)","background-image":"","background-repeat":"repeat","background-position":"center center","background-size":"auto","background-attachment":"scroll","background-type":"","background-media":"","overlay-type":"","overlay-color":"","overlay-opacity":"","overlay-gradient":""},"mobile":{"background-color":"var(--ast-global-color-5)","background-image":"","background-repeat":"repeat","background-position":"center center","background-size":"auto","background-attachment":"scroll","background-type":"","background-media":"","overlay-type":"","overlay-color":"","overlay-opacity":"","overlay-gradient":""}},"footnotes":""},"class_list":["post-4823","page","type-page","status-publish","hentry"],"post_mailing_queue_ids":[],"_links":{"self":[{"href":"https:\/\/agora.xtec.cat\/ceip-quatre-vents\/wp-json\/wp\/v2\/pages\/4823","targetHints":{"allow":["GET"]}}],"collection":[{"href":"https:\/\/agora.xtec.cat\/ceip-quatre-vents\/wp-json\/wp\/v2\/pages"}],"about":[{"href":"https:\/\/agora.xtec.cat\/ceip-quatre-vents\/wp-json\/wp\/v2\/types\/page"}],"author":[{"embeddable":true,"href":"https:\/\/agora.xtec.cat\/ceip-quatre-vents\/wp-json\/wp\/v2\/users\/1"}],"replies":[{"embeddable":true,"href":"https:\/\/agora.xtec.cat\/ceip-quatre-vents\/wp-json\/wp\/v2\/comments?post=4823"}],"version-history":[{"count":6,"href":"https:\/\/agora.xtec.cat\/ceip-quatre-vents\/wp-json\/wp\/v2\/pages\/4823\/revisions"}],"predecessor-version":[{"id":5792,"href":"https:\/\/agora.xtec.cat\/ceip-quatre-vents\/wp-json\/wp\/v2\/pages\/4823\/revisions\/5792"}],"up":[{"embeddable":true,"href":"https:\/\/agora.xtec.cat\/ceip-quatre-vents\/wp-json\/wp\/v2\/pages\/4463"}],"wp:attachment":[{"href":"https:\/\/agora.xtec.cat\/ceip-quatre-vents\/wp-json\/wp\/v2\/media?parent=4823"}],"curies":[{"name":"wp","href":"https:\/\/api.w.org\/{rel}","templated":true}]}}