{"id":4512,"date":"2024-10-11T12:27:58","date_gmt":"2024-10-11T10:27:58","guid":{"rendered":"https:\/\/agora.xtec.cat\/ceip-quatre-vents\/?page_id=4512"},"modified":"2025-02-20T15:22:09","modified_gmt":"2025-02-20T14:22:09","slug":"espais","status":"publish","type":"page","link":"https:\/\/agora.xtec.cat\/ceip-quatre-vents\/escola\/espais\/","title":{"rendered":"Espais"},"content":{"rendered":"\n<div class=\"wp-block-media-text has-media-on-the-right is-stacked-on-mobile\" style=\"grid-template-columns:auto 40%\"><div class=\"wp-block-media-text__content\">\n<p class=\"has-text-align-center has-medium-font-size\">&#8220;Si l&#8217;est\u00e8tica promou la sensibilitat i la capacitat de connectar coses molt allunyades entre si i si l&#8217;aprenentatge t\u00e9 lloc a trav\u00e9s de noves connexions entre elements molt diferents, l&#8217;est\u00e8tica pot considerar-se com un important activador de l&#8217;aprenentatge&#8221;<\/p>\n\n\n\n<p class=\"has-text-align-center has-small-font-size\"><em>Vegi Vecchi<\/em><\/p>\n<\/div><figure class=\"wp-block-media-text__media\"><img loading=\"lazy\" decoding=\"async\" width=\"682\" height=\"1024\" src=\"https:\/\/agora.xtec.cat\/ceip-quatre-vents\/wp-content\/uploads\/usu227\/2025\/01\/1-682x1024.jpg\" alt=\"\" class=\"wp-image-4865 size-full\" srcset=\"https:\/\/agora.xtec.cat\/ceip-quatre-vents\/wp-content\/uploads\/usu227\/2025\/01\/1-682x1024.jpg 682w, https:\/\/agora.xtec.cat\/ceip-quatre-vents\/wp-content\/uploads\/usu227\/2025\/01\/1-200x300.jpg 200w, https:\/\/agora.xtec.cat\/ceip-quatre-vents\/wp-content\/uploads\/usu227\/2025\/01\/1-768x1152.jpg 768w, https:\/\/agora.xtec.cat\/ceip-quatre-vents\/wp-content\/uploads\/usu227\/2025\/01\/1-1024x1536.jpg 1024w, https:\/\/agora.xtec.cat\/ceip-quatre-vents\/wp-content\/uploads\/usu227\/2025\/01\/1.jpg 1181w\" sizes=\"auto, (max-width: 682px) 100vw, 682px\" \/><\/figure><\/div>\n\n\n\n<div style=\"height:43px\" aria-hidden=\"true\" class=\"wp-block-spacer\"><\/div>\n\n\n\n<p class=\"has-medium-font-size\">La cura dels espais a les escoles \u00e9s essencial per crear un ambient d&#8217;aprenentatge positiu i saludable. Un espai net, organitzat i acollidor no nom\u00e9s afavoreix la concentraci\u00f3 i el benestar dels alumnes, sin\u00f3 que tamb\u00e9 fomenta el respecte pel seu entorn. Mantenir els espais escolars en bon estat contribueix a la seguretat i a la comoditat dels infants, i els ensenya a valorar la responsabilitat i la cura del seu voltant. A m\u00e9s, un entorn ben cuidat ajuda a crear una atmosfera de respecte i col\u00b7laboraci\u00f3, on tots es senten responsables de mantenir un espai com\u00fa en condicions \u00f2ptimes per al desenvolupament de les activitats di\u00e0ries.<\/p>\n\n\n\n<div style=\"height:43px\" aria-hidden=\"true\" class=\"wp-block-spacer\"><\/div>\n\n\n\n<h2 class=\"wp-block-heading\">Espais d&#8217;infantil<\/h2>\n\n\n\n<div class=\"wp-block-columns is-layout-flex wp-container-core-columns-is-layout-1 wp-block-columns-is-layout-flex\">\n<div class=\"wp-block-column is-layout-flow wp-block-column-is-layout-flow\">\n<figure class=\"wp-block-image size-large\"><a href=\"https:\/\/agora.xtec.cat\/ceip-quatre-vents\/wp-content\/uploads\/usu227\/2025\/01\/Foto-aula-infantil.jpg\"><img loading=\"lazy\" decoding=\"async\" width=\"1024\" height=\"733\" src=\"https:\/\/agora.xtec.cat\/ceip-quatre-vents\/wp-content\/uploads\/usu227\/2025\/01\/Foto-aula-infantil-1024x733.jpg\" alt=\"\" class=\"wp-image-4854\" srcset=\"https:\/\/agora.xtec.cat\/ceip-quatre-vents\/wp-content\/uploads\/usu227\/2025\/01\/Foto-aula-infantil-1024x733.jpg 1024w, https:\/\/agora.xtec.cat\/ceip-quatre-vents\/wp-content\/uploads\/usu227\/2025\/01\/Foto-aula-infantil-300x215.jpg 300w, https:\/\/agora.xtec.cat\/ceip-quatre-vents\/wp-content\/uploads\/usu227\/2025\/01\/Foto-aula-infantil-768x550.jpg 768w, https:\/\/agora.xtec.cat\/ceip-quatre-vents\/wp-content\/uploads\/usu227\/2025\/01\/Foto-aula-infantil-1536x1100.jpg 1536w, https:\/\/agora.xtec.cat\/ceip-quatre-vents\/wp-content\/uploads\/usu227\/2025\/01\/Foto-aula-infantil.jpg 1600w\" sizes=\"auto, (max-width: 1024px) 100vw, 1024px\" \/><\/a><\/figure>\n<\/div>\n\n\n\n<div class=\"wp-block-column is-layout-flow wp-block-column-is-layout-flow\">\n<figure class=\"wp-block-image size-full\"><a href=\"https:\/\/agora.xtec.cat\/ceip-quatre-vents\/wp-content\/uploads\/usu227\/2025\/02\/WhatsApp-Image-2025-02-04-at-21.02.07-1.jpg\"><img loading=\"lazy\" decoding=\"async\" width=\"1024\" height=\"768\" src=\"https:\/\/agora.xtec.cat\/ceip-quatre-vents\/wp-content\/uploads\/usu227\/2025\/02\/WhatsApp-Image-2025-02-04-at-21.02.07-1.jpg\" alt=\"\" class=\"wp-image-5265\" srcset=\"https:\/\/agora.xtec.cat\/ceip-quatre-vents\/wp-content\/uploads\/usu227\/2025\/02\/WhatsApp-Image-2025-02-04-at-21.02.07-1.jpg 1024w, https:\/\/agora.xtec.cat\/ceip-quatre-vents\/wp-content\/uploads\/usu227\/2025\/02\/WhatsApp-Image-2025-02-04-at-21.02.07-1-300x225.jpg 300w, https:\/\/agora.xtec.cat\/ceip-quatre-vents\/wp-content\/uploads\/usu227\/2025\/02\/WhatsApp-Image-2025-02-04-at-21.02.07-1-768x576.jpg 768w\" sizes=\"auto, (max-width: 1024px) 100vw, 1024px\" \/><\/a><\/figure>\n<\/div>\n\n\n\n<div class=\"wp-block-column is-layout-flow wp-block-column-is-layout-flow\">\n<figure class=\"wp-block-image size-full\"><a href=\"https:\/\/agora.xtec.cat\/ceip-quatre-vents\/wp-content\/uploads\/usu227\/2025\/02\/arquitectes-2.jpg\"><img loading=\"lazy\" decoding=\"async\" width=\"1024\" height=\"768\" src=\"https:\/\/agora.xtec.cat\/ceip-quatre-vents\/wp-content\/uploads\/usu227\/2025\/02\/arquitectes-2.jpg\" alt=\"\" class=\"wp-image-5259\" srcset=\"https:\/\/agora.xtec.cat\/ceip-quatre-vents\/wp-content\/uploads\/usu227\/2025\/02\/arquitectes-2.jpg 1024w, https:\/\/agora.xtec.cat\/ceip-quatre-vents\/wp-content\/uploads\/usu227\/2025\/02\/arquitectes-2-300x225.jpg 300w, https:\/\/agora.xtec.cat\/ceip-quatre-vents\/wp-content\/uploads\/usu227\/2025\/02\/arquitectes-2-768x576.jpg 768w\" sizes=\"auto, (max-width: 1024px) 100vw, 1024px\" \/><\/a><\/figure>\n<\/div>\n\n\n\n<div class=\"wp-block-column is-layout-flow wp-block-column-is-layout-flow\">\n<figure class=\"wp-block-image size-full\"><a href=\"https:\/\/agora.xtec.cat\/ceip-quatre-vents\/wp-content\/uploads\/usu227\/2025\/02\/arquitectes.jpg\"><img loading=\"lazy\" decoding=\"async\" width=\"1024\" height=\"768\" src=\"https:\/\/agora.xtec.cat\/ceip-quatre-vents\/wp-content\/uploads\/usu227\/2025\/02\/arquitectes.jpg\" alt=\"\" class=\"wp-image-5260\" srcset=\"https:\/\/agora.xtec.cat\/ceip-quatre-vents\/wp-content\/uploads\/usu227\/2025\/02\/arquitectes.jpg 1024w, https:\/\/agora.xtec.cat\/ceip-quatre-vents\/wp-content\/uploads\/usu227\/2025\/02\/arquitectes-300x225.jpg 300w, https:\/\/agora.xtec.cat\/ceip-quatre-vents\/wp-content\/uploads\/usu227\/2025\/02\/arquitectes-768x576.jpg 768w\" sizes=\"auto, (max-width: 1024px) 100vw, 1024px\" \/><\/a><\/figure>\n<\/div>\n<\/div>\n\n\n\n<div class=\"wp-block-columns is-layout-flex wp-container-core-columns-is-layout-2 wp-block-columns-is-layout-flex\">\n<div class=\"wp-block-column is-layout-flow wp-block-column-is-layout-flow\">\n<figure class=\"wp-block-image size-large\"><a href=\"https:\/\/agora.xtec.cat\/ceip-quatre-vents\/wp-content\/uploads\/usu227\/2025\/02\/I5.jpg\"><img loading=\"lazy\" decoding=\"async\" width=\"768\" height=\"1024\" src=\"https:\/\/agora.xtec.cat\/ceip-quatre-vents\/wp-content\/uploads\/usu227\/2025\/02\/I5-768x1024.jpg\" alt=\"\" class=\"wp-image-5263\" srcset=\"https:\/\/agora.xtec.cat\/ceip-quatre-vents\/wp-content\/uploads\/usu227\/2025\/02\/I5-768x1024.jpg 768w, https:\/\/agora.xtec.cat\/ceip-quatre-vents\/wp-content\/uploads\/usu227\/2025\/02\/I5-225x300.jpg 225w, https:\/\/agora.xtec.cat\/ceip-quatre-vents\/wp-content\/uploads\/usu227\/2025\/02\/I5.jpg 1024w\" sizes=\"auto, (max-width: 768px) 100vw, 768px\" \/><\/a><\/figure>\n<\/div>\n\n\n\n<div class=\"wp-block-column is-layout-flow wp-block-column-is-layout-flow\">\n<figure class=\"wp-block-image size-large\"><a href=\"https:\/\/agora.xtec.cat\/ceip-quatre-vents\/wp-content\/uploads\/usu227\/2025\/02\/I3.jpg\"><img loading=\"lazy\" decoding=\"async\" width=\"768\" height=\"1024\" src=\"https:\/\/agora.xtec.cat\/ceip-quatre-vents\/wp-content\/uploads\/usu227\/2025\/02\/I3-768x1024.jpg\" alt=\"\" class=\"wp-image-5262\" srcset=\"https:\/\/agora.xtec.cat\/ceip-quatre-vents\/wp-content\/uploads\/usu227\/2025\/02\/I3-768x1024.jpg 768w, https:\/\/agora.xtec.cat\/ceip-quatre-vents\/wp-content\/uploads\/usu227\/2025\/02\/I3-225x300.jpg 225w, https:\/\/agora.xtec.cat\/ceip-quatre-vents\/wp-content\/uploads\/usu227\/2025\/02\/I3.jpg 1024w\" sizes=\"auto, (max-width: 768px) 100vw, 768px\" \/><\/a><\/figure>\n<\/div>\n\n\n\n<div class=\"wp-block-column is-layout-flow wp-block-column-is-layout-flow\">\n<figure class=\"wp-block-image size-large\"><a href=\"https:\/\/agora.xtec.cat\/ceip-quatre-vents\/wp-content\/uploads\/usu227\/2025\/02\/abac.jpg\"><img loading=\"lazy\" decoding=\"async\" width=\"768\" height=\"1024\" src=\"https:\/\/agora.xtec.cat\/ceip-quatre-vents\/wp-content\/uploads\/usu227\/2025\/02\/abac-768x1024.jpg\" alt=\"\" class=\"wp-image-5258\" srcset=\"https:\/\/agora.xtec.cat\/ceip-quatre-vents\/wp-content\/uploads\/usu227\/2025\/02\/abac-768x1024.jpg 768w, https:\/\/agora.xtec.cat\/ceip-quatre-vents\/wp-content\/uploads\/usu227\/2025\/02\/abac-225x300.jpg 225w, https:\/\/agora.xtec.cat\/ceip-quatre-vents\/wp-content\/uploads\/usu227\/2025\/02\/abac.jpg 1024w\" sizes=\"auto, (max-width: 768px) 100vw, 768px\" \/><\/a><\/figure>\n<\/div>\n\n\n\n<div class=\"wp-block-column is-layout-flow wp-block-column-is-layout-flow\">\n<figure class=\"wp-block-image size-large\"><a href=\"https:\/\/agora.xtec.cat\/ceip-quatre-vents\/wp-content\/uploads\/usu227\/2025\/02\/WhatsApp-Image-2025-01-27-at-12.53.12-7.jpg\"><img loading=\"lazy\" decoding=\"async\" width=\"768\" height=\"1024\" src=\"https:\/\/agora.xtec.cat\/ceip-quatre-vents\/wp-content\/uploads\/usu227\/2025\/02\/WhatsApp-Image-2025-01-27-at-12.53.12-7-768x1024.jpg\" alt=\"\" class=\"wp-image-5264\" srcset=\"https:\/\/agora.xtec.cat\/ceip-quatre-vents\/wp-content\/uploads\/usu227\/2025\/02\/WhatsApp-Image-2025-01-27-at-12.53.12-7-768x1024.jpg 768w, https:\/\/agora.xtec.cat\/ceip-quatre-vents\/wp-content\/uploads\/usu227\/2025\/02\/WhatsApp-Image-2025-01-27-at-12.53.12-7-225x300.jpg 225w, https:\/\/agora.xtec.cat\/ceip-quatre-vents\/wp-content\/uploads\/usu227\/2025\/02\/WhatsApp-Image-2025-01-27-at-12.53.12-7.jpg 1024w\" sizes=\"auto, (max-width: 768px) 100vw, 768px\" \/><\/a><\/figure>\n<\/div>\n<\/div>\n\n\n\n<h2 class=\"wp-block-heading\">Espais de prim\u00e0ria<\/h2>\n\n\n\n<div class=\"wp-block-columns is-layout-flex wp-container-core-columns-is-layout-3 wp-block-columns-is-layout-flex\">\n<div class=\"wp-block-column is-layout-flow wp-block-column-is-layout-flow\">\n<figure class=\"wp-block-image aligncenter size-large is-resized\"><a href=\"https:\/\/agora.xtec.cat\/ceip-quatre-vents\/wp-content\/uploads\/usu227\/2025\/02\/art-2.jpg\"><img loading=\"lazy\" decoding=\"async\" width=\"1015\" height=\"1024\" src=\"https:\/\/agora.xtec.cat\/ceip-quatre-vents\/wp-content\/uploads\/usu227\/2025\/02\/art-2-1015x1024.jpg\" alt=\"\" class=\"wp-image-5267\" style=\"width:auto;height:165px\" srcset=\"https:\/\/agora.xtec.cat\/ceip-quatre-vents\/wp-content\/uploads\/usu227\/2025\/02\/art-2-1015x1024.jpg 1015w, https:\/\/agora.xtec.cat\/ceip-quatre-vents\/wp-content\/uploads\/usu227\/2025\/02\/art-2-297x300.jpg 297w, https:\/\/agora.xtec.cat\/ceip-quatre-vents\/wp-content\/uploads\/usu227\/2025\/02\/art-2-150x150.jpg 150w, https:\/\/agora.xtec.cat\/ceip-quatre-vents\/wp-content\/uploads\/usu227\/2025\/02\/art-2-768x775.jpg 768w, https:\/\/agora.xtec.cat\/ceip-quatre-vents\/wp-content\/uploads\/usu227\/2025\/02\/art-2.jpg 1024w\" sizes=\"auto, (max-width: 1015px) 100vw, 1015px\" \/><\/a><\/figure>\n<\/div>\n\n\n\n<div class=\"wp-block-column is-layout-flow wp-block-column-is-layout-flow\">\n<figure class=\"wp-block-image aligncenter size-full\"><a href=\"https:\/\/agora.xtec.cat\/ceip-quatre-vents\/wp-content\/uploads\/usu227\/2025\/02\/classe-natura.jpg\"><img loading=\"lazy\" decoding=\"async\" width=\"1024\" height=\"649\" src=\"https:\/\/agora.xtec.cat\/ceip-quatre-vents\/wp-content\/uploads\/usu227\/2025\/02\/classe-natura.jpg\" alt=\"\" class=\"wp-image-5268\" srcset=\"https:\/\/agora.xtec.cat\/ceip-quatre-vents\/wp-content\/uploads\/usu227\/2025\/02\/classe-natura.jpg 1024w, https:\/\/agora.xtec.cat\/ceip-quatre-vents\/wp-content\/uploads\/usu227\/2025\/02\/classe-natura-300x190.jpg 300w, https:\/\/agora.xtec.cat\/ceip-quatre-vents\/wp-content\/uploads\/usu227\/2025\/02\/classe-natura-768x487.jpg 768w\" sizes=\"auto, (max-width: 1024px) 100vw, 1024px\" \/><\/a><\/figure>\n<\/div>\n\n\n\n<div class=\"wp-block-column is-layout-flow wp-block-column-is-layout-flow\">\n<figure class=\"wp-block-image aligncenter size-full is-resized\"><a href=\"https:\/\/agora.xtec.cat\/ceip-quatre-vents\/wp-content\/uploads\/usu227\/2025\/02\/Primer.jpg\"><img loading=\"lazy\" decoding=\"async\" width=\"1024\" height=\"768\" src=\"https:\/\/agora.xtec.cat\/ceip-quatre-vents\/wp-content\/uploads\/usu227\/2025\/02\/Primer.jpg\" alt=\"\" class=\"wp-image-5269\" style=\"width:auto;height:165px\" srcset=\"https:\/\/agora.xtec.cat\/ceip-quatre-vents\/wp-content\/uploads\/usu227\/2025\/02\/Primer.jpg 1024w, https:\/\/agora.xtec.cat\/ceip-quatre-vents\/wp-content\/uploads\/usu227\/2025\/02\/Primer-300x225.jpg 300w, https:\/\/agora.xtec.cat\/ceip-quatre-vents\/wp-content\/uploads\/usu227\/2025\/02\/Primer-768x576.jpg 768w\" sizes=\"auto, (max-width: 1024px) 100vw, 1024px\" \/><\/a><\/figure>\n<\/div>\n\n\n\n<div class=\"wp-block-column is-layout-flow wp-block-column-is-layout-flow\">\n<figure class=\"wp-block-image aligncenter size-full\"><a href=\"https:\/\/agora.xtec.cat\/ceip-quatre-vents\/wp-content\/uploads\/usu227\/2025\/02\/euros-2.jpg\"><img loading=\"lazy\" decoding=\"async\" width=\"1024\" height=\"656\" src=\"https:\/\/agora.xtec.cat\/ceip-quatre-vents\/wp-content\/uploads\/usu227\/2025\/02\/euros-2.jpg\" alt=\"\" class=\"wp-image-5270\" srcset=\"https:\/\/agora.xtec.cat\/ceip-quatre-vents\/wp-content\/uploads\/usu227\/2025\/02\/euros-2.jpg 1024w, https:\/\/agora.xtec.cat\/ceip-quatre-vents\/wp-content\/uploads\/usu227\/2025\/02\/euros-2-300x192.jpg 300w, https:\/\/agora.xtec.cat\/ceip-quatre-vents\/wp-content\/uploads\/usu227\/2025\/02\/euros-2-768x492.jpg 768w\" sizes=\"auto, (max-width: 1024px) 100vw, 1024px\" \/><\/a><\/figure>\n<\/div>\n<\/div>\n\n\n\n<div class=\"wp-block-columns is-layout-flex wp-container-core-columns-is-layout-4 wp-block-columns-is-layout-flex\">\n<div class=\"wp-block-column is-layout-flow wp-block-column-is-layout-flow\">\n<figure class=\"wp-block-image aligncenter size-large is-resized\"><a href=\"https:\/\/agora.xtec.cat\/ceip-quatre-vents\/wp-content\/uploads\/usu227\/2025\/02\/art-3.jpg\"><img loading=\"lazy\" decoding=\"async\" width=\"850\" height=\"1024\" src=\"https:\/\/agora.xtec.cat\/ceip-quatre-vents\/wp-content\/uploads\/usu227\/2025\/02\/art-3-850x1024.jpg\" alt=\"\" class=\"wp-image-5271\" style=\"width:auto;height:245px\" srcset=\"https:\/\/agora.xtec.cat\/ceip-quatre-vents\/wp-content\/uploads\/usu227\/2025\/02\/art-3-850x1024.jpg 850w, https:\/\/agora.xtec.cat\/ceip-quatre-vents\/wp-content\/uploads\/usu227\/2025\/02\/art-3-249x300.jpg 249w, https:\/\/agora.xtec.cat\/ceip-quatre-vents\/wp-content\/uploads\/usu227\/2025\/02\/art-3-768x925.jpg 768w, https:\/\/agora.xtec.cat\/ceip-quatre-vents\/wp-content\/uploads\/usu227\/2025\/02\/art-3.jpg 1024w\" sizes=\"auto, (max-width: 850px) 100vw, 850px\" \/><\/a><\/figure>\n<\/div>\n\n\n\n<div class=\"wp-block-column is-layout-flow wp-block-column-is-layout-flow\">\n<figure class=\"wp-block-image aligncenter size-large is-resized\"><a href=\"https:\/\/agora.xtec.cat\/ceip-quatre-vents\/wp-content\/uploads\/usu227\/2025\/02\/galetes.jpg\"><img loading=\"lazy\" decoding=\"async\" width=\"847\" height=\"1024\" src=\"https:\/\/agora.xtec.cat\/ceip-quatre-vents\/wp-content\/uploads\/usu227\/2025\/02\/galetes-847x1024.jpg\" alt=\"\" class=\"wp-image-5272\" style=\"width:auto;height:245px\" srcset=\"https:\/\/agora.xtec.cat\/ceip-quatre-vents\/wp-content\/uploads\/usu227\/2025\/02\/galetes-847x1024.jpg 847w, https:\/\/agora.xtec.cat\/ceip-quatre-vents\/wp-content\/uploads\/usu227\/2025\/02\/galetes-248x300.jpg 248w, https:\/\/agora.xtec.cat\/ceip-quatre-vents\/wp-content\/uploads\/usu227\/2025\/02\/galetes-768x929.jpg 768w, https:\/\/agora.xtec.cat\/ceip-quatre-vents\/wp-content\/uploads\/usu227\/2025\/02\/galetes.jpg 1024w\" sizes=\"auto, (max-width: 847px) 100vw, 847px\" \/><\/a><\/figure>\n<\/div>\n\n\n\n<div class=\"wp-block-column is-layout-flow wp-block-column-is-layout-flow\">\n<figure class=\"wp-block-image aligncenter size-large is-resized\"><a href=\"https:\/\/agora.xtec.cat\/ceip-quatre-vents\/wp-content\/uploads\/usu227\/2025\/02\/hort.jpg\"><img loading=\"lazy\" decoding=\"async\" width=\"795\" height=\"1024\" src=\"https:\/\/agora.xtec.cat\/ceip-quatre-vents\/wp-content\/uploads\/usu227\/2025\/02\/hort-795x1024.jpg\" alt=\"\" class=\"wp-image-5273\" style=\"width:auto;height:245px\" srcset=\"https:\/\/agora.xtec.cat\/ceip-quatre-vents\/wp-content\/uploads\/usu227\/2025\/02\/hort-795x1024.jpg 795w, https:\/\/agora.xtec.cat\/ceip-quatre-vents\/wp-content\/uploads\/usu227\/2025\/02\/hort-233x300.jpg 233w, https:\/\/agora.xtec.cat\/ceip-quatre-vents\/wp-content\/uploads\/usu227\/2025\/02\/hort-768x989.jpg 768w, https:\/\/agora.xtec.cat\/ceip-quatre-vents\/wp-content\/uploads\/usu227\/2025\/02\/hort.jpg 1024w\" sizes=\"auto, (max-width: 795px) 100vw, 795px\" \/><\/a><\/figure>\n<\/div>\n\n\n\n<div class=\"wp-block-column is-layout-flow wp-block-column-is-layout-flow\">\n<figure class=\"wp-block-image aligncenter size-large is-resized\"><a href=\"https:\/\/agora.xtec.cat\/ceip-quatre-vents\/wp-content\/uploads\/usu227\/2025\/02\/art.jpg\"><img loading=\"lazy\" decoding=\"async\" width=\"768\" height=\"1024\" src=\"https:\/\/agora.xtec.cat\/ceip-quatre-vents\/wp-content\/uploads\/usu227\/2025\/02\/art-768x1024.jpg\" alt=\"\" class=\"wp-image-5274\" style=\"width:auto;height:245px\" srcset=\"https:\/\/agora.xtec.cat\/ceip-quatre-vents\/wp-content\/uploads\/usu227\/2025\/02\/art-768x1024.jpg 768w, https:\/\/agora.xtec.cat\/ceip-quatre-vents\/wp-content\/uploads\/usu227\/2025\/02\/art-225x300.jpg 225w, https:\/\/agora.xtec.cat\/ceip-quatre-vents\/wp-content\/uploads\/usu227\/2025\/02\/art.jpg 1024w\" sizes=\"auto, (max-width: 768px) 100vw, 768px\" \/><\/a><\/figure>\n<\/div>\n<\/div>\n","protected":false},"excerpt":{"rendered":"<p>&#8220;Si l&#8217;est\u00e8tica promou la sensibilitat i la capacitat de connectar coses molt allunyades entre si i si l&#8217;aprenentatge t\u00e9 lloc [&hellip;]<\/p>\n","protected":false},"author":1,"featured_media":0,"parent":4463,"menu_order":1,"comment_status":"closed","ping_status":"close","template":"","meta":{"_bbp_topic_count":0,"_bbp_reply_count":0,"_bbp_total_topic_count":0,"_bbp_total_reply_count":0,"_bbp_voice_count":0,"_bbp_anonymous_reply_count":0,"_bbp_topic_count_hidden":0,"_bbp_reply_count_hidden":0,"_bbp_forum_subforum_count":0,"site-sidebar-layout":"default","site-content-layout":"","ast-site-content-layout":"","site-content-style":"default","site-sidebar-style":"default","ast-global-header-display":"","ast-banner-title-visibility":"","ast-main-header-display":"","ast-hfb-above-header-display":"","ast-hfb-below-header-display":"","ast-hfb-mobile-header-display":"","site-post-title":"disabled","ast-breadcrumbs-content":"","ast-featured-img":"","footer-sml-layout":"","theme-transparent-header-meta":"","adv-header-id-meta":"","stick-header-meta":"","header-above-stick-meta":"","header-main-stick-meta":"","header-below-stick-meta":"","astra-migrate-meta-layouts":"default","ast-page-background-enabled":"default","ast-page-background-meta":{"desktop":{"background-color":"var(--ast-global-color-4)","background-image":"","background-repeat":"repeat","background-position":"center center","background-size":"auto","background-attachment":"scroll","background-type":"","background-media":"","overlay-type":"","overlay-color":"","overlay-opacity":"","overlay-gradient":""},"tablet":{"background-color":"","background-image":"","background-repeat":"repeat","background-position":"center center","background-size":"auto","background-attachment":"scroll","background-type":"","background-media":"","overlay-type":"","overlay-color":"","overlay-opacity":"","overlay-gradient":""},"mobile":{"background-color":"","background-image":"","background-repeat":"repeat","background-position":"center center","background-size":"auto","background-attachment":"scroll","background-type":"","background-media":"","overlay-type":"","overlay-color":"","overlay-opacity":"","overlay-gradient":""}},"ast-content-background-meta":{"desktop":{"background-color":"var(--ast-global-color-5)","background-image":"","background-repeat":"repeat","background-position":"center center","background-size":"auto","background-attachment":"scroll","background-type":"","background-media":"","overlay-type":"","overlay-color":"","overlay-opacity":"","overlay-gradient":""},"tablet":{"background-color":"var(--ast-global-color-5)","background-image":"","background-repeat":"repeat","background-position":"center center","background-size":"auto","background-attachment":"scroll","background-type":"","background-media":"","overlay-type":"","overlay-color":"","overlay-opacity":"","overlay-gradient":""},"mobile":{"background-color":"var(--ast-global-color-5)","background-image":"","background-repeat":"repeat","background-position":"center center","background-size":"auto","background-attachment":"scroll","background-type":"","background-media":"","overlay-type":"","overlay-color":"","overlay-opacity":"","overlay-gradient":""}},"footnotes":""},"class_list":["post-4512","page","type-page","status-publish","hentry"],"post_mailing_queue_ids":[],"_links":{"self":[{"href":"https:\/\/agora.xtec.cat\/ceip-quatre-vents\/wp-json\/wp\/v2\/pages\/4512","targetHints":{"allow":["GET"]}}],"collection":[{"href":"https:\/\/agora.xtec.cat\/ceip-quatre-vents\/wp-json\/wp\/v2\/pages"}],"about":[{"href":"https:\/\/agora.xtec.cat\/ceip-quatre-vents\/wp-json\/wp\/v2\/types\/page"}],"author":[{"embeddable":true,"href":"https:\/\/agora.xtec.cat\/ceip-quatre-vents\/wp-json\/wp\/v2\/users\/1"}],"replies":[{"embeddable":true,"href":"https:\/\/agora.xtec.cat\/ceip-quatre-vents\/wp-json\/wp\/v2\/comments?post=4512"}],"version-history":[{"count":6,"href":"https:\/\/agora.xtec.cat\/ceip-quatre-vents\/wp-json\/wp\/v2\/pages\/4512\/revisions"}],"predecessor-version":[{"id":5342,"href":"https:\/\/agora.xtec.cat\/ceip-quatre-vents\/wp-json\/wp\/v2\/pages\/4512\/revisions\/5342"}],"up":[{"embeddable":true,"href":"https:\/\/agora.xtec.cat\/ceip-quatre-vents\/wp-json\/wp\/v2\/pages\/4463"}],"wp:attachment":[{"href":"https:\/\/agora.xtec.cat\/ceip-quatre-vents\/wp-json\/wp\/v2\/media?parent=4512"}],"curies":[{"name":"wp","href":"https:\/\/api.w.org\/{rel}","templated":true}]}}