{"id":957,"date":"2021-07-21T17:05:05","date_gmt":"2021-07-21T15:05:05","guid":{"rendered":"https:\/\/agora.xtec.cat\/ceip-purisalas\/?page_id=957"},"modified":"2021-07-21T18:47:34","modified_gmt":"2021-07-21T16:47:34","slug":"fruita-a-lescola-2","status":"publish","type":"page","link":"https:\/\/agora.xtec.cat\/ceip-purisalas\/fruita-a-lescola-2\/","title":{"rendered":"Pla de consum de fruita a l&#8217;escola"},"content":{"rendered":"<p>Des del curs 19-20 participem en aquest programa del Departament d\u2019Agricultura, Educaci\u00f3 i Salut.<\/p>\n<p><strong><u>En qu\u00e8 consisteix el\u00a0<em>\u201cPla de consum de fruita a les escoles\u201d\u00a0<\/em><\/u>?<\/strong><\/p>\n<p>Consisteix a distribuir fruita fresca als alumnes per potenciar accions que afavoreixin la salut dels infants, com ara augmentar el consum de fruites i verdures i reduir el consum de llaminadures, begudes refrescants, brioxeria&#8230;<\/p>\n<p><strong><u>Els objectius s\u00f3n:<\/u><\/strong><\/p>\n<ul>\n<li>Oferir fruita en els esmorzars dins del centre escolar.<\/li>\n<li>Informar sobre els beneficis d\u2019 incrementar el consum de fruites i verdures, i sobre la seva diversitat, caracter\u00edstiques, etc.<\/li>\n<li>Proposar el consum de fruites com una alternativa excel\u00b7lent al consum d\u2019altres aliments amb menys qualitat nutricional.<\/li>\n<\/ul>\n<p><strong><u>Quan hi haur\u00e0 fruita per esmorzar facilitada des de l\u2019escola?<\/u><\/strong><\/p>\n<p>Durant el curs escolar, una setmana de cada mes, es distribuir\u00e0 fruita i\/o verdura seleccionada en funci\u00f3 de l\u2019estaci\u00f3 de l\u2019any, la proximitat de producci\u00f3 i la qualitat.<\/p>\n<p>La fruita es repartir\u00e0 entre els nens i les nenes de prim\u00e0ria per a qu\u00e8 en consumeixin durant l\u2019esmorzar.<\/p>\n<p>&nbsp;<\/p>\n<p><img decoding=\"async\" class=\"aligncenter\" src=\"https:\/\/agora.xtec.cat\/ceip-purisalas\/wp-content\/uploads\/usu2458\/2021\/07\/Fruita-a-lescola.png\" \/><\/p>\n","protected":false},"excerpt":{"rendered":"<p>Des del curs 19-20 participem en aquest programa del Departament d\u2019Agricultura, Educaci\u00f3 i Salut.<br \/>\nEn qu\u00e8 consisteix el\u00a0\u201cPla de consum de fruita a les escoles\u201d\u00a0?<br \/>\nConsisteix a distribuir fruita fresca als alumnes per potenciar accions que afavoreixin la salut dels infants, com ara augmentar el consum de&hellip;  <a href=\"https:\/\/agora.xtec.cat\/ceip-purisalas\/fruita-a-lescola-2\/\" title=\"Read Pla de consum de fruita a l&#8217;escola\">Llegeix m\u00e9s\u00bb<\/a><\/p>\n","protected":false},"author":4,"featured_media":0,"parent":0,"menu_order":0,"comment_status":"closed","ping_status":"closed","template":"","meta":{"_bbp_topic_count":0,"_bbp_reply_count":0,"_bbp_total_topic_count":0,"_bbp_total_reply_count":0,"_bbp_voice_count":0,"_bbp_anonymous_reply_count":0,"_bbp_topic_count_hidden":0,"_bbp_reply_count_hidden":0,"_bbp_forum_subforum_count":0,"footnotes":""},"class_list":["post-957","page","type-page","status-publish","hentry"],"post_mailing_queue_ids":[],"_links":{"self":[{"href":"https:\/\/agora.xtec.cat\/ceip-purisalas\/wp-json\/wp\/v2\/pages\/957","targetHints":{"allow":["GET"]}}],"collection":[{"href":"https:\/\/agora.xtec.cat\/ceip-purisalas\/wp-json\/wp\/v2\/pages"}],"about":[{"href":"https:\/\/agora.xtec.cat\/ceip-purisalas\/wp-json\/wp\/v2\/types\/page"}],"author":[{"embeddable":true,"href":"https:\/\/agora.xtec.cat\/ceip-purisalas\/wp-json\/wp\/v2\/users\/4"}],"replies":[{"embeddable":true,"href":"https:\/\/agora.xtec.cat\/ceip-purisalas\/wp-json\/wp\/v2\/comments?post=957"}],"version-history":[{"count":3,"href":"https:\/\/agora.xtec.cat\/ceip-purisalas\/wp-json\/wp\/v2\/pages\/957\/revisions"}],"predecessor-version":[{"id":977,"href":"https:\/\/agora.xtec.cat\/ceip-purisalas\/wp-json\/wp\/v2\/pages\/957\/revisions\/977"}],"wp:attachment":[{"href":"https:\/\/agora.xtec.cat\/ceip-purisalas\/wp-json\/wp\/v2\/media?parent=957"}],"curies":[{"name":"wp","href":"https:\/\/api.w.org\/{rel}","templated":true}]}}