{"id":933,"date":"2021-07-21T16:53:51","date_gmt":"2021-07-21T14:53:51","guid":{"rendered":"https:\/\/agora.xtec.cat\/ceip-purisalas\/?page_id=933"},"modified":"2021-07-21T18:33:43","modified_gmt":"2021-07-21T16:33:43","slug":"apadrinament-lector","status":"publish","type":"page","link":"https:\/\/agora.xtec.cat\/ceip-purisalas\/apadrinament-lector\/","title":{"rendered":"Apadrinament Lector"},"content":{"rendered":"<p>L\u2019apadrinament lector \u00e9s un projecte cooperatiu per treballar la lectura on es treballen les habilitats lectores i els valors de la inclusi\u00f3 i la cohesi\u00f3.<\/p>\n<p>Consisteix en que els nens i nenes de 6\u00e8 apadrinen a nens i nenes de 1r de prim\u00e0ria.<\/p>\n<p>L\u2019objectiu \u00e9s doble, per una banda crear l\u2019h\u00e0bit lector i fer-los gaudir amb la lectura i per una altra banda que els nens i nenes de 6\u00e8 facin de model lector i alhora adquireixin una responsabilitat en el proc\u00e9s lector. \u00c9s un projecte molt motivador en el proc\u00e9s d\u2019aprenentatge de la lectoescriptura.<\/p>\n<p><img decoding=\"async\" src=\"https:\/\/agora.xtec.cat\/ceip-purisalas\/wp-content\/uploads\/usu2458\/2021\/07\/apadrinament-1.png\" \/>\u00a0 \u00a0 \u00a0 <img decoding=\"async\" src=\"https:\/\/agora.xtec.cat\/ceip-purisalas\/wp-content\/uploads\/usu2458\/2021\/07\/Apadrinament-2.png\" \/><\/p>\n","protected":false},"excerpt":{"rendered":"<p>L\u2019apadrinament lector \u00e9s un projecte cooperatiu per treballar la lectura on es treballen les habilitats lectores i els valors de la inclusi\u00f3 i la cohesi\u00f3.<br \/>\nConsisteix en que els nens i nenes de 6\u00e8 apadrinen a nens i nenes de 1r de prim\u00e0ria.<br \/>\nL\u2019objectiu \u00e9s doble, per&hellip;  <a href=\"https:\/\/agora.xtec.cat\/ceip-purisalas\/apadrinament-lector\/\" title=\"Read Apadrinament Lector\">Llegeix m\u00e9s\u00bb<\/a><\/p>\n","protected":false},"author":4,"featured_media":0,"parent":0,"menu_order":0,"comment_status":"closed","ping_status":"closed","template":"","meta":{"_bbp_topic_count":0,"_bbp_reply_count":0,"_bbp_total_topic_count":0,"_bbp_total_reply_count":0,"_bbp_voice_count":0,"_bbp_anonymous_reply_count":0,"_bbp_topic_count_hidden":0,"_bbp_reply_count_hidden":0,"_bbp_forum_subforum_count":0,"footnotes":""},"class_list":["post-933","page","type-page","status-publish","hentry"],"post_mailing_queue_ids":[],"_links":{"self":[{"href":"https:\/\/agora.xtec.cat\/ceip-purisalas\/wp-json\/wp\/v2\/pages\/933","targetHints":{"allow":["GET"]}}],"collection":[{"href":"https:\/\/agora.xtec.cat\/ceip-purisalas\/wp-json\/wp\/v2\/pages"}],"about":[{"href":"https:\/\/agora.xtec.cat\/ceip-purisalas\/wp-json\/wp\/v2\/types\/page"}],"author":[{"embeddable":true,"href":"https:\/\/agora.xtec.cat\/ceip-purisalas\/wp-json\/wp\/v2\/users\/4"}],"replies":[{"embeddable":true,"href":"https:\/\/agora.xtec.cat\/ceip-purisalas\/wp-json\/wp\/v2\/comments?post=933"}],"version-history":[{"count":3,"href":"https:\/\/agora.xtec.cat\/ceip-purisalas\/wp-json\/wp\/v2\/pages\/933\/revisions"}],"predecessor-version":[{"id":972,"href":"https:\/\/agora.xtec.cat\/ceip-purisalas\/wp-json\/wp\/v2\/pages\/933\/revisions\/972"}],"wp:attachment":[{"href":"https:\/\/agora.xtec.cat\/ceip-purisalas\/wp-json\/wp\/v2\/media?parent=933"}],"curies":[{"name":"wp","href":"https:\/\/api.w.org\/{rel}","templated":true}]}}