{"id":853,"date":"2021-07-14T13:49:06","date_gmt":"2021-07-14T11:49:06","guid":{"rendered":"https:\/\/agora.xtec.cat\/ceip-purisalas\/?page_id=853"},"modified":"2022-10-03T15:39:19","modified_gmt":"2022-10-03T13:39:19","slug":"normativa-us-telefons-mobils-rellotges-intelligents","status":"publish","type":"page","link":"https:\/\/agora.xtec.cat\/ceip-purisalas\/normativa-us-telefons-mobils-rellotges-intelligents\/","title":{"rendered":"Normativa \u00fas tel\u00e8fons m\u00f2bils, rellotges intel\u00b7ligents&#8230;"},"content":{"rendered":"<p>Aqui teniu la normativa referent a l&#8217;\u00fas de tel\u00e8fons m\u00f2bils, rellotges intel\u00b7ligents&#8230;<\/p>\n<p><a href=\"https:\/\/agora.xtec.cat\/ceip-purisalas\/wp-content\/uploads\/usu2458\/2022\/10\/AUTORITZACIO-PORTAR-MOBIL-AL-CENTRE.pdf\"><img loading=\"lazy\" decoding=\"async\" class=\"aligncenter\" src=\"https:\/\/e00-expansion.uecdn.es\/assets\/multimedia\/imagenes\/2020\/04\/14\/15868551846785.jpg\" alt=\"Las mejores pulseras y relojes inteligentes para hombre y mujer, seg\u00fan las opiniones de los usuarios de Amazon | Tecnolog\u00eda\" width=\"265\" height=\"199\" \/><\/a><\/p>\n","protected":false},"excerpt":{"rendered":"<p>Aqui teniu la normativa referent a l&#8217;\u00fas de tel\u00e8fons m\u00f2bils, rellotges intel\u00b7ligents&#8230;<br \/>\n<a href=\"https:\/\/agora.xtec.cat\/ceip-purisalas\/wp-content\/uploads\/usu2458\/2022\/10\/AUTORITZACIO-PORTAR-MOBIL-AL-CENTRE.pdf\"><\/a><\/p>\n","protected":false},"author":4,"featured_media":0,"parent":0,"menu_order":0,"comment_status":"closed","ping_status":"closed","template":"","meta":{"_bbp_topic_count":0,"_bbp_reply_count":0,"_bbp_total_topic_count":0,"_bbp_total_reply_count":0,"_bbp_voice_count":0,"_bbp_anonymous_reply_count":0,"_bbp_topic_count_hidden":0,"_bbp_reply_count_hidden":0,"_bbp_forum_subforum_count":0,"footnotes":""},"class_list":["post-853","page","type-page","status-publish","hentry"],"post_mailing_queue_ids":[],"_links":{"self":[{"href":"https:\/\/agora.xtec.cat\/ceip-purisalas\/wp-json\/wp\/v2\/pages\/853","targetHints":{"allow":["GET"]}}],"collection":[{"href":"https:\/\/agora.xtec.cat\/ceip-purisalas\/wp-json\/wp\/v2\/pages"}],"about":[{"href":"https:\/\/agora.xtec.cat\/ceip-purisalas\/wp-json\/wp\/v2\/types\/page"}],"author":[{"embeddable":true,"href":"https:\/\/agora.xtec.cat\/ceip-purisalas\/wp-json\/wp\/v2\/users\/4"}],"replies":[{"embeddable":true,"href":"https:\/\/agora.xtec.cat\/ceip-purisalas\/wp-json\/wp\/v2\/comments?post=853"}],"version-history":[{"count":3,"href":"https:\/\/agora.xtec.cat\/ceip-purisalas\/wp-json\/wp\/v2\/pages\/853\/revisions"}],"predecessor-version":[{"id":1900,"href":"https:\/\/agora.xtec.cat\/ceip-purisalas\/wp-json\/wp\/v2\/pages\/853\/revisions\/1900"}],"wp:attachment":[{"href":"https:\/\/agora.xtec.cat\/ceip-purisalas\/wp-json\/wp\/v2\/media?parent=853"}],"curies":[{"name":"wp","href":"https:\/\/api.w.org\/{rel}","templated":true}]}}