{"id":753,"date":"2021-07-13T11:20:32","date_gmt":"2021-07-13T09:20:32","guid":{"rendered":"https:\/\/agora.xtec.cat\/ceip-purisalas\/?page_id=753"},"modified":"2021-07-21T18:22:56","modified_gmt":"2021-07-21T16:22:56","slug":"pla-datencio-a-la-diversitat","status":"publish","type":"page","link":"https:\/\/agora.xtec.cat\/ceip-purisalas\/pla-datencio-a-la-diversitat\/","title":{"rendered":"Pla d&#8217;atenci\u00f3 a la diversitat"},"content":{"rendered":"<p>L\u2019<strong>atenci\u00f3 a la diversitat<\/strong> \u00e9s una necessitat que abasta a totes les etapes educatives i tots els alumnes. \u00c9s a dir, es tracta de contemplar la diversitat de l\u2019alumnat com a principi i no com una mesura que correspon a les necessitats d\u2019uns pocs.<\/p>\n<p>Cliqueu a sobre de la imatge per consultar el Pla d&#8217;Atencio a la Diversitat del centre.<\/p>\n<p><a href=\"https:\/\/agora.xtec.cat\/ceip-purisalas\/wp-content\/uploads\/usu2458\/2021\/07\/PLA-DATENCI\u00d3-A-LA-DIVERSITAT-2017-18-1.pdf\"><img decoding=\"async\" class=\"aligncenter\" src=\"https:\/\/i0.wp.com\/www.purisalas.com\/wp-content\/uploads\/2018\/07\/acollida1.jpg?fit=300%2C153&amp;ssl=1\" alt=\"Pla d&amp;#39;atenci\u00f3 a la diversitat - Escola Purificaci\u00f3 Salas\" \/><\/a><\/p>\n<p>&nbsp;<\/p>\n","protected":false},"excerpt":{"rendered":"<p>L\u2019atenci\u00f3 a la diversitat \u00e9s una necessitat que abasta a totes les etapes educatives i tots els alumnes. \u00c9s a dir, es tracta de contemplar la diversitat de l\u2019alumnat com a principi i no com una mesura que correspon a les necessitats d\u2019uns pocs.<br \/>\nCliqueu a&hellip;  <a href=\"https:\/\/agora.xtec.cat\/ceip-purisalas\/pla-datencio-a-la-diversitat\/\" title=\"Read Pla d&#8217;atenci\u00f3 a la diversitat\">Llegeix m\u00e9s\u00bb<\/a><\/p>\n","protected":false},"author":4,"featured_media":0,"parent":0,"menu_order":0,"comment_status":"closed","ping_status":"closed","template":"","meta":{"_bbp_topic_count":0,"_bbp_reply_count":0,"_bbp_total_topic_count":0,"_bbp_total_reply_count":0,"_bbp_voice_count":0,"_bbp_anonymous_reply_count":0,"_bbp_topic_count_hidden":0,"_bbp_reply_count_hidden":0,"_bbp_forum_subforum_count":0,"footnotes":""},"class_list":["post-753","page","type-page","status-publish","hentry"],"post_mailing_queue_ids":[],"_links":{"self":[{"href":"https:\/\/agora.xtec.cat\/ceip-purisalas\/wp-json\/wp\/v2\/pages\/753","targetHints":{"allow":["GET"]}}],"collection":[{"href":"https:\/\/agora.xtec.cat\/ceip-purisalas\/wp-json\/wp\/v2\/pages"}],"about":[{"href":"https:\/\/agora.xtec.cat\/ceip-purisalas\/wp-json\/wp\/v2\/types\/page"}],"author":[{"embeddable":true,"href":"https:\/\/agora.xtec.cat\/ceip-purisalas\/wp-json\/wp\/v2\/users\/4"}],"replies":[{"embeddable":true,"href":"https:\/\/agora.xtec.cat\/ceip-purisalas\/wp-json\/wp\/v2\/comments?post=753"}],"version-history":[{"count":2,"href":"https:\/\/agora.xtec.cat\/ceip-purisalas\/wp-json\/wp\/v2\/pages\/753\/revisions"}],"predecessor-version":[{"id":969,"href":"https:\/\/agora.xtec.cat\/ceip-purisalas\/wp-json\/wp\/v2\/pages\/753\/revisions\/969"}],"wp:attachment":[{"href":"https:\/\/agora.xtec.cat\/ceip-purisalas\/wp-json\/wp\/v2\/media?parent=753"}],"curies":[{"name":"wp","href":"https:\/\/api.w.org\/{rel}","templated":true}]}}