{"id":642,"date":"2021-04-22T10:29:28","date_gmt":"2021-04-22T08:29:28","guid":{"rendered":"https:\/\/agora.xtec.cat\/ceip-purisalas\/?page_id=642"},"modified":"2021-04-22T10:29:28","modified_gmt":"2021-04-22T08:29:28","slug":"escola-formadora","status":"publish","type":"page","link":"https:\/\/agora.xtec.cat\/ceip-purisalas\/escola-formadora\/","title":{"rendered":"Escola Formadora"},"content":{"rendered":"<p>Els centres formadors s\u00f3n aquells centres educatius sostinguts amb fons p\u00fablics que imparteixen ensenyaments d\u2019educaci\u00f3 infantil, prim\u00e0ria, secund\u00e0ria obligat\u00f2ria, batxillerat, formaci\u00f3 professional, ensenyaments de r\u00e8gim especial i\/o formaci\u00f3 de persones adultes, aix\u00ed com els serveis educatius i unitats del Departament d\u2019Educaci\u00f3 els quals s\u2019ofereixen per rebre i tutoritzar estudiants universitaris en pr\u00e0ctiques, incorporant-los en la vida di\u00e0ria del centre, amb l\u2019objectiu de que rebin formaci\u00f3 professionalitzadora en l\u2019entorn real de centre i aula. Aix\u00f2 requereix d\u2019una coordinaci\u00f3 estreta amb les universitats i l\u2019establiment d\u2019un pla de treball que guiar\u00e0 l\u2019acompanyament d\u2019aquests estudiants en pr\u00e0ctiques al llarg de la seva estada al centre.<\/p>\n<p>Ser-ho, implica un acord de claustre i establir un protocol d\u2019acollida i al llarg de l\u2019estada formativa de l\u2019estudiant, que es concreta amb\u00a0<a href=\"http:\/\/educacio.gencat.cat\/documents\/FormularisModels\/CentresGestioAcademica\/A330.pdf\" target=\"_blank\" rel=\"noopener noreferrer\">l\u2019Informe de Centre Formador<\/a>.<\/p>\n<p><img decoding=\"async\" src=\"https:\/\/www.purisalas.com\/wp-content\/uploads\/2020\/03\/UAB.jpg\" \/><\/p>\n","protected":false},"excerpt":{"rendered":"<p>Els centres formadors s\u00f3n aquells centres educatius sostinguts amb fons p\u00fablics que imparteixen ensenyaments d\u2019educaci\u00f3 infantil, prim\u00e0ria, secund\u00e0ria obligat\u00f2ria, batxillerat, formaci\u00f3 professional, ensenyaments de r\u00e8gim especial i\/o formaci\u00f3 de persones adultes, aix\u00ed com els serveis educatius i unitats del Departament d\u2019Educaci\u00f3 els quals s\u2019ofereixen per&hellip;  <a href=\"https:\/\/agora.xtec.cat\/ceip-purisalas\/escola-formadora\/\" title=\"Read Escola Formadora\">Llegeix m\u00e9s\u00bb<\/a><\/p>\n","protected":false},"author":4,"featured_media":0,"parent":0,"menu_order":0,"comment_status":"closed","ping_status":"closed","template":"","meta":{"_bbp_topic_count":0,"_bbp_reply_count":0,"_bbp_total_topic_count":0,"_bbp_total_reply_count":0,"_bbp_voice_count":0,"_bbp_anonymous_reply_count":0,"_bbp_topic_count_hidden":0,"_bbp_reply_count_hidden":0,"_bbp_forum_subforum_count":0,"footnotes":""},"class_list":["post-642","page","type-page","status-publish","hentry"],"post_mailing_queue_ids":[],"_links":{"self":[{"href":"https:\/\/agora.xtec.cat\/ceip-purisalas\/wp-json\/wp\/v2\/pages\/642","targetHints":{"allow":["GET"]}}],"collection":[{"href":"https:\/\/agora.xtec.cat\/ceip-purisalas\/wp-json\/wp\/v2\/pages"}],"about":[{"href":"https:\/\/agora.xtec.cat\/ceip-purisalas\/wp-json\/wp\/v2\/types\/page"}],"author":[{"embeddable":true,"href":"https:\/\/agora.xtec.cat\/ceip-purisalas\/wp-json\/wp\/v2\/users\/4"}],"replies":[{"embeddable":true,"href":"https:\/\/agora.xtec.cat\/ceip-purisalas\/wp-json\/wp\/v2\/comments?post=642"}],"version-history":[{"count":1,"href":"https:\/\/agora.xtec.cat\/ceip-purisalas\/wp-json\/wp\/v2\/pages\/642\/revisions"}],"predecessor-version":[{"id":643,"href":"https:\/\/agora.xtec.cat\/ceip-purisalas\/wp-json\/wp\/v2\/pages\/642\/revisions\/643"}],"wp:attachment":[{"href":"https:\/\/agora.xtec.cat\/ceip-purisalas\/wp-json\/wp\/v2\/media?parent=642"}],"curies":[{"name":"wp","href":"https:\/\/api.w.org\/{rel}","templated":true}]}}