{"id":633,"date":"2021-04-22T10:25:39","date_gmt":"2021-04-22T08:25:39","guid":{"rendered":"https:\/\/agora.xtec.cat\/ceip-purisalas\/?page_id=633"},"modified":"2023-03-30T09:58:54","modified_gmt":"2023-03-30T07:58:54","slug":"qui-som","status":"publish","type":"page","link":"https:\/\/agora.xtec.cat\/ceip-purisalas\/qui-som\/","title":{"rendered":"Qui som?"},"content":{"rendered":"<p><strong>M\u00e9s de 40 anys d&#8217;hist\u00f2ria<\/strong><\/p>\n<p>L&#8217;escola Purificaci\u00f3 Salas Xandri \u00e9s una escola p\u00fablica del Departament d\u2019Educaci\u00f3 de la Generalitat de Catalunya ubicada a Sant Quirze del Vall\u00e8s.Va ser inaugurada ja fa m\u00e9s de 40 anys en un altre edifici que en quedar-se petit a conseq\u00fc\u00e8ncia del creixement demogr\u00e0fic dels anys 80 va fer que canvi\u00e9s la seva ubicaci\u00f3 a l\u2019actual.<\/p>\n<p>S\u00f3n molts anys d\u2019experi\u00e8ncia docent amb un alumnat que presenta uns valors personals i uns resultats acad\u00e8mics \u00f2ptims.<\/p>\n<p>La fusi\u00f3 entre els valors tradicionals i els nous projectes d\u2019innovaci\u00f3 tecnol\u00f2gica i ling\u00fc\u00edstica que s\u2019han anat realitzant al llarg dels anys adaptant-se a l\u2019evoluci\u00f3 de la societat, han estat la causa principal d\u2019aquests bons resultats.<\/p>\n<p>Per\u00f2 l\u2019\u00e8xit no \u00e9s nom\u00e9s producte de la feina realitzada a la part docent. Al darrera de l\u2019equip de mestres hi ha tota una comunitat que treballa amb les mateixes finalitats educatives.<\/p>\n<p>Destacar la important tasca que realitzen les nostres fam\u00edlies posant tots els esfor\u00e7os en el proc\u00e9s d\u2019ensenyament i aprenentatge dels seus fills\/es.<\/p>\n<p>Tamb\u00e9 la important i vital tasca realitzada per la nostra potent AFA ofertant infinitat de serveis a les fam\u00edlies per tal de facilitar al m\u00e0xim la conciliaci\u00f3 familiar i l\u2019\u00e8xit escolar dels infants.<\/p>\n<p>L\u2019Ajuntament, a part d\u2019una important aportaci\u00f3 econ\u00f2mica, est\u00e0 en constant relaci\u00f3 amb les escoles oferint serveis, projectes i tot el que estigui al seu abast per tal de facilitar que els infants coneguin, tinguin acc\u00e9s i en facin \u00fas de tot all\u00f2 que els envolta.<\/p>\n<p>Com a conclusi\u00f3, cal destacar que el triangle format per la Comunitat Educativa del nostre centre (Escola, Fam\u00edlia i Ajuntament) presenta una sana relaci\u00f3 que fa que l\u2019Escola Purificaci\u00f3 Salas tingui la solera que t\u00e9 al municipi.<\/p>\n<p>Gr\u00e0cies per la vostra confian\u00e7a i aposta per la nostra escola!!!!<\/p>\n<p><em>La direcci\u00f3<\/em><\/p>\n<p><img decoding=\"async\" src=\"https:\/\/purificaciosalas.com\/wp-content\/uploads\/2014\/07\/P10406611-1030x360.jpg\" alt=\"Escola Purificaci\u00f3n Salas_Qui som\" \/><\/p>\n","protected":false},"excerpt":{"rendered":"<p>M\u00e9s de 40 anys d&#8217;hist\u00f2ria<br \/>\nL&#8217;escola Purificaci\u00f3 Salas Xandri \u00e9s una escola p\u00fablica del Departament d\u2019Educaci\u00f3 de la Generalitat de Catalunya ubicada a Sant Quirze del Vall\u00e8s.Va ser inaugurada ja fa m\u00e9s de 40 anys en un altre edifici que en quedar-se petit a conseq\u00fc\u00e8ncia del&hellip;  <a href=\"https:\/\/agora.xtec.cat\/ceip-purisalas\/qui-som\/\" title=\"Read Qui som?\">Llegeix m\u00e9s\u00bb<\/a><\/p>\n","protected":false},"author":4,"featured_media":0,"parent":0,"menu_order":0,"comment_status":"closed","ping_status":"closed","template":"","meta":{"_bbp_topic_count":0,"_bbp_reply_count":0,"_bbp_total_topic_count":0,"_bbp_total_reply_count":0,"_bbp_voice_count":0,"_bbp_anonymous_reply_count":0,"_bbp_topic_count_hidden":0,"_bbp_reply_count_hidden":0,"_bbp_forum_subforum_count":0,"footnotes":""},"class_list":["post-633","page","type-page","status-publish","hentry"],"post_mailing_queue_ids":[],"_links":{"self":[{"href":"https:\/\/agora.xtec.cat\/ceip-purisalas\/wp-json\/wp\/v2\/pages\/633","targetHints":{"allow":["GET"]}}],"collection":[{"href":"https:\/\/agora.xtec.cat\/ceip-purisalas\/wp-json\/wp\/v2\/pages"}],"about":[{"href":"https:\/\/agora.xtec.cat\/ceip-purisalas\/wp-json\/wp\/v2\/types\/page"}],"author":[{"embeddable":true,"href":"https:\/\/agora.xtec.cat\/ceip-purisalas\/wp-json\/wp\/v2\/users\/4"}],"replies":[{"embeddable":true,"href":"https:\/\/agora.xtec.cat\/ceip-purisalas\/wp-json\/wp\/v2\/comments?post=633"}],"version-history":[{"count":3,"href":"https:\/\/agora.xtec.cat\/ceip-purisalas\/wp-json\/wp\/v2\/pages\/633\/revisions"}],"predecessor-version":[{"id":2260,"href":"https:\/\/agora.xtec.cat\/ceip-purisalas\/wp-json\/wp\/v2\/pages\/633\/revisions\/2260"}],"wp:attachment":[{"href":"https:\/\/agora.xtec.cat\/ceip-purisalas\/wp-json\/wp\/v2\/media?parent=633"}],"curies":[{"name":"wp","href":"https:\/\/api.w.org\/{rel}","templated":true}]}}