{"id":615,"date":"2021-04-22T10:02:11","date_gmt":"2021-04-22T08:02:11","guid":{"rendered":"https:\/\/agora.xtec.cat\/ceip-purisalas\/?page_id=615"},"modified":"2021-07-14T11:07:28","modified_gmt":"2021-07-14T09:07:28","slug":"fira-solidaria","status":"publish","type":"page","link":"https:\/\/agora.xtec.cat\/ceip-purisalas\/fira-solidaria\/","title":{"rendered":"Fira Solid\u00e0ria"},"content":{"rendered":"<p>Com un dels valors que volem transmetre al nostre alumnat, la solidaritat la treballem a l\u2019escola des de fa molts anys en el nostre dia a dia.<br \/>\nA m\u00e9s, l\u2019escola participa en iniciatives que el nostre Ajuntament promociona en motiu de la setmana solid\u00e0ria. La recollida d\u2019aliments pel banc d\u2019aliments del municipi, la recollida de joguines, recollida de roba,..<br \/>\nA la nostra escola tradicionalment es realitza als voltants de Sta. Ll\u00facia la Fira Solid\u00e0ria.<br \/>\nLa finalitat de la Fira \u00e9s la de recaptar diners per destinar-los a fins solidaris i aix\u00ed potenciar el treball realitzat a l\u2019aula vers aquest valor.<\/p>\n<p>Es posen a la venda tots els treballs que els alumnes han realitzat a classe omplint el menjador de l\u2019escola de colors i d\u2019un ambient molt especial. S\u00f3n els propis alumnes de l\u2019escola els encarregats de vendre a les fam\u00edlies els treballs que han fet amb tanta dedicaci\u00f3 i il.lusi\u00f3.<\/p>\n<p>L\u2019AFA de l\u2019escola tamb\u00e9 organitza i participa d\u2019aquesta Fira amb la tradicional xocolatada i pa de pessic que tamb\u00e9 posen a la venda a preu solidari.<\/p>\n<p>La recaptaci\u00f3 es dona \u00edntegrament a La Marat\u00f3 de TV3<\/p>\n<p>Agrair sempre a les fam\u00edlies perqu\u00e8 sense la seva participaci\u00f3 aquesta Fira Solid\u00e0ria no seria possible.<\/p>\n<p><img decoding=\"async\" src=\"https:\/\/www.purisalas.com\/wp-content\/uploads\/2014\/09\/Escola-Purificaci%C3%B3n-Salas_fira2.jpg\" \/><\/p>\n<p><img decoding=\"async\" src=\"https:\/\/www.purisalas.com\/wp-content\/uploads\/2014\/09\/Escola-Purificaci%C3%B3n-Salas_fira-solidaria1.jpg\" \/><\/p>\n","protected":false},"excerpt":{"rendered":"<p>Com un dels valors que volem transmetre al nostre alumnat, la solidaritat la treballem a l\u2019escola des de fa molts anys en el nostre dia a dia.<br \/>\nA m\u00e9s, l\u2019escola participa en iniciatives que el nostre Ajuntament promociona en motiu de la setmana solid\u00e0ria. La recollida&hellip;  <a href=\"https:\/\/agora.xtec.cat\/ceip-purisalas\/fira-solidaria\/\" title=\"Read Fira Solid\u00e0ria\">Llegeix m\u00e9s\u00bb<\/a><\/p>\n","protected":false},"author":4,"featured_media":0,"parent":0,"menu_order":0,"comment_status":"closed","ping_status":"closed","template":"","meta":{"_bbp_topic_count":0,"_bbp_reply_count":0,"_bbp_total_topic_count":0,"_bbp_total_reply_count":0,"_bbp_voice_count":0,"_bbp_anonymous_reply_count":0,"_bbp_topic_count_hidden":0,"_bbp_reply_count_hidden":0,"_bbp_forum_subforum_count":0,"footnotes":""},"class_list":["post-615","page","type-page","status-publish","hentry"],"post_mailing_queue_ids":[],"_links":{"self":[{"href":"https:\/\/agora.xtec.cat\/ceip-purisalas\/wp-json\/wp\/v2\/pages\/615","targetHints":{"allow":["GET"]}}],"collection":[{"href":"https:\/\/agora.xtec.cat\/ceip-purisalas\/wp-json\/wp\/v2\/pages"}],"about":[{"href":"https:\/\/agora.xtec.cat\/ceip-purisalas\/wp-json\/wp\/v2\/types\/page"}],"author":[{"embeddable":true,"href":"https:\/\/agora.xtec.cat\/ceip-purisalas\/wp-json\/wp\/v2\/users\/4"}],"replies":[{"embeddable":true,"href":"https:\/\/agora.xtec.cat\/ceip-purisalas\/wp-json\/wp\/v2\/comments?post=615"}],"version-history":[{"count":2,"href":"https:\/\/agora.xtec.cat\/ceip-purisalas\/wp-json\/wp\/v2\/pages\/615\/revisions"}],"predecessor-version":[{"id":804,"href":"https:\/\/agora.xtec.cat\/ceip-purisalas\/wp-json\/wp\/v2\/pages\/615\/revisions\/804"}],"wp:attachment":[{"href":"https:\/\/agora.xtec.cat\/ceip-purisalas\/wp-json\/wp\/v2\/media?parent=615"}],"curies":[{"name":"wp","href":"https:\/\/api.w.org\/{rel}","templated":true}]}}