{"id":603,"date":"2021-04-22T09:56:30","date_gmt":"2021-04-22T07:56:30","guid":{"rendered":"https:\/\/agora.xtec.cat\/ceip-purisalas\/?page_id=603"},"modified":"2021-07-21T18:34:33","modified_gmt":"2021-07-21T16:34:33","slug":"treball-interdisciplinari","status":"publish","type":"page","link":"https:\/\/agora.xtec.cat\/ceip-purisalas\/treball-interdisciplinari\/","title":{"rendered":"Treball Interdisciplinari"},"content":{"rendered":"<h5>Cada curs l\u2019escola es vesteix de gala sota el nom de Projecte Interdisciplinari. La tem\u00e0tica d\u2019aquest Projecte \u00e9s triada per votaci\u00f3 dins del claustre de mestres a partir de diferents propostes que van sorgint al llarg del curs anterior.<\/h5>\n<p>&nbsp;<\/p>\n<header class=\"entry-content-header\">\n<h4 class=\"av_iconlist_title iconlist_title \">L&#8217;ALUMNAT CONDUEIX EL SEU PROJECTE<\/h4>\n<\/header>\n<div class=\"iconlist_content \">\n<p>Triat el tema principal arriba la discussi\u00f3, dins de cada cicle, de la manera de treballar el tema per tal que sigui adient i interessant pels alumnes en funci\u00f3 dels interessos d\u2019aquests.<br \/>\nSeleccionat l\u2019apartat a treballar cada cicle evoluciona el seu projecte cap all\u00e0 on el condueixen els seus alumnes i es planifiquen totes aquelles activitats relacionades amb el tema (sortides, tallers,\u2026)<\/p>\n<\/div>\n<header class=\"entry-content-header\">\n<h4 class=\"av_iconlist_title iconlist_title \">COMPARTIR I APRENDRE<\/h4>\n<\/header>\n<div class=\"iconlist_content \">\n<p>Cada grup-classe fa una visita pels diferents passadissos del centre on est\u00e0 tot all\u00f2 que s\u2019ha treballat en altres cicles. Tamb\u00e9 es planifiquen activitats de recerca d\u2019informaci\u00f3 sobre els treballs que la resta de cicles han realitzat i exposat. Aquests passadissos tamb\u00e9 s\u00f3n visitats, tant pels propis alumnes del centre com per les fam\u00edlies.<\/p>\n<header class=\"entry-content-header\">\n<h4 class=\"av_iconlist_title iconlist_title \">UN TREBALL EN FAM\u00cdLIA<\/h4>\n<\/header>\n<div class=\"iconlist_content \">\n<p>Aquest Projecte Interdisciplinari juntament amb la tradicional festa de Carnestoltes requereixen molt esfor\u00e7 i dedicaci\u00f3 tant pels alumnes com pels mestres del centre. Sovint les fam\u00edlies tamb\u00e9 participen d\u2019aquest treball ajudant en el que calgui per tal que tot estigui a punt.<\/p>\n<header class=\"entry-content-header\">\n<h4 class=\"av_iconlist_title iconlist_title \">TREBALL D&#8217;AULA<\/h4>\n<\/header>\n<div class=\"iconlist_content \">\n<p>Es fa un treball per abordar aquest aspecte des de les diferents \u00e0rees i que quedar\u00e0 recollit en un dossier de cicle i\/o nivell.<br \/>\nLa part pl\u00e0stica, el treball grupal, la gran varietat d\u2019activitats proposades, l\u2019\u00fas de les TIC a diari donen pas a unes creacions dignes de ser llu\u00efdes als passadisos del centre i que els vestiran fins a final de curs.<\/p>\n<header class=\"entry-content-header\">\n<h4 class=\"av_iconlist_title iconlist_title \">UN FINAL DE FESTA<\/h4>\n<\/header>\n<div class=\"iconlist_content \">\n<p>Com a cloenda d\u2019aquestes dues setmanes es realitza la festa de carnestoltes oberta a les fam\u00edlies on els alumnes vestits amb disfresses referents al tema treballat, mostren petites i\/o elaborades representacions, coreografies,\u2026 per entretenir i fer gaudir a les seves fam\u00edlies.<\/p>\n<\/div>\n<\/div>\n<\/div>\n<\/div>\n","protected":false},"excerpt":{"rendered":"<p>Cada curs l\u2019escola es vesteix de gala sota el nom de Projecte Interdisciplinari. La tem\u00e0tica d\u2019aquest Projecte \u00e9s triada per votaci\u00f3 dins del claustre de mestres a partir de diferents propostes que van sorgint al llarg del curs anterior.<br \/>\n&nbsp;<\/p>\n<p>L&#8217;ALUMNAT CONDUEIX EL SEU PROJECTE<\/p>\n<p>Triat el tema&hellip;  <a href=\"https:\/\/agora.xtec.cat\/ceip-purisalas\/treball-interdisciplinari\/\" title=\"Read Treball Interdisciplinari\">Llegeix m\u00e9s\u00bb<\/a><\/p>\n","protected":false},"author":4,"featured_media":0,"parent":0,"menu_order":0,"comment_status":"closed","ping_status":"closed","template":"","meta":{"_bbp_topic_count":0,"_bbp_reply_count":0,"_bbp_total_topic_count":0,"_bbp_total_reply_count":0,"_bbp_voice_count":0,"_bbp_anonymous_reply_count":0,"_bbp_topic_count_hidden":0,"_bbp_reply_count_hidden":0,"_bbp_forum_subforum_count":0,"footnotes":""},"class_list":["post-603","page","type-page","status-publish","hentry"],"post_mailing_queue_ids":[],"_links":{"self":[{"href":"https:\/\/agora.xtec.cat\/ceip-purisalas\/wp-json\/wp\/v2\/pages\/603","targetHints":{"allow":["GET"]}}],"collection":[{"href":"https:\/\/agora.xtec.cat\/ceip-purisalas\/wp-json\/wp\/v2\/pages"}],"about":[{"href":"https:\/\/agora.xtec.cat\/ceip-purisalas\/wp-json\/wp\/v2\/types\/page"}],"author":[{"embeddable":true,"href":"https:\/\/agora.xtec.cat\/ceip-purisalas\/wp-json\/wp\/v2\/users\/4"}],"replies":[{"embeddable":true,"href":"https:\/\/agora.xtec.cat\/ceip-purisalas\/wp-json\/wp\/v2\/comments?post=603"}],"version-history":[{"count":3,"href":"https:\/\/agora.xtec.cat\/ceip-purisalas\/wp-json\/wp\/v2\/pages\/603\/revisions"}],"predecessor-version":[{"id":973,"href":"https:\/\/agora.xtec.cat\/ceip-purisalas\/wp-json\/wp\/v2\/pages\/603\/revisions\/973"}],"wp:attachment":[{"href":"https:\/\/agora.xtec.cat\/ceip-purisalas\/wp-json\/wp\/v2\/media?parent=603"}],"curies":[{"name":"wp","href":"https:\/\/api.w.org\/{rel}","templated":true}]}}