{"id":600,"date":"2021-04-22T09:52:38","date_gmt":"2021-04-22T07:52:38","guid":{"rendered":"https:\/\/agora.xtec.cat\/ceip-purisalas\/?page_id=600"},"modified":"2024-02-21T23:05:09","modified_gmt":"2024-02-21T22:05:09","slug":"llengua-anglesa-a-educacio-infantil","status":"publish","type":"page","link":"https:\/\/agora.xtec.cat\/ceip-purisalas\/llengua-anglesa-a-educacio-infantil\/","title":{"rendered":"Llengua Anglesa"},"content":{"rendered":"<p><strong>ANGL\u00c8S A PARTIR DE P3<\/strong><\/p>\n<p>Un dels projectes que ja fa molts anys que es realitzen a la nostra escola \u00e9s la introducci\u00f3 de la llengua anglesa a partir de P3. Introdu\u00efm el treball de l\u2019angl\u00e8s a l\u2019etapa d\u2019Ed. Infantil a partir d\u2019una metodologia m\u00e9s l\u00fadica, experimental i amb suport tecnol\u00f2gic, realitzant-la amb un desdoblament del grup per poder fer participar m\u00e9s i millor a l\u2019alumnat.<br \/>\nPensem que la l\u00ednia de treball d&#8217;infantil i prim\u00e0ria \u00e9s molt bona i sempre anem introduint petites millores per tal d\u2019estar al dia de tot all\u00f2 que a l\u2019ensenyament de la llengua anglesa fa refer\u00e8ncia. Noves metodologies, nous recursos materials i tecnol\u00f2gics, espectacles,\u2026 fan que aprendre angl\u00e8s sigui divertit.<\/p>\n<p><strong>ENGLISH DAY<\/strong><\/p>\n<p>Es prepara una jornada on tota l&#8217;escola fa activitats en angl\u00e8s durant tot el dia. Fem teatre, jocs, manualitats, activitats interactives, exposicions i activitats internivells.<\/p>\n<p>&nbsp;<\/p>\n<p><strong>ARTS AND CRAFTS<\/strong><\/p>\n<p>A cicle mitj\u00e0 i cicle superior es fa la mat\u00e8ria de pl\u00e0stica en angl\u00e8s seguint la metodologia AICLE. Consisteix en integrar l&#8217;ensenyament de pl\u00e0stica i la llengua anglesa per tal d&#8217;augmentar les hores d&#8217;exposici\u00f3 a la llengua estrangera.<\/p>\n","protected":false},"excerpt":{"rendered":"<p>ANGL\u00c8S A PARTIR DE P3<br \/>\nUn dels projectes que ja fa molts anys que es realitzen a la nostra escola \u00e9s la introducci\u00f3 de la llengua anglesa a partir de P3. Introdu\u00efm el treball de l\u2019angl\u00e8s a l\u2019etapa d\u2019Ed. Infantil a partir d\u2019una metodologia m\u00e9s l\u00fadica,&hellip;  <a href=\"https:\/\/agora.xtec.cat\/ceip-purisalas\/llengua-anglesa-a-educacio-infantil\/\" title=\"Read Llengua Anglesa\">Llegeix m\u00e9s\u00bb<\/a><\/p>\n","protected":false},"author":4,"featured_media":0,"parent":0,"menu_order":0,"comment_status":"closed","ping_status":"closed","template":"","meta":{"_bbp_topic_count":0,"_bbp_reply_count":0,"_bbp_total_topic_count":0,"_bbp_total_reply_count":0,"_bbp_voice_count":0,"_bbp_anonymous_reply_count":0,"_bbp_topic_count_hidden":0,"_bbp_reply_count_hidden":0,"_bbp_forum_subforum_count":0,"footnotes":""},"class_list":["post-600","page","type-page","status-publish","hentry"],"post_mailing_queue_ids":[],"_links":{"self":[{"href":"https:\/\/agora.xtec.cat\/ceip-purisalas\/wp-json\/wp\/v2\/pages\/600","targetHints":{"allow":["GET"]}}],"collection":[{"href":"https:\/\/agora.xtec.cat\/ceip-purisalas\/wp-json\/wp\/v2\/pages"}],"about":[{"href":"https:\/\/agora.xtec.cat\/ceip-purisalas\/wp-json\/wp\/v2\/types\/page"}],"author":[{"embeddable":true,"href":"https:\/\/agora.xtec.cat\/ceip-purisalas\/wp-json\/wp\/v2\/users\/4"}],"replies":[{"embeddable":true,"href":"https:\/\/agora.xtec.cat\/ceip-purisalas\/wp-json\/wp\/v2\/comments?post=600"}],"version-history":[{"count":4,"href":"https:\/\/agora.xtec.cat\/ceip-purisalas\/wp-json\/wp\/v2\/pages\/600\/revisions"}],"predecessor-version":[{"id":2897,"href":"https:\/\/agora.xtec.cat\/ceip-purisalas\/wp-json\/wp\/v2\/pages\/600\/revisions\/2897"}],"wp:attachment":[{"href":"https:\/\/agora.xtec.cat\/ceip-purisalas\/wp-json\/wp\/v2\/media?parent=600"}],"curies":[{"name":"wp","href":"https:\/\/api.w.org\/{rel}","templated":true}]}}