{"id":546,"date":"2021-04-15T10:45:54","date_gmt":"2021-04-15T08:45:54","guid":{"rendered":"https:\/\/agora.xtec.cat\/ceip-purisalas\/?page_id=546"},"modified":"2021-07-14T16:18:08","modified_gmt":"2021-07-14T14:18:08","slug":"projecte-educatiu-de-centre-pec","status":"publish","type":"page","link":"https:\/\/agora.xtec.cat\/ceip-purisalas\/documents\/projecte-educatiu-de-centre-pec\/","title":{"rendered":"Projecte educatiu de centre. PEC"},"content":{"rendered":"<p>Segons la\u00a0<a href=\"http:\/\/educacio.gencat.cat\/documents\/IPCNormativa\/DOIGC\/Resolucio_DOIGC_19_20.pdf\">Resoluci\u00f3<\/a>\u00a0de la secretaria general, per la qual s\u2019aproven els documents per a l\u2019organitzaci\u00f3 i gesti\u00f3 dels centres per al curs 2019-20 estableix que els centres han de fer p\u00fablics els documents de gesti\u00f3 a trav\u00e9s del web del centre.<\/p>\n<p>En aquest \u00e0mbit, el Departament d\u2019Educaci\u00f3 ha aprovat la seva\u00a0<a href=\"http:\/\/educacio.gencat.cat\/documents\/IPCDepartament\/Transparencia\/Politica_transparencia_educacio.pdf\">pol\u00edtica de transpar\u00e8ncia<\/a>\u00a0i la\u00a0<a href=\"http:\/\/educacio.gencat.cat\/documents\/IPCNormativa\/DisposicionsInternes\/Instruccio_transparencia_educacio_22019.pdf\">Instrucci\u00f3 2\/2019<\/a>, de 25 de febrer, per a la tramitaci\u00f3 de les sol\u00b7licituds de dret d\u2019acc\u00e9s a la informaci\u00f3 p\u00fablica i al compliment de les obligacions de publicitat activa, obertura de dades p\u00fabliques, bon govern i participaci\u00f3 ciutadana, que es regulen a la Llei esmentada de transpar\u00e8ncia, acc\u00e9s a la informaci\u00f3 p\u00fablica i bon govern.<\/p>\n<p><a href=\"https:\/\/agora.xtec.cat\/ceip-purisalas\/wp-content\/uploads\/usu2458\/2021\/07\/PROJECTE-EDUCATIU-DE-CENTRE-ACTUALITAT-GENER-2021-.pdf\"><img decoding=\"async\" class=\"aligncenter\" src=\"https:\/\/agora.xtec.cat\/escolacanalzamora\/wp-content\/uploads\/usu1932\/2020\/01\/PEC_ICON.png\" alt=\"PEC | Escola Ca n&amp;#39;Alzamora\" \/><\/a><\/p>\n","protected":false},"excerpt":{"rendered":"<p>Segons la\u00a0<a href=\"http:\/\/educacio.gencat.cat\/documents\/IPCNormativa\/DOIGC\/Resolucio_DOIGC_19_20.pdf\">Resoluci\u00f3<\/a>\u00a0de la secretaria general, per la qual s\u2019aproven els documents per a l\u2019organitzaci\u00f3 i gesti\u00f3 dels centres per al curs 2019-20 estableix que els centres han de fer p\u00fablics els documents de gesti\u00f3 a trav\u00e9s del web del centre.<br \/>\nEn aquest \u00e0mbit, el Departament&hellip;  <a href=\"https:\/\/agora.xtec.cat\/ceip-purisalas\/documents\/projecte-educatiu-de-centre-pec\/\" title=\"Read Projecte educatiu de centre. PEC\">Llegeix m\u00e9s\u00bb<\/a><\/p>\n","protected":false},"author":4,"featured_media":0,"parent":516,"menu_order":0,"comment_status":"closed","ping_status":"closed","template":"","meta":{"_bbp_topic_count":0,"_bbp_reply_count":0,"_bbp_total_topic_count":0,"_bbp_total_reply_count":0,"_bbp_voice_count":0,"_bbp_anonymous_reply_count":0,"_bbp_topic_count_hidden":0,"_bbp_reply_count_hidden":0,"_bbp_forum_subforum_count":0,"footnotes":""},"class_list":["post-546","page","type-page","status-publish","hentry"],"post_mailing_queue_ids":[],"_links":{"self":[{"href":"https:\/\/agora.xtec.cat\/ceip-purisalas\/wp-json\/wp\/v2\/pages\/546","targetHints":{"allow":["GET"]}}],"collection":[{"href":"https:\/\/agora.xtec.cat\/ceip-purisalas\/wp-json\/wp\/v2\/pages"}],"about":[{"href":"https:\/\/agora.xtec.cat\/ceip-purisalas\/wp-json\/wp\/v2\/types\/page"}],"author":[{"embeddable":true,"href":"https:\/\/agora.xtec.cat\/ceip-purisalas\/wp-json\/wp\/v2\/users\/4"}],"replies":[{"embeddable":true,"href":"https:\/\/agora.xtec.cat\/ceip-purisalas\/wp-json\/wp\/v2\/comments?post=546"}],"version-history":[{"count":3,"href":"https:\/\/agora.xtec.cat\/ceip-purisalas\/wp-json\/wp\/v2\/pages\/546\/revisions"}],"predecessor-version":[{"id":864,"href":"https:\/\/agora.xtec.cat\/ceip-purisalas\/wp-json\/wp\/v2\/pages\/546\/revisions\/864"}],"up":[{"embeddable":true,"href":"https:\/\/agora.xtec.cat\/ceip-purisalas\/wp-json\/wp\/v2\/pages\/516"}],"wp:attachment":[{"href":"https:\/\/agora.xtec.cat\/ceip-purisalas\/wp-json\/wp\/v2\/media?parent=546"}],"curies":[{"name":"wp","href":"https:\/\/api.w.org\/{rel}","templated":true}]}}