{"id":520,"date":"2021-04-15T10:29:24","date_gmt":"2021-04-15T08:29:24","guid":{"rendered":"https:\/\/agora.xtec.cat\/ceip-purisalas\/?page_id=520"},"modified":"2023-07-11T11:34:57","modified_gmt":"2023-07-11T09:34:57","slug":"normes-organitzatives-i-de-funcionament-de-centre-nofc","status":"publish","type":"page","link":"https:\/\/agora.xtec.cat\/ceip-purisalas\/documents\/normes-organitzatives-i-de-funcionament-de-centre-nofc\/","title":{"rendered":"Normes d&#8217;organitzaci\u00f3 i funcionament de centre. NOFC"},"content":{"rendered":"<p style=\"text-align: left;\">Correspon al centre educatiu determinar l\u2019estructura organitzativa pr\u00f2pia d\u2019acord amb els objectius i criteris del projecte educatiu de centre. L\u2019organitzaci\u00f3 no \u00e9s una finalitat en si mateixa, sin\u00f3 un instrument per desenvolupar i fer possible el projecte educatiu i, en \u00faltim terme, assolir l\u2019\u00e8xit educatiu.<br \/>\nEls centres educatius han d\u2019elaborar les\u00a0<strong>normes d\u2019organitzaci\u00f3 i funcionament (NOFC)<\/strong>, d\u2019acord amb el que estableix el Decret 102\/2010, d\u2019autonomia dels centres educatius.<\/p>\n<p><a href=\"https:\/\/agora.xtec.cat\/ceip-purisalas\/wp-content\/uploads\/usu2458\/2023\/07\/NOFC-JUNY-2023-VERSIO-WEB.pdf\"><img loading=\"lazy\" decoding=\"async\" class=\"aligncenter\" src=\"https:\/\/agora.xtec.cat\/ceipcreualta\/wp-content\/uploads\/usu503\/2020\/02\/nofc-id-50.png\" alt=\"NOFC | Escola Creu Alta\" width=\"403\" height=\"133\" \/><\/a><\/p>\n","protected":false},"excerpt":{"rendered":"<p>Correspon al centre educatiu determinar l\u2019estructura organitzativa pr\u00f2pia d\u2019acord amb els objectius i criteris del projecte educatiu de centre. L\u2019organitzaci\u00f3 no \u00e9s una finalitat en si mateixa, sin\u00f3 un instrument per desenvolupar i fer possible el projecte educatiu i, en \u00faltim terme, assolir l\u2019\u00e8xit educatiu.<br \/>\nEls&hellip;  <a href=\"https:\/\/agora.xtec.cat\/ceip-purisalas\/documents\/normes-organitzatives-i-de-funcionament-de-centre-nofc\/\" title=\"Read Normes d&#8217;organitzaci\u00f3 i funcionament de centre. NOFC\">Llegeix m\u00e9s\u00bb<\/a><\/p>\n","protected":false},"author":4,"featured_media":0,"parent":516,"menu_order":0,"comment_status":"closed","ping_status":"closed","template":"","meta":{"_bbp_topic_count":0,"_bbp_reply_count":0,"_bbp_total_topic_count":0,"_bbp_total_reply_count":0,"_bbp_voice_count":0,"_bbp_anonymous_reply_count":0,"_bbp_topic_count_hidden":0,"_bbp_reply_count_hidden":0,"_bbp_forum_subforum_count":0,"footnotes":""},"class_list":["post-520","page","type-page","status-publish","hentry"],"post_mailing_queue_ids":[],"_links":{"self":[{"href":"https:\/\/agora.xtec.cat\/ceip-purisalas\/wp-json\/wp\/v2\/pages\/520","targetHints":{"allow":["GET"]}}],"collection":[{"href":"https:\/\/agora.xtec.cat\/ceip-purisalas\/wp-json\/wp\/v2\/pages"}],"about":[{"href":"https:\/\/agora.xtec.cat\/ceip-purisalas\/wp-json\/wp\/v2\/types\/page"}],"author":[{"embeddable":true,"href":"https:\/\/agora.xtec.cat\/ceip-purisalas\/wp-json\/wp\/v2\/users\/4"}],"replies":[{"embeddable":true,"href":"https:\/\/agora.xtec.cat\/ceip-purisalas\/wp-json\/wp\/v2\/comments?post=520"}],"version-history":[{"count":3,"href":"https:\/\/agora.xtec.cat\/ceip-purisalas\/wp-json\/wp\/v2\/pages\/520\/revisions"}],"predecessor-version":[{"id":2561,"href":"https:\/\/agora.xtec.cat\/ceip-purisalas\/wp-json\/wp\/v2\/pages\/520\/revisions\/2561"}],"up":[{"embeddable":true,"href":"https:\/\/agora.xtec.cat\/ceip-purisalas\/wp-json\/wp\/v2\/pages\/516"}],"wp:attachment":[{"href":"https:\/\/agora.xtec.cat\/ceip-purisalas\/wp-json\/wp\/v2\/media?parent=520"}],"curies":[{"name":"wp","href":"https:\/\/api.w.org\/{rel}","templated":true}]}}